{"id":2156,"date":"2020-07-28T08:37:49","date_gmt":"2020-07-28T12:37:49","guid":{"rendered":"https:\/\/lowimpacthydro.org\/?page_id=2156"},"modified":"2025-07-14T14:38:32","modified_gmt":"2025-07-14T18:38:32","slug":"lihi-certificate-23-raystown-hydroelectric-project-pennsylvania","status":"publish","type":"page","link":"https:\/\/lowimpacthydro.org\/es\/lihi-certificate-23-raystown-hydroelectric-project-pennsylvania\/","title":{"rendered":"Certificado LIHI #23 \u2013 Proyecto Hidroel\u00e9ctrico Raystown, Pensilvania"},"content":{"rendered":"<table class=\"alignright\" style=\"width: 351px; border: 2px; cellspacing: 2px; cellpadding: 2px; margin-left: 50px;\">\n<tbody>\n<tr>\n<td style=\"width: 40.708%;\" width=\"238\"><strong>Nombre del proyecto<\/strong><\/td>\n<td style=\"width: 57.3009%;\" width=\"246\">Raystown<\/td>\n<\/tr>\n<tr>\n<td style=\"width: 40.708%;\" width=\"238\"><strong>Certificado LIHI No.<\/strong><\/td>\n<td style=\"width: 57.3009%;\" width=\"246\">23<\/td>\n<\/tr>\n<tr>\n<td style=\"width: 40.708%;\" width=\"238\"><strong>Plazo del certificado LIHI<\/strong><\/td>\n<td style=\"width: 57.3009%;\" width=\"246\">11 de agosto de 2022 \u2013 10 de agosto de 2032<\/td>\n<\/tr>\n<tr>\n<td style=\"width: 40.708%;\" width=\"238\"><strong>Due\u00f1o<\/strong><\/td>\n<td style=\"width: 57.3009%;\" width=\"246\">Cooperativa El\u00e9ctrica Allegheny<\/td>\n<\/tr>\n<tr>\n<td style=\"width: 40.708%;\" width=\"238\"><strong>Estado<\/strong><\/td>\n<td style=\"width: 57.3009%;\" width=\"246\">Pensilvania<\/td>\n<\/tr>\n<tr>\n<td style=\"width: 40.708%;\" width=\"238\"><strong>Ubicaci\u00f3n<\/strong><\/td>\n<td style=\"width: 57.3009%;\" width=\"246\">Ubicado en la milla fluvial 5.5 en la rama Raystown del r\u00edo Juniata, en el condado de Huntingdon en el centro sur de Pensilvania.<\/td>\n<\/tr>\n<tr>\n<td style=\"width: 40.708%;\" width=\"238\"><strong>Capacidad instalada<\/strong><\/td>\n<td style=\"width: 57.3009%;\" width=\"246\">21 MW<\/td>\n<\/tr>\n<tr>\n<td style=\"width: 40.708%;\" width=\"238\"><strong>Generaci\u00f3n media anual<\/strong><\/td>\n<td style=\"width: 57.3009%;\" width=\"246\">87.889 MWh<\/td>\n<\/tr>\n<tr>\n<td style=\"width: 40.708%;\" width=\"238\"><strong>Tipo de instalaci\u00f3n<\/strong><\/td>\n<td style=\"width: 57.3009%;\" width=\"246\">ejecuci\u00f3n de lanzamiento<\/td>\n<\/tr>\n<tr>\n<td style=\"width: 40.708%;\" width=\"238\"><strong><span class='tooltipsall tooltip_post_id_5565 classtoolTips152'>Comisi\u00f3n Federal de Comercio<\/span> No.<\/strong><\/td>\n<td style=\"width: 57.3009%;\" width=\"246\">P-2769 emitido en 1982, vence el 31\/10\/2032<\/td>\n<\/tr>\n<\/tbody>\n<\/table>\n<p>Raystown <span class='tooltipsall tooltip_post_id_5545 classtoolTips158'>Presa<\/span>, administrado por el Cuerpo de Ingenieros del Ej\u00e9rcito de los EE. UU. (USACE), se ubica en el ramal Raystown del r\u00edo Juniata, aguas arriba de su confluencia con el r\u00edo Juniata y aguas arriba de la confluencia del r\u00edo Juniata con el r\u00edo Susquehanna. La presa y el lago Raystown se encuentran en el centro-sur de Pensilvania, en el condado de Huntingdon, cerca del municipio de Huntingdon. La construcci\u00f3n del... <span class='tooltipsall tooltip_post_id_5545 classtoolTips158'>presa<\/span> Comenz\u00f3 en octubre de 1968 y se complet\u00f3 en octubre de 1973.<\/p>\n<p>La Cooperativa El\u00e9ctrica de Allegheny (AEC) opera el Proyecto Hidroel\u00e9ctrico de Raystown (tambi\u00e9n conocido como Central Generadora William F. Matson). La central hidroel\u00e9ctrica, finalizada en 1988, se ubica al pie de la presa de Raystown y opera en estrecha colaboraci\u00f3n con el Cuerpo de Ingenieros del Ej\u00e9rcito de los Estados Unidos (USACE), que proporciona a la AEC todas las instrucciones de regulaci\u00f3n de caudal y temperatura. Los caudales se ajustan diariamente para minimizar las fluctuaciones del r\u00edo aguas abajo.<\/p>\n<p>El proyecto incluye una torre de admisi\u00f3n, un t\u00fanel de admisi\u00f3n, <span class='tooltipsall tooltip_post_id_5619 classtoolTips124'>compuerta<\/span>, <span class='tooltipsall tooltip_post_id_5624 classtoolTips102'>central el\u00e9ctrica<\/span>Dos unidades generadoras y una compuerta de rueda. Las instalaciones hidroel\u00e9ctricas est\u00e1n separadas de la presa, propiedad del Cuerpo de Ingenieros del Ej\u00e9rcito de Estados Unidos (USACE).<\/p>\n<p>La presa de Raystown, que tiene 225 pies de altura, consta de un terrapl\u00e9n de tierra compactada y relleno de roca con una compuerta. <span class='tooltipsall tooltip_post_id_5651 classtoolTips116'>aliviadero<\/span> en la derecha <span class='tooltipsall tooltip_post_id_5514 classtoolTips118'>contrafuerte<\/span>Los 1,06 m superiores del aliviadero sin compuerta son un tap\u00f3n fusible de material de relleno erosionable. El aliviadero con compuerta est\u00e1 controlado por dos tanques de 13,7 m\u00b2 (45 pies cuadrados). <span class='tooltipsall tooltip_post_id_5578 classtoolTips153'>puertas<\/span> Est\u00e1 equipado con un sistema de salida de agua caliente con una compuerta corrediza de 1,45 m x 2,00 m, con puertos de entrada en tres niveles. Cuenta con un t\u00fanel de salida de bajo nivel con dos compuertas de 1,60 m x 3 m.<\/p>\n<p>La torre de toma de agua de la central hidroel\u00e9ctrica tiene la capacidad de extraer agua de diferentes niveles del lago para controlar la temperatura aguas abajo. <span class='tooltipsall tooltip_post_id_5594 classtoolTips140'>Consumo<\/span> El espacio libre entre las rejillas de basura es de 7,6 cm. El t\u00fanel de hormig\u00f3n que se extiende desde la torre de toma hasta la central el\u00e9ctrica tiene 3,6 metros de di\u00e1metro, revestido de acero y 290 metros de longitud. La tuber\u00eda forzada de acero tiene 3,6 metros de di\u00e1metro y 167 metros de longitud. La central el\u00e9ctrica cuenta con dos unidades generadoras de energ\u00eda, con una capacidad combinada de 21 MW. Veintid\u00f3s motores ajustables... <span class='tooltipsall tooltip_post_id_5672 classtoolTips55'>puertas de entrada<\/span> Controlar el flujo a trav\u00e9s de cada unidad. El flujo tambi\u00e9n se regula mediante el cierre de dos v\u00e1lvulas de corte de turbina ubicadas aguas arriba de las unidades generadoras. El flujo a trav\u00e9s del t\u00fanel, la tuber\u00eda forzada y la central el\u00e9ctrica se puede regular mediante el cierre de una compuerta de rueda de 3,6 metros cuadrados ubicada en la estructura de admisi\u00f3n.<\/p>\n<p>El proyecto opera con un r\u00e9gimen de liberaci\u00f3n continua. El Cuerpo de Ingenieros del Ej\u00e9rcito de los Estados Unidos (USACE) controla los caudales y el proyecto los aprueba seg\u00fan su disponibilidad. El USACE proporciona caudales m\u00ednimos estacionales de 200 pies c\u00fabicos por segundo (cfs) de mayo a noviembre y 480 pies c\u00fabicos por segundo (cfs) de diciembre a abril. La reducci\u00f3n del caudal m\u00ednimo de mayo a noviembre es necesaria para evitar una disminuci\u00f3n significativa del nivel del lago durante el verano y el oto\u00f1o. Este r\u00e9gimen de caudal fue desarrollado por el USACE y aprobado por la Comisi\u00f3n de Pesca y Embarcaciones de Pensilvania (PFBC) para proteger a los peces, la vida silvestre y la calidad del agua.<\/p>\n<p>Las aguas dentro del alcance del proyecto no est\u00e1n catalogadas como contaminadas por el estado. El monitoreo de la calidad del agua realizado por el Cuerpo de Ingenieros del Ej\u00e9rcito de los Estados Unidos (USACE) y la Comisi\u00f3n de Conservaci\u00f3n Ambiental (AEC) indica que se cumplen los est\u00e1ndares de calidad del agua en el lago y el tramo aguas abajo. La AEC tambi\u00e9n opera compuertas de temperatura del agua para mantener la pesca recreativa de aguas c\u00e1lidas aguas abajo y as\u00ed cumplir con los objetivos de temperatura de descarga estacional, y monitorea la temperatura del agua en el lago y el canal de descarga durante todo el a\u00f1o para verificar dichos objetivos.<\/p>\n<p>Hist\u00f3ricamente, el r\u00edo Juniata albergaba poblaciones de s\u00e1balo americano y anguila americana. Debido a la construcci\u00f3n de cuatro presas hidroel\u00e9ctricas en el r\u00edo Susquehanna a principios del siglo XX, la especie fue... <span class='tooltipsall tooltip_post_id_5561 classtoolTips99'>extirpado<\/span> de la zona unos 15 a\u00f1os antes de que se completara el proyecto. Los esfuerzos para restaurar <span class='tooltipsall tooltip_post_id_5566 classtoolTips59'>paso de peces<\/span> Se est\u00e1n llevando a cabo trabajos de limpieza en varias de las presas del r\u00edo Susquehanna. El lago alberga lucioperca americana, lucioperca americana tigre, lubina negra, lucioperca americana, perca americana blanca y negra, mojarra azul, lubina rayada, perca amarilla, bagre de canal y pez gato marr\u00f3n. Tambi\u00e9n se pueden encontrar truchas de agua dulce, carpas, matalotes blancos, r\u00f3balos y varias especies de piscardos. El tramo aguas abajo est\u00e1 repoblado con truchas marrones y arco\u00edris. La FERC determin\u00f3, con base en un estudio realizado para la licencia del proyecto, que la mortalidad de peces en el embalse ser\u00eda menor con el proyecto hidroel\u00e9ctrico que sin \u00e9l, debido a la marcada disminuci\u00f3n de la velocidad, de aproximadamente 6 metros por segundo antes del proyecto hidroel\u00e9ctrico a 0,9 metros por segundo con el proyecto hidroel\u00e9ctrico.<\/p>\n<p>Los terrenos del proyecto abarcan aproximadamente 11.5 acres alrededor de la central el\u00e9ctrica. No existen terrenos de valor ecol\u00f3gico significativo en el \u00e1rea del proyecto. El Cuerpo de Ingenieros del Ej\u00e9rcito de los Estados Unidos (USACE) gestiona la costa del lago Raystown conforme a su Plan Maestro, con una zona de protecci\u00f3n de 300 pies alrededor del lago.<\/p>\n<p>Las especies amenazadas o en peligro de extinci\u00f3n potencialmente presentes en el \u00e1rea del embalse incluyen varias especies catalogadas y especies de inter\u00e9s, como murci\u00e9lagos, polillas, lib\u00e9lulas y caballitos del diablo, y plantas, seg\u00fan lo identificado por el Cuerpo de Ingenieros del Ej\u00e9rcito de Estados Unidos (USACE) en su Plan Maestro. Las operaciones del proyecto no afectan a estas especies. En el tramo aguas abajo, podr\u00edan estar presentes murci\u00e9lagos de Indiana, murci\u00e9lagos caf\u00e9s peque\u00f1os, murci\u00e9lagos orejudos del norte, \u00e1guilas calvas, junco del noreste y malvas de Virginia. Es improbable que las operaciones del proyecto afecten a estas especies, y AEC ha colaborado con el USACE para proporcionar ubicaciones para dos cajas para murci\u00e9lagos, varias hect\u00e1reas de plantaciones de polinizadores y la protecci\u00f3n de un... <span class='tooltipsall tooltip_post_id_5670 classtoolTips125'>humedal<\/span> adyacente al estacionamiento del Proyecto.<\/p>\n<p>Si bien no se conocen recursos culturales ni hist\u00f3ricos asociados al proyecto, AEC consulta con la Oficina Estatal de Preservaci\u00f3n Hist\u00f3rica antes de realizar cualquier construcci\u00f3n o alteraci\u00f3n del terreno.<\/p>\n<p>Los recursos recreativos del proyecto incluyen un muelle de pesca accesible seg\u00fan la Ley de Estadounidenses con Discapacidades (ADA) y un estacionamiento en el canal de descarga. Existen otras instalaciones recreativas, pero son administradas por el Cuerpo de Ingenieros del Ej\u00e9rcito de Estados Unidos (USACE), no por el proyecto. El acceso p\u00fablico es gratuito.<\/p>\n<hr \/>\n<h3>Estado de cumplimiento<\/h3>\n<p><strong>En el Certificado actual no existen condiciones espec\u00edficas para ninguna instalaci\u00f3n.<\/strong><\/p>\n<p><strong>2025:<\/strong> No se identificaron cambios materiales ni problemas de cumplimiento. El proyecto sigue cumpliendo con los requisitos seg\u00fan la revisi\u00f3n anual.<\/p>\n<p><strong>2024:<\/strong> No se identificaron cambios materiales ni problemas de cumplimiento. El proyecto sigue cumpliendo con los requisitos seg\u00fan la revisi\u00f3n anual.<\/p>\n<p><strong>2023:<\/strong> No se identificaron cambios materiales ni problemas de cumplimiento. El proyecto sigue cumpliendo con los requisitos seg\u00fan la revisi\u00f3n anual.<\/p>\n<p><strong>2022:<\/strong> La presentaci\u00f3n de informes anuales para el Certificado actual a\u00fan no ha entrado en vigor.<\/p>\n<hr \/>\n<h3>Historial de certificaciones<\/h3>\n<p><strong>19 de abril de 2023:<\/strong> El Instituto de Energ\u00eda Hidroel\u00e9ctrica de Bajo Impacto ha emitido una decisi\u00f3n final sobre la recertificaci\u00f3n del Proyecto Hidroel\u00e9ctrico Raystown. El plazo de certificaci\u00f3n es del 11 de agosto de 2022 al 10 de agosto de 2032.<\/p>\n<p><strong>22 de febrero de 2023:<\/strong> El Instituto de Energ\u00eda Hidroel\u00e9ctrica de Bajo Impacto (LIHI) ha aprobado preliminarmente el Proyecto Raystown (LIHI #23) para un nuevo per\u00edodo de 10 a\u00f1os de Certificaci\u00f3n de Bajo Impacto. La solicitud completa y el informe del revisor est\u00e1n disponibles a continuaci\u00f3n. Esta decisi\u00f3n es preliminar, a la espera del plazo de apelaci\u00f3n de 30 d\u00edas. Solo quienes comentaron sobre la solicitud inicial durante el plazo de 60 d\u00edas pueden presentar una apelaci\u00f3n. Dicha apelaci\u00f3n debe incluir una explicaci\u00f3n de por qu\u00e9 el Proyecto no cumple con los criterios del LIHI. Las solicitudes de apelaci\u00f3n pueden enviarse por correo electr\u00f3nico a <a href=\"mailto:comments@lowimpacthydro.org\">comments@lowimpacthydro.org<\/a> Con el asunto &quot;Proyecto Raystown&quot;, o por correo postal dirigido al Instituto de Energ\u00eda Hidroel\u00e9ctrica de Bajo Impacto, 1167 Massachusetts Ave, Arlington, MA 02476. Todas las solicitudes se publicar\u00e1n en el sitio web. El solicitante tendr\u00e1 la oportunidad de responder, y cualquier respuesta tambi\u00e9n se publicar\u00e1. <strong>Las solicitudes deben recibirse antes de las 5 p. m., hora del Este, el 24 de marzo de 2023. <\/strong>Si no se reciben solicitudes de apelaci\u00f3n y la decisi\u00f3n es definitiva, el per\u00edodo de Certificaci\u00f3n del Proyecto ser\u00e1 del 11 de agosto de 2022 al 10 de agosto de 2032.<\/p>\n<p><strong>6 de diciembre de 2022: <\/strong>El Instituto de Energ\u00eda Hidroel\u00e9ctrica de Bajo Impacto (LIHI) ha recibido una solicitud completa de recertificaci\u00f3n de Allegheny Electric Cooperative, Inc. para el Proyecto Raystown. La solicitud completa se encuentra a continuaci\u00f3n. LIHI solicita comentarios sobre esta solicitud. Los comentarios directamente relacionados con criterios espec\u00edficos de LIHI (caudales, calidad del agua, paso de peces, etc.) ser\u00e1n de gran ayuda, pero todos los comentarios ser\u00e1n considerados. Los comentarios pueden enviarse a LIHI por correo electr\u00f3nico a <a href=\"https:\/\/lowimpacthydro.org\/es\/lihi-certificate-39-fifteen-mile-falls-project-vermont-and-new-hampshire\/\">comments@lowimpacthydro.org<\/a> con \u201cComentarios del Proyecto Raystown\u201d en la l\u00ednea de asunto, o por correo dirigido al Low Impact Hydropower Institute, 1167 Massachusetts Avenue Arlington, MA 02476. <strong>Los comentarios deben recibirse en el Instituto antes de las 5 p. m., hora del Este, el 4 de febrero de 2023 para ser considerados.<\/strong> Todos los comentarios se publicar\u00e1n en el sitio web y el solicitante tendr\u00e1 la oportunidad de responder. Las respuestas tambi\u00e9n se publicar\u00e1n.<\/p>\n<p><strong>20 de febrero de 2015:\u00a0<\/strong>El Director Ejecutivo, Michael J. Sale, ha determinado que el Proyecto Hidroel\u00e9ctrico Raystown (FERC n.\u00b0 2769), Certificado LIHI n.\u00b0 23, contin\u00faa cumpliendo con los requisitos del Programa de Certificaci\u00f3n del Instituto de Energ\u00eda Hidroel\u00e9ctrica de Bajo Impacto (LIHI). Al emitir esta certificaci\u00f3n, el Director Ejecutivo del Instituto ejerci\u00f3 la autoridad delegada por la Junta Directiva de LIHI y la recomendaci\u00f3n un\u00e1nime del Comit\u00e9 T\u00e9cnico de la Junta Directiva de LIHI, resultante de una revisi\u00f3n completa del informe del Revisor de la Solicitud, as\u00ed como de todos los comentarios p\u00fablicos y la documentaci\u00f3n adicional proporcionada por el Solicitante. La decisi\u00f3n de recertificar el Proyecto Hidroel\u00e9ctrico Raystown Creek tiene una vigencia de 8 a\u00f1os, con vigencia desde el 11 de agosto de 2014 hasta el 11 de agosto de 2022, con la siguiente condici\u00f3n:<\/p>\n<ul style=\"color: black;\">\n<li><strong>Condici\u00f3n 1:<\/strong> Junto con su carta anual de cumplimiento, la AEC incluir\u00e1 una actualizaci\u00f3n sobre cualquier cambio en los objetivos de gesti\u00f3n pesquera de PFBC aguas abajo que se haya producido o discutido durante el \u00faltimo a\u00f1o. La AEC cooperar\u00e1 con PFBC en cualquier estudio relacionado con la nueva gesti\u00f3n pesquera de aguas fr\u00edas aguas abajo de la instalaci\u00f3n, teniendo en cuenta que el Cuerpo de Ingenieros tendr\u00e1 la \u00faltima palabra sobre los cambios estructurales u operativos en su presa. La AEC mantendr\u00e1 a LIHI informado anualmente sobre los avances en esta \u00e1rea.<\/li>\n<\/ul>\n<p><strong>4 de junio de 2014:<\/strong> El Instituto de Energ\u00eda Hidroel\u00e9ctrica de Bajo Impacto ha recibido una solicitud para un segundo per\u00edodo de certificaci\u00f3n del Proyecto Hidroel\u00e9ctrico Raystown. El plazo actual del certificado vence el 11 de agosto de 2014, pero se ha extendido hasta el 31 de marzo de 2015 para permitir la revisi\u00f3n interna de la solicitud. Los documentos de la solicitud se encuentran en la secci\u00f3n &quot;Archivos&quot; a continuaci\u00f3n.<\/p>\n<p><strong>22 de enero de 2007:<\/strong> El Proyecto Hidroel\u00e9ctrico Raystown ha sido certificado como de bajo impacto por un per\u00edodo de ocho a\u00f1os, a partir del 11 de agosto de 2006 y hasta el 11 de agosto de 2014.<\/p>\n<p><strong>11 de agosto de 2006:<\/strong> Allegheny Electric Cooperative ha presentado una solicitud para la certificaci\u00f3n del Proyecto Hidroel\u00e9ctrico Raystown.<\/p>\n<hr \/>\n<h3>Archivos de certificaci\u00f3n<\/h3>\n<h4>Recertificaci\u00f3n 2022<\/h4>\n<ul>\n<li><a href=\"https:\/\/lowimpacthydro.org\/wp-content\/uploads\/2023\/04\/Raystown-Recertification-Report-2023.pdf\">Informe de recertificaci\u00f3n de Raystown 2023<\/a><\/li>\n<li><a href=\"https:\/\/lowimpacthydro.org\/wp-content\/uploads\/2022\/12\/2022-Raystown-LIHI-Recertification-Application-July-2022-complete.pdf\">Solicitud de recertificaci\u00f3n de Raystown 2022<\/a><\/li>\n<\/ul>\n<h4>Recertificaci\u00f3n 2015<\/h4>\n<ul style=\"color: black;\">\n<li><a href=\"https:\/\/lowimpacthydro.org\/wp-content\/uploads\/2020\/07\/20150125_Recertification-Review_Raystown.pdf\">Informe de revisi\u00f3n de la recertificaci\u00f3n de Raystown 2015<\/a><\/li>\n<li><a href=\"https:\/\/lowimpacthydro.org\/wp-content\/uploads\/2023\/05\/Application-questionnaire-Raystown.pdf\">Cuestionario de recertificaci\u00f3n de Raystown<\/a><\/li>\n<li><a href=\"https:\/\/lowimpacthydro.org\/wp-content\/uploads\/2020\/07\/Attachment-B.pdf\">Anexo de solicitud \u2013 Contactos de la agencia<\/a><\/li>\n<li><a href=\"https:\/\/lowimpacthydro.org\/wp-content\/uploads\/2020\/07\/Attachment-D-PA-Fish-Game-Commission.pdf\">Anexo de solicitud \u2013 Comisi\u00f3n de Pesca y Caza de Pensilvania<\/a><\/li>\n<li><a href=\"https:\/\/lowimpacthydro.org\/wp-content\/uploads\/2020\/07\/Attachment-E.pdf\">Anexo de solicitud \u2013 Descripci\u00f3n del proyecto<\/a><\/li>\n<li><a href=\"https:\/\/lowimpacthydro.org\/wp-content\/uploads\/2020\/07\/Attachment-F-Raystown-Lake-Map.pdf\">Anexo de solicitud: Mapa del lago Raystown<\/a><\/li>\n<li><a href=\"https:\/\/lowimpacthydro.org\/wp-content\/uploads\/2020\/07\/Attachment-G-Raystown-Pictures.pdf\">Anexo de solicitud \u2013 Raystown Pictures<\/a><\/li>\n<\/ul>\n<h4>Certificaci\u00f3n 2006<\/h4>\n<ul style=\"color: black;\">\n<li><a href=\"https:\/\/lowimpacthydro.org\/wp-content\/uploads\/2022\/02\/Raystown-Review-Report-2006.pdf&quot;\"> Informe de revisi\u00f3n de Raystown 2006<\/a><\/li>\n<li><a href=\"https:\/\/lowimpacthydro.org\/wp-content\/uploads\/2020\/07\/Final-Raystown-23-Questionnaire-2006.pdf\">Cuestionario de certificaci\u00f3n de Raystown 2006<\/a><\/li>\n<li><a href=\"https:\/\/lowimpacthydro.org\/wp-content\/uploads\/2020\/07\/Attachment-B_Resource-Agency-Contact-Information.pdf\">Anexo de solicitud: Informaci\u00f3n de contacto de la agencia de recursos<\/a><\/li>\n<li><a href=\"https:\/\/lowimpacthydro.org\/wp-content\/uploads\/2020\/07\/Attachment-E_Description-of-the-Facility.pdf\">Anexo de solicitud: Descripci\u00f3n de la instalaci\u00f3n<\/a><\/li>\n<li><a href=\"https:\/\/lowimpacthydro.org\/wp-content\/uploads\/2020\/07\/Attachment-I_Montana-Tennant-Analysis.pdf\">Anexo I_An\u00e1lisis de Montana-Tennant<\/a><\/li>\n<li><a href=\"https:\/\/lowimpacthydro.org\/wp-content\/uploads\/2020\/07\/DEP-Letter-in-Support-of-Low-Impact-Certification.pdf\">Carta del Departamento de Protecci\u00f3n Ambiental de Pensilvania en apoyo a la certificaci\u00f3n de bajo impacto<\/a><\/li>\n<li><a href=\"https:\/\/lowimpacthydro.org\/wp-content\/uploads\/2020\/07\/Raystown-Fish-Passage-Memo.doc\">Raystown <span class='tooltipsall tooltip_post_id_5566 classtoolTips59'>Paso de peces<\/span> Memor\u00e1ndum<\/a><\/li>\n<\/ul>\n<hr \/>\n<h3>Documentos clave<\/h3>\n<ul>\n<li><a href=\"https:\/\/lowimpacthydro.org\/wp-content\/uploads\/2020\/07\/Attachment-A_Raystown-Hydro-FERC-License-Order.pdf\">Licencia FERC de Raystown y modificaciones<\/a><\/li>\n<li><a href=\"https:\/\/lowimpacthydro.org\/wp-content\/uploads\/2020\/07\/Attachment-J.pdf\">Certificado de Calidad del Agua<\/a><\/li>\n<\/ul>","protected":false},"excerpt":{"rendered":"<p>Project Name Raystown LIHI Certificate No. 23 LIHI Certificate Term August 11, 2022 &#8211; August 10, 2032 Owner Allegheny Electric Cooperative State Pennsylvania Location Located at<span class=\"excerpt-hellip\"> [\u2026]<\/span><\/p>\n","protected":false},"author":3,"featured_media":-1,"parent":0,"menu_order":0,"comment_status":"closed","ping_status":"closed","template":"","meta":{"_coblocks_attr":"","_coblocks_dimensions":"","_coblocks_responsive_height":"","_coblocks_accordion_ie_support":"","om_disable_all_campaigns":false,"_monsterinsights_skip_tracking":false,"_monsterinsights_sitenote_active":false,"_monsterinsights_sitenote_note":"","_monsterinsights_sitenote_category":0,"footnotes":""},"class_list":["post-2156","page","type-page","status-publish","has-post-thumbnail","hentry"],"aioseo_notices":[],"_links":{"self":[{"href":"https:\/\/lowimpacthydro.org\/es\/wp-json\/wp\/v2\/pages\/2156","targetHints":{"allow":["GET"]}}],"collection":[{"href":"https:\/\/lowimpacthydro.org\/es\/wp-json\/wp\/v2\/pages"}],"about":[{"href":"https:\/\/lowimpacthydro.org\/es\/wp-json\/wp\/v2\/types\/page"}],"author":[{"embeddable":true,"href":"https:\/\/lowimpacthydro.org\/es\/wp-json\/wp\/v2\/users\/3"}],"replies":[{"embeddable":true,"href":"https:\/\/lowimpacthydro.org\/es\/wp-json\/wp\/v2\/comments?post=2156"}],"version-history":[{"count":19,"href":"https:\/\/lowimpacthydro.org\/es\/wp-json\/wp\/v2\/pages\/2156\/revisions"}],"predecessor-version":[{"id":9806,"href":"https:\/\/lowimpacthydro.org\/es\/wp-json\/wp\/v2\/pages\/2156\/revisions\/9806"}],"wp:featuredmedia":[{"embeddable":true,"href":"https:\/\/lowimpacthydro.org\/es\/wp-json\/"}],"wp:attachment":[{"href":"https:\/\/lowimpacthydro.org\/es\/wp-json\/wp\/v2\/media?parent=2156"}],"curies":[{"name":"gracias","href":"https:\/\/api.w.org\/{rel}","templated":true}]}}