{"id":2097,"date":"2020-07-27T16:47:30","date_gmt":"2020-07-27T20:47:30","guid":{"rendered":"https:\/\/lowimpacthydro.org\/?page_id=2097"},"modified":"2025-06-11T12:43:53","modified_gmt":"2025-06-11T16:43:53","slug":"lihi-certificate-29-jordanelle-hydroelectric-project-utah","status":"publish","type":"page","link":"https:\/\/lowimpacthydro.org\/es\/lihi-certificate-29-jordanelle-hydroelectric-project-utah\/","title":{"rendered":"Certificado LIHI #29 \u2013 Proyecto Hidroel\u00e9ctrico Jordanelle, Utah"},"content":{"rendered":"<table class=\"alignright\" style=\"width: 351px; border: 2px; cellspacing: 2px; cellpadding: 2px; margin-left: 50px;\">\n<tbody>\n<tr>\n<td style=\"width: 41.8142%;\" width=\"238\"><strong>Nombre del proyecto<\/strong><\/td>\n<td style=\"width: 56.4159%;\" width=\"234\">Jordanelle<\/td>\n<\/tr>\n<tr>\n<td style=\"width: 41.8142%;\" width=\"238\"><strong>Certificado LIHI No.<\/strong><\/td>\n<td style=\"width: 56.4159%;\" width=\"234\">29<\/td>\n<\/tr>\n<tr>\n<td style=\"width: 41.8142%;\" width=\"238\"><strong>Plazo del certificado LIHI<\/strong><\/td>\n<td style=\"width: 56.4159%;\" width=\"234\">10 de junio de 2023 \u2013 9 de junio de 2033<\/td>\n<\/tr>\n<tr>\n<td style=\"width: 41.8142%;\" width=\"238\"><strong>Due\u00f1o<\/strong><\/td>\n<td style=\"width: 56.4159%;\" width=\"234\">Distrito de Conservaci\u00f3n del Agua del Centro de Utah<\/td>\n<\/tr>\n<tr>\n<td style=\"width: 41.8142%;\" width=\"238\"><strong>Estado<\/strong><\/td>\n<td style=\"width: 56.4159%;\" width=\"234\">Utah<\/td>\n<\/tr>\n<tr>\n<td style=\"width: 41.8142%;\" width=\"238\"><strong>Ubicaci\u00f3n<\/strong><\/td>\n<td style=\"width: 56.4159%;\" width=\"234\">Ubicado en la milla fluvial 49 del r\u00edo Provo en el condado de Wasatch, aproximadamente cuatro millas al norte de Heber City, Utah.<\/td>\n<\/tr>\n<tr>\n<td style=\"width: 41.8142%;\" width=\"238\"><strong>Capacidad instalada<\/strong><\/td>\n<td style=\"width: 56.4159%;\" width=\"234\">13 MW<\/td>\n<\/tr>\n<tr>\n<td style=\"width: 41.8142%;\" width=\"238\"><strong>Generaci\u00f3n media anual<\/strong><\/td>\n<td style=\"width: 56.4159%;\" width=\"234\">43.000 MWh<\/td>\n<\/tr>\n<tr>\n<td style=\"width: 41.8142%;\" width=\"238\"><strong>Tipo de instalaci\u00f3n<\/strong><\/td>\n<td style=\"width: 56.4159%;\" width=\"234\">almacenar y liberar<\/td>\n<\/tr>\n<tr>\n<td style=\"width: 41.8142%;\" width=\"238\"><strong><span class='tooltipsall tooltip_post_id_5565 classtoolTips152'>Comisi\u00f3n Federal de Comercio<\/span> No.<\/strong><\/td>\n<td style=\"width: 56.4159%;\" width=\"234\">n\/a, FERC no jurisdiccional<\/td>\n<\/tr>\n<\/tbody>\n<\/table>\n<p>El Proyecto Jordanelle se ubica en el r\u00edo Provo, en el condado de Wasatch, al norte de Heber City, Utah. El proyecto no cuenta con licencia de la Comisi\u00f3n Federal Reguladora de Energ\u00eda (FERC), pero est\u00e1 autorizado mediante un privilegio de arrendamiento de energ\u00eda del Proyecto Central de Utah (CUP) de la Oficina de Recuperaci\u00f3n (USBR) del Departamento del Interior (DOI).<\/p>\n<p>Un privilegio de arrendamiento de energ\u00eda otorga a una entidad no federal el derecho a utilizar, de conformidad con el prop\u00f3sito del CUP, la energ\u00eda hidr\u00e1ulica. <span class='tooltipsall tooltip_post_id_5581 classtoolTips154'>cabeza<\/span> y almacenamiento en la CUP o en conjunto con ella, para la generaci\u00f3n y venta de energ\u00eda el\u00e9ctrica no federal por parte de la entidad. La autorizaci\u00f3n general para el arrendamiento de energ\u00eda, seg\u00fan los estatutos legales de USBR, incluye, entre otras, la Ley de Emplazamientos Urbanos y Desarrollo Energ\u00e9tico de 1906 y la Ley de Proyectos de Recuperaci\u00f3n de 1939.<\/p>\n<p>Jordanelle <span class='tooltipsall tooltip_post_id_5545 classtoolTips158'>Presa<\/span> No fue construido principalmente para la producci\u00f3n de energ\u00eda. <span class='tooltipsall tooltip_post_id_5545 classtoolTips158'>presa<\/span> Se utiliza para el suministro de agua aguas abajo con fines municipales, industriales, de riego y de calidad del agua en Salt Lake City y el norte del condado de Utah. Otros usos incluyen el control de inundaciones, la recreaci\u00f3n, el desarrollo de la pesca y la fauna silvestre, y la generaci\u00f3n de energ\u00eda.<\/p>\n<p>La presa Jordanelle es una estructura de relleno de tierra enrollada con un tap\u00f3n fusible de emergencia. <span class='tooltipsall tooltip_post_id_5651 classtoolTips116'>aliviadero<\/span> y obras de desag\u00fce. El terrapl\u00e9n de tierra compactada tiene una altura estructural de 91 metros y una longitud de coronaci\u00f3n de 1160 metros. El aliviadero con tap\u00f3n fusible de emergencia se encuentra cerca del lado izquierdo. <span class='tooltipsall tooltip_post_id_5514 classtoolTips118'>contrafuerte<\/span> y consta de un canal de entrada sin revestimiento, un canal trapezoidal revestido de hormig\u00f3n, una secci\u00f3n de tap\u00f3n de tierra, un conducto de hormig\u00f3n y un conducto de doble caja de hormig\u00f3n de 9,5 pies por 10 pies. El <span class='tooltipsall tooltip_post_id_5624 classtoolTips102'>central el\u00e9ctrica<\/span> es una estructura de hormig\u00f3n armado ubicada parcialmente dentro del terrapl\u00e9n de roca en la base de la presa, al oeste de las obras de desag\u00fce existentes. <span class='tooltipsall tooltip_post_id_5619 classtoolTips124'>compuerta<\/span> Se construye a partir de la conexi\u00f3n de 72 pulgadas de di\u00e1metro en el conducto de salida y luego se dirige a la central el\u00e9ctrica, donde se bifurca en dos tuber\u00edas de 66 pulgadas de di\u00e1metro que alimentan las turbinas.<\/p>\n<p>El piso de la central el\u00e9ctrica se encuentra a una altura inferior a la del nivel del agua de cola. Esta altura requiere mantenimiento en las turbinas con bah\u00eda de cola. <span class='tooltipsall tooltip_post_id_5578 classtoolTips153'>puertas<\/span> Instalado. El mantenimiento se puede realizar sin necesidad de desaguar el canal de descarga. Las turbinas, los generadores y todo el equipo mec\u00e1nico se ubican en este nivel. Las turbinas descargan en un canal de descarga situado debajo del piso de la turbina.<\/p>\n<p>El equipo principal ubicado en el piso de la turbina incluye dos turbinas horizontales <span class='tooltipsall tooltip_post_id_5576 classtoolTips39'>Turbina Francis<\/span>Unidades generadoras con una capacidad instalada total de 13 MW; controladores de turbina; v\u00e1lvulas de entrada a la turbina ubicadas en la tuber\u00eda forzada de cada turbina; una unidad de potencia hidr\u00e1ulica para cada unidad y v\u00e1lvula; y bombas de sumidero. La central el\u00e9ctrica incluye una sala de control. Se requiere una sala de control para albergar los paneles de control, la aparamenta, el centro de control de motores, los tableros de distribuci\u00f3n, las bater\u00edas y los cargadores de bater\u00edas. La sala de control est\u00e1 aislada del piso de la turbina e insonorizada para proporcionar un espacio tranquilo al operador. Se ubica sobre el piso de la turbina para proteger el equipo de posibles inundaciones y se encuentra cerca de la planta. <span class='tooltipsall tooltip_post_id_5656 classtoolTips92'>subestaci\u00f3n<\/span> para minimizar el tendido de conductos y cables.<\/p>\n<p>El proyecto opera con un sistema de almacenamiento y liberaci\u00f3n de agua y se ubica en un embalse controlado por la USBR. El proyecto no se responsabiliza de la gesti\u00f3n del embalse ni tiene ning\u00fan efecto sobre el funcionamiento de la presa Jordanelle ni del embalse.<\/p>\n<p>Las aguas dentro del alcance del proyecto est\u00e1n designadas como Clase 1C, 2A, 3A y 4:<\/p>\n<ul style=\"color: black;\">\n<li>1C: Protegido para fines de suministro de agua dom\u00e9stica con procesos de tratamiento previos seg\u00fan lo exige el Departamento de Calidad Ambiental de Utah.<\/li>\n<li>2A \u2013 Protegido para actividades recreativas de contacto primario como la nataci\u00f3n.<\/li>\n<li>3A \u2013 Protegido para especies de peces deportivos de agua fr\u00eda y otras formas de vida acu\u00e1tica de agua fr\u00eda, incluidos los organismos acu\u00e1ticos necesarios en su cadena alimentaria.<\/li>\n<li>4 \u2013 Protegido para usos agr\u00edcolas, incluido el riego del ganado y de cultivos.<\/li>\n<\/ul>\n<p>El embalse es un sistema p\u00fablico de agua del estado de Utah, utilizado para las designaciones mencionadas. Los tramos del proyecto est\u00e1n designados como deteriorados por su pH. El agua se libera desde la presa a trav\u00e9s de una estructura de entrada de nivel selectivo (LENTO) y\/o nivel bajo (BAJO) mediante tuber\u00edas y t\u00faneles hasta la obra de salida. El agua se mezcla desde diferentes profundidades del embalse para controlar y cumplir con los est\u00e1ndares de calidad del agua en cuanto a f\u00f3sforo, temperatura y ox\u00edgeno disuelto en el agua vertida.<\/p>\n<p>No an\u00e1dromo ni <span class='tooltipsall tooltip_post_id_5538 classtoolTips75'>cat\u00e1dromo<\/span> Hay peces en la zona del proyecto. El r\u00edo desemboca en el lago Utah, que a su vez desemboca en el r\u00edo Jord\u00e1n y, finalmente, en el Gran Lago Salado, que no tiene salida al oc\u00e9ano. El proyecto en s\u00ed no representa una barrera para el paso de los peces residentes r\u00edo abajo, pero los caudales liberados por la presa tienen una velocidad demasiado alta para permitir el paso. Especies residentes en el Jordanelle <span class='tooltipsall tooltip_post_id_5633 classtoolTips103'>Dep\u00f3sito<\/span> Entre las especies de peces que se incluyen la trucha marr\u00f3n, el salm\u00f3n kokanee, la trucha arco\u00edris, la lobina de boca chica, el cacho de Utah, el pez limpiador, la perca amarilla, la perca negra, la trucha degollada\/Bonneville, la lobina negra, el splake, el muskellunge tigre y el matalote de Utah. Como mitigaci\u00f3n aceptable, el Proyecto de Restauraci\u00f3n del R\u00edo Provo mitiga los impactos pasados del Proyecto Central de Utah y otros proyectos federales de recuperaci\u00f3n al mejorar la pesca y... <span class='tooltipsall tooltip_post_id_5635 classtoolTips115'>ribere\u00f1o<\/span> h\u00e1bitats en el tramo de 10 millas del r\u00edo Provo aguas abajo.<\/p>\n<p>El proyecto hidroel\u00e9ctrico no gestiona directamente la costa ni las cuencas hidrogr\u00e1ficas en la operaci\u00f3n de la central hidroel\u00e9ctrica. La costa del embalse est\u00e1 controlada y mantenida por el Parque Estatal Jordanelle, de conformidad con un plan de gesti\u00f3n de embalses desarrollado por USBOR. Las costas del tramo aguas abajo est\u00e1n controladas y mantenidas por el Condado de Wasatch. El tramo est\u00e1 delimitado al este y al oeste por carreteras principales con poco desarrollo. El Proyecto de Restauraci\u00f3n del R\u00edo Provo mantiene, monitorea y mejora las costas y los h\u00e1bitats de este tramo.<\/p>\n<p>Entre las especies amenazadas o en peligro de extinci\u00f3n que podr\u00edan estar presentes en las inmediaciones del proyecto se incluyen el \u00e1guila calva, el \u00e1guila real, el lince canadiense, el cuclillo de pico amarillo, el matalote de Ute y el matalote de junio. Si bien el lince canadiense se ha avistado en la zona del proyecto una vez desde 2004, no existe ning\u00fan h\u00e1bitat cr\u00edtico para la especie en la zona. El Programa de Recuperaci\u00f3n del Matalote de Junio, en el que el propietario del proyecto colabora con el Servicio de Pesca y Vida Silvestre de Estados Unidos, ha logrado avances suficientes en el restablecimiento de la especie.<\/p>\n<p>Seg\u00fan la consulta con la Oficina de Preservaci\u00f3n Hist\u00f3rica del Estado y las Naciones Tribales, no hay recursos culturales presentes en el proyecto y ninguna propiedad hist\u00f3rica se ve afectada por el proyecto.<\/p>\n<p>Las medidas de seguridad del suministro de agua del proyecto impiden el acceso al proyecto hidroel\u00e9ctrico, ya que se encuentra en una zona protegida no abierta al p\u00fablico. Sin embargo, el embalse se considera un lugar de pesca de primera clase y la zona est\u00e1 gestionada por los Parques Estatales de Utah. Se ofrecen acceso e instalaciones recreativas gratuitas en la zona baja del proyecto.<\/p>\n<hr \/>\n<h3>Estado de cumplimiento<\/h3>\n<p><strong>En el Certificado actual no existen condiciones espec\u00edficas para ninguna instalaci\u00f3n.<\/strong><\/p>\n<p><strong>2025:<\/strong> No se identificaron cambios sustanciales ni problemas de cumplimiento. El proyecto mantiene su cumplimiento seg\u00fan la revisi\u00f3n anual. El proyecto inform\u00f3 voluntariamente sobre las operaciones relacionadas con la recuperaci\u00f3n del chup\u00f3n de junio aguas abajo del proyecto.<\/p>\n<p><strong>2024:<\/strong> No se identificaron cambios sustanciales ni problemas de cumplimiento. El proyecto mantiene su cumplimiento seg\u00fan la revisi\u00f3n anual. El proyecto inform\u00f3 voluntariamente sobre las operaciones relacionadas con la recuperaci\u00f3n del chup\u00f3n de junio aguas abajo del proyecto (Condici\u00f3n 1 del Certificado LIHI anterior).<\/p>\n<p><strong>2023: <\/strong>El informe anual correspondiente al certificado actual a\u00fan no ha entrado en vigor.<\/p>\n<hr \/>\n<h3>Historial de certificaciones<\/h3>\n<p><strong>2 de febrero de 2024: <\/strong>El Instituto de Energ\u00eda Hidroel\u00e9ctrica de Bajo Impacto ha emitido una decisi\u00f3n final sobre la recertificaci\u00f3n del Proyecto Hidroel\u00e9ctrico Jordanelle, tras el cierre del per\u00edodo de apelaci\u00f3n sin recibir solicitudes de apelaci\u00f3n. El nuevo plazo de certificaci\u00f3n es del 10 de junio de 2023 al 9 de junio de 2033.<\/p>\n<p><strong>4 de diciembre de 2023:<\/strong> El Instituto de Hidroelectricidad de Bajo Impacto (LIHI) ha aprobado preliminarmente la recertificaci\u00f3n de Bajo Impacto para el Proyecto Hidroel\u00e9ctrico de la Presa Jordanelle. La solicitud completa y el informe del revisor est\u00e1n disponibles a continuaci\u00f3n. Esta decisi\u00f3n es preliminar, a la espera del plazo de apelaci\u00f3n de 30 d\u00edas. Solo quienes presentaron comentarios sobre la solicitud inicial durante el plazo de 60 d\u00edas pueden presentar una apelaci\u00f3n. Dicha apelaci\u00f3n debe incluir una explicaci\u00f3n de por qu\u00e9 el Proyecto no cumple con los criterios de LIHI. Las solicitudes de apelaci\u00f3n pueden enviarse por correo electr\u00f3nico a <a href=\"mailto:comments@lowimpacthydro.org\">comments@lowimpacthydro.org<\/a> Con el asunto &quot;Proyecto de la Presa Jordanelle&quot;, o por correo postal dirigido al Instituto de Energ\u00eda Hidroel\u00e9ctrica de Bajo Impacto, 1167 Massachusetts Ave, Arlington, MA 02476. Todas las solicitudes se publicar\u00e1n en el sitio web. El solicitante tendr\u00e1 la oportunidad de responder, y cualquier respuesta tambi\u00e9n se publicar\u00e1. <strong>Las solicitudes deben recibirse antes de las 5 p. m., hora del Este, el 3 de enero de 2024. <\/strong>Si no se reciben solicitudes de apelaci\u00f3n, el per\u00edodo de certificaci\u00f3n ser\u00e1 del 10 de junio de 2023 al 9 de junio de 2033.<\/p>\n<p><strong>14 de septiembre de 2023:<\/strong> El Instituto de Energ\u00eda Hidroel\u00e9ctrica de Bajo Impacto (LIHI) ha recibido una solicitud de recertificaci\u00f3n completa del Distrito de Conservaci\u00f3n del Agua de Utah Central para el Proyecto Jordanelle. La solicitud se encuentra a continuaci\u00f3n, en la secci\u00f3n Archivos de Certificaci\u00f3n. LIHI solicita comentarios sobre esta solicitud. Los comentarios directamente relacionados con criterios espec\u00edficos de LIHI (caudales, calidad del agua, <span class='tooltipsall tooltip_post_id_5566 classtoolTips59'>paso de peces<\/span>, etc.) ser\u00e1n de gran ayuda, pero se tendr\u00e1n en cuenta todos los comentarios. Los comentarios pueden enviarse a LIHI por correo electr\u00f3nico a <a href=\"mailto:comments@lowimpacthydro.org\">comments@lowimpacthydro.org<\/a> con \u201cComentarios del Proyecto Jordanelle\u201d en la l\u00ednea de asunto, o por correo dirigido al Low Impact Hydropower Institute, 1167 Massachusetts Avenue, Arlington, MA 02476. <strong>Los comentarios deben recibirse en el Instituto antes de las 5 p. m., hora del Este, el 13 de noviembre de 2023 para ser considerados.<\/strong> Todos los comentarios se publicar\u00e1n en el sitio web y el solicitante tendr\u00e1 la oportunidad de responder. Las respuestas tambi\u00e9n se publicar\u00e1n.<\/p>\n<p><strong>10 de junio de 2016:<\/strong> El Director Ejecutivo de LIHI, Michael J. Sale, en ejercicio de la autoridad delegada por la Junta Directiva de LIHI, ha certificado que el Proyecto Hidroel\u00e9ctrico Jordanelle cumple con los Criterios de Certificaci\u00f3n de LIHI. El 6 de mayo de 2016 se anunci\u00f3 una Decisi\u00f3n Preliminar y se abri\u00f3 un plazo de apelaci\u00f3n de 30 d\u00edas, hasta el 6 de junio de 2016. No se recibieron solicitudes de apelaci\u00f3n. La fecha de entrada en vigor de la certificaci\u00f3n del Proyecto Jordanelle es el 10 de junio de 2015 por un per\u00edodo de ocho (8) a\u00f1os, que expirar\u00e1 el 10 de junio de 2023. El Certificado incluye la siguiente condici\u00f3n espec\u00edfica de la instalaci\u00f3n:<\/p>\n<ul>\n<li><strong>Condici\u00f3n 1: <\/strong>El propietario de la instalaci\u00f3n deber\u00e1 seguir colaborando proactivamente con el USFWS en el Programa de Recuperaci\u00f3n de Junco. Como parte de su carta anual de cumplimiento a LIHI, el propietario deber\u00e1 presentar una declaraci\u00f3n que confirme que ha liberado los flujos comprometidos identificados en su Programa de Implementaci\u00f3n de Recuperaci\u00f3n de Junco (JSRIP) del Proyecto Jordanelle para la recuperaci\u00f3n del junco durante el a\u00f1o anterior, dentro de los l\u00edmites del acuerdo de Privilegio de Arrendamiento de Energ\u00eda (PREF) del propietario con la Oficina de Recuperaci\u00f3n. Asimismo, se deber\u00e1 verificar anualmente que el propietario haya discutido y llegado a un acuerdo con el USFWS en relaci\u00f3n con estas liberaciones como parte del JSRIP.<\/li>\n<\/ul>\n<p><strong>28 de octubre de 2015:<\/strong> El Instituto de Energ\u00eda Hidroel\u00e9ctrica de Bajo Impacto ha recibido una solicitud completa para un nuevo per\u00edodo de Certificaci\u00f3n de Bajo Impacto para el proyecto hidroel\u00e9ctrico Jordanelle. Los materiales de la solicitud se encuentran a continuaci\u00f3n. El per\u00edodo de consulta p\u00fablica para esta solicitud cerr\u00f3 el 28 de diciembre de 2015.<\/p>\n<p><strong>19 de junio de 2015:<\/strong>\u00a0El proyecto hidroel\u00e9ctrico de la presa Jordanelle ha recibido una pr\u00f3rroga del plazo de su certificado. La nueva fecha de vencimiento es el 31 de diciembre de 2015. Consulte la Carta de Pr\u00f3rroga de Recertificaci\u00f3n de 2015 para obtener una explicaci\u00f3n m\u00e1s abajo.<\/p>\n<p><strong>13 de diciembre de 2007:<\/strong> El Proyecto Hidroel\u00e9ctrico de la Represa Jordanelle ha sido certificado como de bajo impacto por un per\u00edodo de ocho a\u00f1os, a partir del 10 de junio de 2007 y hasta el 10 de junio de 2015.<\/p>\n<p><strong>10 de junio de 2007:<\/strong> El Distrito de Conservaci\u00f3n del Agua de Utah Central (CUWCD) ha presentado una solicitud de certificaci\u00f3n para el Proyecto Hidroel\u00e9ctrico de la Presa Jordanelle. El per\u00edodo de comentarios permanecer\u00e1 abierto durante 60 d\u00edas, hasta el 10 de agosto de 2007.<\/p>\n<hr \/>\n<h3>Archivos de certificaci\u00f3n<\/h3>\n<h4>Recertificaci\u00f3n 2023<\/h4>\n<ul>\n<li><a href=\"https:\/\/lowimpacthydro.org\/wp-content\/uploads\/2023\/12\/Jordanelle-Stage-2-Review_231122_Final.pdf\">Informe de revisi\u00f3n de la recertificaci\u00f3n de Jordanelle 2023<\/a><\/li>\n<li><a href=\"https:\/\/lowimpacthydro.org\/wp-content\/uploads\/2023\/09\/Jordanelle-Recertification-Application-Final.pdf\">Solicitud de recertificaci\u00f3n de Jordanelle 2023<\/a>\n<ul>\n<li><a href=\"https:\/\/lowimpacthydro.org\/wp-content\/uploads\/2023\/09\/Provo-River-Basin-Drinking-Water-Source-Protection-Plan-PRWC-December-2019.pdf\">Anexo 1A \u2013 Provo <span class='tooltipsall tooltip_post_id_5636 classtoolTips65'>Cuenca del r\u00edo<\/span> Plan de Protecci\u00f3n de Fuentes de Agua Potable<\/a><\/li>\n<li><a href=\"https:\/\/lowimpacthydro.org\/wp-content\/uploads\/2023\/09\/Provo-River-Watershed-Management-Plan.pdf\">Anexo 1B \u2013 Plan de gesti\u00f3n de la cuenca del r\u00edo Provo<\/a><\/li>\n<li><a href=\"https:\/\/lowimpacthydro.org\/wp-content\/uploads\/2023\/11\/Attachment-2-USFWS-IPAC-Report.pdf\">Anexo 2 \u2013 Informe de especies del USFWS<\/a><\/li>\n<li><a href=\"https:\/\/lowimpacthydro.org\/wp-content\/uploads\/2023\/11\/Attachment-3A-CUWCD-Low-Impact-Hydro-letter-2022_final.pdf\">Anexo 3A \u2013 Carta del Sucker de junio de 2022<\/a><\/li>\n<li><a href=\"https:\/\/lowimpacthydro.org\/wp-content\/uploads\/2023\/11\/Attachment-3B-June-Sucker-Progress-2021.pdf\">Anexo 3B \u2013 Informe de progreso de June Sucker<\/a><\/li>\n<li><a href=\"https:\/\/lowimpacthydro.org\/wp-content\/uploads\/2023\/11\/Attachment-4-2004-Cultural-Survey.pdf\">Anexo 4 \u2013 Carta de encuesta sobre recursos culturales y respuesta de la SHPO<\/a><\/li>\n<\/ul>\n<\/li>\n<\/ul>\n<h4>Recertificaci\u00f3n 2015<\/h4>\n<ul style=\"color: black;\">\n<li><a href=\"https:\/\/lowimpacthydro.org\/wp-content\/uploads\/2020\/07\/20160502_Recertification-Review_Jordanelle-V2.pdf\">Informe de revisi\u00f3n de la recertificaci\u00f3n de Jordanelle 2015<\/a><\/li>\n<li><a href=\"https:\/\/lowimpacthydro.org\/wp-content\/uploads\/2020\/07\/LIHI_QUESTIONNAIRE_CUWCD-Oct-2015.pdf\">Cuestionario de recertificaci\u00f3n de Jordanelle 2015<\/a><\/li>\n<li><a href=\"https:\/\/lowimpacthydro.org\/wp-content\/uploads\/2020\/07\/Jordanelle_USFWS-Comment-Letter_07112016.pdf\">Carta de comentarios del Servicio de Pesca y Vida Silvestre de EE. UU.: Recertificaci\u00f3n de Jordanelle<\/a><\/li>\n<li><a href=\"https:\/\/lowimpacthydro.org\/wp-content\/uploads\/2020\/09\/EA-file-2.doc\">Evaluaci\u00f3n ambiental<\/a><\/li>\n<li><a href=\"https:\/\/lowimpacthydro.org\/wp-content\/uploads\/2020\/09\/FINALEA_ProvoRes_Chapter31.txt\">Cap\u00edtulo 3 de evaluaci\u00f3n ambiental<\/a><\/li>\n<li><a href=\"https:\/\/lowimpacthydro.org\/wp-content\/uploads\/2020\/09\/Attachment7-B.pdf\">Anexo de solicitud: Documento sobre aguas contaminadas<\/a><\/li>\n<li><a href=\"https:\/\/lowimpacthydro.org\/wp-content\/uploads\/2020\/09\/Attachment7-C.pdf\">Adjunto de solicitud \u2013 <span class='tooltipsall tooltip_post_id_5512 classtoolTips71'>Lista 303(d)<\/span><\/a><\/li>\n<li><a href=\"https:\/\/lowimpacthydro.org\/wp-content\/uploads\/2020\/09\/Attachment7-D.pdf\">Adjunto de solicitud \u2013 <span class='tooltipsall tooltip_post_id_5669 classtoolTips18'>Clasificaci\u00f3n del agua<\/span><\/a><\/li>\n<li><a href=\"https:\/\/lowimpacthydro.org\/wp-content\/uploads\/2020\/09\/Attachment7-E.pdf\">Anexo de solicitud: Inventario de calidad del agua<\/a><\/li>\n<li><a href=\"https:\/\/lowimpacthydro.org\/wp-content\/uploads\/2020\/09\/Pages-from-Jordanelle_EA_CD.pdf\">P\u00e1ginas de la evaluaci\u00f3n ambiental de Jordanelle<\/a><\/li>\n<\/ul>\n<h4>Certificaci\u00f3n 2007<\/h4>\n<ul style=\"color: black;\">\n<li><a href=\"https:\/\/lowimpacthydro.org\/wp-content\/uploads\/2020\/07\/LIHI-Reviewer-Report-Jordanelle-12-5-07-FINAL.pdf\">Informe del revisor de certificaci\u00f3n de Jordanelle<\/a><\/li>\n<li><a href=\"https:\/\/lowimpacthydro.org\/wp-content\/uploads\/2020\/07\/LIHI-Questionairre-Jordanelle.pdf\">Cuestionario de certificaci\u00f3n Jordanelle<\/a><\/li>\n<li><a href=\"https:\/\/lowimpacthydro.org\/wp-content\/uploads\/2023\/05\/Jordanelle-Application-Attachments-complete.pdf\">Archivos adjuntos de la aplicaci\u00f3n Jordanelle<\/a><\/li>\n<\/ul>\n<div id=\"malwarebytes-root\">\n<hr \/>\n<h3>Documentos clave<\/h3>\n<ul>\n<li><a href=\"https:\/\/lowimpacthydro.org\/wp-content\/uploads\/2023\/05\/2005-jordanelle-dam-hydro-Final-Environmental-Assessment.pdf\">Evaluaci\u00f3n ambiental de Jordanelle 2005<\/a><\/li>\n<li><a href=\"https:\/\/lowimpacthydro.org\/wp-content\/uploads\/2023\/05\/Lease-of-Power-Privilege.pdf\">Privilegio de arrendamiento de energ\u00eda de Jordanelle<\/a><\/li>\n<li><a href=\"https:\/\/lowimpacthydro.org\/wp-content\/uploads\/2023\/05\/1994-Deer-Creek-Jordanelle-Operating-Agreement.pdf\">Acuerdo operativo Jordanelle-Deer Creek<\/a><\/li>\n<li><a href=\"https:\/\/lowimpacthydro.org\/wp-content\/uploads\/2023\/05\/2012-Jordanelle-Reservoir-Resource-Mgmt-Plan-Environmental-Assessment.pdf\">Evaluaci\u00f3n ambiental del embalse de Jordanelle 2012<\/a><\/li>\n<\/ul>\n<\/div>","protected":false},"excerpt":{"rendered":"<p>Project Name Jordanelle LIHI Certificate No. 29 LIHI Certificate Term June 10, 2023 &#8211; June 9, 2033 Owner Central Utah Water Conservancy District State Utah Location<span class=\"excerpt-hellip\"> [\u2026]<\/span><\/p>\n","protected":false},"author":3,"featured_media":-1,"parent":0,"menu_order":0,"comment_status":"closed","ping_status":"closed","template":"","meta":{"_coblocks_attr":"","_coblocks_dimensions":"","_coblocks_responsive_height":"","_coblocks_accordion_ie_support":"","om_disable_all_campaigns":false,"_monsterinsights_skip_tracking":false,"_monsterinsights_sitenote_active":false,"_monsterinsights_sitenote_note":"","_monsterinsights_sitenote_category":0,"footnotes":""},"class_list":["post-2097","page","type-page","status-publish","has-post-thumbnail","hentry"],"aioseo_notices":[],"_links":{"self":[{"href":"https:\/\/lowimpacthydro.org\/es\/wp-json\/wp\/v2\/pages\/2097","targetHints":{"allow":["GET"]}}],"collection":[{"href":"https:\/\/lowimpacthydro.org\/es\/wp-json\/wp\/v2\/pages"}],"about":[{"href":"https:\/\/lowimpacthydro.org\/es\/wp-json\/wp\/v2\/types\/page"}],"author":[{"embeddable":true,"href":"https:\/\/lowimpacthydro.org\/es\/wp-json\/wp\/v2\/users\/3"}],"replies":[{"embeddable":true,"href":"https:\/\/lowimpacthydro.org\/es\/wp-json\/wp\/v2\/comments?post=2097"}],"version-history":[{"count":22,"href":"https:\/\/lowimpacthydro.org\/es\/wp-json\/wp\/v2\/pages\/2097\/revisions"}],"predecessor-version":[{"id":9710,"href":"https:\/\/lowimpacthydro.org\/es\/wp-json\/wp\/v2\/pages\/2097\/revisions\/9710"}],"wp:featuredmedia":[{"embeddable":true,"href":"https:\/\/lowimpacthydro.org\/es\/wp-json\/"}],"wp:attachment":[{"href":"https:\/\/lowimpacthydro.org\/es\/wp-json\/wp\/v2\/media?parent=2097"}],"curies":[{"name":"gracias","href":"https:\/\/api.w.org\/{rel}","templated":true}]}}