{"id":2064,"date":"2020-07-27T15:26:24","date_gmt":"2020-07-27T19:26:24","guid":{"rendered":"https:\/\/lowimpacthydro.org\/?page_id=2064"},"modified":"2025-11-10T11:12:29","modified_gmt":"2025-11-10T16:12:29","slug":"lihi-certificate-32-newton-falls-hydroelectric-project-new-york","status":"publish","type":"page","link":"https:\/\/lowimpacthydro.org\/es\/lihi-certificate-32-newton-falls-hydroelectric-project-new-york\/","title":{"rendered":"Certificado LIHI #32 \u2013 Proyecto Hidroel\u00e9ctrico Newton Falls, Nueva York"},"content":{"rendered":"<table class=\"alignright\" style=\"width: 351px; border: 2px; cellspacing: 2px; cellpadding: 2px; margin-left: 50px;\">\n<tbody>\n<tr>\n<td width=\"238\"><strong>Nombre del proyecto<\/strong><\/td>\n<td width=\"276\">Cataratas de Newton<\/td>\n<\/tr>\n<tr>\n<td width=\"238\"><strong>Certificado LIHI No.<\/strong><\/td>\n<td width=\"276\">32<\/td>\n<\/tr>\n<tr>\n<td width=\"238\"><strong>Plazo del certificado LIHI<\/strong><\/td>\n<td width=\"276\">2 de noviembre de 2017 \u2013 1 de noviembre de 2027<\/td>\n<\/tr>\n<tr>\n<td width=\"238\"><strong>Due\u00f1o<\/strong><\/td>\n<td width=\"276\">Erie Boulevard Hydropower, LP, una subsidiaria de Brookfield Renewable Energy Group<\/td>\n<\/tr>\n<tr>\n<td width=\"238\"><strong>Estado<\/strong><\/td>\n<td width=\"276\">Nueva York<\/td>\n<\/tr>\n<tr>\n<td width=\"238\"><strong>Ubicaci\u00f3n<\/strong><\/td>\n<td width=\"276\">Ubicado entre la milla fluvial 99,1 y 99,6 del r\u00edo Oswegatchie en la ciudad de Clifton, condado de St. Lawrence, Nueva York.<\/td>\n<\/tr>\n<tr>\n<td width=\"238\"><strong>Capacidad instalada<\/strong><\/td>\n<td width=\"276\"><strong>Total: 2,22 MW<\/strong><br \/>\nCataratas Upper Newton: 1,54 MW<br \/>\nCataratas Lower Newton: 0,68 MW<\/td>\n<\/tr>\n<tr>\n<td width=\"238\"><strong>Generaci\u00f3n media anual<\/strong><\/td>\n<td width=\"276\">8.982 MWh<\/td>\n<\/tr>\n<tr>\n<td width=\"238\"><strong>Tipo de instalaci\u00f3n<\/strong><\/td>\n<td width=\"276\">Newton superior: <span class='tooltipsall tooltip_post_id_5617 classtoolTips132'>Alcanzando su punto m\u00e1ximo<\/span> y\/o modo de seguimiento de carga<br \/>\nNewton inferior: <span class='tooltipsall tooltip_post_id_5643 classtoolTips52'>De pasada<\/span><\/td>\n<\/tr>\n<tr>\n<td width=\"238\"><strong><span class='tooltipsall tooltip_post_id_5565 classtoolTips152'>Comisi\u00f3n Federal de Comercio<\/span> No.<\/strong><\/td>\n<td width=\"276\">P-7000 emitido en 2003, vence el 31\/01\/2044<\/td>\n<\/tr>\n<\/tbody>\n<\/table>\n<p>El Proyecto Newton Falls consta de dos desarrollos (Upper Newton Falls y Lower Newton Falls), ubicados en el r\u00edo Oswegatchie en la ciudad de Clifton, condado de St. Lawrence, Nueva York. El proyecto original... <span class='tooltipsall tooltip_post_id_5543 classtoolTips76'>cuna de madera<\/span> Las presas en el sitio del proyecto se construyeron en 1895 y fueron reemplazadas por las presas actuales a finales de la d\u00e9cada de 1920. Ambas presas se construyeron para la producci\u00f3n de energ\u00eda y varios aspectos de las presas se han rehabilitado varias veces desde su construcci\u00f3n. Hay diecisiete presas en el r\u00edo Oswegatchie. El Proyecto Hidroel\u00e9ctrico Cranberry Lake se ubica aguas arriba del proyecto y varios proyectos se ubican aguas abajo. Estos incluyen... <a href=\"https:\/\/lowimpacthydro.org\/es\/lihi-certificate-161-oswegatchie-river-hydroelectric-new-york\/\">Proyecto Oswegatchie (LIHI #161)<\/a>.<\/p>\n<p>El proyecto incluye dos desarrollos:<\/p>\n<ul style=\"color: black;\">\n<li>Cataratas Upper Newton: El hormig\u00f3n <span class='tooltipsall tooltip_post_id_5580 classtoolTips81'>gravedad <span class='tooltipsall tooltip_post_id_5545 classtoolTips158'>presa<\/span><\/span> Tiene aproximadamente 182 metros de largo y una altura m\u00e1xima de 15 metros. La presa consta de una secci\u00f3n sur sin rebosadero y un sistema de hormig\u00f3n no controlado, anclado con postensado. <span class='tooltipsall tooltip_post_id_5611 classtoolTips156'>ojiva<\/span> Secci\u00f3n de gravedad, una estructura de compuerta de inundaci\u00f3n de cuatro bah\u00edas con <span class='tooltipsall tooltip_post_id_5649 classtoolTips91'>deslizar <span class='tooltipsall tooltip_post_id_5578 classtoolTips153'>puertas<\/span><\/span> (tambi\u00e9n anclada mediante postensado), una toma de agua y una secci\u00f3n norte sin rebosadero. La toma de agua es una estructura de gravedad de hormig\u00f3n armado que mide aproximadamente 11,9 m x 13,7 m y tiene una altura m\u00e1xima de 7,6 m. <span class='tooltipsall tooltip_post_id_5619 classtoolTips124'>compuerta<\/span> Es una tuber\u00eda forzada de duelas de madera con flejes de acero de 2,7 metros de di\u00e1metro y 365 metros de largo, con cunas de madera sobre umbrales de lodo de madera. El tanque de compensaci\u00f3n es una estructura de tanque diferencial de acero remachado ubicada aguas arriba de la trifurcaci\u00f3n de la tuber\u00eda forzada hacia el... <span class='tooltipsall tooltip_post_id_5624 classtoolTips102'>central el\u00e9ctrica<\/span>La central el\u00e9ctrica consta de una subestructura de hormig\u00f3n armado y una superestructura de ladrillo y alberga tres turbinas Leffel Tipo \u201cZ\u201d con una capacidad instalada total de 1,54 MW.<\/li>\n<li>Lower Newton Falls: La presa del proyecto es una presa de gravedad de hormig\u00f3n de 350 pies de largo y 24 pies de alto coronada con <span class='tooltipsall tooltip_post_id_5569 classtoolTips79'>tableros de flash<\/span>Un embalse de 9 acres con un almacenamiento bruto de 115 acres-pies, un tramo de derivaci\u00f3n de 300 pies y una central el\u00e9ctrica de una sola unidad. Los componentes de la presa, de izquierda a derecha, orientados aguas abajo, son una secci\u00f3n de terrapl\u00e9n\/muro central izquierdo, un ogee. <span class='tooltipsall tooltip_post_id_5651 classtoolTips116'>aliviadero<\/span> con tableros de protecci\u00f3n, un muro de c\u00e1mara de carga, una central el\u00e9ctrica\/toma integrada y un muro de contenci\u00f3n de hormig\u00f3n que retiene el relleno del acceso\/estacionamiento. El aliviadero es una secci\u00f3n ogee de hormig\u00f3n por gravedad con una longitud total de 120 pies y una altura m\u00e1xima de aproximadamente 24 pies (28 pies hasta la parte superior de los extremos de la estructura que no rebosan). El terrapl\u00e9n izquierdo es una estructura de muro central rellena de tierra con una longitud de aproximadamente 125 pies. El muro de c\u00e1mara de carga se encuentra a la derecha del aliviadero y sirve como muro de contenci\u00f3n para la toma. Tiene aproximadamente 80 pies de largo con una elevaci\u00f3n m\u00e1xima de 1,376.5 pies. Existe una compuerta cuadrada de tres pies en el muro de c\u00e1mara de carga, controlada por una compuerta levadiza con un operador manual en la coronaci\u00f3n. Un muro de contenci\u00f3n de hormig\u00f3n por gravedad que retiene el camino de acceso a la central el\u00e9ctrica existe a la derecha de la toma y sirve como muro de contenci\u00f3n para la toma. El muro tiene aproximadamente 88 pies de largo. La toma est\u00e1 integrada en el frente aguas arriba de la central el\u00e9ctrica. La estructura de la toma es de hormig\u00f3n armado de aproximadamente 6 metros de ancho por 4,5 metros de alto. La toma cuenta con tres bah\u00edas controladas por tres compuertas levadizas verticales de v\u00e1stago helicoidal. No hay... <span class='tooltipsall tooltip_post_id_5619 classtoolTips124'>tuber\u00edas forzadas<\/span> o <span class='tooltipsall tooltip_post_id_5574 classtoolTips146'>canales<\/span> En el proyecto. La central el\u00e9ctrica y la toma de agua son estructuras integrales. La central el\u00e9ctrica contiene una turbina Leffel tipo &quot;Z&quot; con una capacidad instalada de 0,68 MW.<\/li>\n<\/ul>\n<p>El desarrollo Upper Newton Falls opera en un <span class='tooltipsall tooltip_post_id_5617 classtoolTips132'>alcanzando su punto m\u00e1ximo<\/span>\/modo de seguimiento de carga y proporciona un caudal m\u00ednimo durante todo el a\u00f1o de 20 cfs a trav\u00e9s de la corriente descendente <span class='tooltipsall tooltip_post_id_5566 classtoolTips59'>paso de peces<\/span> salida. El desarrollo Lower Newton Falls se opera en un <span class='tooltipsall tooltip_post_id_5643 classtoolTips52'>de pasada<\/span> y proporciona un caudal m\u00ednimo de 100 pies c\u00fabicos por segundo. Este caudal m\u00ednimo se logra mediante el paso de los caudales por el aliviadero o a trav\u00e9s de la turbina cuando los caudales lo permiten. Este r\u00e9gimen de caudal se desarroll\u00f3 en colaboraci\u00f3n con el Servicio de Pesca y Vida Silvestre de los Estados Unidos (USFWS) y el Departamento de Conservaci\u00f3n Ambiental del Estado de Nueva York (NYSDEC), con base en estudios de caudal de demostraci\u00f3n realizados durante el \u00faltimo per\u00edodo de renovaci\u00f3n de la licencia.<\/p>\n<p>Las aguas dentro del tramo superior del proyecto se clasifican como Clase A(t), aptas para consumo humano, fines culinarios, recreaci\u00f3n y reproducci\u00f3n\/supervivencia de peces. La clasificaci\u00f3n (t) tambi\u00e9n indica que podr\u00eda albergar una poblaci\u00f3n de trucha. Aguas abajo del proyecto, las aguas se clasifican como Clase C. Estas aguas son aptas para fines recreativos y para la reproducci\u00f3n y supervivencia de peces.<\/p>\n<p>Varias cascadas naturales en el \u00e1rea del proyecto han impedido hist\u00f3ricamente el acceso de especies de peces migratorios. Estudios pesqueros que datan de 1931 han indicado que no se encontraron especies an\u00e1dromas ni... <span class='tooltipsall tooltip_post_id_5538 classtoolTips75'>cat\u00e1dromo<\/span> Existen especies de peces en el \u00e1rea del proyecto. El paso de peces residentes aguas abajo se proporciona en Upper Newton Falls mediante un mamparo de acero con una ranura para liberar 20 pies c\u00fabicos por segundo de flujo de paso de peces, lo que conduce a un <span class='tooltipsall tooltip_post_id_5620 classtoolTips86'>piscina de inmersi\u00f3n<\/span> En la base del aliviadero. Tambi\u00e9n se proporciona un paso en el desarrollo Lower Newton Falls mediante una muesca en una compuerta que libera un caudal de 20 pies c\u00fabicos por segundo (cfs) para peces que conduce a una poza existente. Esta estructura y los caudales del paso se desarrollaron en consulta con el USFWS y el NYSDEC para proporcionar un paso eficaz para los peces. Las especies residentes incluyen lubina negra y de boca chica, lucio, matalote, piscardo, trucha de arroyo, trucha marr\u00f3n y trucha arco\u00edris.<\/p>\n<p>Los terrenos del proyecto abarcan menos de 2 acres. Los terrenos bajo propiedad del proyecto son limitados y est\u00e1n supervisados por el plan de monitoreo de la erosi\u00f3n costera. El plan se centra en el desarrollo de Upper Newton Falls y contempla la preservaci\u00f3n de una zona adyacente al r\u00edo con potencial para recursos arqueol\u00f3gicos. Un sistema de monitoreo del embalse garantiza que las fluctuaciones del mismo se limiten a 0.1 pie por minuto, minimizando as\u00ed el riesgo de erosi\u00f3n costera.<\/p>\n<p>Las especies amenazadas o en peligro de extinci\u00f3n que podr\u00edan estar presentes en las inmediaciones del proyecto incluyen el murci\u00e9lago orejudo norte\u00f1o, el \u00e1guila calva y el carrizo norte\u00f1o. La principal preocupaci\u00f3n para las especies de murci\u00e9lagos reside en la tala de \u00e1rboles. El proyecto proporciona una zona de amortiguamiento forestal, lo que garantiza la protecci\u00f3n adecuada de la especie. Se consult\u00f3 al Departamento de Conservaci\u00f3n Ambiental del Estado de Nueva York (NYSDEC) sobre los posibles impactos en los ejemplares de \u00e1guila calva y la agencia inform\u00f3 que era improbable que las operaciones del proyecto tuvieran alg\u00fan impacto en la especie o su h\u00e1bitat de anidaci\u00f3n. Las poblaciones de \u00e1guila calva se encuentran en muy buen estado en Nueva York.<\/p>\n<p>Los \u00fanicos recursos culturales en el \u00e1rea del proyecto podr\u00edan encontrarse en la zona adyacente al desarrollo de Upper Newton Falls mencionado anteriormente. Este terreno tiene potencial de albergar recursos arqueol\u00f3gicos y debe mantenerse bajo estricta vigilancia. Por lo dem\u00e1s, la Oficina Estatal de Preservaci\u00f3n Hist\u00f3rica no teme un posible impacto en las estructuras o edificios hist\u00f3ricos en las inmediaciones del proyecto debido a su operaci\u00f3n.<\/p>\n<p>Los recursos recreativos del proyecto incluyen una rampa para embarcaciones, una zona de carga y descarga de canoas y un estacionamiento. El acceso p\u00fablico es gratuito.<\/p>\n<hr \/>\n<h3>Estado de cumplimiento<\/h3>\n<p><strong>El Certificado incluye las siguientes condiciones espec\u00edficas de la instalaci\u00f3n:<\/strong><\/p>\n<p><strong><em>Condici\u00f3n satisfecha en 2018. <\/em>Condici\u00f3n 1: <\/strong>El Propietario deber\u00e1 instalar y desarrollar un sistema de clasificaci\u00f3n de flujo para un medidor de nivel o monumento en el tramo desviado del desarrollo inferior y deber\u00e1 proporcionar la clasificaci\u00f3n a las agencias de recursos y a la FERC seg\u00fan lo dispuesto en la carta del Art\u00edculo 404 de la FERC del 4 de noviembre de 2008. La confirmaci\u00f3n de finalizaci\u00f3n se deber\u00e1 presentar ante LIHI antes del 31 de diciembre de 2018. LIHI puede suspender o revocar la Certificaci\u00f3n si este requisito no se cumple en su totalidad para esa fecha, a menos que se pueda demostrar que cualquier demora adicional se deba a factores fuera del control del Propietario.<\/p>\n<p><strong>2025:<\/strong> No se identificaron cambios materiales ni problemas de cumplimiento. El proyecto sigue cumpliendo con los requisitos seg\u00fan la revisi\u00f3n anual.<\/p>\n<p><strong>2024:<\/strong> No se identificaron cambios materiales ni problemas de cumplimiento. El proyecto sigue cumpliendo con los requisitos seg\u00fan la revisi\u00f3n anual.<\/p>\n<p><strong>2023:<\/strong> No se identificaron cambios materiales ni problemas de cumplimiento. El proyecto sigue cumpliendo con los requisitos seg\u00fan la revisi\u00f3n anual.<\/p>\n<p><strong>2022:<\/strong> No se identificaron cambios materiales ni problemas de cumplimiento. El proyecto sigue cumpliendo con los requisitos seg\u00fan la revisi\u00f3n anual.<\/p>\n<p><strong>2021:<\/strong> No se informaron cambios ni problemas de cumplimiento. El proyecto sigue cumpliendo con los requisitos seg\u00fan la revisi\u00f3n anual.<\/p>\n<p><strong>2020:<\/strong> No se informaron cambios ni problemas de cumplimiento. El proyecto sigue cumpliendo con los requisitos seg\u00fan la revisi\u00f3n anual.<\/p>\n<p><strong>2019:<\/strong> No se informaron cambios ni problemas de cumplimiento. El proyecto sigue cumpliendo con los requisitos seg\u00fan la revisi\u00f3n anual.<\/p>\n<p><strong>2018:<\/strong> No se reportaron cambios ni problemas de cumplimiento. El proyecto se mantiene en cumplimiento seg\u00fan la revisi\u00f3n anual. En cuanto a la Condici\u00f3n 1, el proyecto confirm\u00f3 la instalaci\u00f3n del monumento al personal, cumpliendo as\u00ed con la condici\u00f3n.<\/p>\n<p><strong>2017:<\/strong> La presentaci\u00f3n de informes anuales para el Certificado actual a\u00fan no ha entrado en vigor.<\/p>\n<hr \/>\n<h3>Historial de certificaciones<\/h3>\n<p><strong>1 de enero de 2022:<\/strong> El plazo del Certificado LIHI se ha extendido de acuerdo con la Revisi\u00f3n 2.05 del Manual de Certificaci\u00f3n LIHI 2.\u00aa Edici\u00f3n emitido el 1 de enero de 2022. Consulte la tabla de instalaciones anterior para conocer el nuevo plazo.<\/p>\n<p><strong>6 de julio de 2018<\/strong>\u00a0El plazo de apelaci\u00f3n de 30 d\u00edas para la decisi\u00f3n preliminar de certificaci\u00f3n del Proyecto Hidroel\u00e9ctrico Newton Falls finaliz\u00f3 el 5 de julio de 2018 sin que se presentaran apelaciones. Por lo tanto, la decisi\u00f3n es definitiva y el Proyecto Hidroel\u00e9ctrico Newton Falls queda recertificado por un per\u00edodo comprendido entre el 2 de noviembre de 2017 y el 1 de noviembre de 2022.<\/p>\n<p><strong>5 de junio de 2018:<\/strong> El Instituto de Energ\u00eda Hidroel\u00e9ctrica de Bajo Impacto (LIHI) aprob\u00f3 preliminarmente el Proyecto Hidroel\u00e9ctrico Newton Falls para un nuevo per\u00edodo de 5 a\u00f1os de Certificaci\u00f3n de Bajo Impacto. Esta decisi\u00f3n es preliminar, a la espera del plazo de apelaci\u00f3n de 30 d\u00edas. Solo quienes presentaron comentarios en la solicitud inicial durante el plazo de 60 d\u00edas pueden presentar una apelaci\u00f3n. Dicha apelaci\u00f3n debe incluir una explicaci\u00f3n de por qu\u00e9 el proyecto no cumple con los criterios del LIHI. Las solicitudes de apelaci\u00f3n pueden enviarse por correo electr\u00f3nico a <a href=\"mailto:comments@lowimpacthydro.org\">comments@lowimpacthydro.org<\/a> Con el asunto &quot;Proyecto Hidroel\u00e9ctrico Newton Falls&quot;, o por correo postal dirigido al Instituto de Energ\u00eda Hidroel\u00e9ctrica de Bajo Impacto, 329 Massachusetts Ave, Suite 2, Lexington, MA 02420. Todas las solicitudes se publicar\u00e1n en el sitio web y el solicitante tendr\u00e1 la oportunidad de responder. Cualquier respuesta tambi\u00e9n se publicar\u00e1. <strong>Las solicitudes deben recibirse antes de las 5 p. m., hora del Este, el 5 de julio de 2018.\u00a0 <\/strong>La solicitud completa y el informe de los revisores est\u00e1n disponibles a continuaci\u00f3n. Si no se reciben solicitudes de apelaci\u00f3n y la decisi\u00f3n es definitiva, el nuevo per\u00edodo del Proyecto Newton Falls ser\u00e1 del 2 de noviembre de 2017 al 1 de noviembre de 2022.<\/p>\n<p><strong>13 de marzo de 2018: <\/strong>El Instituto de Energ\u00eda Hidroel\u00e9ctrica de Bajo Impacto (LIHI) ha recibido una solicitud completa para un nuevo per\u00edodo de Certificaci\u00f3n de Bajo Impacto para el Proyecto Hidroel\u00e9ctrico Newton Falls. El proyecto se ubica en el r\u00edo Oswegatchie, en la ciudad de Clifton, condado de St. Lawrence, Nueva York, aproximadamente 98 millas aguas arriba de la confluencia del r\u00edo con el r\u00edo San Lorenzo. LIHI solicita comentarios p\u00fablicos sobre esta solicitud. En concreto, nos interesa saber si considera que el proyecto cumple con los Criterios de Certificaci\u00f3n de Bajo Impacto de LIHI, revisados en la 2.\u00aa edici\u00f3n del Manual. Por favor, revise el programa y los criterios en la versi\u00f3n revisada de LIHI.\u00a0<a href=\"https:\/\/lowimpacthydro.org\/wp-content\/uploads\/2014\/08\/2nd-edition-handbook-20160307-FINAL-CLEAN.pdf\">Manual <\/a>y luego revise los materiales de solicitud del Proyecto 2018 publicados a continuaci\u00f3n. Los comentarios que est\u00e9n directamente relacionados con criterios espec\u00edficos de LIHI (flujos, calidad del agua, paso de peces, etc.) ser\u00e1n de gran ayuda, pero se considerar\u00e1n todos los comentarios. Los comentarios pueden enviarse al Instituto por correo electr\u00f3nico a\u00a0<a href=\"mailto:comments@lowimpacthydro.org\">comments@lowimpacthydro.org<\/a>\u00a0con \u201cNewton Falls Comments\u201d en la l\u00ednea de asunto, o por correo dirigido al Low Impact Hydropower Institute, 329 Massachusetts Avenue, Suite 2, Lexington, MA 02420.\u00a0 <strong>Los comentarios deben recibirse en el Instituto antes de las 5 p. m., hora del Este, el 12 de mayo de 2018.<\/strong>\u00a0Se considerar\u00e1n todos los comentarios. Se publicar\u00e1n en el sitio web y el solicitante tendr\u00e1 la oportunidad de responder. Tambi\u00e9n se publicar\u00e1n todas las respuestas.<\/p>\n<p><strong>13 de marzo de 2018:<\/strong> Al Proyecto Hidroel\u00e9ctrico Newton Falls se le ha concedido una extensi\u00f3n del plazo actual hasta el 30 de junio de 2018.<\/p>\n<p><strong>29 de diciembre de 2012:<\/strong> El Proyecto Newton Falls ha sido recertificado como de bajo impacto por un segundo per\u00edodo de cinco a\u00f1os, vigente desde el 2 de noviembre de 2012 hasta el 2 de noviembre de 2017.<\/p>\n<p><strong>29 de febrero de 2008:<\/strong> El Proyecto Newton Falls ha sido certificado como de bajo impacto por un per\u00edodo de cinco a\u00f1os, a partir del 2 de noviembre de 2007 y hasta el 2 de noviembre de 2012.<\/p>\n<p><strong>1 de noviembre de 2007:<\/strong> Brookfield Power ha presentado una solicitud de certificaci\u00f3n del Proyecto Hidroel\u00e9ctrico Newton Falls.<\/p>\n<hr \/>\n<h3>Archivos de certificaci\u00f3n<\/h3>\n<h4>Recertificaci\u00f3n 2018<\/h4>\n<ul style=\"color: black;\">\n<li><a href=\"https:\/\/lowimpacthydro.org\/wp-content\/uploads\/2020\/07\/Newton-Falls-Recertification-Report_2018_05_31.pdf\">Informe de revisi\u00f3n de la recertificaci\u00f3n de Newton Falls 2018<\/a><\/li>\n<li><a href=\"https:\/\/lowimpacthydro.org\/wp-content\/uploads\/2020\/07\/Newton-Falls-LIHI-Application_2018.pdf\">Solicitud de recertificaci\u00f3n de Newton Falls 2018<\/a><\/li>\n<\/ul>\n<h4>Recertificaci\u00f3n 2012<\/h4>\n<ul style=\"color: black;\">\n<li><a href=\"https:\/\/lowimpacthydro.org\/wp-content\/uploads\/2020\/07\/RecommendationMemoNewtonFalls.pdf\">Memor\u00e1ndum de recomendaci\u00f3n de Newton Falls<\/a><\/li>\n<li><a href=\"https:\/\/lowimpacthydro.org\/wp-content\/uploads\/2020\/07\/Lower-Newton-Falls-LIHI-Questionnaire-July-2012.doc\">Cuestionario de recertificaci\u00f3n de Lower Newton Falls 2012<\/a><\/li>\n<li><a href=\"https:\/\/lowimpacthydro.org\/wp-content\/uploads\/2020\/07\/Upper-Newton-Falls-LIHI-Questionnaire-July-2012.doc\">Cuestionario de recertificaci\u00f3n de Upper Newton Falls 2012<\/a><\/li>\n<li><a href=\"https:\/\/lowimpacthydro.org\/wp-content\/uploads\/2020\/09\/Newton-Falls-LIHI-Appendices-Complete.pdf\">Ap\u00e9ndices de la solicitud de recertificaci\u00f3n de Newton Falls<\/a><\/li>\n<\/ul>\n<h4>Certificaci\u00f3n 2007<\/h4>\n<ul style=\"color: black;\">\n<li><a href=\"https:\/\/lowimpacthydro.org\/wp-content\/uploads\/2020\/07\/Review-of-Application-Newton-Falls-1-31-08.pdf\">Informe de revisi\u00f3n de la certificaci\u00f3n de Newton Falls<\/a><\/li>\n<li><a href=\"https:\/\/lowimpacthydro.org\/wp-content\/uploads\/2023\/05\/Newton-Falls-Questionnaire.pdf\">Cuestionario de Newton Falls<\/a><\/li>\n<\/ul>\n<hr \/>\n<h3>Documentos clave<\/h3>\n<ul>\n<li><a href=\"https:\/\/lowimpacthydro.org\/wp-content\/uploads\/2023\/05\/newton-Falls-License-and-WQC.pdf\">Licencia FERC y certificaci\u00f3n de calidad del agua de Newton Falls<\/a><\/li>\n<li><a href=\"https:\/\/lowimpacthydro.org\/wp-content\/uploads\/2020\/07\/drb-2_20071024152054.pdf\">Oferta de acuerdo de Newton Falls<\/a><\/li>\n<\/ul>","protected":false},"excerpt":{"rendered":"<p>Project Name Newton Falls LIHI Certificate No. 32 LIHI Certificate Term November 2, 2017 &#8211; November 1, 2027 Owner Erie Boulevard Hydropower, LP, a subsidiary of<span class=\"excerpt-hellip\"> [\u2026]<\/span><\/p>\n","protected":false},"author":3,"featured_media":-1,"parent":0,"menu_order":0,"comment_status":"closed","ping_status":"closed","template":"","meta":{"_coblocks_attr":"","_coblocks_dimensions":"","_coblocks_responsive_height":"","_coblocks_accordion_ie_support":"","om_disable_all_campaigns":false,"_monsterinsights_skip_tracking":false,"_monsterinsights_sitenote_active":false,"_monsterinsights_sitenote_note":"","_monsterinsights_sitenote_category":0,"footnotes":""},"class_list":["post-2064","page","type-page","status-publish","has-post-thumbnail","hentry"],"aioseo_notices":[],"_links":{"self":[{"href":"https:\/\/lowimpacthydro.org\/es\/wp-json\/wp\/v2\/pages\/2064","targetHints":{"allow":["GET"]}}],"collection":[{"href":"https:\/\/lowimpacthydro.org\/es\/wp-json\/wp\/v2\/pages"}],"about":[{"href":"https:\/\/lowimpacthydro.org\/es\/wp-json\/wp\/v2\/types\/page"}],"author":[{"embeddable":true,"href":"https:\/\/lowimpacthydro.org\/es\/wp-json\/wp\/v2\/users\/3"}],"replies":[{"embeddable":true,"href":"https:\/\/lowimpacthydro.org\/es\/wp-json\/wp\/v2\/comments?post=2064"}],"version-history":[{"count":12,"href":"https:\/\/lowimpacthydro.org\/es\/wp-json\/wp\/v2\/pages\/2064\/revisions"}],"predecessor-version":[{"id":10156,"href":"https:\/\/lowimpacthydro.org\/es\/wp-json\/wp\/v2\/pages\/2064\/revisions\/10156"}],"wp:featuredmedia":[{"embeddable":true,"href":"https:\/\/lowimpacthydro.org\/es\/wp-json\/"}],"wp:attachment":[{"href":"https:\/\/lowimpacthydro.org\/es\/wp-json\/wp\/v2\/media?parent=2064"}],"curies":[{"name":"gracias","href":"https:\/\/api.w.org\/{rel}","templated":true}]}}