{"id":2004,"date":"2020-07-27T11:54:59","date_gmt":"2020-07-27T15:54:59","guid":{"rendered":"https:\/\/lowimpacthydro.org\/?page_id=2004"},"modified":"2025-12-08T10:04:50","modified_gmt":"2025-12-08T15:04:50","slug":"lihi-certificate-38-rumford-falls-hydroelectric-project-maine","status":"publish","type":"page","link":"https:\/\/lowimpacthydro.org\/es\/lihi-certificate-38-rumford-falls-hydroelectric-project-maine\/","title":{"rendered":"Certificado LIHI #38 \u2013 Proyecto Hidroel\u00e9ctrico Rumford Falls, Maine"},"content":{"rendered":"<table class=\"alignright\" style=\"width: 351px; border: 2px; cellspacing: 2px; cellpadding: 2px; margin-left: 50px;\">\n<tbody>\n<tr>\n<td style=\"width: 136px;\"><strong>Nombre del proyecto<\/strong><\/td>\n<td style=\"width: 182px;\">Cataratas de Rumford<\/td>\n<\/tr>\n<tr>\n<td style=\"width: 136px;\"><strong>Certificado LIHI No.<\/strong><\/td>\n<td style=\"width: 182px;\">38<\/td>\n<\/tr>\n<tr>\n<td style=\"width: 136px;\"><strong>Plazo del certificado LIHI<\/strong><\/td>\n<td style=\"width: 182px;\">10 de diciembre de 2018 \u2013 9 de diciembre de 2028<\/td>\n<\/tr>\n<tr>\n<td style=\"width: 136px;\"><strong>Due\u00f1o<\/strong><\/td>\n<td style=\"width: 182px;\">Rumford Falls Hydro, LLC, una subsidiaria de Brookfield Renewable Energy Group<\/td>\n<\/tr>\n<tr>\n<td style=\"width: 136px;\"><strong>Estado<\/strong><\/td>\n<td style=\"width: 182px;\">Maine<\/td>\n<\/tr>\n<tr>\n<td style=\"width: 136px;\"><strong>Ubicaci\u00f3n<\/strong><\/td>\n<td style=\"width: 182px;\">Ubicado entre la milla fluvial 90,7 y 90,9 del r\u00edo Androscoggin en la ciudad de Rumford, en el condado de Oxford, Maine.<\/td>\n<\/tr>\n<tr>\n<td style=\"width: 136px;\"><strong>Capacidad instalada<\/strong><\/td>\n<td style=\"width: 182px;\"><strong>Total: 44,5 MW<\/strong><br \/>\nEstaci\u00f3n superior: 29,3 MW<br \/>\nEstaci\u00f3n Inferior: 15,2 MW<\/td>\n<\/tr>\n<tr>\n<td style=\"width: 136px;\"><strong>Generaci\u00f3n media anual<\/strong><\/td>\n<td style=\"width: 182px;\"><strong>Total: 291.537 MWh<\/strong><br \/>\nEstaci\u00f3n Superior: 182.562 MWh<br \/>\nEstaci\u00f3n Inferior: 108.975 MWh<\/td>\n<\/tr>\n<tr>\n<td style=\"width: 136px;\"><strong>Tipo de instalaci\u00f3n<\/strong><\/td>\n<td style=\"width: 182px;\"><span class='tooltipsall tooltip_post_id_5643 classtoolTips52'>De pasada<\/span><\/td>\n<\/tr>\n<tr>\n<td style=\"width: 136px;\"><strong><span class='tooltipsall tooltip_post_id_5565 classtoolTips152'>Comisi\u00f3n Federal de Comercio<\/span> No.<\/strong><\/td>\n<td style=\"width: 182px;\">P-2333 emitido en 1994, vencido el 30\/09\/2024 \u2013 extendido para renovaci\u00f3n de licencia<\/td>\n<\/tr>\n<\/tbody>\n<\/table>\n<p>El Proyecto de las Cataratas de Rumford se ubica en el r\u00edo Androscoggin, en la ciudad de Rumford, en el condado de Oxford, Maine. El proyecto se construy\u00f3 inicialmente entre 1918 y 1955 para aprovechar la energ\u00eda de las Cataratas de Rumford para la producci\u00f3n de productos de papel.<\/p>\n<p>Hay muchos otros proyectos hidroel\u00e9ctricos aguas arriba y aguas abajo del r\u00edo Androscoggin en New Hampshire y Maine, muchos de los cuales est\u00e1n certificados por LIHI, incluido el <a href=\"https:\/\/lowimpacthydro.org\/es\/lihi-certificate-48-androscoggin-hydroelectric-project-maine\/\">Proyecto del r\u00edo Androscoggin (LIHI #48)<\/a> Ubicado a unas 32 millas r\u00edo abajo.<\/p>\n<p>El proyecto incluye dos desarrollos:<\/p>\n<ul style=\"color: black;\">\n<li>Estaci\u00f3n Superior: El hormig\u00f3n <span class='tooltipsall tooltip_post_id_5580 classtoolTips81'>gravedad <span class='tooltipsall tooltip_post_id_5545 classtoolTips158'>presa<\/span><\/span> Mide 464 pies de largo por 37 pies de alto con un <span class='tooltipsall tooltip_post_id_5611 classtoolTips156'>ojiva<\/span> tipo <span class='tooltipsall tooltip_post_id_5651 classtoolTips116'>aliviadero<\/span> Secci\u00f3n rematada con una estructura de madera de 2,5 pies de alto sostenida por pasadores. <span class='tooltipsall tooltip_post_id_5569 classtoolTips79'>tableros de flash<\/span>La c\u00e1mara de carga tiene unos 700 metros de largo por 45 metros de ancho. La caseta de vigilancia tiene ocho <span class='tooltipsall tooltip_post_id_5582 classtoolTips122'>compuertas de entrada<\/span>, (dos compuertas para cada uno de los cuatro <span class='tooltipsall tooltip_post_id_5619 classtoolTips124'>tuber\u00edas forzadas<\/span>), rejillas para basura y otros equipos. Las cuatro tuber\u00edas forzadas subterr\u00e1neas de placa de acero tienen aproximadamente 33,3 metros de largo cada una, tres de ellas de 3,6 metros de di\u00e1metro y una de 4 metros de di\u00e1metro. La mamposter\u00eda... <span class='tooltipsall tooltip_post_id_5624 classtoolTips102'>central el\u00e9ctrica<\/span> Es parte integral de la presa y ocupa dos secciones contiguas: la Central Vieja, equipada con una unidad generadora horizontal, y la Central Nueva, con tres unidades generadoras verticales. La capacidad total instalada es de 29,3 MW. La presa contiene un embalse de 167 hect\u00e1reas y crea un tramo de derivaci\u00f3n de aproximadamente 182 metros de longitud.<\/li>\n<li>Estaci\u00f3n Inferior: La Estaci\u00f3n Media rellena de rocas, con entramados de madera y cubierta de hormig\u00f3n. <span class='tooltipsall tooltip_post_id_5545 classtoolTips158'>Presa<\/span> Tiene 100 metros de largo por 6 metros de alto, con un aliviadero de gravedad coronado por tablillas de madera de 30 cent\u00edmetros de alto con soportes de pasadores. La presa crea un embalse de 8,5 hect\u00e1reas y un tramo de derivaci\u00f3n de aproximadamente 1067 metros de largo. <span class='tooltipsall tooltip_post_id_5537 classtoolTips143'>Canal<\/span> La estructura de la compuerta de entrada de hormig\u00f3n, ubicada junto a la presa, tiene aproximadamente 36,5 metros de largo y cuenta con 10 compuertas de entrada de acero. Una secci\u00f3n de vertedero de desechos, perpendicular a la estructura de la compuerta de entrada, tiene aproximadamente 36,5 metros de largo y est\u00e1 rematada con tablas de 25,4 cm de alto. El Canal Medio tiene aproximadamente 735 metros de largo, con un ancho que var\u00eda entre 23,8 y 53,2 metros, y una profundidad de 2,4 a 3,3 metros. La caseta de entrada contiene dos compuertas de entrada, rejillas para la basura y otros equipos. Dos placas de acero de 3,6 metros de di\u00e1metro... <span class='tooltipsall tooltip_post_id_5619 classtoolTips124'>compuerta<\/span> Cada una se extiende unos 247 metros hasta dos tanques cil\u00edndricos de compensaci\u00f3n, cada uno de unos 11 metros de di\u00e1metro por 15 metros de altura. Las tuber\u00edas forzadas se extienden 23 metros hasta la central el\u00e9ctrica. Esta central, de mamposter\u00eda, est\u00e1 equipada con dos unidades verticales id\u00e9nticas con una capacidad combinada de 15,2 MW.<\/li>\n<\/ul>\n<p>El proyecto opera en un <span class='tooltipsall tooltip_post_id_5643 classtoolTips52'>de pasada<\/span> Modo para la protecci\u00f3n de la calidad del agua y el h\u00e1bitat acu\u00e1tico. Los niveles de agua en los embalses superior e intermedio se mantienen a menos de 30 cm de la elevaci\u00f3n m\u00e1xima del estanque. El proyecto prev\u00e9 un caudal m\u00ednimo de 1034 pies c\u00fabicos por segundo (cfs) por debajo de la presa inferior. Este r\u00e9gimen de caudal se desarroll\u00f3 en colaboraci\u00f3n con el Departamento de Pesca Continental y Vida Silvestre de Maine y el Servicio de Pesca y Vida Silvestre de EE. UU.<\/p>\n<p>Las aguas dentro del alcance del proyecto est\u00e1n designadas como Clase C y deterioradas por <span class='tooltipsall tooltip_post_id_5616 classtoolTips157'>PCB<\/span> y <span class='tooltipsall tooltip_post_id_5550 classtoolTips127'>dioxinas<\/span> Causado por contaminantes heredados y mercurio proveniente de la deposici\u00f3n atmosf\u00e9rica. El Departamento de Protecci\u00f3n Ambiental de Maine concluy\u00f3 que el proyecto no est\u00e1 afectando negativamente la calidad del agua del r\u00edo. El r\u00edo Androscoggin se ha visto hist\u00f3ricamente gravemente degradado por los vertidos de aguas residuales industriales y fue el impulsor de la redacci\u00f3n inicial de la Ley de Agua Limpia de 1972 por el senador Edmund Muskie.<\/p>\n<p>Hist\u00f3ricamente, las cataratas Rumford eran el l\u00edmite natural de las rutas migratorias de peces en el r\u00edo Androscoggin. Las cataratas naturales en el sitio imped\u00edan el acceso r\u00edo arriba al salm\u00f3n del Atl\u00e1ntico y otras especies. Las especies migratorias han sido... <span class='tooltipsall tooltip_post_id_5561 classtoolTips99'>extirpado<\/span> del r\u00edo debido a la construcci\u00f3n de numerosas presas a lo largo del r\u00edo. La restauraci\u00f3n de especies migratorias est\u00e1 en curso en las secciones bajas del r\u00edo con la instalaci\u00f3n de <span class='tooltipsall tooltip_post_id_5566 classtoolTips59'>paso de peces<\/span> instalaciones, incluidas las <a href=\"https:\/\/lowimpacthydro.org\/es\/lihi-certificate-10-worumbo-hydroelectric-project-maine\/\">Worumbo (LIHI #10)<\/a>Las especies de peces residentes incluyen especies de aguas c\u00e1lidas: lucio cadena, pez dorado, pez ca\u00edda, pez chupador blanco, perca calabaza y perca amarilla.<\/p>\n<p>Los terrenos del proyecto son limitados debido al entorno urbano que lo rodea. Existen algunas tierras de cultivo y desmontes alrededor del embalse, y breves extensiones de bosque lo bordean. El proyecto no posee terrenos de valor ecol\u00f3gico significativo.<\/p>\n<p>Entre las especies amenazadas o en peligro de extinci\u00f3n que podr\u00edan estar presentes en las inmediaciones del proyecto se encuentra el murci\u00e9lago orejudo norte\u00f1o. El propietario del proyecto no realiza actividades de tala de \u00e1rboles ni mantenimiento de corredores en los terrenos del proyecto, lo que limita el impacto potencial en los sitios de descanso de la especie.<\/p>\n<p>El desarrollo de la Estaci\u00f3n Superior alberga ocho sitios arqueol\u00f3gicos prehist\u00f3ricos, monitoreados seg\u00fan las disposiciones del plan de gesti\u00f3n de recursos culturales del proyecto. Cualquier obra que altere el terreno debe obtener la autorizaci\u00f3n de la Oficina Estatal de Preservaci\u00f3n Hist\u00f3rica antes de comenzar.<\/p>\n<p>Los recursos recreativos del proyecto incluyen pesca y acceso para embarcaciones. Hay embarcaderos en la costa norte y un port\u00f3n para canoas permite el acceso a embarcaciones desde el techo de un veh\u00edculo. El acceso p\u00fablico es gratuito siempre que sea seguro.<\/p>\n<hr \/>\n<h3>Estado de cumplimiento<\/h3>\n<p><strong>En el Certificado actual no existen condiciones espec\u00edficas para ninguna instalaci\u00f3n.<\/strong><\/p>\n<p><strong>2025:<\/strong> No se identificaron cambios materiales ni problemas de cumplimiento. El proyecto sigue cumpliendo con los requisitos seg\u00fan la revisi\u00f3n anual.<\/p>\n<p><strong>2024:<\/strong> No se identificaron cambios sustanciales ni problemas de cumplimiento. El proyecto se mantiene en cumplimiento seg\u00fan la revisi\u00f3n anual. La FERC emiti\u00f3 su Evaluaci\u00f3n Ambiental final el 13 de agosto de 2024 y el MDEP emiti\u00f3 su Certificado de Calidad del Agua el 16 de agosto de 2024.<\/p>\n<p><strong>2023:<\/strong> No se identificaron cambios sustanciales ni problemas de cumplimiento. El proyecto se mantiene en cumplimiento seg\u00fan la revisi\u00f3n anual. La FERC emiti\u00f3 la renovaci\u00f3n de la licencia, lista para el an\u00e1lisis ambiental, y el aviso de evaluaci\u00f3n ambiental para su preparaci\u00f3n. El proyecto inform\u00f3 la finalizaci\u00f3n de una instalaci\u00f3n de almacenamiento en bater\u00edas de 8 MW.<\/p>\n<p><strong>2022:<\/strong> No se identificaron cambios sustanciales ni problemas de cumplimiento. El proyecto se mantiene en cumplimiento seg\u00fan la revisi\u00f3n anual. El proyecto present\u00f3 su solicitud final de renovaci\u00f3n de la licencia de la FERC el 29\/09\/2022.<\/p>\n<p><strong>2021:<\/strong> No se informaron cambios ni problemas de cumplimiento. El proyecto sigue cumpliendo con los requisitos seg\u00fan la revisi\u00f3n anual.<\/p>\n<p><strong>2020:<\/strong> No se informaron cambios ni problemas de cumplimiento. El proyecto sigue cumpliendo con los requisitos seg\u00fan la revisi\u00f3n anual.<\/p>\n<p><strong>2019:<\/strong> No se reportaron cambios ni problemas de cumplimiento. El proyecto se mantiene en cumplimiento seg\u00fan la revisi\u00f3n anual. El proyecto inici\u00f3 la renovaci\u00f3n de la licencia de la FERC con la presentaci\u00f3n del PAD el 27\/09\/2019.<\/p>\n<p><strong>2018:<\/strong> La presentaci\u00f3n de informes anuales para el Certificado actual a\u00fan no ha entrado en vigor.<\/p>\n<hr \/>\n<h3>Historial de certificaciones<\/h3>\n<p><strong>1 de enero de 2022:<\/strong> El plazo del Certificado LIHI se ha extendido de acuerdo con la Revisi\u00f3n 2.05 del Manual de Certificaci\u00f3n LIHI 2.\u00aa Edici\u00f3n emitido el 1 de enero de 2022. Consulte la tabla de instalaciones anterior para conocer el nuevo plazo.<\/p>\n<p><strong>24 de junio de 2019: <\/strong>La decisi\u00f3n de recertificar el Proyecto Hidroel\u00e9ctrico Rumford Falls es definitiva. No se recibieron apelaciones durante el per\u00edodo de apelaci\u00f3n, que cerr\u00f3 el 20 de junio de 2019. El nuevo plazo de certificaci\u00f3n del Proyecto es del 10 de diciembre de 2018 al 9 de diciembre de 2023.<\/p>\n<p><strong>21 de mayo de 2019:<\/strong> El Instituto de Energ\u00eda Hidroel\u00e9ctrica de Bajo Impacto (LIHI) aprob\u00f3 preliminarmente la Certificaci\u00f3n de Bajo Impacto para el Proyecto Hidroel\u00e9ctrico Rumford Falls. Esta decisi\u00f3n es preliminar y est\u00e1 pendiente del plazo de apelaci\u00f3n de 30 d\u00edas. Solo quienes comentaron sobre la solicitud inicial durante el plazo de 60 d\u00edas pueden presentar una apelaci\u00f3n. Dicha apelaci\u00f3n debe incluir una explicaci\u00f3n de por qu\u00e9 el Proyecto no cumple con los criterios del LIHI. Las solicitudes de apelaci\u00f3n pueden enviarse por correo electr\u00f3nico a <a href=\"mailto:comments@lowimpacthydro.org\">comments@lowimpacthydro.org<\/a> Con el asunto &quot;Proyecto Hidroel\u00e9ctrico Rumford Falls&quot;, o por correo postal dirigido al Instituto de Energ\u00eda Hidroel\u00e9ctrica de Bajo Impacto, 329 Massachusetts Ave, Suite 6, Lexington, MA 02420. Todas las solicitudes se publicar\u00e1n en el sitio web. El solicitante tendr\u00e1 la oportunidad de responder, y cualquier respuesta tambi\u00e9n se publicar\u00e1. <strong>Las solicitudes deben recibirse antes de las 5 p. m., hora del Este, el 20 de junio de 2019.\u00a0 <\/strong>La solicitud completa y el informe de los revisores est\u00e1n disponibles a continuaci\u00f3n. Si no se reciben solicitudes de apelaci\u00f3n y la decisi\u00f3n es definitiva, el plazo de certificaci\u00f3n del Proyecto ser\u00e1 del 10 de diciembre de 2018 al 9 de diciembre de 2023.<\/p>\n<p><strong>13 de marzo de 2019: <\/strong>El Instituto de Energ\u00eda Hidroel\u00e9ctrica de Bajo Impacto (LIHI) ha recibido una solicitud completa para la Recertificaci\u00f3n de Bajo Impacto del Proyecto Hidroel\u00e9ctrico Rumford Falls. LIHI solicita comentarios p\u00fablicos sobre esta solicitud. En concreto, nos interesa saber si considera que el Proyecto cumple con los Criterios de Certificaci\u00f3n de Bajo Impacto de LIHI, revisados en la 2.\u00aa edici\u00f3n del Manual. Por favor, revise el programa y los criterios en la versi\u00f3n revisada de LIHI.\u00a0<a href=\"https:\/\/lowimpacthydro.org\/wp-content\/uploads\/2016\/03\/2nd-edition-handbook-20160315-rev2.02-7-20-16.pdf\">Manual<\/a><a href=\"https:\/\/lowimpacthydro.org\/wp-content\/uploads\/2014\/08\/2nd-edition-handbook-20160307-FINAL-CLEAN.pdf\">\u00a0<\/a>y luego revise los materiales de solicitud del Proyecto a continuaci\u00f3n. Los comentarios que est\u00e9n directamente relacionados con criterios espec\u00edficos de LIHI (flujos, calidad del agua, paso de peces, etc.) ser\u00e1n de gran ayuda, pero se considerar\u00e1n todos los comentarios. Los comentarios pueden enviarse al Instituto por correo electr\u00f3nico a <a href=\"mailto:comments@lowimpacthydro.org\">comments@lowimpacthydro.org<\/a>\u00a0con \u201cComentarios del Proyecto Rumford Falls\u201d en la l\u00ednea de asunto, o por correo dirigido al Low Impact Hydropower Institute, 329 Massachusetts Avenue, Suite 6, Lexington, MA 02420.\u00a0 <strong>Los comentarios deben recibirse antes de las 5 p. m., hora del Este, el 12 de mayo de 2019.<\/strong>\u00a0Se considerar\u00e1n todos los comentarios. Se publicar\u00e1n en el sitio web y el solicitante tendr\u00e1 la oportunidad de responder. Tambi\u00e9n se publicar\u00e1n todas las respuestas.<\/p>\n<p><strong>18 de noviembre de 2014:<\/strong>\u00a0 El Director Ejecutivo Michael J. Sale, en ejercicio de la autoridad delegada por la Junta Directiva de LIHI, ha determinado que el Proyecto Hidroel\u00e9ctrico Rumford Falls (FERC n.\u00b0 2333) sigue cumpliendo con los Criterios de Certificaci\u00f3n de LIHI. La fecha de entrada en vigor del certificado es el 10 de diciembre de 2013 y expirar\u00e1 el 10 de diciembre de 2018.<\/p>\n<p><strong>18 de noviembre de 2013:<\/strong> Brookfield Renewable Energy Group present\u00f3 una solicitud para un segundo per\u00edodo de certificaci\u00f3n del Proyecto Hidroel\u00e9ctrico Rumford Falls. La solicitud se recibi\u00f3 el 30 de octubre de 2013, pero debido a retrasos administrativos, se le concedi\u00f3 al proyecto una pr\u00f3rroga de dos meses, posterior a la fecha de vencimiento actual, el 10 de diciembre de 2013, para dar tiempo a la revisi\u00f3n completa de la solicitud.<\/p>\n<p><strong>6 de mayo de 2009:<\/strong> El Proyecto Hidroel\u00e9ctrico Rumford Falls ha sido certificado como de bajo impacto por un per\u00edodo de cinco a\u00f1os, a partir del 10 de diciembre de 2008 y hasta el 10 de diciembre de 2013.<\/p>\n<hr \/>\n<h3>Archivos de certificaci\u00f3n<\/h3>\n<h4>Recertificaci\u00f3n 2019:<\/h4>\n<ul style=\"color: black;\">\n<li><a href=\"https:\/\/lowimpacthydro.org\/wp-content\/uploads\/2020\/07\/Rumford-Falls-2019-Recertification-Report_Final.pdf\">Informe de revisi\u00f3n de recertificaci\u00f3n de Rumford Falls<\/a><\/li>\n<li><a href=\"https:\/\/lowimpacthydro.org\/wp-content\/uploads\/2020\/11\/Comment-letter-MDEP-2019-Rumford-Falls.pdf\">Carta de comentarios del Departamento de Protecci\u00f3n Ambiental de Maine: Recertificaci\u00f3n de Rumford Falls<\/a><\/li>\n<li><a href=\"https:\/\/lowimpacthydro.org\/wp-content\/uploads\/2020\/07\/Rumford-Falls-LIHI-Recertification-Application-20190312.pdf\">Solicitud de recertificaci\u00f3n de Rumford Falls<\/a><\/li>\n<\/ul>\n<h4>Recertificaci\u00f3n 2013<\/h4>\n<ul style=\"color: black;\">\n<li><a href=\"https:\/\/lowimpacthydro.org\/wp-content\/uploads\/2020\/07\/2014-Rumford-Falls-Recertification-Review.pdf\">Informe de revisi\u00f3n de recertificaci\u00f3n de Rumford Falls<\/a><\/li>\n<li><a href=\"https:\/\/lowimpacthydro.org\/wp-content\/uploads\/2020\/07\/2013-Sworn-Statement-and-Waiver_Rumford-Falls.pdf\">Declaraci\u00f3n jurada y exenci\u00f3n de responsabilidad de Rumford Falls<\/a><\/li>\n<li><a href=\"https:\/\/lowimpacthydro.org\/wp-content\/uploads\/2020\/07\/Rumford-Falls-Recertification-LIHI-Questionnaire.doc\">Cuestionario de recertificaci\u00f3n de Rumford Falls<\/a><\/li>\n<\/ul>\n<h4>Certificaci\u00f3n 2009<\/h4>\n<ul style=\"color: black;\">\n<li><a href=\"https:\/\/lowimpacthydro.org\/wp-content\/uploads\/2020\/07\/LIHIReviewerReportRumfordProject5-6-09.pdf\">Informe de revisi\u00f3n de la certificaci\u00f3n de Rumford Falls<\/a><\/li>\n<li><a href=\"https:\/\/lowimpacthydro.org\/wp-content\/uploads\/2023\/05\/LIHI-Application-Rumford-Falls-final.pdf\">Solicitud de certificaci\u00f3n de Rumford Falls<\/a><\/li>\n<\/ul>\n<hr \/>\n<h3>Documentos clave<\/h3>\n<ul>\n<li><a href=\"https:\/\/lowimpacthydro.org\/wp-content\/uploads\/2023\/05\/19941025-FERC-license-and-EA.pdf\">Licencia FERC de 1994 y evaluaci\u00f3n ambiental<\/a><\/li>\n<li><a href=\"https:\/\/lowimpacthydro.org\/wp-content\/uploads\/2020\/09\/WQC_Rumford_Falls_92.pdf\">Certificado de calidad del agua de Rumford Falls de 1992<\/a><\/li>\n<li><a href=\"https:\/\/lowimpacthydro.org\/wp-content\/uploads\/2020\/09\/WQC_Rumford_Falls_upgrade_09.pdf\">Actualizaci\u00f3n del certificado de calidad del agua de Rumford Falls en 2009<\/a><\/li>\n<\/ul>","protected":false},"excerpt":{"rendered":"<p>Project Name Rumford Falls LIHI Certificate No. 38 LIHI Certificate Term December 10, 2018 &#8211; December 9, 2028 Owner Rumford Falls Hydro, LLC, a subsidiary of<span class=\"excerpt-hellip\"> [\u2026]<\/span><\/p>\n","protected":false},"author":3,"featured_media":-1,"parent":0,"menu_order":0,"comment_status":"closed","ping_status":"closed","template":"","meta":{"_coblocks_attr":"","_coblocks_dimensions":"","_coblocks_responsive_height":"","_coblocks_accordion_ie_support":"","om_disable_all_campaigns":false,"_monsterinsights_skip_tracking":false,"_monsterinsights_sitenote_active":false,"_monsterinsights_sitenote_note":"","_monsterinsights_sitenote_category":0,"footnotes":""},"class_list":["post-2004","page","type-page","status-publish","has-post-thumbnail","hentry"],"aioseo_notices":[],"_links":{"self":[{"href":"https:\/\/lowimpacthydro.org\/es\/wp-json\/wp\/v2\/pages\/2004","targetHints":{"allow":["GET"]}}],"collection":[{"href":"https:\/\/lowimpacthydro.org\/es\/wp-json\/wp\/v2\/pages"}],"about":[{"href":"https:\/\/lowimpacthydro.org\/es\/wp-json\/wp\/v2\/types\/page"}],"author":[{"embeddable":true,"href":"https:\/\/lowimpacthydro.org\/es\/wp-json\/wp\/v2\/users\/3"}],"replies":[{"embeddable":true,"href":"https:\/\/lowimpacthydro.org\/es\/wp-json\/wp\/v2\/comments?post=2004"}],"version-history":[{"count":14,"href":"https:\/\/lowimpacthydro.org\/es\/wp-json\/wp\/v2\/pages\/2004\/revisions"}],"predecessor-version":[{"id":10202,"href":"https:\/\/lowimpacthydro.org\/es\/wp-json\/wp\/v2\/pages\/2004\/revisions\/10202"}],"wp:featuredmedia":[{"embeddable":true,"href":"https:\/\/lowimpacthydro.org\/es\/wp-json\/"}],"wp:attachment":[{"href":"https:\/\/lowimpacthydro.org\/es\/wp-json\/wp\/v2\/media?parent=2004"}],"curies":[{"name":"gracias","href":"https:\/\/api.w.org\/{rel}","templated":true}]}}