{"id":1762,"date":"2020-07-26T12:49:12","date_gmt":"2020-07-26T16:49:12","guid":{"rendered":"https:\/\/lowimpacthydro.org\/?page_id=1762"},"modified":"2026-03-10T10:56:47","modified_gmt":"2026-03-10T14:56:47","slug":"lihi-certificate-60-oakland-hydroelectric-project-maine","status":"publish","type":"page","link":"https:\/\/lowimpacthydro.org\/es\/lihi-certificate-60-oakland-hydroelectric-project-maine\/","title":{"rendered":"Certificado LIHI #60 \u2013 Proyecto Hidroel\u00e9ctrico de Oakland, Maine"},"content":{"rendered":"<table class=\"alignright\" style=\"width: 351px; border: 2px; cellspacing: 2px; cellpadding: 2px; margin-left: 50px;\">\n<tbody>\n<tr>\n<td style=\"width: 38.2743%;\" width=\"238\"><strong>Nombre del proyecto<\/strong><\/td>\n<td style=\"width: 59.9558%;\" width=\"204\">Oakland<\/td>\n<\/tr>\n<tr>\n<td style=\"width: 38.2743%;\" width=\"238\"><strong>Certificado LIHI No.<\/strong><\/td>\n<td style=\"width: 59.9558%;\" width=\"204\">60<\/td>\n<\/tr>\n<tr>\n<td style=\"width: 38.2743%;\" width=\"238\"><strong>Plazo del certificado LIHI<\/strong><\/td>\n<td style=\"width: 59.9558%;\" width=\"204\">9 de mayo de 2020 \u2013 8 de mayo de 2033<\/td>\n<\/tr>\n<tr>\n<td style=\"width: 38.2743%;\" width=\"238\"><strong>Due\u00f1o<\/strong><\/td>\n<td style=\"width: 59.9558%;\" width=\"204\">Messalonskee Stream Hydro LLC, una subsidiaria de Essex Hydro Associates, LLC<\/td>\n<\/tr>\n<tr>\n<td style=\"width: 38.2743%;\" width=\"238\"><strong>Estado<\/strong><\/td>\n<td style=\"width: 59.9558%;\" width=\"204\">Maine<\/td>\n<\/tr>\n<tr>\n<td style=\"width: 38.2743%;\" width=\"238\"><strong>Ubicaci\u00f3n<\/strong><\/td>\n<td style=\"width: 59.9558%;\" width=\"204\">Ubicado en la milla fluvial 9.8 en el arroyo Messalonskee, un afluente del r\u00edo Kennebec, en el condado de Kennebec, Maine.<\/td>\n<\/tr>\n<tr>\n<td style=\"width: 38.2743%;\" width=\"238\"><strong>Capacidad instalada<\/strong><\/td>\n<td style=\"width: 59.9558%;\" width=\"204\">2,8 MW<\/td>\n<\/tr>\n<tr>\n<td style=\"width: 38.2743%;\" width=\"238\"><strong>Generaci\u00f3n media anual<\/strong><\/td>\n<td style=\"width: 59.9558%;\" width=\"204\">10.187 MWh<\/td>\n<\/tr>\n<tr>\n<td style=\"width: 38.2743%;\" width=\"238\"><strong>Tipo de instalaci\u00f3n<\/strong><\/td>\n<td style=\"width: 59.9558%;\" width=\"204\">modificado <span class='tooltipsall tooltip_post_id_5643 classtoolTips52'>de pasada<\/span><\/td>\n<\/tr>\n<tr>\n<td style=\"width: 38.2743%;\" width=\"238\"><strong><span class='tooltipsall tooltip_post_id_5565 classtoolTips152'>Comisi\u00f3n Federal de Comercio<\/span> No.<\/strong><\/td>\n<td style=\"width: 59.9558%;\" width=\"204\">P-2556 emitido en 1999, vence el 30\/06\/2036<\/td>\n<\/tr>\n<\/tbody>\n<\/table>\n<p>El Proyecto Oakland se ubica en el arroyo Messalonskee en Waterville, Maine. Es el proyecto m\u00e1s aguas arriba de cuatro centrales hidroel\u00e9ctricas entre el lago Messalonskee. <span class='tooltipsall tooltip_post_id_5545 classtoolTips158'>presa<\/span> y el r\u00edo Kennebec. Tres de las instalaciones, <a href=\"https:\/\/lowimpacthydro.org\/es\/lihi-certificate-58-union-gas-hydroelectric-project-maine\/\">Gas Uni\u00f3n (LHI #58)<\/a>, <a href=\"https:\/\/lowimpacthydro.org\/es\/lihi-certificate-59-rice-rips-hydroelectric-project-maine\/\">Arroz rallado (LIHI #59)<\/a>y Oakland tienen licencia conjunta bajo el proyecto FERC No. 2556. <a href=\"https:\/\/lowimpacthydro.org\/es\/lihi-certificate-72-automatic-hydroelectric-project-maine\/\">Proyecto Autom\u00e1tico (LIHI #72)<\/a> La FERC n.\u00b0 2555 se encuentra entre Rice Rips y Union Gas. Oakland se encuentra aproximadamente a media milla aguas abajo del lago Messalonskee. <span class='tooltipsall tooltip_post_id_5545 classtoolTips158'>Presa<\/span>.<\/p>\n<p>El proyecto Oakland fue desarrollado inicialmente en 1899 por el abogado Harvey Eaton y el ingeniero Walter Wyman, socios fundadores de Central Maine Power Company (CMP), quienes construyeron el Proyecto Oakland y proporcionaron alumbrado p\u00fablico y servicio a unos 100 clientes en la aldea de Oakland, Maine.<\/p>\n<p>Las obras del proyecto consisten en una presa de 115 pies de largo y 14 pies de alto con un puente de 4 pies de alto. <span class='tooltipsall tooltip_post_id_5569 classtoolTips79'>tableros de flash<\/span>; un embalse de 0,4 millas de largo con una capacidad de almacenamiento bruto de 50 acres-pies, un embalse de 446 pies de largo <span class='tooltipsall tooltip_post_id_5619 classtoolTips124'>compuerta<\/span> y un <span class='tooltipsall tooltip_post_id_5624 classtoolTips102'>central el\u00e9ctrica<\/span> que contiene un generador vertical de 2,8 MW <span class='tooltipsall tooltip_post_id_5576 classtoolTips39'>Turbina Francis<\/span> y generador. La presa crea un tramo corto desviado de 0,1 millas de largo.<\/p>\n<p>El modo operativo del proyecto depende del caudal de entrada al lago Messalonskee. Cuando el caudal de entrada al lago Messalonskee supera aproximadamente los 570 pies c\u00fabicos por segundo (cfs), el proyecto opera como un proyecto de pasada. Toda el agua que no pasa por las turbinas se desv\u00eda por el... <span class='tooltipsall tooltip_post_id_5651 classtoolTips116'>aliviadero<\/span>Cuando el caudal de entrada es inferior a aproximadamente 570 pies c\u00fabicos por segundo (cfs), el proyecto se cicla con base en el agua almacenada que se libera del lago Messalonskee, con una reducci\u00f3n m\u00e1xima del embalse de 30 cm (1 pie). El proyecto proporciona un caudal m\u00ednimo de 15 pies c\u00fabicos por segundo (cfs) en el tramo de derivaci\u00f3n. Este r\u00e9gimen de caudal se basa en la recomendaci\u00f3n del Departamento de Protecci\u00f3n Ambiental de Maine (MDEP) para contribuir a mejorar la calidad del agua del r\u00edo y proteger la biota acu\u00e1tica.<\/p>\n<p>Las aguas dentro del alcance del proyecto est\u00e1n designadas como Clase C, aptas para la pesca, primaria y <span class='tooltipsall tooltip_post_id_5646 classtoolTips7'>recreaci\u00f3n de contacto secundario<\/span>H\u00e1bitat acu\u00e1tico y suministro de agua potable tras el tratamiento. El r\u00e9gimen de caudal m\u00ednimo minimiza el efecto de la carga de f\u00f3sforo para proteger el h\u00e1bitat de la biota acu\u00e1tica. La carga de f\u00f3sforo y los problemas subsiguientes con bajas concentraciones de ox\u00edgeno disuelto probablemente se deban al efluente de la Planta de Tratamiento de Aguas Residuales de Oakland, aguas arriba.<\/p>\n<p>Hist\u00f3ricamente, existe poca evidencia que detalle la presencia de especies an\u00e1dromas en el arroyo Messalonskee. Adem\u00e1s, el h\u00e1bitat de cr\u00eda y desove aguas arriba de los proyectos del arroyo Messalonskee es limitado. La presencia de una cascada natural de 12 metros de altura en la ubicaci\u00f3n de las actuales instalaciones de Oakland probablemente actu\u00f3 como una barrera natural para las especies migratorias. La anguila americana, una <span class='tooltipsall tooltip_post_id_5538 classtoolTips75'>cat\u00e1dromo<\/span> Esta especie es la \u00fanica migratoria presente en el \u00e1rea del proyecto. En 2010, los proyectos del arroyo Messalonskee comenzaron la construcci\u00f3n de un paso aguas arriba y aguas abajo para la anguila americana. Estas instalaciones se completaron en 2018 y fueron aprobadas para un paso permanente en 2019 por el Departamento de Recursos Marinos de Maine (MDMR).<\/p>\n<p><strong>PLUS-Est\u00e1ndar:<\/strong> El propietario del proyecto ofrece voluntariamente cierres nocturnos en sus cuatro proyectos en el arroyo Messalonskee para el paso de la anguila americana r\u00edo abajo, de 18:00 a 02:00, entre el 1 de septiembre y el 30 de octubre. MDMR est\u00e1 colaborando actualmente con el propietario del proyecto para ajustar el horario de estos cierres y as\u00ed proteger mejor a las especies migratorias. Esta acci\u00f3n constituye un <span class='tooltipsall tooltip_post_id_5526 classtoolTips72'>toda la cuenca<\/span> estrategia de reurbanizaci\u00f3n tanto dentro del arroyo Messalonskee como dentro de la cuenca m\u00e1s grande del r\u00edo Kennebec, donde la restauraci\u00f3n de la <span class='tooltipsall tooltip_post_id_5549 classtoolTips96'>di\u00e1dromo<\/span> La pesca comenz\u00f3 con la eliminaci\u00f3n de la presa Edwards en el <span class='tooltipsall tooltip_post_id_5581 classtoolTips154'>cabeza<\/span>En 1999, se modific\u00f3 la marea y se permiti\u00f3 el acceso de los peces a aproximadamente 27 kil\u00f3metros del r\u00edo hasta Waterville, aguas arriba de la confluencia del arroyo Messalonskee. El DMR de Maine emiti\u00f3 el Plan de Gesti\u00f3n del R\u00edo Kennebec. <span class='tooltipsall tooltip_post_id_5549 classtoolTips96'>Di\u00e1dromo<\/span> Enmienda de Recursos de 2020, que actualiz\u00f3 un plan anterior de 1993. La enmienda incluye a la anguila americana por primera vez, con el objetivo declarado de &quot;proporcionar un paso seguro, oportuno y eficaz r\u00edo arriba y r\u00edo abajo para la anguila americana en todo su h\u00e1bitat hist\u00f3ricamente accesible&quot;.<\/p>\n<p>Los terrenos del proyecto abarcan 12 acres. La zona lim\u00edtrofe de 200 pies que rodea el lado este del embalse est\u00e1 bordeada por una pronunciada pendiente y no est\u00e1 urbanizada. El lado oeste del embalse est\u00e1 compuesto por terrenos ocupados por viviendas. <span class='tooltipsall tooltip_post_id_5643 classtoolTips52'>De pasada<\/span> Las operaciones tienen un efecto m\u00ednimo sobre la erosi\u00f3n de la costa debido a los sustratos predominantemente de granito y grava en las \u00e1reas de desag\u00fce.<\/p>\n<p>Las especies amenazadas o en peligro de extinci\u00f3n que podr\u00edan estar presentes en las inmediaciones del proyecto incluyen el salm\u00f3n del Atl\u00e1ntico, el murci\u00e9lago orejudo norte\u00f1o y el charr\u00e1n negro. El \u00e1rea del proyecto no ofrece un h\u00e1bitat adecuado para estas especies de murci\u00e9lagos. Los estudios de aves acu\u00e1ticas en el \u00e1rea del proyecto concluyeron que las operaciones del proyecto no afectan el h\u00e1bitat ni las pr\u00e1cticas de anidaci\u00f3n del charr\u00e1n negro. Se ha observado la anidaci\u00f3n de la especie en el embalse del lago Messalonskee. Seg\u00fan el Servicio de Pesca y Vida Silvestre de los Estados Unidos (USFWS), no es recomendable facilitar el paso del salm\u00f3n del Atl\u00e1ntico en la cuenca del Messalonskee.<\/p>\n<p>Se han identificado varios recursos arqueol\u00f3gicos del per\u00edodo precontacto en las inmediaciones de los proyectos del arroyo Messalonskee. El propietario del proyecto mantiene un Plan de Gesti\u00f3n de Recursos Culturales y eval\u00faa peri\u00f3dicamente cualquier impacto sobre estos recursos con la asistencia de la Comisi\u00f3n de Preservaci\u00f3n Hist\u00f3rica de Maine. La Comisi\u00f3n concluy\u00f3 que las operaciones del proyecto no est\u00e1n afectando negativamente a los recursos de la zona.<\/p>\n<p>Los recursos recreativos del proyecto incluyen una plataforma de pesca adaptada para personas con discapacidad en el lago Messalonskee, tres zonas de acceso para embarcaciones, un sendero recreativo y una zona de acceso para embarcaciones al arroyo Messalonskee. El acceso p\u00fablico es gratuito.<\/p>\n<hr \/>\n<h3>Estado de cumplimiento<\/h3>\n<p><strong>En el Certificado actual no existen condiciones espec\u00edficas para ninguna instalaci\u00f3n.<\/strong><\/p>\n<p><strong>2025:<\/strong> No se identificaron cambios sustanciales ni problemas de cumplimiento. El proyecto se mantiene en cumplimiento seg\u00fan la revisi\u00f3n anual. Contin\u00faan los cierres nocturnos durante la temporada de migraci\u00f3n de anguilas.<\/p>\n<p><strong>2024:<\/strong> No se identificaron cambios sustanciales ni problemas de cumplimiento. El proyecto se mantiene en cumplimiento seg\u00fan la revisi\u00f3n anual. Contin\u00faan los cierres nocturnos durante la temporada de migraci\u00f3n de anguilas.<\/p>\n<p><strong>2023:<\/strong> No se identificaron cambios sustanciales ni problemas de cumplimiento. El proyecto se mantiene en cumplimiento seg\u00fan la revisi\u00f3n anual. Contin\u00faan los cierres nocturnos durante la temporada de migraci\u00f3n de anguilas.<\/p>\n<p><strong>2022:<\/strong> No se identificaron cambios sustanciales ni problemas de cumplimiento. El proyecto se mantiene en cumplimiento seg\u00fan la revisi\u00f3n anual. Contin\u00faan los cierres nocturnos durante la temporada de migraci\u00f3n de anguilas.<\/p>\n<p><strong>2021:<\/strong> El informe anual del Certificado vigente a\u00fan no ha entrado en vigor. Sin embargo, el proyecto inform\u00f3 que los cierres nocturnos continuar\u00e1n del 1 de septiembre al 30 de octubre para el paso de anguilas americanas r\u00edo abajo.<\/p>\n<hr \/>\n<h3>Historial de certificaciones<\/h3>\n<p><strong>1 de enero de 2022:<\/strong> El plazo del Certificado LIHI se ha extendido de acuerdo con la Revisi\u00f3n 2.05 del Manual de Certificaci\u00f3n LIHI 2.\u00aa Edici\u00f3n emitido el 1 de enero de 2022. Consulte la tabla de instalaciones anterior para conocer el nuevo plazo.<\/p>\n<p><strong>27 de agosto de 2021:<\/strong> El Instituto de Energ\u00eda Hidroel\u00e9ctrica de Bajo Impacto ha emitido una decisi\u00f3n final sobre la recertificaci\u00f3n del Proyecto Oakland. El plazo de apelaci\u00f3n de 30 d\u00edas finaliz\u00f3 el 26 de agosto de 2021 y no se presentaron apelaciones. Por lo tanto, la decisi\u00f3n de recertificar el proyecto es definitiva. El nuevo plazo es del 9 de mayo de 2020 al 8 de mayo de 2028.<\/p>\n<p><strong>27 de julio de 2021:<\/strong> El Instituto de Energ\u00eda Hidroel\u00e9ctrica de Bajo Impacto (LIHI) ha aprobado preliminarmente el Proyecto Oakland para un nuevo per\u00edodo de 8 a\u00f1os de Certificaci\u00f3n de Bajo Impacto. Esta decisi\u00f3n es preliminar, a la espera del plazo de apelaci\u00f3n de 30 d\u00edas. Solo quienes comentaron sobre la solicitud inicial durante el plazo de 60 d\u00edas pueden presentar una apelaci\u00f3n. Dicha apelaci\u00f3n debe incluir una explicaci\u00f3n de por qu\u00e9 el Proyecto no cumple con los criterios del LIHI. Las solicitudes de apelaci\u00f3n pueden enviarse por correo electr\u00f3nico a <a href=\"#\">comments@lowimpacthydro.org<\/a> Con el asunto &quot;Proyecto Oakland&quot;, o por correo postal dirigido al Instituto de Energ\u00eda Hidroel\u00e9ctrica de Bajo Impacto, 1167 Massachusetts Ave, Oficina 407, Arlington, MA 02476. Todas las solicitudes se publicar\u00e1n en el sitio web. El solicitante tendr\u00e1 la oportunidad de responder, y cualquier respuesta tambi\u00e9n se publicar\u00e1. <strong>Las solicitudes deben recibirse antes de las 5 p. m., hora del Este, el 26 de agosto de 2021.<\/strong>Las solicitudes completas y los informes de revisi\u00f3n est\u00e1n disponibles a continuaci\u00f3n. Si no se reciben solicitudes de apelaci\u00f3n y la decisi\u00f3n es definitiva, el plazo de certificaci\u00f3n del Proyecto ser\u00e1 del 9 de mayo de 2020 al 8 de mayo de 2028.<\/p>\n<p><strong>3 de mayo de 2021:<\/strong> El Instituto de Energ\u00eda Hidroel\u00e9ctrica de Bajo Impacto (LIHI) recibi\u00f3 una solicitud de recertificaci\u00f3n completa de Messalonskee Stream Hydro Associates para el Proyecto Oakland. LIHI solicita comentarios sobre la solicitud. Los comentarios directamente relacionados con criterios espec\u00edficos de LIHI (caudales, calidad del agua, <span class='tooltipsall tooltip_post_id_5566 classtoolTips59'>paso de peces<\/span>, etc.) ser\u00e1n de gran ayuda, pero se tendr\u00e1n en cuenta todos los comentarios. Los comentarios pueden enviarse a LIHI por correo electr\u00f3nico a <a href=\"#\">comments@lowimpacthydro.org<\/a> con \u201cComentarios de Oakland\u201d en la l\u00ednea de asunto, o por correo dirigido al Low Impact Hydropower Institute, 1167 Massachusetts Avenue, Oficina 407, Arlington, MA 02476. <strong>Los comentarios deben recibirse en el Instituto antes de las 5 p. m., hora del Este, el 2 de julio de 2021 para ser considerados.<\/strong> Todos los comentarios se publicar\u00e1n en el sitio web y el solicitante tendr\u00e1 la oportunidad de responder. Cualquier respuesta tambi\u00e9n se publicar\u00e1. La solicitud se encuentra a continuaci\u00f3n.<\/p>\n<p><strong>2 de mayo de 2016:<\/strong>\u00a0El Director Ejecutivo de LIHI, Michael J. Sale, en ejercicio de la autoridad delegada por la Junta Directiva de LIHI, ha certificado que el Proyecto Hidroel\u00e9ctrico de Oakland (FERC n.\u00b0 P-2556) cumple con los Criterios de Certificaci\u00f3n de LIHI. El 1 de abril de 2016 se anunci\u00f3 una Decisi\u00f3n Preliminar y se abri\u00f3 un plazo de apelaci\u00f3n de 30 d\u00edas hasta el 1 de mayo de 2016. No se recibieron solicitudes de apelaci\u00f3n. Esta Decisi\u00f3n de Certificaci\u00f3n incluye una condici\u00f3n espec\u00edfica para la instalaci\u00f3n, a saber:<\/p>\n<ul style=\"color: black;\">\n<li><strong><em>Satisfecho en 2020<\/em> Condici\u00f3n 1: <\/strong>En las Declaraciones Anuales de Cumplimiento del Propietario, este informar\u00e1 a LIHI sobre el estado del paso para anguilas aguas arriba y aguas abajo en el sitio. Salvo que el DMR y el Propietario determinen que no es viable, el paso aguas arriba se instalar\u00e1 durante el nuevo per\u00edodo de certificaci\u00f3n. El Propietario notificar\u00e1 a LIHI dentro de los 45 d\u00edas cuando el DMR determine que hay suficiente poblaci\u00f3n de anguilas en el r\u00edo para realizar los estudios necesarios para determinar la mejor ubicaci\u00f3n para instalar el paso aguas abajo. En la Declaraci\u00f3n Anual de Cumplimiento de ese a\u00f1o se incluir\u00e1 un resumen de los resultados de dichos estudios, junto con un plan y un cronograma aprobados por el DMR para la instalaci\u00f3n del paso aguas abajo.<\/li>\n<\/ul>\n<p>La fecha de certificaci\u00f3n efectiva del Proyecto Oakland es el 9 de mayo de 2015 por un per\u00edodo de cinco (5) a\u00f1os, que vencer\u00e1 el 9 de mayo de 2020.<\/p>\n<p><strong>2 de noviembre de 2015:<\/strong> El Instituto de Energ\u00eda Hidroel\u00e9ctrica de Bajo Impacto ha recibido una solicitud completa para un nuevo per\u00edodo de Certificaci\u00f3n de Bajo Impacto para el proyecto hidroel\u00e9ctrico de Oakland. Los documentos de la solicitud se encuentran en la secci\u00f3n &quot;Archivos&quot; a continuaci\u00f3n. El per\u00edodo de comentarios p\u00fablicos para esta solicitud cerr\u00f3 el 30 de diciembre de 2015.<\/p>\n<p><strong>19 de junio de 2015:<\/strong> El Proyecto Hidroel\u00e9ctrico de Oakland ha obtenido una pr\u00f3rroga del plazo del certificado actual. La nueva fecha de vencimiento es el 31 de diciembre de 2015.<\/p>\n<p><strong>22 de octubre de 2010:<\/strong> El Proyecto Oakland ha sido certificado como de bajo impacto por un per\u00edodo de cinco a\u00f1os, a partir del 9 de mayo de 2010 y hasta el 9 de mayo de 2015.<\/p>\n<p><strong>9 de julio de 2010:<\/strong> El per\u00edodo de comentarios p\u00fablicos para la solicitud de certificaci\u00f3n ha sido cerrado.<\/p>\n<p><strong>9 de mayo de 2010:<\/strong> Messalonskee Stream Hydro Associates ha presentado una solicitud de certificaci\u00f3n para el Proyecto Hidroel\u00e9ctrico de Oakland. El per\u00edodo de comentarios p\u00fablicos permanecer\u00e1 abierto durante 60 d\u00edas.<\/p>\n<hr \/>\n<h3>Archivos:<\/h3>\n<h4>Recertificaci\u00f3n 2021<\/h4>\n<ul style=\"color: black;\">\n<li><a href=\"https:\/\/lowimpacthydro.org\/wp-content\/uploads\/2021\/07\/Oakland-Stage-II-Recertification-Report.pdf\">Informe de recertificaci\u00f3n de Oakland 2021<\/a><\/li>\n<li><a href=\"https:\/\/lowimpacthydro.org\/wp-content\/uploads\/2021\/05\/Complete-Oakland-Hydroelectirc-Project-LIHI-Recertification-Application.pdf\">Solicitud de recertificaci\u00f3n de Oakland<\/a><\/li>\n<\/ul>\n<h4>Recertificaci\u00f3n 2015<\/h4>\n<ul style=\"color: black;\">\n<li><a href=\"https:\/\/lowimpacthydro.org\/wp-content\/uploads\/2020\/07\/Oakland-2015-Recertification-Report_FINAL.pdf\">Informe de revisi\u00f3n de la recertificaci\u00f3n de Oakland 2015<\/a><\/li>\n<li><a href=\"https:\/\/lowimpacthydro.org\/wp-content\/uploads\/2020\/07\/LIHI_QUESTIONNAIRE_MSHLLC-Oakland-Project.pdf\">Cuestionario de recertificaci\u00f3n de Oakland<\/a><\/li>\n<li><a href=\"https:\/\/lowimpacthydro.org\/wp-content\/uploads\/2020\/07\/Oakland-2015-Recert_Appendix-1-3.pdf\">Ap\u00e9ndices 1-3 de la solicitud de recertificaci\u00f3n de Oakland<\/a><\/li>\n<li><a href=\"https:\/\/lowimpacthydro.org\/wp-content\/uploads\/2020\/07\/Oakland-2015-Recert_Appendix-4-6.pdf\">Ap\u00e9ndices 4-6 de la solicitud de recertificaci\u00f3n de Oakland<\/a><\/li>\n<li><a href=\"https:\/\/lowimpacthydro.org\/wp-content\/uploads\/2020\/07\/Oakland-2015-Recert_Appendix-7-11.pdf\">Ap\u00e9ndices 7-11 de la solicitud de recertificaci\u00f3n de Oakland<\/a><\/li>\n<\/ul>\n<h4>Certificaci\u00f3n 2010<\/h4>\n<ul style=\"color: black;\">\n<li><a href=\"https:\/\/lowimpacthydro.org\/wp-content\/uploads\/2021\/01\/DRAFT_Oakland-Review_6-23-10-R3.pdf\">Informe de revisi\u00f3n de la certificaci\u00f3n de Oakland 2010<\/a><\/li>\n<li><a href=\"https:\/\/lowimpacthydro.org\/wp-content\/uploads\/2020\/07\/LIHIQuestionnaire-w-attachments-Oakland.pdf\">Cuestionario de certificaci\u00f3n de Oakland con archivos adjuntos<\/a><\/li>\n<\/ul>\n<hr \/>\n<h3>Documentos clave<\/h3>\n<ul>\n<li><a href=\"https:\/\/lowimpacthydro.org\/wp-content\/uploads\/2023\/06\/Messalonskee-FERC-License-1999.pdf\">Licencia FERC de 1999 \u2013 Proyecto Messalonskee<\/a><\/li>\n<li><a href=\"https:\/\/lowimpacthydro.org\/wp-content\/uploads\/2023\/06\/2000-FERC-Order-Modifying-Minimum-Flow-Messalonskee.pdf\">Orden de la FERC de 2000 que modifica el caudal m\u00ednimo \u2013 Proyecto Messalonskee<\/a><\/li>\n<li><a href=\"https:\/\/lowimpacthydro.org\/wp-content\/uploads\/2023\/06\/1997-FERC-EIS-Messalonskee-and-other-projects.pdf\">Declaraci\u00f3n de Impacto Ambiental de la FERC de 1997 \u2013 Kennebec <span class='tooltipsall tooltip_post_id_5636 classtoolTips65'>Cuenca del r\u00edo<\/span> Proyectos<\/a><\/li>\n<li><a href=\"https:\/\/lowimpacthydro.org\/wp-content\/uploads\/2023\/06\/1995-Water-Quality-Certification-Messalonskee.pdf\">Certificaci\u00f3n de calidad del agua de 1995 \u2013 Proyecto Messalonskee<\/a><\/li>\n<\/ul>","protected":false},"excerpt":{"rendered":"<p>Project Name Oakland LIHI Certificate No. 60 LIHI Certificate Term May 9, 2020 &#8211; May 8, 2033 Owner Messalonskee Stream Hydro LLC, a subsidiary of Essex<span class=\"excerpt-hellip\"> [\u2026]<\/span><\/p>\n","protected":false},"author":3,"featured_media":-1,"parent":0,"menu_order":0,"comment_status":"closed","ping_status":"closed","template":"","meta":{"_coblocks_attr":"","_coblocks_dimensions":"","_coblocks_responsive_height":"","_coblocks_accordion_ie_support":"","om_disable_all_campaigns":false,"_monsterinsights_skip_tracking":false,"_monsterinsights_sitenote_active":false,"_monsterinsights_sitenote_note":"","_monsterinsights_sitenote_category":0,"footnotes":""},"class_list":["post-1762","page","type-page","status-publish","has-post-thumbnail","hentry"],"aioseo_notices":[],"_links":{"self":[{"href":"https:\/\/lowimpacthydro.org\/es\/wp-json\/wp\/v2\/pages\/1762","targetHints":{"allow":["GET"]}}],"collection":[{"href":"https:\/\/lowimpacthydro.org\/es\/wp-json\/wp\/v2\/pages"}],"about":[{"href":"https:\/\/lowimpacthydro.org\/es\/wp-json\/wp\/v2\/types\/page"}],"author":[{"embeddable":true,"href":"https:\/\/lowimpacthydro.org\/es\/wp-json\/wp\/v2\/users\/3"}],"replies":[{"embeddable":true,"href":"https:\/\/lowimpacthydro.org\/es\/wp-json\/wp\/v2\/comments?post=1762"}],"version-history":[{"count":13,"href":"https:\/\/lowimpacthydro.org\/es\/wp-json\/wp\/v2\/pages\/1762\/revisions"}],"predecessor-version":[{"id":10410,"href":"https:\/\/lowimpacthydro.org\/es\/wp-json\/wp\/v2\/pages\/1762\/revisions\/10410"}],"wp:featuredmedia":[{"embeddable":true,"href":"https:\/\/lowimpacthydro.org\/es\/wp-json\/"}],"wp:attachment":[{"href":"https:\/\/lowimpacthydro.org\/es\/wp-json\/wp\/v2\/media?parent=1762"}],"curies":[{"name":"gracias","href":"https:\/\/api.w.org\/{rel}","templated":true}]}}