{"id":1735,"date":"2020-07-26T12:15:59","date_gmt":"2020-07-26T16:15:59","guid":{"rendered":"https:\/\/lowimpacthydro.org\/?page_id=1735"},"modified":"2025-07-15T09:38:19","modified_gmt":"2025-07-15T13:38:19","slug":"lihi-certificate-64-penacook-lower-hydroelectric-project-new-hampshire","status":"publish","type":"page","link":"https:\/\/lowimpacthydro.org\/es\/lihi-certificate-64-penacook-lower-hydroelectric-project-new-hampshire\/","title":{"rendered":"Certificado LIHI #64 \u2013 Proyecto Hidroel\u00e9ctrico Penacook Lower Falls, Nuevo Hampshire"},"content":{"rendered":"<table class=\"alignright\" style=\"width: 351px; border: 2px; cellspacing: 2px; cellpadding: 2px; margin-left: 50px;\">\n<tbody>\n<tr>\n<td style=\"width: 154px;\"><strong>Nombre del proyecto<\/strong><\/td>\n<td style=\"width: 211px;\">Cataratas inferiores de Penacook<\/td>\n<\/tr>\n<tr>\n<td style=\"width: 154px;\"><strong>Certificado LIHI No.<\/strong><\/td>\n<td style=\"width: 211px;\">64<\/td>\n<\/tr>\n<tr>\n<td style=\"width: 154px;\"><strong>Plazo del certificado LIHI<\/strong><\/td>\n<td style=\"width: 211px;\">13 de agosto de 2020 \u2013 12 de agosto de 2030<\/td>\n<\/tr>\n<tr>\n<td style=\"width: 154px;\"><strong>Due\u00f1o<\/strong><\/td>\n<td style=\"width: 211px;\">Briar Hydro Associates, una subsidiaria de Essex Hydro Associates, LLC<\/td>\n<\/tr>\n<tr>\n<td style=\"width: 154px;\"><strong>Estado<\/strong><\/td>\n<td style=\"width: 211px;\">Nuevo Hampshire<\/td>\n<\/tr>\n<tr>\n<td style=\"width: 154px;\"><strong>Ubicaci\u00f3n<\/strong><\/td>\n<td style=\"width: 211px;\">Ubicado en la milla fluvial 0,3 del r\u00edo Contoocook en el pueblo de Penacook, New Hampshire.<\/td>\n<\/tr>\n<tr>\n<td style=\"width: 154px;\"><strong>Capacidad instalada<\/strong><\/td>\n<td style=\"width: 211px;\">4,6 MW<\/td>\n<\/tr>\n<tr>\n<td style=\"width: 154px;\"><strong>Generaci\u00f3n media anual<\/strong><\/td>\n<td style=\"width: 211px;\">20.092 MWh<\/td>\n<\/tr>\n<tr>\n<td style=\"width: 154px;\"><strong>Tipo de instalaci\u00f3n<\/strong><\/td>\n<td style=\"width: 211px;\"><span class='tooltipsall tooltip_post_id_5643 classtoolTips52'>De pasada<\/span><\/td>\n<\/tr>\n<tr>\n<td style=\"width: 154px;\"><strong><span class='tooltipsall tooltip_post_id_5565 classtoolTips152'>Comisi\u00f3n Federal de Comercio<\/span> No.<\/strong><\/td>\n<td style=\"width: 211px;\">P-3342 emitido en 1982, vence el 30\/11\/2024<\/td>\n<\/tr>\n<\/tbody>\n<\/table>\n<p>El Proyecto Penacook Lower Falls se ubica en el r\u00edo Contoocook, en la localidad de Penacook, que comprende una peque\u00f1a parte del pueblo de Boscawen y el extremo norte de la ciudad de Concord, Nuevo Hampshire. El r\u00edo Contoocook nace en la ladera oriental del monte Monadnock, en el sureste de Nuevo Hampshire, y desemboca en la confluencia con el r\u00edo Merrimack en Concord. El r\u00edo tiene una longitud aproximada de 114 kil\u00f3metros y fluye en direcci\u00f3n noreste, atravesando los pueblos de Jaffrey, Peterborough, Bennington, Antrim, Hillsboro, Henniker y Contoocook hasta llegar a Concord. El r\u00edo desciende unos 40 metros en sus \u00faltimos 32 kil\u00f3metros, lo que explica el desarrollo de numerosos molinos hidr\u00e1ulicos durante los \u00faltimos dos siglos. Sus principales afluentes, los r\u00edos Warner y Blackwater, desembocan desde el norte, separados por unos 3 kil\u00f3metros, cerca de la localidad de Contoocook. El proyecto es el primero. <span class='tooltipsall tooltip_post_id_5545 classtoolTips158'>presa<\/span> sobre el r\u00edo y situado aguas abajo del <a href=\"https:\/\/lowimpacthydro.org\/es\/lihi-certificate-104-rolfe-canal-hydroelectric-project-new-hampshire\/\">Rolfe <span class='tooltipsall tooltip_post_id_5537 classtoolTips143'>Canal<\/span> Proyecto (LIHI #104)<\/a> que incluye York <span class='tooltipsall tooltip_post_id_5545 classtoolTips158'>Presa<\/span> propiedad del Estado de NH y la <a href=\"https:\/\/lowimpacthydro.org\/es\/lihi-certificate-52-penacook-upper-hydroelectric-project-new-hampshire\/\">Proyecto de las Cataratas Superiores de Penacook (LIHI #52)<\/a>, as\u00ed como numerosas otras represas r\u00edo arriba, incluida la represa de control de inundaciones Hopkinton del Cuerpo de Ingenieros del Ej\u00e9rcito de los EE. UU.<\/p>\n<p>El proyecto comenz\u00f3 a operar en 1984, cuando se complet\u00f3 la construcci\u00f3n de las instalaciones en la presa preexistente reconstruida de Allied Leather. Las obras del proyecto incluyen una presa de hormig\u00f3n. <span class='tooltipsall tooltip_post_id_5551 classtoolTips110'>desviaci\u00f3n<\/span> <span class='tooltipsall tooltip_post_id_5651 classtoolTips116'>aliviadero<\/span> con tres vigas de madera de 9,5 pies por 10 pies de alto <span class='tooltipsall tooltip_post_id_5578 classtoolTips153'>puertas<\/span> y siete compuertas de madera; un aliviadero auxiliar de hormig\u00f3n por gravedad de 316 pies de largo y un aliviadero principal de hormig\u00f3n, con compuertas y de 106 pies de largo; una c\u00e1mara de carga de 70 pies de largo; un aliviadero de hormig\u00f3n <span class='tooltipsall tooltip_post_id_5624 classtoolTips102'>central el\u00e9ctrica<\/span> Contiene una sola unidad generadora\/turbina tubular horizontal con una capacidad instalada de 4110 kW; y un canal de descarga excavado en la roca de 213 metros de longitud. La central el\u00e9ctrica est\u00e1 construida sobre roca madre, en la misma alineaci\u00f3n que el eje central del perfil del r\u00edo.<\/p>\n<p>El proyecto opera en un <span class='tooltipsall tooltip_post_id_5643 classtoolTips52'>de pasada<\/span> y confina un embalse de 8.4 acres. El proyecto proporciona un caudal m\u00ednimo continuo de 338 pies c\u00fabicos por segundo (cfs) o entrada al tramo desviado de 680 pies de longitud. Este r\u00e9gimen de caudal se desarroll\u00f3 con recomendaciones del Departamento del Interior de los Estados Unidos para proteger la biota acu\u00e1tica residente y migratoria.<\/p>\n<p>Las aguas dentro del alcance del proyecto se consideran completamente compatibles con los par\u00e1metros de calidad del agua, incluyendo ox\u00edgeno disuelto, f\u00f3sforo total y clorofila-a. El embalse est\u00e1 catalogado como deteriorado debido al pH, probablemente debido a la deposici\u00f3n atmosf\u00e9rica (lluvia \u00e1cida) y no a las operaciones del proyecto. Estos hallazgos son el resultado de un muestreo de calidad del agua realizado y revisado por el Departamento de Servicios Ambientales de New Hampshire.<\/p>\n<p>Migratorio <span class='tooltipsall tooltip_post_id_5566 classtoolTips59'>paso de peces<\/span> Actualmente no est\u00e1 disponible en las presas del r\u00edo Contoocook. Se est\u00e1n implementando programas de restauraci\u00f3n de peces en la cuenca del r\u00edo Merrimack, dirigidos espec\u00edficamente a las poblaciones de s\u00e1balo americano. Cuando 15,000 individuos de s\u00e1balo americano pasen <a href=\"https:\/\/lowimpacthydro.org\/es\/lihi-certificate-162-hooksett-hydroelectric-project-new-hampshire\/\">Presa Hooksett (LIHI #162)<\/a> En el r\u00edo Merrimack, la pr\u00f3xima presa aguas arriba, Garvin&#039;s Falls, comenzar\u00e1 la planificaci\u00f3n de las instalaciones de paso aguas arriba. El propietario del proyecto ha estado colaborando activamente con el Servicio de Pesca y Vida Silvestre de los Estados Unidos (USFWS) y el Departamento de Pesca y Caza de New Hampshire para evaluar los recursos de paso de peces aguas arriba y aguas abajo. La anguila americana est\u00e1 presente en el r\u00edo Contoocook y es probable que pueda pasar naturalmente por encima de la presa, ya que se ha observado aguas arriba del proyecto.<\/p>\n<p>El paso aguas abajo se realiza actualmente mediante una tuber\u00eda de flujo continuo de 40 pies c\u00fabicos por segundo (40 pies c\u00fabicos por segundo) ubicada en un aliviadero de hormig\u00f3n con compuerta. Este paso opera del 1 de mayo al 30 de junio de cada a\u00f1o, seg\u00fan lo prescrito por el USFWS. Los tres proyectos en la parte baja del r\u00edo Contoocook pertenecen a la misma empresa y los tres suspendieron sus operaciones durante tres noches consecutivas tras per\u00edodos de 6 mm de lluvia para facilitar el paso de las anguilas.<\/p>\n<p>Los terrenos del proyecto abarcan aproximadamente 1.6 hect\u00e1reas en una zona urbanizada cerca del centro de la localidad de Penacook, rodeada de una combinaci\u00f3n de desarrollos residenciales y comerciales. Las riberas del r\u00edo est\u00e1n cubiertas de vegetaci\u00f3n, aunque algunas zonas presentan una vegetaci\u00f3n limitada. Debido a la reducida superficie del proyecto y a su naturaleza urbanizada, no existen terrenos de valor ecol\u00f3gico significativo en la zona. Las operaciones de pasada minimizan el riesgo de erosi\u00f3n costera.<\/p>\n<p>Entre las especies amenazadas o en peligro de extinci\u00f3n que podr\u00edan estar presentes en las inmediaciones del proyecto se incluyen el murci\u00e9lago orejudo norte\u00f1o y el flotador de arroyo (r\u00edo abajo del proyecto). Si bien el proyecto se encuentra dentro del \u00e1rea de distribuci\u00f3n del murci\u00e9lago orejudo norte\u00f1o, no existen h\u00e1bitats cr\u00edticos en su \u00e1rea. Como parte de la renovaci\u00f3n de la licencia de la FERC, el propietario est\u00e1 realizando un estudio para la b\u00fasqueda de mejillones de agua dulce.<\/p>\n<p>La consulta con la Divisi\u00f3n de Recursos Hist\u00f3ricos de New Hampshire ha confirmado que no hay recursos culturales ni hist\u00f3ricos dentro del \u00e1rea del proyecto. Aguas abajo del proyecto se encuentra el Monumento a Hannah Duston, la primera estatua financiada con fondos p\u00fablicos en New Hampshire. Este sitio podr\u00eda ser incluido en la lista de... <span class='tooltipsall tooltip_post_id_5606 classtoolTips1'>Registro Nacional de Lugares Hist\u00f3ricos<\/span>Las operaciones del proyecto no causan ning\u00fan impacto adverso en el sitio.<\/p>\n<p>Los recursos recreativos del proyecto incluyen una rampa para embarcaciones y acceso para pescar. El acceso p\u00fablico es gratuito.<\/p>\n<hr \/>\n<h3>Estado de cumplimiento<\/h3>\n<p><strong>El Certificado incluye la siguiente condici\u00f3n:<\/strong><\/p>\n<p><strong>Condici\u00f3n 1<\/strong>La licencia de la FERC vence el 31 de octubre de 2024 durante el nuevo per\u00edodo de LIHI. El propietario de la instalaci\u00f3n deber\u00e1 informar a LIHI, en sus declaraciones anuales de cumplimiento, sobre el estado de la renovaci\u00f3n de la licencia del Proyecto, incluyendo los informes de los estudios presentados, los comentarios de la agencia sobre ellos, cualquier estudio adicional requerido con su alcance y cronograma, todas las presentaciones de la FERC, las consultas con la agencia de recursos y las prescripciones y recomendaciones de la agencia. LIHI se reserva el derecho de modificar el Certificado o las condiciones en funci\u00f3n del resultado de la renovaci\u00f3n de la licencia.<\/p>\n<p><strong>2025:<\/strong> No se identificaron cambios sustanciales ni problemas de cumplimiento. El proyecto se mantiene en cumplimiento seg\u00fan la revisi\u00f3n anual. Para la Condici\u00f3n 1, el proyecto est\u00e1 a la espera de la certificaci\u00f3n de calidad del agua y la evaluaci\u00f3n ambiental de la FERC.<\/p>\n<p><strong>2024:<\/strong> No se identificaron cambios sustanciales ni problemas de cumplimiento. El proyecto se mantiene en cumplimiento seg\u00fan la revisi\u00f3n anual. Para la Condici\u00f3n 1, el proyecto inform\u00f3 que la FERC emiti\u00f3 su aviso de Listo para el An\u00e1lisis Ambiental el 20 de junio de 2024.<\/p>\n<p><strong>2023:<\/strong> No se identificaron cambios sustanciales ni problemas de cumplimiento. El proyecto se mantiene en cumplimiento seg\u00fan la revisi\u00f3n anual. Para la Condici\u00f3n 1, el proyecto inform\u00f3 la presentaci\u00f3n de la solicitud final de renovaci\u00f3n de la licencia el 30 de noviembre de 2022.<\/p>\n<p><strong>2022:<\/strong> No se identificaron cambios sustanciales ni problemas de cumplimiento. El proyecto se mantiene en cumplimiento seg\u00fan la revisi\u00f3n anual. Para la Condici\u00f3n 1, el proyecto inform\u00f3 la presentaci\u00f3n de los borradores de los informes de estudio ante el NHDES y planea presentar el borrador de la solicitud de licencia en julio de 2022, con la fecha l\u00edmite para la solicitud final, el 30 de noviembre de 2022. <strong><br \/>\n<\/strong><\/p>\n<p><strong>2021:<\/strong> La presentaci\u00f3n de informes anuales para el Certificado actual a\u00fan no ha entrado en vigor.<\/p>\n<hr \/>\n<h3>Historial de certificaciones<\/h3>\n<p><strong>1 de enero de 2022:<\/strong> El plazo del Certificado LIHI se ha extendido de acuerdo con la Revisi\u00f3n 2.05 del Manual de Certificaci\u00f3n LIHI 2.\u00aa Edici\u00f3n emitido el 1 de enero de 2022. Consulte la tabla de instalaciones anterior para conocer el nuevo plazo.<\/p>\n<p><strong>4 de noviembre de 2021:<\/strong> El Instituto de Energ\u00eda Hidroel\u00e9ctrica de Bajo Impacto ha emitido una decisi\u00f3n final sobre la recertificaci\u00f3n del Proyecto Penacook Lower Falls. El plazo de apelaci\u00f3n de 30 d\u00edas finaliz\u00f3 el 31 de octubre de 2021 y no se presentaron apelaciones. Por lo tanto, la decisi\u00f3n de recertificar el proyecto es definitiva. El nuevo plazo es del 13 de agosto de 2020 al 12 de agosto de 2025.<\/p>\n<p><strong>1 de octubre de 2021: <\/strong>El Instituto de Energ\u00eda Hidroel\u00e9ctrica de Bajo Impacto (LIHI) ha aprobado preliminarmente el Proyecto Penacook Lower Falls para un per\u00edodo de 5 a\u00f1os de Certificaci\u00f3n de Bajo Impacto. Esta decisi\u00f3n es preliminar, a la espera del plazo de apelaci\u00f3n de 30 d\u00edas. Solo quienes comentaron sobre la solicitud inicial durante el plazo de 60 d\u00edas pueden presentar una apelaci\u00f3n. Dicha apelaci\u00f3n debe incluir una explicaci\u00f3n de por qu\u00e9 el Proyecto no cumple con los criterios del LIHI. Las solicitudes de apelaci\u00f3n pueden enviarse por correo electr\u00f3nico a <a href=\"#\">comments@lowimpacthydro.org<\/a> Con el asunto &quot;Proyecto Penacook Lower Falls&quot;, o por correo postal dirigido al Instituto de Energ\u00eda Hidroel\u00e9ctrica de Bajo Impacto, 1167 Massachusetts Ave, Oficina 407, Arlington, MA 02476. Todas las solicitudes se publicar\u00e1n en el sitio web. El solicitante tendr\u00e1 la oportunidad de responder, y cualquier respuesta tambi\u00e9n se publicar\u00e1. <strong>Las solicitudes deben recibirse antes de las 5 p. m., hora del Este, el 31 de octubre de 2021.<\/strong> La solicitud completa y el informe del revisor est\u00e1n disponibles a continuaci\u00f3n. Si no se reciben solicitudes de apelaci\u00f3n y la decisi\u00f3n es definitiva, el plazo de certificaci\u00f3n del Proyecto ser\u00e1 del 13 de agosto de 2020 al 12 de agosto de 2025.<\/p>\n<p><strong>16 de julio de 2021:<\/strong> El Instituto de Energ\u00eda Hidroel\u00e9ctrica de Bajo Impacto (LIHI) ha recibido una solicitud completa de recertificaci\u00f3n de Briar Hydro Associates para el Proyecto Penacook Lower Falls, ubicado en el r\u00edo Contoocook en New Hampshire. LIHI solicita comentarios sobre esta solicitud. Los comentarios directamente relacionados con criterios espec\u00edficos de LIHI (caudales, calidad del agua, paso de peces, etc.) ser\u00e1n de gran ayuda, pero todos los comentarios ser\u00e1n considerados. Los comentarios pueden enviarse a LIHI por correo electr\u00f3nico a<a href=\"#\"> comments@lowimpacthydro.org<\/a> con \u201cComentarios del Proyecto Penacook Lower Falls\u201d en la l\u00ednea de asunto, o por correo dirigido al Low Impact Hydropower Institute, 1167 Massachusetts Avenue, Oficina 407, Arlington, MA 02476. <strong>Los comentarios deben recibirse en el Instituto antes de las 5 p. m., hora del Este, el 14 de septiembre de 2021 para ser considerados.<\/strong> Todos los comentarios se publicar\u00e1n en el sitio web y el solicitante tendr\u00e1 la oportunidad de responder. Las respuestas tambi\u00e9n se publicar\u00e1n. La solicitud completa se puede encontrar a continuaci\u00f3n.<\/p>\n<p><strong>5 de agosto de 2016:<\/strong>\u00a0El Director Ejecutivo de LIHI, Michael J. Sale, en ejercicio de la autoridad delegada por la Junta Directiva de LIHI, ha certificado que el Proyecto Hidroel\u00e9ctrico Penacook Lower (FERC n.\u00b0 P-3342) cumple con los Criterios de Certificaci\u00f3n de LIHI. El 17 de junio de 2016 se anunci\u00f3 una Decisi\u00f3n Preliminar y se abri\u00f3 un plazo de apelaci\u00f3n de 30 d\u00edas, hasta el 17 de julio de 2016. No se recibieron solicitudes de apelaci\u00f3n. Esta Decisi\u00f3n de Certificaci\u00f3n incluye dos condiciones espec\u00edficas para cada instalaci\u00f3n, a saber:<\/p>\n<ul style=\"color: black;\">\n<li><strong><em>Condici\u00f3n satisfecha 2017.<\/em> Condici\u00f3n 1.<\/strong>\u00a0 El propietario de la instalaci\u00f3n deber\u00e1 consultar con el NHDES para determinar la manera m\u00e1s adecuada y eficiente de informar sobre los caudales m\u00ednimos y las fluctuaciones del nivel del estanque y, luego, despu\u00e9s de llegar a un acuerdo con el NHDES sobre los mejores m\u00e9todos, completar el informe resumido del tema a m\u00e1s tardar a fines de diciembre de 2016. El propietario deber\u00e1 proporcionar una copia de este informe a LIHI junto con toda la correspondencia relacionada.<\/li>\n<li><strong><em>Condici\u00f3n satisfecha 2018. <\/em>Condici\u00f3n 2.<\/strong>\u00a0 Dentro de los 30 d\u00edas posteriores a la recertificaci\u00f3n de LIHI, el propietario de la instalaci\u00f3n deber\u00e1 consultar con el NHDES para ultimar los detalles de un enfoque alternativo para realizar pruebas puntuales de las condiciones actuales de calidad del agua en la instalaci\u00f3n. El propietario deber\u00e1 proporcionar a LIHI toda la correspondencia relacionada con la resoluci\u00f3n de este problema y los datos de calidad del agua una vez finalizadas las pruebas. El propietario deber\u00e1 completar las pruebas de calidad del agua antes de finales de diciembre de 2016, si las condiciones clim\u00e1ticas lo permiten.<\/li>\n<\/ul>\n<p>La fecha de certificaci\u00f3n efectiva para el Proyecto Penacook Lower Falls es el 13 de agosto de 2015 por un per\u00edodo de cinco (5) a\u00f1os, que vencer\u00e1 el 13 de agosto de 2020.<\/p>\n<p><strong>30 de octubre de 2015:<\/strong> El Instituto de Energ\u00eda Hidroel\u00e9ctrica de Bajo Impacto ha recibido una solicitud completa para un nuevo per\u00edodo de Certificaci\u00f3n de Bajo Impacto para el proyecto hidroel\u00e9ctrico Penacook Lower Falls. Los documentos de la solicitud se encuentran en la secci\u00f3n Archivos a continuaci\u00f3n.<\/p>\n<p><strong>19 de junio de 2015:<\/strong> El proyecto hidroel\u00e9ctrico Penacook Lower Falls ha recibido una pr\u00f3rroga del plazo del certificado actual. La nueva fecha de vencimiento es el 31 de diciembre de 2015.<\/p>\n<p><strong>29 de enero de 2011:<\/strong> El proyecto hidroel\u00e9ctrico Penacook Lower Falls ha sido certificado como de bajo impacto por un per\u00edodo de cinco a\u00f1os, a partir del 13 de agosto de 2010 y hasta el 13 de agosto de 2015.<\/p>\n<p><strong>13 de octubre de 2010:<\/strong> El per\u00edodo de comentarios p\u00fablicos sobre la solicitud de certificaci\u00f3n ha sido cerrado.<\/p>\n<p><strong>13 de agosto de 2010:<\/strong> Briar Hydro Associates ha presentado una solicitud de certificaci\u00f3n para el Proyecto Hidroel\u00e9ctrico Penacook Lower Falls. El per\u00edodo de comentarios p\u00fablicos permanecer\u00e1 abierto durante 60 d\u00edas.<\/p>\n<hr \/>\n<h3>Archivos de certificaci\u00f3n<\/h3>\n<h4>Recertificaci\u00f3n 2021<\/h4>\n<ul style=\"color: black;\">\n<li><a href=\"https:\/\/lowimpacthydro.org\/wp-content\/uploads\/2021\/09\/Penacook-Lower-Review-Report_2021_09_15.pdf\">Informe de revisi\u00f3n de la recertificaci\u00f3n de Penacook Lower Falls 2021<\/a><\/li>\n<li><a href=\"https:\/\/lowimpacthydro.org\/wp-content\/uploads\/2021\/07\/Penacook-Lower-Falls-LIHI-recertification-application-June-2021-Complete.pdf\">Solicitud de recertificaci\u00f3n de Penacook Lower Falls 2021<\/a><\/li>\n<\/ul>\n<h4>Recertificaci\u00f3n 2015<\/h4>\n<ul style=\"color: black;\">\n<li><a href=\"https:\/\/lowimpacthydro.org\/wp-content\/uploads\/2020\/07\/20160608_Recertification-Review_Penacook-Lower.pdf\">Informe de revisi\u00f3n de la recertificaci\u00f3n de Penacook Lower<\/a><\/li>\n<li><a href=\"https:\/\/lowimpacthydro.org\/wp-content\/uploads\/2020\/07\/LIHI_QUESTIONNAIRE_Penacook-Lower-Falls-Recertification-2015.pdf\">Cuestionario de recertificaci\u00f3n de Penacook Lower Falls 2015<\/a><\/li>\n<li><a href=\"https:\/\/lowimpacthydro.org\/wp-content\/uploads\/2020\/07\/Penacook-Lower-2015-Recert_Appendix-1-5.pdf\">Ap\u00e9ndices 1-5 de la solicitud de recertificaci\u00f3n de Penacook Lower<\/a><\/li>\n<li><a href=\"https:\/\/lowimpacthydro.org\/wp-content\/uploads\/2020\/07\/Penacook-Lower-2015-Recert_Appendix-6-11.pdf\">Ap\u00e9ndices 6-11 de la solicitud de recertificaci\u00f3n de Penacook Lower<\/a><\/li>\n<\/ul>\n<h4>Certificaci\u00f3n 2010<\/h4>\n<ul style=\"color: black;\">\n<li><a href=\"https:\/\/lowimpacthydro.org\/wp-content\/uploads\/2020\/08\/Penacook_Lower_Final_Cert_Review_01_03_2011.pdf\">Informe de revisi\u00f3n de la certificaci\u00f3n de Penacook Lower 2011<\/a><\/li>\n<li><a href=\"https:\/\/lowimpacthydro.org\/wp-content\/uploads\/2020\/08\/LIHIQuestionnaire-Penacook-Lower-Falls.pdf\">Cuestionario de certificaci\u00f3n de Penacook Lower Falls<\/a><\/li>\n<\/ul>\n<hr \/>\n<h3>Documentos clave<\/h3>\n<ul>\n<li><a href=\"https:\/\/lowimpacthydro.org\/wp-content\/uploads\/2023\/06\/Penacook-Lower-1982-FERC-license.pdf\">Licencia FERC de 1982<\/a><\/li>\n<li><a href=\"https:\/\/lowimpacthydro.org\/wp-content\/uploads\/2023\/06\/Penacook-Lower-1983-WQC.pdf\">Certificaci\u00f3n de calidad del agua de 1983<\/a><\/li>\n<li><a href=\"https:\/\/lowimpacthydro.org\/wp-content\/uploads\/2023\/06\/Penacook-Lower-1986-license-amendment-fish-passage-1.pdf\">Enmienda de la FERC de 1986: paso de peces<\/a><\/li>\n<li><a href=\"https:\/\/lowimpacthydro.org\/wp-content\/uploads\/2023\/06\/20221130-License-App-Exhibit-E-Environmental-Report-with-study-reports-compressed.pdf\">Anexo E de la solicitud de renovaci\u00f3n de licencia de 2022<\/a><\/li>\n<\/ul>","protected":false},"excerpt":{"rendered":"<p>Project Name Penacook Lower Falls LIHI Certificate No. 64 LIHI Certificate Term August 13, 2020 &#8211; August 12, 2030 Owner Briar Hydro Associates, a subsidiary of<span class=\"excerpt-hellip\"> [\u2026]<\/span><\/p>\n","protected":false},"author":3,"featured_media":-1,"parent":0,"menu_order":0,"comment_status":"closed","ping_status":"closed","template":"","meta":{"_coblocks_attr":"","_coblocks_dimensions":"","_coblocks_responsive_height":"","_coblocks_accordion_ie_support":"","om_disable_all_campaigns":false,"_monsterinsights_skip_tracking":false,"_monsterinsights_sitenote_active":false,"_monsterinsights_sitenote_note":"","_monsterinsights_sitenote_category":0,"footnotes":""},"class_list":["post-1735","page","type-page","status-publish","has-post-thumbnail","hentry"],"aioseo_notices":[],"_links":{"self":[{"href":"https:\/\/lowimpacthydro.org\/es\/wp-json\/wp\/v2\/pages\/1735","targetHints":{"allow":["GET"]}}],"collection":[{"href":"https:\/\/lowimpacthydro.org\/es\/wp-json\/wp\/v2\/pages"}],"about":[{"href":"https:\/\/lowimpacthydro.org\/es\/wp-json\/wp\/v2\/types\/page"}],"author":[{"embeddable":true,"href":"https:\/\/lowimpacthydro.org\/es\/wp-json\/wp\/v2\/users\/3"}],"replies":[{"embeddable":true,"href":"https:\/\/lowimpacthydro.org\/es\/wp-json\/wp\/v2\/comments?post=1735"}],"version-history":[{"count":13,"href":"https:\/\/lowimpacthydro.org\/es\/wp-json\/wp\/v2\/pages\/1735\/revisions"}],"predecessor-version":[{"id":9809,"href":"https:\/\/lowimpacthydro.org\/es\/wp-json\/wp\/v2\/pages\/1735\/revisions\/9809"}],"wp:featuredmedia":[{"embeddable":true,"href":"https:\/\/lowimpacthydro.org\/es\/wp-json\/"}],"wp:attachment":[{"href":"https:\/\/lowimpacthydro.org\/es\/wp-json\/wp\/v2\/media?parent=1735"}],"curies":[{"name":"gracias","href":"https:\/\/api.w.org\/{rel}","templated":true}]}}