{"id":1651,"date":"2020-07-26T10:20:35","date_gmt":"2020-07-26T14:20:35","guid":{"rendered":"https:\/\/lowimpacthydro.org\/?page_id=1651"},"modified":"2026-03-24T15:30:24","modified_gmt":"2026-03-24T19:30:24","slug":"lihi-certificate-76-west-dudley-hydroelectric-project-massachusetts","status":"publish","type":"page","link":"https:\/\/lowimpacthydro.org\/es\/lihi-certificate-76-west-dudley-hydroelectric-project-massachusetts\/","title":{"rendered":"Certificado LIHI #76 \u2013 Proyecto Hidroel\u00e9ctrico West Dudley, Massachusetts"},"content":{"rendered":"<table class=\"alignright\" style=\"width: 351px; border: 2px; cellspacing: 2px; cellpadding: 2px; margin-left: 50px;\">\n<tbody>\n<tr>\n<td style=\"width: 131px;\"><strong>Nombre del proyecto<\/strong><\/td>\n<td style=\"width: 238px;\">Oeste de Dudley<\/td>\n<\/tr>\n<tr>\n<td style=\"width: 131px;\"><strong>Certificado LIHI No.<\/strong><\/td>\n<td style=\"width: 238px;\">76<\/td>\n<\/tr>\n<tr>\n<td style=\"width: 131px;\"><strong>Plazo del certificado LIHI<br \/>\n<\/strong><\/td>\n<td style=\"width: 238px;\">7 de abril de 2020 \u2013 6 de abril de 2030<\/td>\n<\/tr>\n<tr>\n<td style=\"width: 131px;\"><strong>Due\u00f1o<\/strong><\/td>\n<td style=\"width: 238px;\">West Dudley Hydro Bros LLC<\/td>\n<\/tr>\n<tr>\n<td style=\"width: 131px;\"><strong>Estado<\/strong><\/td>\n<td style=\"width: 238px;\">Massachusetts<\/td>\n<\/tr>\n<tr>\n<td style=\"width: 131px;\"><strong>Ubicaci\u00f3n<\/strong><\/td>\n<td style=\"width: 238px;\">Ubicado aproximadamente en la milla fluvial 50 del r\u00edo Quinebaug en Dudley, Massachusetts.<\/td>\n<\/tr>\n<tr>\n<td style=\"width: 131px;\"><strong>Capacidad instalada<\/strong><\/td>\n<td style=\"width: 238px;\">0,310 MW<\/td>\n<\/tr>\n<tr>\n<td style=\"width: 131px;\"><strong>Generaci\u00f3n media anual<\/strong><\/td>\n<td style=\"width: 238px;\">611 MWh<\/td>\n<\/tr>\n<tr>\n<td style=\"width: 131px;\"><strong>Tipo de instalaci\u00f3n<\/strong><\/td>\n<td style=\"width: 238px;\"><span class='tooltipsall tooltip_post_id_5643 classtoolTips52'>De pasada<\/span><\/td>\n<\/tr>\n<tr>\n<td style=\"width: 131px;\"><strong><span class='tooltipsall tooltip_post_id_5565 classtoolTips152'>Comisi\u00f3n Federal de Comercio<\/span> No.<\/strong><\/td>\n<td style=\"width: 238px;\">P-7254 exento 1983<\/td>\n<\/tr>\n<\/tbody>\n<\/table>\n<p>El Proyecto West Dudley se ubica en el r\u00edo Quinebaug, en la ciudad de Dudley, Massachusetts. Construcci\u00f3n del estanque del r\u00edo Quinebaug. <span class='tooltipsall tooltip_post_id_5545 classtoolTips158'>Presa<\/span> (tambi\u00e9n conocida como la presa de Rhode Island Cardboard Company) se complet\u00f3 en 1919. El proyecto se ubica aguas abajo de las presas del lago Westville, la aldea de Old Sturbridge y East Brimfield. Aguas abajo del proyecto se encuentran la presa West Thompson, MSC Hydro, <a href=\"https:\/\/lowimpacthydro.org\/es\/lihi-certificate-3-putnam-hydropower-project-connecticut\/\">Putnam Hydro (LIHI #3)<\/a>Presa de Cargill Falls, Presa Rogers, <a href=\"https:\/\/lowimpacthydro.org\/es\/lihi-certificate-166-quinebaug-five-mile-pond-hydroelectric-project-connecticut\/\">Parte de Quinebaug de LIHI #166<\/a>), Aspinook y la presa Tunnel.<\/p>\n<p>El proyecto incluye una <span class='tooltipsall tooltip_post_id_5545 classtoolTips158'>presa<\/span> consta de dos secciones, de 55 pies de largo y 144 pies de largo.<\/p>\n<p>El ladrillo y la mamposter\u00eda <span class='tooltipsall tooltip_post_id_5624 classtoolTips102'>central el\u00e9ctrica<\/span> Contiene tres generadores de turbina. La Unidad 1 es una turbina Medsker modificada con un motor de inducci\u00f3n accionado por correa. Es de tipo Kaplan de \u00e1labes fijos y desarrolla 95 kW de potencia. La Unidad 2 tambi\u00e9n es una turbina Medsker modificada con un motor de inducci\u00f3n accionado por correa. Es de tipo Kaplan de \u00e1labes fijos y desarrolla 120 kW de potencia. La Unidad 3 es una unidad sumergible Flygt con una caja de engranajes planetarios de acoplamiento directo y un generador de inducci\u00f3n. La capacidad total es de 0,31 MW. La central el\u00e9ctrica est\u00e1 flanqueada por dos <span class='tooltipsall tooltip_post_id_5651 classtoolTips116'>aliviadero<\/span> secciones, 55 pies y 114 pies de largo y 17 pies de alto<br \/>\nen promedio. El <span class='tooltipsall tooltip_post_id_5651 classtoolTips116'>aliviaderos<\/span> llevar <span class='tooltipsall tooltip_post_id_5569 classtoolTips79'>tableros de flash<\/span> De cuatro pies de altura. No hay acceso de derivaci\u00f3n.<\/p>\n<p>El proyecto opera en un <span class='tooltipsall tooltip_post_id_5643 classtoolTips52'>de pasada<\/span> El proyecto crea un embalse de 31 acres. El proyecto proporciona un caudal m\u00ednimo continuo de 76 pies c\u00fabicos por segundo (cfs) para garantizar la protecci\u00f3n de los recursos acu\u00e1ticos del r\u00edo Quinebaug. El r\u00e9gimen de caudal se desarroll\u00f3 con base en las recomendaciones del Servicio de Pesca y Vida Silvestre de los Estados Unidos (USFWS). En 2012, como resultado de la certificaci\u00f3n inicial de LIHI, se desarroll\u00f3 e implement\u00f3 un plan de monitoreo de caudal. El plan fue desarrollado conjuntamente con el USFWS, la Divisi\u00f3n de Pesca y Vida Silvestre de Massachusetts (MDFW) y el Departamento de Protecci\u00f3n Ambiental de Massachusetts (MDEP), quienes lo aprobaron.<\/p>\n<p>Las aguas dentro del alcance del proyecto se clasifican como de Clase B, ideales para riego\/uso agr\u00edcola y refrigeraci\u00f3n\/procesos industriales. El alcance tambi\u00e9n presenta deficiencias en ox\u00edgeno disuelto, E. coli, coliformes fecales y otros nutrientes. El MDEP ha confirmado que el proyecto no contribuye a estas deficiencias y que probablemente se deban a la planta de tratamiento de aguas residuales aguas arriba del proyecto.<\/p>\n<p>Varias represas aguas abajo del proyecto impiden el acceso de aves migratorias. <span class='tooltipsall tooltip_post_id_5518 classtoolTips36'>pez an\u00e1dromo<\/span> Especies. La anguila americana est\u00e1 presente en el r\u00edo Quinebaug aguas arriba y aguas abajo del proyecto, lo que indica que la especie puede desplazarse r\u00edo arriba por s\u00ed sola. El proyecto suspende las operaciones y reduce el caudal en las noches del 15 de agosto al 15 de noviembre cuando se produce una lluvia de 0,25 pulgadas o m\u00e1s en un per\u00edodo de 24 horas, o cuando se produce un aumento de 50% en el caudal con respecto al promedio de los tres d\u00edas anteriores. Estas medidas facilitan el paso r\u00edo abajo para las anguilas americanas migratorias.<\/p>\n<p>Los terrenos del proyecto abarcan 29 acres. En el \u00e1rea del proyecto se encuentran terrenos industriales, residenciales y no urbanizados. Algunos de estos terrenos, ubicados principalmente en la orilla oeste del r\u00edo y cerca de zonas de uso industrial y comercial intensivo, ofrecen h\u00e1bitat para la fauna silvestre. Estos terrenos incluyen varias zonas boscosas, algunas de las cuales se inundan estacionalmente. El resto del \u00e1rea consiste en desarrollos residenciales de baja densidad y peque\u00f1as industrias. Las operaciones de pasada garantizan la protecci\u00f3n de la costa.<\/p>\n<p>Entre las especies amenazadas o en peligro de extinci\u00f3n que podr\u00edan estar presentes en las inmediaciones del proyecto se incluyen el murci\u00e9lago orejudo norte\u00f1o, el tr\u00e9bol de las garrapatas grande y el pasto brillante. Debido al uso industrial y comercial del terreno en el \u00e1rea del proyecto, es muy improbable que alguna de las especies listadas encuentre un h\u00e1bitat adecuado dentro de los l\u00edmites del proyecto.<\/p>\n<p>La consulta con la Oficina de Preservaci\u00f3n Hist\u00f3rica del Estado de Massachusetts concluy\u00f3 que no existen recursos culturales o hist\u00f3ricos en el \u00e1rea del proyecto y que las operaciones no afectar\u00edan negativamente a ninguno de dichos recursos.<\/p>\n<p>Los recursos recreativos del proyecto incluyen una rampa para botes en el embalse, as\u00ed como un porteo de canoas, con acceso para llevar y recibir. Se practican pocas actividades de senderismo y navegaci\u00f3n en la zona del proyecto. El acceso p\u00fablico es gratuito.<\/p>\n<hr \/>\n<h3>Estado de cumplimiento<\/h3>\n<p><strong>La Certificaci\u00f3n incluye la siguiente condici\u00f3n:<\/strong><\/p>\n<p><strong>Condici\u00f3n 1:<\/strong> El propietario de la instalaci\u00f3n continuar\u00e1 proporcionando voluntariamente un paso provisional para anguilas r\u00edo abajo hasta que se implementen las medidas voluntarias para el paso permanente r\u00edo abajo. El propietario de la instalaci\u00f3n proporcionar\u00e1 a LIHI una actualizaci\u00f3n anual del cronograma de implementaci\u00f3n del paso permanente y, una vez finalizado, deber\u00e1 presentar evidencia de que la instalaci\u00f3n es funcional y aceptable para las agencias de recursos.<\/p>\n<p><strong>2026:<\/strong> No se identificaron cambios sustanciales ni problemas de cumplimiento. El proyecto se mantiene en cumplimiento seg\u00fan la revisi\u00f3n anual. En cuanto a la Condici\u00f3n 1, el proyecto no report\u00f3 cambios en su estado y las medidas provisionales contin\u00faan vigentes.<\/p>\n<p><strong>2025:<\/strong> No se identificaron cambios sustanciales ni problemas de cumplimiento. El proyecto se mantiene en cumplimiento seg\u00fan la revisi\u00f3n anual. En cuanto a la Condici\u00f3n 1, el proyecto no report\u00f3 cambios en su estado y las medidas provisionales contin\u00faan vigentes.<\/p>\n<p><strong>2024:<\/strong> No se identificaron cambios sustanciales ni problemas de cumplimiento. El proyecto se mantiene en cumplimiento seg\u00fan la revisi\u00f3n anual. En cuanto a la Condici\u00f3n 1, el proyecto no report\u00f3 cambios en su estado y las medidas provisionales contin\u00faan vigentes.<\/p>\n<p><strong>2023:<\/strong> No se identificaron cambios sustanciales ni problemas de cumplimiento. El proyecto se mantiene en cumplimiento seg\u00fan la revisi\u00f3n anual. En cuanto a la Condici\u00f3n 1, el proyecto no report\u00f3 cambios en su estado y las medidas provisionales contin\u00faan vigentes.<\/p>\n<p><strong>2022:<\/strong> No se identificaron cambios sustanciales ni problemas de cumplimiento. El proyecto se mantiene en cumplimiento seg\u00fan la revisi\u00f3n anual. En cuanto a la Condici\u00f3n 1, el proyecto no report\u00f3 cambios en su estado y las medidas provisionales contin\u00faan. El proyecto cambi\u00f3 de propietario en 2021.<\/p>\n<p><strong>2021:<\/strong> No se reportaron cambios ni problemas de cumplimiento. El proyecto se mantiene en cumplimiento seg\u00fan la revisi\u00f3n anual. En cuanto a la Condici\u00f3n 1, el proyecto inform\u00f3 que se est\u00e1 garantizando el paso provisional continuo de anguilas r\u00edo abajo mediante paradas nocturnas en caso de lluvia entre el 15 de agosto y el 15 de noviembre, de conformidad con la Condici\u00f3n 1 de la certificaci\u00f3n anterior (v\u00e9ase el Historial de Certificaci\u00f3n a continuaci\u00f3n).<\/p>\n<p><strong>2020:<\/strong> La presentaci\u00f3n de informes anuales para el Certificado actual a\u00fan no ha entrado en vigor.<\/p>\n<hr \/>\n<h3>Historial de certificaciones<\/h3>\n<p><strong>1 de enero de 2022:<\/strong> El plazo del Certificado LIHI se ha extendido de acuerdo con la Revisi\u00f3n 2.05 del Manual de Certificaci\u00f3n LIHI 2.\u00aa Edici\u00f3n emitido el 1 de enero de 2022. Consulte la tabla de instalaciones anterior para conocer el nuevo plazo.<\/p>\n<p><strong>17 de noviembre de 2020:<\/strong> La decisi\u00f3n de recertificar el Proyecto West Dudley qued\u00f3 firme tras el cierre del per\u00edodo de apelaciones el 15 de noviembre de 2020, sin que se presentaran apelaciones. El plazo de la certificaci\u00f3n es del 7 de abril de 2020 al 6 de abril de 2025.<\/p>\n<p><strong>16 de octubre de 2020:<\/strong> El Instituto de Energ\u00eda Hidroel\u00e9ctrica de Bajo Impacto (LIHI) ha aprobado preliminarmente la recertificaci\u00f3n del Proyecto West Dudley (LIHI #76) por un nuevo per\u00edodo de 5 a\u00f1os de Certificaci\u00f3n de Bajo Impacto. El proyecto se ubica en el r\u00edo Quinebaug, Massachusetts.<\/p>\n<p>Esta decisi\u00f3n es preliminar y est\u00e1 pendiente del per\u00edodo de apelaci\u00f3n de 30 d\u00edas. Solo aquellos que comentaron sobre la solicitud inicial durante el per\u00edodo de comentarios de 60 d\u00edas son elegibles para presentar una apelaci\u00f3n. Dicha apelaci\u00f3n debe incluir una explicaci\u00f3n de por qu\u00e9 el Proyecto no cumple con los criterios de LIHI. Las solicitudes de apelaci\u00f3n se pueden enviar por correo electr\u00f3nico a <a href=\"mailto:comments@lowimpacthydro.org\">comments@lowimpacthydro.org<\/a> con \u201cWest Dudley Project\u201d en la l\u00ednea de asunto, o por correo postal dirigido al Low Impact Hydropower Institute, 329 Massachusetts Ave, Suite 6, Lexington, MA 02420. Todas las solicitudes se publicar\u00e1n en el sitio web. El solicitante tendr\u00e1 la oportunidad de responder y cualquier respuesta tambi\u00e9n se publicar\u00e1. <strong>Las solicitudes deben recibirse antes de las 5 p. m., hora del Este, el 15 de noviembre de 2020.<\/strong> La solicitud completa y el informe del revisor est\u00e1n disponibles a continuaci\u00f3n. Si no se reciben solicitudes de apelaci\u00f3n y la decisi\u00f3n es definitiva, el plazo de certificaci\u00f3n del Proyecto ser\u00e1 del 7 de abril de 2020 al 6 de abril de 2025.<\/p>\n<p><strong>12 de agosto de 2020:<\/strong>El Instituto de Energ\u00eda Hidroel\u00e9ctrica de Bajo Impacto ha recibido una solicitud completa para la recertificaci\u00f3n de Bajo Impacto del Proyecto Hidroel\u00e9ctrico West Dudley. La solicitud completa se encuentra a continuaci\u00f3n.<\/p>\n<p>LIHI est\u00e1 buscando comentarios p\u00fablicos sobre esta solicitud. Comentarios que est\u00e9n directamente relacionados con criterios espec\u00edficos de LIHI (caudales, calidad del agua, <span class='tooltipsall tooltip_post_id_5566 classtoolTips59'>paso de peces<\/span>, etc.) ser\u00e1n de gran ayuda, pero todos los comentarios ser\u00e1n considerados. Pueden enviarse al Instituto por correo electr\u00f3nico a comments@lowimpacthydro.org con el asunto &quot;Comentarios del Proyecto West Dudley&quot;, o por correo postal dirigido al Instituto de Energ\u00eda Hidroel\u00e9ctrica de Bajo Impacto, 329 Massachusetts Avenue, Suite 6, Lexington, MA 02420. <strong>Los comentarios deben recibirse antes de las 5 p. m., hora del Este, el 11 de octubre de 2020 para ser considerados.<\/strong> Todos los comentarios se publicar\u00e1n en el sitio web y el solicitante tendr\u00e1 la oportunidad de responder. Las respuestas tambi\u00e9n se publicar\u00e1n.<\/p>\n<p><strong>6 de mayo de 2016:<\/strong> El Director Ejecutivo de LIHI, Michael J. Sale, en ejercicio de la autoridad delegada por la Junta Directiva de LIHI, ha certificado que el Proyecto Hidroel\u00e9ctrico West Dudley (FERC n.\u00b0 P-7254) cumple con los Criterios de Certificaci\u00f3n de LIHI. El 6 de abril de 2016 se anunci\u00f3 una Decisi\u00f3n Preliminar y se abri\u00f3 un plazo de apelaci\u00f3n de 30 d\u00edas, hasta el 6 de mayo de 2016. No se recibieron solicitudes de apelaci\u00f3n. Esta Decisi\u00f3n de Certificaci\u00f3n incluye una condici\u00f3n espec\u00edfica para la instalaci\u00f3n, a saber:<\/p>\n<ul style=\"color: black;\">\n<li><strong>Condici\u00f3n 1:<\/strong><span style=\"line-height: 1.5;\">El Propietario continuar\u00e1 proporcionando un paso provisional seguro, oportuno y eficaz r\u00edo abajo para la anguila americana anualmente, del 15 de agosto al 15 de noviembre. El Propietario suspender\u00e1 la generaci\u00f3n de agua desde el anochecer hasta el amanecer durante dicho per\u00edodo cuando se produzca cualquiera de las siguientes circunstancias: 1) una lluvia de 0,25 pulgadas o m\u00e1s en un per\u00edodo de 24 horas, o 2) un aumento de 50% en el caudal con respecto al caudal promedio de los tres d\u00edas anteriores (por ejemplo, si se produce una descarga sustancial de agua de un embalse aguas arriba). Las interrupciones de la generaci\u00f3n se prolongar\u00e1n durante 72 horas (es decir, tres noches).\u00a0<\/span>El Propietario deber\u00e1 mantener un registro durante este per\u00edodo, que incluya informaci\u00f3n horaria sobre la precipitaci\u00f3n y su generaci\u00f3n, y proporcionarlo anualmente a LIHI, al Servicio de Pesca y Vida Silvestre de los Estados Unidos y a la Divisi\u00f3n de Pesca y Vida Silvestre de Massachusetts antes del 31 de diciembre, hasta que se implementen las medidas permanentes. En caso de que el Servicio de Pesca y Vida Silvestre de los Estados Unidos o la Divisi\u00f3n de Pesca y Vida Silvestre de Massachusetts determinen que la medida provisional de paso aguas abajo descrita anteriormente no proporciona un paso seguro, oportuno y eficaz para las anguilas migratorias, el Propietario deber\u00e1 implementar otras medidas provisionales razonables, seg\u00fan lo soliciten estas agencias. El Propietario tambi\u00e9n podr\u00e1 proponer medidas alternativas para el paso de anguilas, si dichas medidas tienen una s\u00f3lida base t\u00e9cnica y cient\u00edfica. Durante la vigencia de esta certificaci\u00f3n, si una agencia de recursos solicita la implementaci\u00f3n de un paso permanente aguas abajo o aguas arriba en la Instalaci\u00f3n, el Propietario deber\u00e1 notificar a LIHI dentro de los 14 d\u00edas posteriores a dicha solicitud y proporcionarle una copia de la solicitud y de su respuesta.<\/li>\n<\/ul>\n<p>La fecha de certificaci\u00f3n efectiva para West Dudley es el 7 de abril de 2015 por un per\u00edodo de cinco (5) a\u00f1os, que vencer\u00e1 el 7 de abril de 2020.<\/p>\n<p><strong>4 de diciembre de 2015:<\/strong>\u00a0El 4 de diciembre de 2015, el Instituto de Energ\u00eda Hidroel\u00e9ctrica de Bajo Impacto recibi\u00f3 una solicitud completa para un nuevo per\u00edodo de Certificaci\u00f3n de Bajo Impacto para el proyecto hidroel\u00e9ctrico West Dudley. Los documentos de la solicitud se encuentran en la secci\u00f3n &quot;Archivos&quot; a continuaci\u00f3n.<\/p>\n<p>El per\u00edodo de comentarios p\u00fablicos para esta solicitud cerr\u00f3 el 8 de febrero de 2016.<\/p>\n<p><strong>22 de septiembre de 2011:<\/strong> El Proyecto Hidroel\u00e9ctrico West Dudley ha sido certificado como de bajo impacto por un per\u00edodo de cinco a\u00f1os, a partir del 7 de abril de 2011 y hasta el 7 de abril de 2016.<\/p>\n<p><strong>7 de abril de 2011:<\/strong> West Dudley Hydro, LLC ha presentado una solicitud para la certificaci\u00f3n del Proyecto West Dudley. El per\u00edodo de comentarios p\u00fablicos permanecer\u00e1 abierto durante 60 d\u00edas.<\/p>\n<hr \/>\n<h3>Archivos de certificaci\u00f3n<\/h3>\n<h4>Recertificaci\u00f3n 2020<\/h4>\n<ul style=\"color: black;\">\n<li><a href=\"https:\/\/lowimpacthydro.org\/wp-content\/uploads\/2020\/10\/West-Dudley-Stage-2-Recertification-Report.pdf\">Informe de recertificaci\u00f3n de West Dudley 2020<\/a><\/li>\n<li><a href=\"https:\/\/lowimpacthydro.org\/wp-content\/uploads\/2020\/08\/West-Dudley-LIHI-Application-2020_FINAL-1.pdf\">Solicitud de recertificaci\u00f3n de West Dudley 2020<\/a><\/li>\n<\/ul>\n<h4>Recertificaci\u00f3n 2015<\/h4>\n<ul>\n<li><a href=\"https:\/\/lowimpacthydro.org\/wp-content\/uploads\/2020\/07\/RecommendationMemoWestDudley_2015.pdf\">Memor\u00e1ndum de recomendaci\u00f3n de West Dudley 2015<\/a><\/li>\n<li><a href=\"https:\/\/lowimpacthydro.org\/wp-content\/uploads\/2020\/07\/LIHI-APPLICATION-2015.pdf\">Solicitud de recertificaci\u00f3n de West Dudley 2015<\/a><\/li>\n<li><a href=\"https:\/\/lowimpacthydro.org\/wp-content\/uploads\/2020\/07\/West-Dudley-2015-Recert_Attachments-1.pdf\">Anexos de la solicitud de recertificaci\u00f3n de West Dudley 2015<\/a><\/li>\n<\/ul>\n<h4>Certificaci\u00f3n 2011<\/h4>\n<ul style=\"color: black;\">\n<li><a href=\"https:\/\/lowimpacthydro.org\/wp-content\/uploads\/2020\/08\/WestDudleyCertificationFinalReport13Sept2011.pdf\">Informe de revisi\u00f3n de certificaci\u00f3n de West Dudley 2011<\/a><\/li>\n<li><a href=\"https:\/\/lowimpacthydro.org\/wp-content\/uploads\/2020\/08\/West-Dudley-LIHI-Application.doc\">Solicitud de certificaci\u00f3n de West Dudley<\/a><\/li>\n<li><\/li>\n<li><a href=\"https:\/\/lowimpacthydro.org\/wp-content\/uploads\/2020\/08\/Appendix-B-1-MA-DEP-Water-Quality-Sampling-Plan-dtd-March-7-2011.pdf\">Ap\u00e9ndice de la aplicaci\u00f3n \u2013 Plan de muestreo de la calidad del agua del Departamento de Protecci\u00f3n Ambiental de Massachusetts 2011<\/a><\/li>\n<li><a href=\"https:\/\/lowimpacthydro.org\/wp-content\/uploads\/2020\/08\/Appendix-C-1-Ltr-from-MA-Div-of-Fish-and-Wildlife-re-LIHI-application-dtd-March-16-2011.pdf\">Ap\u00e9ndice de la solicitud \u2013 Carta de comentarios de la Divisi\u00f3n de Pesca y Vida Silvestre de Massachusetts 2011<\/a><\/li>\n<li><a href=\"https:\/\/lowimpacthydro.org\/wp-content\/uploads\/2020\/08\/Appendix-C-2-Email-to-US-Fish-and-Wildlife-requesting-comments.pdf\">Ap\u00e9ndice de la solicitud \u2013 Solicitud de comentarios del Servicio de Pesca y Vida Silvestre de EE. UU.<\/a><\/li>\n<li><a href=\"https:\/\/lowimpacthydro.org\/wp-content\/uploads\/2020\/08\/senator-Moore-Mass.pdf\">Carta del senador Moore de Massachusetts<\/a><\/li>\n<li><a href=\"https:\/\/lowimpacthydro.org\/wp-content\/uploads\/2020\/08\/DudleyTrailGreenwayCmts.pdf\">Carta de comentarios sobre la V\u00eda Verde del Sendero Dudley<\/a><\/li>\n<li><a href=\"https:\/\/lowimpacthydro.org\/wp-content\/uploads\/2020\/08\/TheGreenValley.pdf\">La \u00faltima carta de comentarios de Green Valley<\/a><\/li>\n<\/ul>\n<hr \/>\n<h3>Documentos clave<\/h3>\n<ul>\n<li><a href=\"https:\/\/lowimpacthydro.org\/wp-content\/uploads\/2020\/08\/Appendix-1-1-Order-Granting-Exemption-from-Licensing-dated-June-10-1983.pdf\">1983 FERC <span class='tooltipsall tooltip_post_id_5562 classtoolTips113'>Exenci\u00f3n<\/span><\/a><\/li>\n<li><a href=\"https:\/\/lowimpacthydro.org\/wp-content\/uploads\/2023\/06\/1998-FERC-amendment-West-Dudley.pdf\">Enmienda de la FERC de 1998<\/a><\/li>\n<\/ul>","protected":false},"excerpt":{"rendered":"<p>Project Name West Dudley LIHI Certificate No. 76 LIHI Certificate Term April 7, 2020 &#8211; April 6, 2030 Owner West Dudley Hydro Bros LLC State Massachusetts<span class=\"excerpt-hellip\"> [\u2026]<\/span><\/p>\n","protected":false},"author":3,"featured_media":-1,"parent":0,"menu_order":0,"comment_status":"closed","ping_status":"closed","template":"","meta":{"_coblocks_attr":"","_coblocks_dimensions":"","_coblocks_responsive_height":"","_coblocks_accordion_ie_support":"","om_disable_all_campaigns":false,"_monsterinsights_skip_tracking":false,"_monsterinsights_sitenote_active":false,"_monsterinsights_sitenote_note":"","_monsterinsights_sitenote_category":0,"footnotes":""},"class_list":["post-1651","page","type-page","status-publish","has-post-thumbnail","hentry"],"aioseo_notices":[],"_links":{"self":[{"href":"https:\/\/lowimpacthydro.org\/es\/wp-json\/wp\/v2\/pages\/1651","targetHints":{"allow":["GET"]}}],"collection":[{"href":"https:\/\/lowimpacthydro.org\/es\/wp-json\/wp\/v2\/pages"}],"about":[{"href":"https:\/\/lowimpacthydro.org\/es\/wp-json\/wp\/v2\/types\/page"}],"author":[{"embeddable":true,"href":"https:\/\/lowimpacthydro.org\/es\/wp-json\/wp\/v2\/users\/3"}],"replies":[{"embeddable":true,"href":"https:\/\/lowimpacthydro.org\/es\/wp-json\/wp\/v2\/comments?post=1651"}],"version-history":[{"count":13,"href":"https:\/\/lowimpacthydro.org\/es\/wp-json\/wp\/v2\/pages\/1651\/revisions"}],"predecessor-version":[{"id":10451,"href":"https:\/\/lowimpacthydro.org\/es\/wp-json\/wp\/v2\/pages\/1651\/revisions\/10451"}],"wp:featuredmedia":[{"embeddable":true,"href":"https:\/\/lowimpacthydro.org\/es\/wp-json\/"}],"wp:attachment":[{"href":"https:\/\/lowimpacthydro.org\/es\/wp-json\/wp\/v2\/media?parent=1651"}],"curies":[{"name":"gracias","href":"https:\/\/api.w.org\/{rel}","templated":true}]}}