{"id":1633,"date":"2020-07-26T09:47:57","date_gmt":"2020-07-26T13:47:57","guid":{"rendered":"https:\/\/lowimpacthydro.org\/?page_id=1633"},"modified":"2025-10-13T13:03:32","modified_gmt":"2025-10-13T17:03:32","slug":"lihi-certificate-79-benton-falls-maine","status":"publish","type":"page","link":"https:\/\/lowimpacthydro.org\/es\/lihi-certificate-79-benton-falls-maine\/","title":{"rendered":"Certificado LIHI #79 \u2013 Benton Falls, Maine"},"content":{"rendered":"<table class=\"alignright\" style=\"width: 351px; border: 2px; cellspacing: 2px; cellpadding: 2px; margin-left: 50px;\">\n<tbody>\n<tr>\n<td style=\"width: 142px;\"><strong>Nombre del proyecto<\/strong><\/td>\n<td style=\"width: 225px;\">Cataratas Benton<\/td>\n<\/tr>\n<tr>\n<td style=\"width: 142px;\"><strong>Certificado LIHI No.<\/strong><\/td>\n<td style=\"width: 225px;\">79<\/td>\n<\/tr>\n<tr>\n<td style=\"width: 142px;\"><strong>Plazo del certificado LIHI<br \/>\n<\/strong><\/td>\n<td style=\"width: 225px;\">23 de noviembre de 2020 \u2013<br \/>\n22 de noviembre de 2030<\/td>\n<\/tr>\n<tr>\n<td style=\"width: 142px;\"><strong>Due\u00f1o<\/strong><\/td>\n<td style=\"width: 225px;\">Benton Falls Associates, una subsidiaria de Essex Hydro Associates, LLC<\/td>\n<\/tr>\n<tr>\n<td style=\"width: 142px;\"><strong>Estado<\/strong><\/td>\n<td style=\"width: 225px;\">Maine<\/td>\n<\/tr>\n<tr>\n<td style=\"width: 142px;\"><strong>Ubicaci\u00f3n<\/strong><\/td>\n<td style=\"width: 225px;\">Ubicado en la milla fluvial 5.3 del r\u00edo Sebasticook en el pueblo de Benton, Maine.<\/td>\n<\/tr>\n<tr>\n<td style=\"width: 142px;\"><strong>Capacidad instalada<\/strong><\/td>\n<td style=\"width: 225px;\">4,33 MW<\/td>\n<\/tr>\n<tr>\n<td style=\"width: 142px;\"><strong>Generaci\u00f3n media anual<\/strong><\/td>\n<td style=\"width: 225px;\">14.963 MWh<\/td>\n<\/tr>\n<tr>\n<td style=\"width: 142px;\"><strong>Tipo de instalaci\u00f3n<\/strong><\/td>\n<td style=\"width: 225px;\"><span class='tooltipsall tooltip_post_id_5643 classtoolTips52'>De pasada<\/span><\/td>\n<\/tr>\n<tr>\n<td style=\"width: 142px;\"><strong><span class='tooltipsall tooltip_post_id_5565 classtoolTips152'>Comisi\u00f3n Federal de Comercio<\/span> No.<\/strong><\/td>\n<td style=\"width: 225px;\">P-5073 emitido en 1984, vence el 28\/02\/2034<\/td>\n<\/tr>\n<\/tbody>\n<\/table>\n<p>El Proyecto Benton Falls est\u00e1 ubicado en el r\u00edo Sebasticook en Benton, Maine y es el primero <span class='tooltipsall tooltip_post_id_5545 classtoolTips158'>presa<\/span> En el r\u00edo, ubicado a 8,5 kil\u00f3metros aguas arriba de la confluencia de los r\u00edos Sebasticook y Kennebec. El Burnham <span class='tooltipsall tooltip_post_id_5545 classtoolTips158'>Presa<\/span> El proyecto est\u00e1 ubicado aguas arriba del proyecto en Pittsfield, ME.<\/p>\n<p>El r\u00edo Sebasticook tiene una cuenca de 975 millas cuadradas y es la subcuenca m\u00e1s grande del sistema fluvial Kennebec. La presa actual se termin\u00f3 de construir en 1984. Se ubica en el mismo sitio que una presa anterior, destruida por las inundaciones de 1936.<\/p>\n<p>Las obras del proyecto consisten en un puente de hormig\u00f3n de 500 pies de largo y 27 pies de alto. <span class='tooltipsall tooltip_post_id_5580 classtoolTips81'>presa de gravedad<\/span> con un sistema integral sin control de 300 pies de largo <span class='tooltipsall tooltip_post_id_5651 classtoolTips116'>aliviadero<\/span> coronado por una monta\u00f1a de 4 pies de altura <span class='tooltipsall tooltip_post_id_5569 classtoolTips79'>tableros de flash<\/span>; a <span class='tooltipsall tooltip_post_id_5624 classtoolTips102'>central el\u00e9ctrica<\/span> Ubicado cerca de la presa oeste <span class='tooltipsall tooltip_post_id_5514 classtoolTips118'>contrafuerte<\/span>, construido integralmente con la presa, que contiene dos turbinas\/generadores Kaplan horizontales con una capacidad nominal total de 4,468 MW; un canal de descarga de 350 pies de largo; y un elevador de peces que contiene una tolva de 600 galones y un tiempo de ciclo m\u00ednimo de aproximadamente siete minutos.<\/p>\n<p>El proyecto opera en un <span class='tooltipsall tooltip_post_id_5643 classtoolTips52'>de pasada<\/span> El proyecto est\u00e1 dise\u00f1ado para contener un embalse de 84 acres. No hay tramo desviado. Las operaciones instant\u00e1neas de pasada ayudan a proteger los recursos pesqueros y de vida silvestre, as\u00ed como la calidad del agua. Se utiliza un transductor de presi\u00f3n para monitorear la elevaci\u00f3n de la superficie del agua y garantizar que el caudal de entrada al proyecto coincida con el de salida.<\/p>\n<p>Las aguas dentro del alcance del proyecto est\u00e1n designadas como Clase C, logrando usos tales como h\u00e1bitat de biota acu\u00e1tica y <span class='tooltipsall tooltip_post_id_5646 classtoolTips7'>recreaci\u00f3n secundaria<\/span>En 2017, se realizaron muestreos de la calidad del agua para determinar el impacto del proyecto en el sistema fluvial. El Departamento de Protecci\u00f3n Ambiental de Maine concluy\u00f3 que el proyecto no causa ni contribuye al incumplimiento de las normas estatales de calidad del agua.<\/p>\n<p>El r\u00edo Sebasticook alberga varias especies de peces migratorios. <span class='tooltipsall tooltip_post_id_5566 classtoolTips59'>paso de peces<\/span> La instalaci\u00f3n consta de un elevador de peces dise\u00f1ado para el paso de s\u00e1balos americanos, s\u00e1balos americanos y salm\u00f3n del Atl\u00e1ntico. El paso aguas arriba para la anguila americana se proporciona mediante una rampa ubicada en el lado este del aliviadero de hormig\u00f3n. El paso aguas abajo est\u00e1 dise\u00f1ado para el paso de todas las especies y consta de un sistema de derivaci\u00f3n superficial (dos tomas de 90 cm de ancho que conducen a una c\u00e1mara de transici\u00f3n y luego una tuber\u00eda de derivaci\u00f3n de 61 cm con una capacidad total de 11,4 m\u00b3\/s). Las instalaciones de paso aguas arriba y aguas abajo entraron en funcionamiento en la primavera de 2006 y han tenido un gran \u00e9xito. En 2020, el elevador estuvo en funcionamiento del 7 de mayo al 30 de junio y dej\u00f3 pasar 2.847.171 arenques de r\u00edo y 10 s\u00e1balos americanos. No se observ\u00f3 salm\u00f3n del Atl\u00e1ntico pasando por el elevador. En 2021, se contabilizaron 30.067 anguilas americanas utilizando el sistema aguas arriba. <span class='tooltipsall tooltip_post_id_5556 classtoolTips98'>rampa para anguilas<\/span> y un promedio de 9,283 han pasado anualmente desde 2015. El propietario del proyecto actualmente est\u00e1 colaborando con el Departamento de Recursos Marinos de Maine para monitorear la efectividad de la instalaci\u00f3n de paso de anguilas utilizando un sonar para registrar el movimiento de las especies de anguilas y el \u00e9xito al atravesar la instalaci\u00f3n de paso.<\/p>\n<p>Los terrenos del proyecto abarcan 27 acres. Benton Village y Benton Falls se asientan en un amplio valle atravesado por profundos dep\u00f3sitos marinos y lacustres de grava, arena, limo y arcilla superficial. La topograf\u00eda, generalmente plana o ligeramente ondulada, del valle est\u00e1 atravesada por las escarpadas barrancas del r\u00edo Sebasticook. Las escarpadas orillas y el lecho del r\u00edo incluyen afloramientos prominentes, que peri\u00f3dicamente resurgen r\u00edo arriba hasta el extremo superior de la poza del proyecto. El r\u00edo Sebasticook est\u00e1 bordeado en ambas orillas por franjas de suelo franco limoso relativamente empinado (con una pendiente del 8 al 15%). Las tierras cercanas al r\u00edo son principalmente forestales, con usos agr\u00edcolas, residenciales y comerciales a peque\u00f1a escala. Las operaciones de pasada mitigan cualquier impacto del proyecto en la costa circundante.<\/p>\n<p>Las especies amenazadas o en peligro de extinci\u00f3n potencialmente presentes en las inmediaciones del proyecto incluyen el salm\u00f3n del Atl\u00e1ntico y el murci\u00e9lago orejudo del norte. Es probable que esta especie de murci\u00e9lago sea solo transitoria en el \u00e1rea del proyecto y no existe un h\u00e1bitat cr\u00edtico en su tramo. El h\u00e1bitat cr\u00edtico para el salm\u00f3n del Atl\u00e1ntico est\u00e1 designado en el cauce principal del r\u00edo Kennebec, tanto aguas arriba como aguas abajo de la confluencia del r\u00edo Sebasticook, pero la designaci\u00f3n no se extiende hasta este r\u00edo. Basado en una estimaci\u00f3n de supervivencia del salm\u00f3n obtenida a trav\u00e9s de un ordenador. <span class='tooltipsall tooltip_post_id_5558 classtoolTips77'>arrastre<\/span>Existe una alta probabilidad de supervivencia de salmones j\u00f3venes en todas las rutas de paso r\u00edo abajo. El proyecto opera de acuerdo con su plan de protecci\u00f3n de especies de salm\u00f3n del Atl\u00e1ntico. Las especies registradas por el estado incluyen tres especies de mejillones de agua dulce y siete especies adicionales de murci\u00e9lagos. Es poco probable que las operaciones de pasada afecten a los mejillones, y cualquier tala de \u00e1rboles necesaria se realizar\u00eda de acuerdo con los requisitos del Servicio de Pesca y Vida Silvestre de Estados Unidos.<\/p>\n<p>Existen varios sitios arqueol\u00f3gicos en la zona del proyecto; por lo tanto, se implement\u00f3 un plan de gesti\u00f3n de recursos culturales. Se realiz\u00f3 un monitoreo de la erosi\u00f3n durante veinte a\u00f1os para garantizar que las operaciones del proyecto no afectaran negativamente a estos sitios. La Comisi\u00f3n de Preservaci\u00f3n Hist\u00f3rica de Maine ha concluido que el proyecto no causa da\u00f1os significativos por erosi\u00f3n.<\/p>\n<p>Los recursos recreativos del proyecto incluyen un porteo para canoas, acceso para pescar y una rampa para embarcaciones. Estas oportunidades recreativas se desarrollaron en colaboraci\u00f3n con el Departamento del Interior de los Estados Unidos, la Oficina de Parques y Recreaci\u00f3n de Maine y la ciudad de Benton, Maine. Como resultado del exitoso programa de restauraci\u00f3n pesquera, el Departamento de Recursos Marinos de Maine emiti\u00f3 un permiso de pesca de s\u00e1balo americano a la ciudad de Benton. El propietario del proyecto tiene un acuerdo de cooperaci\u00f3n con la ciudad para utilizar las tierras del proyecto para la pesca de s\u00e1balo americano excedente para los objetivos de migraci\u00f3n r\u00edo arriba del estado. El acceso p\u00fablico es gratuito.<\/p>\n<hr \/>\n<h3>Estado de cumplimiento<\/h3>\n<p><strong>El Certificado incluye las siguientes condiciones espec\u00edficas de la instalaci\u00f3n:<\/strong><\/p>\n<p><strong>Condici\u00f3n 1: <\/strong> El propietario de la instalaci\u00f3n dise\u00f1ar\u00e1 y realizar\u00e1 estudios de efectividad del paso aguas abajo si as\u00ed lo solicitan las agencias de recursos y en consulta con ellas. Junto con las declaraciones anuales de cumplimiento, el propietario de la instalaci\u00f3n presentar\u00e1 copias del Informe Operativo Anual de la Instalaci\u00f3n del Paso de Peces y Anguilas y del Plan Operativo Propuesto, as\u00ed como, si corresponde, los planes, calendarios e informes, incluyendo las observaciones de las agencias, para los estudios del paso aguas abajo que se realicen.<\/p>\n<p><strong>2025:<\/strong> No se identificaron cambios sustanciales ni problemas de cumplimiento. El proyecto se mantiene en cumplimiento seg\u00fan la revisi\u00f3n anual. Para la Condici\u00f3n 1, el proyecto no report\u00f3 solicitudes de estudios y present\u00f3 el informe anual. El proyecto tambi\u00e9n inform\u00f3 la implementaci\u00f3n del plan de protecci\u00f3n de especies para el salm\u00f3n del Atl\u00e1ntico y el esturi\u00f3n, seg\u00fan su plan de protecci\u00f3n de especies.<\/p>\n<p><strong>2024:<\/strong> No se identificaron cambios sustanciales ni problemas de cumplimiento. El proyecto se mantiene en cumplimiento seg\u00fan la revisi\u00f3n anual. Para la Condici\u00f3n 1, el proyecto no report\u00f3 solicitudes de estudios y present\u00f3 el informe anual.<\/p>\n<p><strong>2023:<\/strong> No se identificaron cambios sustanciales ni problemas de cumplimiento. El proyecto se mantiene en cumplimiento seg\u00fan la revisi\u00f3n anual. Para la Condici\u00f3n 1, el proyecto no report\u00f3 solicitudes de estudios y present\u00f3 el informe anual. El proyecto tambi\u00e9n report\u00f3 haber recibido una Opini\u00f3n Biol\u00f3gica de la NOAA\/NMFS en relaci\u00f3n con el salm\u00f3n del Atl\u00e1ntico y el esturi\u00f3n.<\/p>\n<p><strong>2022:<\/strong> No se identificaron cambios sustanciales ni problemas de cumplimiento. El proyecto se mantiene en cumplimiento seg\u00fan la revisi\u00f3n anual. Para la Condici\u00f3n 1, el proyecto no report\u00f3 solicitudes de estudios y present\u00f3 el informe anual.<\/p>\n<p><strong>2021:<\/strong> La presentaci\u00f3n de informes anuales para el Certificado actual a\u00fan no ha entrado en vigor.<\/p>\n<hr \/>\n<h3>Historial de certificaciones<\/h3>\n<p><strong>14 de enero de 2022:<\/strong> El Instituto de Energ\u00eda Hidroel\u00e9ctrica de Bajo Impacto ha emitido una decisi\u00f3n final sobre la recertificaci\u00f3n del Proyecto Benton Falls. El plazo de apelaci\u00f3n de 30 d\u00edas finaliz\u00f3 el 13 de enero de 2022 y no se presentaron apelaciones. Por lo tanto, la decisi\u00f3n de recertificar el proyecto es definitiva. El nuevo plazo es del 23 de octubre de 2020 al 22 de octubre de 2030, lo que refleja la extensi\u00f3n de los plazos de los Certificados que entr\u00f3 en vigor el 1 de enero de 2022.<\/p>\n<p><strong>14 de diciembre de 2021:<\/strong> El Instituto de Energ\u00eda Hidroel\u00e9ctrica de Bajo Impacto (LIHI) ha aprobado preliminarmente el Proyecto Benton Falls para un nuevo per\u00edodo de Certificaci\u00f3n de Bajo Impacto. Esta decisi\u00f3n es preliminar y est\u00e1 pendiente del plazo de apelaci\u00f3n de 30 d\u00edas. Solo quienes comentaron sobre la solicitud inicial durante el plazo de 60 d\u00edas pueden presentar una apelaci\u00f3n. Dicha apelaci\u00f3n debe incluir una explicaci\u00f3n de por qu\u00e9 el Proyecto no cumple con los criterios del LIHI. Las solicitudes de apelaci\u00f3n pueden enviarse por correo electr\u00f3nico a <a href=\"#\">comments@lowimpacthydro.org<\/a> Con el asunto &quot;Proyecto Benton Falls&quot;, o por correo postal dirigido al Instituto de Energ\u00eda Hidroel\u00e9ctrica de Bajo Impacto, 1167 Massachusetts Ave, Oficina 407, Arlington, MA 02476. Todas las solicitudes se publicar\u00e1n en el sitio web. El solicitante tendr\u00e1 la oportunidad de responder, y cualquier respuesta tambi\u00e9n se publicar\u00e1. <strong>Las solicitudes deben recibirse antes de las 5 p. m., hora del Este, el 13 de enero de 2022. <\/strong>La solicitud completa y el informe del revisor est\u00e1n disponibles a continuaci\u00f3n. Si no se reciben solicitudes de apelaci\u00f3n y la decisi\u00f3n es definitiva, el plazo de certificaci\u00f3n del Proyecto ser\u00e1 del 23 de noviembre de 2020 al 22 de noviembre de 2025.<\/p>\n<p><strong>5 de octubre de 2021:<\/strong> El Instituto de Energ\u00eda Hidroel\u00e9ctrica de Bajo Impacto (LIHI) ha recibido una solicitud completa de recertificaci\u00f3n de Benton Falls Associates, LP para el Proyecto Benton Falls, ubicado en el r\u00edo Sebasticook, Maine. LIHI solicita comentarios sobre esta solicitud. Los comentarios directamente relacionados con criterios espec\u00edficos de LIHI (caudales, calidad del agua, paso de peces, etc.) ser\u00e1n de gran ayuda, pero todos los comentarios ser\u00e1n considerados. Los comentarios pueden enviarse a LIHI por correo electr\u00f3nico a <a href=\"#\">comments@lowimpacthydro.org<\/a> con \u201cComentarios del Proyecto Benton Falls\u201d en la l\u00ednea de asunto, o por correo dirigido al Low Impact Hydropower Institute, 1167 Massachusetts Avenue, Oficina 407, Arlington, MA 02476. <strong>Los comentarios deben recibirse en el Instituto antes de las 5 p. m., hora del Este, el 4 de diciembre de 2021 para ser considerados.<\/strong> Todos los comentarios se publicar\u00e1n en el sitio web y el solicitante tendr\u00e1 la oportunidad de responder. Las respuestas tambi\u00e9n se publicar\u00e1n. La solicitud completa se puede encontrar a continuaci\u00f3n.<\/p>\n<p><strong>6 de junio de 2016:<\/strong>\u00a0El Director Ejecutivo de LIHI, Michael J. Sale, en ejercicio de la autoridad delegada por la Junta Directiva de LIHI, ha certificado que el Proyecto Hidroel\u00e9ctrico Benton Falls (FERC n.\u00b0 P-5073) cumple con los Criterios de Certificaci\u00f3n de LIHI. El 4 de mayo de 2016 se anunci\u00f3 una Decisi\u00f3n Preliminar de Certificaci\u00f3n, y se abri\u00f3 un plazo de apelaci\u00f3n de 30 d\u00edas hasta el 5 de junio de 2016. No se recibieron solicitudes de apelaci\u00f3n. Esta Decisi\u00f3n de Certificaci\u00f3n incluye tres condiciones espec\u00edficas para cada instalaci\u00f3n, a saber:<\/p>\n<ul style=\"color: black;\">\n<li><strong><em>Contin\u00faa con modificaciones en la recertificaci\u00f3n de 2021.<\/em> Condici\u00f3n 1.<\/strong>\u00a0 Si las agencias de gesti\u00f3n de recursos (MDMR, MIFWS, USFWS y\/o NMFS) determinan que un n\u00famero suficiente de salm\u00f3n del Atl\u00e1ntico y\/o s\u00e1balo americano ha pasado aguas arriba de la instalaci\u00f3n, o se ha producido otro factor desencadenante, el Propietario realizar\u00e1 estudios de efectividad del paso de peces para demostrar que el salm\u00f3n del Atl\u00e1ntico y\/o el s\u00e1balo americano se est\u00e1 pasando de forma segura aguas abajo de la instalaci\u00f3n durante la migraci\u00f3n. El Propietario notificar\u00e1 a LIHI dentro de los 30 d\u00edas siguientes a que la(s) agencia(s) de recursos correspondiente(s) determine(n) que se requieren dichas pruebas de efectividad del paso de peces. Posteriormente, el Propietario consultar\u00e1 con las agencias sobre el dise\u00f1o e implementaci\u00f3n de estos estudios, permiti\u00e9ndoles participar en las pruebas si as\u00ed lo desean. El Propietario proporcionar\u00e1 a LIHI los resultados de las pruebas, junto con una evaluaci\u00f3n realizada por las agencias sobre si consideran que los m\u00e9todos actuales de paso aguas abajo proporcionan un paso seguro y efectivo. Esta condici\u00f3n puede cumplirse proporcionando a LIHI una copia del Informe Operativo Anual de la Instalaci\u00f3n de Paso de Peces y Anguilas y del Plan Operativo Propuesto, siempre que dicho informe contenga datos y posturas pertinentes de las agencias con respecto al paso de peces.<\/li>\n<li><strong><em>Satisfecho en 2021 con el inicio de la consulta de la ESA.<\/em> Condici\u00f3n 2.<\/strong>\u00a0 Como parte de la declaraci\u00f3n anual de cumplimiento a LIHI, el propietario debe incluir documentaci\u00f3n de las consultas en curso con el NMFS sobre el salm\u00f3n del Atl\u00e1ntico, de conformidad con la Ley de Especies en Peligro de Extinci\u00f3n. El calendario de estas consultas se establecer\u00e1 mediante acuerdo entre el propietario y el NMFS. LIHI ser\u00e1 notificado de este calendario dentro de los 30 d\u00edas posteriores a su establecimiento. LIHI tambi\u00e9n recibir\u00e1 una copia de cualquier estudio o autorizaci\u00f3n emitidos durante el per\u00edodo de certificaci\u00f3n sobre este tema.<\/li>\n<li><strong><em>Condici\u00f3n satisfecha 2017.<\/em> Condici\u00f3n 3.<\/strong>\u00a0 Para contribuir a la gesti\u00f3n de la calidad del agua en la parte baja del r\u00edo Sebasticook, el propietario implementar\u00e1 un plan de muestreo de la calidad del agua aprobado por el MEDEP que eval\u00fae el papel de la presa y el embalse de Benton Falls en el incumplimiento del r\u00edo e informar\u00e1 a LIHI y al MDEP sobre los hallazgos. Adem\u00e1s de los nuevos datos sobre la calidad del agua, el propietario describir\u00e1 otras descargas puntuales en las inmediaciones de la instalaci\u00f3n para contextualizar sus posibles efectos. El propietario obtendr\u00e1 una carta del MDEP sobre su evaluaci\u00f3n de si la instalaci\u00f3n de Benton Falls es la causa del incumplimiento y la presentar\u00e1 a LIHI dentro de los 30 d\u00edas posteriores a su recepci\u00f3n.<\/li>\n<\/ul>\n<p>La fecha de certificaci\u00f3n efectiva del Proyecto Benton Falls es el 23 de noviembre de 2015 por un per\u00edodo de cinco (5) a\u00f1os, que vencer\u00e1 el 23 de noviembre de 2020.<\/p>\n<p><strong>12 de noviembre de 2015:<\/strong>\u00a0El Instituto de Energ\u00eda Hidroel\u00e9ctrica de Bajo Impacto ha recibido una solicitud completa para un nuevo per\u00edodo de Certificaci\u00f3n de Bajo Impacto para el proyecto hidroel\u00e9ctrico Benton Falls. Los documentos de la solicitud se encuentran en la secci\u00f3n Archivos a continuaci\u00f3n.<\/p>\n<p>El per\u00edodo de comentarios p\u00fablicos para esta solicitud cerr\u00f3 el 11 de enero de 2015.<\/p>\n<p><strong>31 de octubre de 2011:<\/strong> El Proyecto Hidroel\u00e9ctrico Benton Falls ha sido certificado como de bajo impacto por un per\u00edodo de cinco a\u00f1os, a partir del 23 de noviembre de 2010 y hasta el 23 de noviembre de 2015.<\/p>\n<p><strong>23 de noviembre de 2010:<\/strong> Benton Falls Associates ha presentado una solicitud de certificaci\u00f3n para el Proyecto Hidroel\u00e9ctrico Benton Falls. El periodo de consulta p\u00fablica sobre la solicitud permanecer\u00e1 abierto durante 60 d\u00edas.<\/p>\n<hr \/>\n<h3>Archivos de certificaci\u00f3n<\/h3>\n<h4>Recertificaci\u00f3n 2021<\/h4>\n<ul style=\"color: black;\">\n<li><a href=\"https:\/\/lowimpacthydro.org\/wp-content\/uploads\/2023\/05\/Benton-Falls-Stage-II-LIHI-report-final.pdf\">Informe de revisi\u00f3n de la recertificaci\u00f3n de Benton Falls 2021<\/a><\/li>\n<li><a href=\"https:\/\/lowimpacthydro.org\/wp-content\/uploads\/2021\/10\/BF-LIHI-recertification-application-July-2021-complete.pdf\">Solicitud de recertificaci\u00f3n de Benton Falls<\/a><\/li>\n<\/ul>\n<h4>Recertificaci\u00f3n 2015<\/h4>\n<ul style=\"color: black;\">\n<li><a href=\"https:\/\/lowimpacthydro.org\/wp-content\/uploads\/2020\/07\/Benton-Falls-Recertification-Report_final.pdf\">Informe de revisi\u00f3n de recertificaci\u00f3n de Benton Falls<\/a><\/li>\n<li><a href=\"https:\/\/lowimpacthydro.org\/wp-content\/uploads\/2020\/07\/LIHI_QUESTIONNAIRE_Benton-Falls-Hydroelectric-Project-Recertification.pdf\">Cuestionario de recertificaci\u00f3n de Benton Falls<\/a><\/li>\n<li><a href=\"https:\/\/lowimpacthydro.org\/wp-content\/uploads\/2020\/07\/Benton-Falls-2015-Recert_Appendix-1-4.pdf\">Ap\u00e9ndice 1-4 de la solicitud de recertificaci\u00f3n de Benton Falls<\/a><\/li>\n<li><a href=\"https:\/\/lowimpacthydro.org\/wp-content\/uploads\/2020\/07\/Benton-Falls-2015-Recert_Appendix-5-11.pdf\">Ap\u00e9ndice 5-11 de la solicitud de recertificaci\u00f3n de Benton Falls<\/a><\/li>\n<li><a href=\"https:\/\/lowimpacthydro.org\/wp-content\/uploads\/2020\/07\/CommentMaineDEP20160122.pdf\">Carta de comentarios del Departamento de Protecci\u00f3n Ambiental de Maine: Recertificaci\u00f3n de Benton Falls<\/a><\/li>\n<li><a href=\"https:\/\/lowimpacthydro.org\/wp-content\/uploads\/2020\/08\/Appendix-2-Ownership-Regulatory-Status.pdf\">Ap\u00e9ndice de la solicitud: Estado regulatorio de la propiedad<\/a><\/li>\n<li><a href=\"https:\/\/lowimpacthydro.org\/wp-content\/uploads\/2020\/08\/Appendix-3-Authorities-Agencies-Contacted.pdf\">Ap\u00e9ndice de la solicitud \u2013 Agencias de autoridad contactadas<\/a><\/li>\n<\/ul>\n<h4>Certificaci\u00f3n 2010<\/h4>\n<ul style=\"color: black;\">\n<li><a href=\"https:\/\/lowimpacthydro.org\/wp-content\/uploads\/2020\/08\/Benton-Falls-final-review-10.17.11.pdf\">Informe de revisi\u00f3n de la certificaci\u00f3n de Benton Falls 2011<\/a><\/li>\n<li><a href=\"https:\/\/lowimpacthydro.org\/wp-content\/uploads\/2020\/08\/Benton-Falls-LIHI-Questionnaire.pdf\">Cuestionario de certificaci\u00f3n de Benton Falls<\/a><\/li>\n<li><a href=\"https:\/\/lowimpacthydro.org\/wp-content\/uploads\/2020\/08\/Appendix-A-Description-of-Project-Flows.pdf\">Ap\u00e9ndice de aplicaci\u00f3n: Descripci\u00f3n de los flujos del proyecto<\/a><\/li>\n<li><a href=\"https:\/\/lowimpacthydro.org\/wp-content\/uploads\/2020\/08\/Appendix-C-Fish-Passage-and-Protection.pdf\">Ap\u00e9ndice de solicitud \u2013 <span class='tooltipsall tooltip_post_id_5566 classtoolTips59'>Paso de peces<\/span> y protecci\u00f3n<\/a><\/li>\n<li><a href=\"https:\/\/lowimpacthydro.org\/wp-content\/uploads\/2020\/08\/Doug-Watts-Benton-Falls-Comments-1-6-11.pdf\">Carta de comentarios de Doug Watts \u2013 Certificaci\u00f3n de Benton Falls<\/a><\/li>\n<\/ul>\n<hr \/>\n<h3>Documentos clave<\/h3>\n<ul>\n<li><a href=\"https:\/\/lowimpacthydro.org\/wp-content\/uploads\/2020\/08\/Appendix-2-1-FERC-License-Issued-March-8-1984.pdf\">Licencia FERC de 1984<\/a><\/li>\n<li><a href=\"https:\/\/lowimpacthydro.org\/wp-content\/uploads\/2020\/08\/Appendix-2-2-FERC-License-Amendment-Order-May-3-1988.pdf\">Enmienda de la licencia de 1988<\/a><\/li>\n<li><a href=\"https:\/\/lowimpacthydro.org\/wp-content\/uploads\/2023\/06\/19890201-FERC-License-Amendment-Benton.pdf\">Enmienda de la licencia de 1989<\/a><\/li>\n<li><a href=\"https:\/\/lowimpacthydro.org\/wp-content\/uploads\/2023\/06\/Benton-water-quality-certificate-1983.pdf\">Certificaci\u00f3n de calidad del agua de 1983<\/a><\/li>\n<li><a href=\"https:\/\/lowimpacthydro.org\/wp-content\/uploads\/2023\/06\/Benton-water-quality-certificate-amendment-2005.pdf\">Enmienda de 2005 a la certificaci\u00f3n de la calidad del agua<\/a><\/li>\n<li><a href=\"https:\/\/lowimpacthydro.org\/wp-content\/uploads\/2023\/06\/19980529-KDHG-Settlement-Agreement-Edwards-Dam-et-al.pdf\">Acuerdo de conciliaci\u00f3n integral sobre energ\u00eda hidroel\u00e9ctrica del Bajo R\u00edo Kennebec de 1998<\/a><\/li>\n<\/ul>","protected":false},"excerpt":{"rendered":"<p>Project Name Benton Falls LIHI Certificate No. 79 LIHI Certificate Term November 23, 2020 &#8211; November 22, 2030 Owner Benton Falls Associates, a subsidiary of Essex<span class=\"excerpt-hellip\"> [\u2026]<\/span><\/p>\n","protected":false},"author":3,"featured_media":-1,"parent":0,"menu_order":0,"comment_status":"closed","ping_status":"closed","template":"","meta":{"_coblocks_attr":"","_coblocks_dimensions":"","_coblocks_responsive_height":"","_coblocks_accordion_ie_support":"","om_disable_all_campaigns":false,"_monsterinsights_skip_tracking":false,"_monsterinsights_sitenote_active":false,"_monsterinsights_sitenote_note":"","_monsterinsights_sitenote_category":0,"footnotes":""},"class_list":["post-1633","page","type-page","status-publish","has-post-thumbnail","hentry"],"aioseo_notices":[],"_links":{"self":[{"href":"https:\/\/lowimpacthydro.org\/es\/wp-json\/wp\/v2\/pages\/1633","targetHints":{"allow":["GET"]}}],"collection":[{"href":"https:\/\/lowimpacthydro.org\/es\/wp-json\/wp\/v2\/pages"}],"about":[{"href":"https:\/\/lowimpacthydro.org\/es\/wp-json\/wp\/v2\/types\/page"}],"author":[{"embeddable":true,"href":"https:\/\/lowimpacthydro.org\/es\/wp-json\/wp\/v2\/users\/3"}],"replies":[{"embeddable":true,"href":"https:\/\/lowimpacthydro.org\/es\/wp-json\/wp\/v2\/comments?post=1633"}],"version-history":[{"count":12,"href":"https:\/\/lowimpacthydro.org\/es\/wp-json\/wp\/v2\/pages\/1633\/revisions"}],"predecessor-version":[{"id":10130,"href":"https:\/\/lowimpacthydro.org\/es\/wp-json\/wp\/v2\/pages\/1633\/revisions\/10130"}],"wp:featuredmedia":[{"embeddable":true,"href":"https:\/\/lowimpacthydro.org\/es\/wp-json\/"}],"wp:attachment":[{"href":"https:\/\/lowimpacthydro.org\/es\/wp-json\/wp\/v2\/media?parent=1633"}],"curies":[{"name":"gracias","href":"https:\/\/api.w.org\/{rel}","templated":true}]}}