{"id":1579,"date":"2020-07-25T23:14:52","date_gmt":"2020-07-26T03:14:52","guid":{"rendered":"https:\/\/lowimpacthydro.org\/?page_id=1579"},"modified":"2026-02-09T12:53:02","modified_gmt":"2026-02-09T17:53:02","slug":"lihi-certificate-92-pierce-mills-hydropower-project-vermont","status":"publish","type":"page","link":"https:\/\/lowimpacthydro.org\/es\/lihi-certificate-92-pierce-mills-hydropower-project-vermont\/","title":{"rendered":"Certificado LIHI #92 \u2013 Proyecto hidroel\u00e9ctrico Pierce Mills, Vermont"},"content":{"rendered":"<table class=\"alignright\" style=\"width: 351px; border: 2px; cellspacing: 2px; cellpadding: 2px; margin-left: 50px;\">\n<tbody>\n<tr>\n<td width=\"238\"><strong>Nombre del proyecto<\/strong><\/td>\n<td width=\"228\">Molinos Pierce<\/td>\n<\/tr>\n<tr>\n<td width=\"238\"><strong>Certificado LIHI No.<\/strong><\/td>\n<td width=\"228\">92<\/td>\n<\/tr>\n<tr>\n<td width=\"238\"><strong>Plazo del certificado LIHI<\/strong><\/td>\n<td width=\"228\">6 de febrero de 2017 \u2013 5 de febrero de 2030<\/td>\n<\/tr>\n<tr>\n<td width=\"238\"><strong>Due\u00f1o<\/strong><\/td>\n<td width=\"228\">Corporaci\u00f3n de energ\u00eda Green Mountain<\/td>\n<\/tr>\n<tr>\n<td width=\"238\"><strong>Estado<\/strong><\/td>\n<td width=\"228\">Vermont<\/td>\n<\/tr>\n<tr>\n<td width=\"238\"><strong>Ubicaci\u00f3n<\/strong><\/td>\n<td width=\"228\">Ubicado en la milla fluvial 15,2 del r\u00edo Passumpsic, un afluente del r\u00edo Connecticut; el m\u00e1s arriba de los proyectos del r\u00edo Passumpsic.<\/td>\n<\/tr>\n<tr>\n<td width=\"238\"><strong>Capacidad instalada<\/strong><\/td>\n<td width=\"228\">250 kW<\/td>\n<\/tr>\n<tr>\n<td width=\"238\"><strong>Generaci\u00f3n media anual<\/strong><\/td>\n<td width=\"228\">1.133 MWh<\/td>\n<\/tr>\n<tr>\n<td width=\"238\"><strong>Tipo de instalaci\u00f3n<\/strong><\/td>\n<td width=\"228\"><span class='tooltipsall tooltip_post_id_5643 classtoolTips52'>De pasada<\/span><\/td>\n<\/tr>\n<tr>\n<td width=\"238\"><strong><span class='tooltipsall tooltip_post_id_5565 classtoolTips152'>Comisi\u00f3n Federal de Comercio<\/span> No.<\/strong><\/td>\n<td width=\"228\">P-2396 emitido en 1994, vence el 30\/11\/2034<\/td>\n<\/tr>\n<\/tbody>\n<\/table>\n<p>El proyecto Pierce Mills est\u00e1 ubicado en el noreste de Vermont, cerca de St. Johnsbury, en el condado de Caledonia, sobre el r\u00edo Passumpsic. Fue construido entre 1917 y 1919 por la Twin State Gas &amp; Electric Company. <span class='tooltipsall tooltip_post_id_5624 classtoolTips102'>central el\u00e9ctrica<\/span> Fue completamente destruida en la inundaci\u00f3n de 1927, aunque el hormig\u00f3n <span class='tooltipsall tooltip_post_id_5545 classtoolTips158'>presa<\/span> La planta se reconstruy\u00f3 en 1928 utilizando partes de la subestructura anterior.<\/p>\n<p>El r\u00edo Passumpsic alberga varias represas, de las cuales el proyecto es el quinto en el r\u00edo. Aguas abajo se encuentran <a href=\"https:\/\/lowimpacthydro.org\/es\/lihi-certificate-93-arnold-falls-hydroelectric-project-vermont\/\">Cataratas Arnold (LIHI #93)<\/a>, <a href=\"https:\/\/lowimpacthydro.org\/es\/lihi-certificate-94-gage-hydropower-project-vermont\/\">Calibre (LIHI #94)<\/a>, <a href=\"https:\/\/lowimpacthydro.org\/es\/lihi-certificate-95-passumpsic-project-vermont\/\">Proyecto Passumpsic (LIHI #95)<\/a> y East Barnet (FERC No. 3051), la primera represa del r\u00edo. El r\u00edo tiene 22,7 millas de largo y es un afluente del r\u00edo Connecticut, que desemboca justo aguas abajo de Comerford. <span class=\"tooltipsall tooltip_post_id_5545 classtoolTips158\" data-hasqtip=\"49\"><span class='tooltipsall tooltip_post_id_5545 classtoolTips158'>Presa<\/span><\/span> (parte de la <a href=\"https:\/\/lowimpacthydro.org\/es\/lihi-certificate-39-fifteen-mile-falls-project-vermont-and-new-hampshire\/\">Proyecto de las Cataratas de Quince Millas, LIHI #39<\/a>). El proyecto es propiedad de Green Mountain Power (GMP), la primera empresa de servicios p\u00fablicos de energ\u00eda certificada como <a href=\"https:\/\/bcorporation.net\/\">Corporaci\u00f3n B.<\/a><\/p>\n<p>El proyecto incluye: una presa, <span class='tooltipsall tooltip_post_id_5569 classtoolTips79'>tableros de flash<\/span>, estructura de admisi\u00f3n, casa de m\u00e1quinas, una turbina vertical, <span class='tooltipsall tooltip_post_id_5656 classtoolTips92'>subestaci\u00f3n<\/span>, <span class='tooltipsall tooltip_post_id_5651 classtoolTips116'>aliviadero<\/span>y pas\u00f3 por alto el alcance.<\/p>\n<p>El hormig\u00f3n <span class='tooltipsall tooltip_post_id_5580 classtoolTips81'>presa de gravedad<\/span> Tiene 93 pies de largo por 18 pies de alto, rematado con tableros de 18 pulgadas. Una estructura de entrada de 37 pies de largo forma el lado izquierdo. <span class='tooltipsall tooltip_post_id_5514 classtoolTips118'>contrafuerte<\/span>, con una compuerta de mamparo operada manualmente y un estante para basura. Una duela de madera de 6 pies de di\u00e1metro y 246 pies de largo <span class='tooltipsall tooltip_post_id_5619 classtoolTips124'>compuerta<\/span> Conduce los caudales desde la presa hasta la central el\u00e9ctrica, que contiene una turbina de eje vertical y un generador con una capacidad instalada de 0,25 MW, junto con los equipos auxiliares.<\/p>\n<p>El proyecto opera en un <span class='tooltipsall tooltip_post_id_5643 classtoolTips52'>de pasada<\/span> y almacena un embalse de 24,7 acres. El proyecto proporciona un caudal m\u00ednimo de 20 pies c\u00fabicos por segundo desde el 1 de abril hasta el 15 de junio y desde el 15 de septiembre hasta el 15 de noviembre. Adem\u00e1s, aguas abajo <span class='tooltipsall tooltip_post_id_5566 classtoolTips59'>paso de peces<\/span> Se facilita con un caudal de paso de 88 pies c\u00fabicos por segundo o de entrada, lo que sea menor. Un caudal est\u00e9tico de 7 pies c\u00fabicos por segundo se vierte sobre los tableros de control desde el 1 de junio hasta el 31 de octubre. Estas prescripciones de caudal se desarrollaron en consulta con la Agencia de Recursos Naturales de Vermont (VANR) y el Servicio de Pesca y Vida Silvestre de los Estados Unidos.<\/p>\n<p>Las aguas dentro del alcance del proyecto est\u00e1n designadas como de clase B y se encuentran contaminadas por E. coli debido a que la planta de tratamiento de aguas residuales de St. Johnsbury pasa por desbordes de alcantarillado combinados. VANR ha confirmado que el proyecto no afecta negativamente la calidad del agua y no es la fuente de deterioro del r\u00edo. Las aguas de clase B se gestionan para sustentar la biota acu\u00e1tica, la vida silvestre y el h\u00e1bitat acu\u00e1tico, el suministro p\u00fablico de agua, el riego, la recreaci\u00f3n de contacto primario y la est\u00e9tica.<\/p>\n<p>Mientras que Connecticut <span class='tooltipsall tooltip_post_id_5636 classtoolTips65'>Cuenca del r\u00edo<\/span> Hist\u00f3ricamente, ha acogido migraciones naturales de salm\u00f3n del Atl\u00e1ntico, la especie fue <span class='tooltipsall tooltip_post_id_5561 classtoolTips99'>extirpado<\/span> del sistema fluvial debido a la construcci\u00f3n de represas. Estas represas aguas abajo crean una barrera para el paso aguas arriba en el proyecto. El paso aguas abajo se facilita durante todo el a\u00f1o a trav\u00e9s de una caja de transici\u00f3n ubicada en el aliviadero con un caudal de paso de 88 pies c\u00fabicos por segundo que conduce a un <span class='tooltipsall tooltip_post_id_5620 classtoolTips86'>piscina de inmersi\u00f3n<\/span>Los contenedores de basura con un espacio de 1 pulgada mitigan el potencial de <span class='tooltipsall tooltip_post_id_5558 classtoolTips77'>arrastre<\/span>.<\/p>\n<p>Las tierras del proyecto constan de 2,8 acres. Las tierras que rodean el proyecto son principalmente edificios industriales y comerciales mixtos, viviendas rurales residenciales y tierras agr\u00edcolas, sin tierras de valor ecol\u00f3gico significativo en el \u00e1rea del proyecto.<\/p>\n<p>Las especies amenazadas o en peligro de extinci\u00f3n que podr\u00edan estar presentes en las inmediaciones del proyecto incluyen el murci\u00e9lago orejudo del norte, el musgo espinoso y la mariquita. Existe un h\u00e1bitat importante en las inmediaciones del proyecto, pero tras consultar con VANR se determin\u00f3 que estos h\u00e1bitats no se ver\u00edan afectados negativamente por las operaciones del proyecto.<\/p>\n<p>Los recursos culturales en el \u00e1rea del proyecto incluyen la infraestructura del proyecto que es elegible para su inclusi\u00f3n en la lista <span class='tooltipsall tooltip_post_id_5606 classtoolTips1'>Registro Nacional de Lugares Hist\u00f3ricos<\/span>El propietario del proyecto presenta informes anuales a la Divisi\u00f3n de Preservaci\u00f3n Hist\u00f3rica de Vermont y realiza un seguimiento de la costa cada tres a\u00f1os para garantizar que ning\u00fan sitio arqueol\u00f3gico conocido o potencial se vea amenazado por eventos de erosi\u00f3n.<\/p>\n<p>Los recursos recreativos del proyecto incluyen un porteo para canoas, acceso para pescar, un \u00e1rea para acampar que est\u00e1 restringida a los navegantes que utilizan canoas o kayaks durante una noche como m\u00e1ximo y un \u00e1rea para picnic. El acceso p\u00fablico es gratuito.<\/p>\n<p><strong>PLUS-Est\u00e1ndar:<\/strong> Los criterios para la certificaci\u00f3n LIHI incluyen un est\u00e1ndar PLUS para instalaciones que demuestren esfuerzos adicionales sustanciales en mitigaci\u00f3n, mejora o restauraci\u00f3n ambiental y social. Este proyecto ha logrado un est\u00e1ndar PLUS al realizar voluntariamente revisiones significativas a la <a href=\"https:\/\/greenmountainpower.com\/wp-content\/uploads\/2016\/12\/001-Passump-Rec-Guide_06082017_FINAL-web-print.pdf\">Gu\u00eda de canotaje y recreaci\u00f3n en el r\u00edo Passumpsic<\/a> que proporciona al p\u00fablico un mejor conocimiento de las oportunidades de recreaci\u00f3n tanto dentro como fuera de las tierras y aguas del proyecto. El esfuerzo colaborativo de los grupos de inter\u00e9s multipartidarios estableci\u00f3 que el p\u00fablico necesitaba mejor informaci\u00f3n para mejorar sus experiencias recreativas.<\/p>\n<hr \/>\n<h3>Estado de cumplimiento<\/h3>\n<p><strong>En el Certificado actual no existen condiciones espec\u00edficas para ninguna instalaci\u00f3n.<\/strong><\/p>\n<p><strong>2026:<\/strong> No se identificaron cambios sustanciales ni problemas de cumplimiento. El proyecto se mantiene en cumplimiento seg\u00fan la revisi\u00f3n anual. El proyecto permanece fuera de servicio.<\/p>\n<p><strong>2025:<\/strong> No se identificaron cambios materiales ni problemas de cumplimiento. El proyecto sigue cumpliendo con las normas seg\u00fan la revisi\u00f3n anual. El proyecto inform\u00f3 que la planta sufri\u00f3 da\u00f1os durante la inundaci\u00f3n de 500 a\u00f1os de julio de 2024 y sigue fuera de servicio. Las \u00e1reas de recreaci\u00f3n se cerraron temporalmente en 2024 por razones de seguridad p\u00fablica como resultado de la inundaci\u00f3n y se reabrieron en el oto\u00f1o de 2024.<\/p>\n<p><strong>2024:<\/strong> No se identificaron cambios materiales ni problemas de cumplimiento. El proyecto sigue cumpliendo con los requisitos seg\u00fan la revisi\u00f3n anual.<\/p>\n<p><strong>2023:<\/strong> No se identificaron cambios materiales ni problemas de cumplimiento. El proyecto sigue cumpliendo con los requisitos seg\u00fan la revisi\u00f3n anual.<\/p>\n<p><strong>2022:<\/strong> No se identificaron problemas de cumplimiento ni de riesgo material. El proyecto sigue cumpliendo con los requisitos seg\u00fan la revisi\u00f3n anual. Cabe destacar que el siguiente proyecto hidroel\u00e9ctrico aguas arriba (Great Falls, P-2839) recibi\u00f3 una nueva licencia de la FERC en 2020 que aument\u00f3 su caudal m\u00ednimo de derivaci\u00f3n de 10 a 62 pies c\u00fabicos por segundo.<\/p>\n<p><strong>2021:<\/strong> No hubo cambios en los informes ni problemas de cumplimiento. El proyecto sigue cumpliendo con los requisitos seg\u00fan la revisi\u00f3n anual.<\/p>\n<p><strong>2020:<\/strong> No hubo cambios en los informes ni problemas de cumplimiento. El proyecto sigue cumpliendo con los requisitos seg\u00fan la revisi\u00f3n anual.<\/p>\n<p><strong>2019:<\/strong> No hubo cambios en los informes ni problemas de cumplimiento. El proyecto sigue cumpliendo con los requisitos seg\u00fan la revisi\u00f3n anual.<\/p>\n<p><strong>2018:<\/strong> El proyecto inform\u00f3 la reubicaci\u00f3n del estacionamiento p\u00fablico, el acceso peatonal y la se\u00f1alizaci\u00f3n desde el \u00e1rea de la central el\u00e9ctrica a 1\/4 de milla al norte en la autopista 15 debido al vandalismo en el sitio original. La FERC aprob\u00f3 un plan de recreaci\u00f3n revisado en 2017. El proyecto sigue cumpliendo con los requisitos seg\u00fan la revisi\u00f3n anual.<\/p>\n<p><strong>2017:<\/strong> La presentaci\u00f3n de informes anuales para el Certificado actual a\u00fan no ha entrado en vigor.<\/p>\n<hr \/>\n<h3>Historial de certificaciones<\/h3>\n<p><strong>1 de enero de 2022:<\/strong> El plazo del Certificado LIHI se ha extendido de acuerdo con la Revisi\u00f3n 2.05 del Manual de Certificaci\u00f3n LIHI 2.\u00aa Edici\u00f3n emitido el 1 de enero de 2022. Consulte la tabla de instalaciones anterior para conocer el nuevo plazo.<\/p>\n<p><strong>15 de agosto de 2018:<\/strong> La decisi\u00f3n de recertificar el Proyecto Hidroel\u00e9ctrico Pierce Mills es definitiva. No se recibieron apelaciones durante el per\u00edodo de apelaci\u00f3n que cerr\u00f3 el 11 de agosto de 2018. El nuevo per\u00edodo de vigencia del Proyecto Pierce Mills es del 6 de febrero de 2017 al 5 de febrero de 2025.<\/p>\n<p><strong>12 de julio de 2018:<\/strong> El Instituto de Energ\u00eda Hidroel\u00e9ctrica de Bajo Impacto (LIHI, por sus siglas en ingl\u00e9s) aprob\u00f3 preliminarmente el Proyecto Hidroel\u00e9ctrico Pierce Mills para un nuevo per\u00edodo de 8 a\u00f1os de Certificaci\u00f3n de Bajo Impacto, habiendo obtenido un Est\u00e1ndar PLUS en los Criterios de Recreaci\u00f3n. Esta decisi\u00f3n es preliminar a la espera del per\u00edodo de apelaci\u00f3n de 30 d\u00edas. Solo aquellos que comentaron en la solicitud inicial durante el per\u00edodo de comentarios de 60 d\u00edas son elegibles para presentar una apelaci\u00f3n. Dicha apelaci\u00f3n debe incluir una explicaci\u00f3n de por qu\u00e9 los proyectos no cumplen con los criterios del LIHI. Las solicitudes de apelaci\u00f3n se pueden enviar por correo electr\u00f3nico a <a href=\"mailto:comments@lowimpacthydro.org\">comments@lowimpacthydro.org<\/a> con \u201cProyecto hidroel\u00e9ctrico Pierce Mills\u201d en la l\u00ednea de asunto, o por correo dirigido al Low Impact Hydropower Institute, 329 Massachusetts Ave, Suite 2, Lexington, MA 02420. Todas las solicitudes se publicar\u00e1n en el sitio web y el solicitante tendr\u00e1 la oportunidad de responder; cualquier respuesta tambi\u00e9n se publicar\u00e1. <strong>Las solicitudes deben recibirse antes de las 5 p. m., hora del Este, el 11 de agosto de 2018.\u00a0 <\/strong>La solicitud completa y el informe del revisor est\u00e1n disponibles a continuaci\u00f3n. Si no se reciben solicitudes de apelaci\u00f3n y la decisi\u00f3n se convierte en definitiva, el nuevo per\u00edodo para el Proyecto Pierce Mills ser\u00e1 del 6 de febrero de 2017 al 5 de febrero de 2025.<\/p>\n<p><strong>11 de junio de 2018:<\/strong> El plazo de certificaci\u00f3n de Pierce Mills se ha extendido nuevamente hasta el 30 de septiembre de 2018.<\/p>\n<p><strong>3 de abril de 2018: <\/strong>El plazo de certificaci\u00f3n de Pierce Mills se ha extendido nuevamente hasta el 30 de junio de 2018.<\/p>\n<p><strong>28 de noviembre de 2017: <\/strong>El plazo de certificaci\u00f3n de Pierce Mills se ha extendido hasta el 31 de marzo de 2018.<\/p>\n<p><strong>30 de diciembre de 2016:<\/strong> El Instituto de Energ\u00eda Hidroel\u00e9ctrica de Bajo Impacto ha recibido una solicitud completa para un nuevo per\u00edodo de Certificaci\u00f3n de Bajo Impacto para el proyecto hidroel\u00e9ctrico Pierce Mills. Los materiales de la solicitud se pueden encontrar en la secci\u00f3n Archivos a continuaci\u00f3n. LIHI est\u00e1 buscando comentarios p\u00fablicos sobre esta solicitud. Espec\u00edficamente, nos interesa saber si usted cree que el proyecto Pierce Mills cumple con los Criterios de Certificaci\u00f3n de Bajo Impacto de LIHI, seg\u00fan se revisaron en el Manual de la 2.\u00aa edici\u00f3n publicado en marzo de 2016. Revise el programa y los criterios en el Manual revisado de LIHI.\u00a0<a href=\"https:\/\/lowimpacthydro.org\/wp-content\/uploads\/2014\/08\/2nd-edition-handbook-20160307-FINAL-CLEAN.pdf\" target=\"_blank\" rel=\"noopener noreferrer\">Manual <\/a>y luego revise los materiales de solicitud del Proyecto 2016 publicados a continuaci\u00f3n. Los comentarios que est\u00e9n directamente relacionados con criterios espec\u00edficos de LIHI (flujos, calidad del agua, paso de peces, etc.) ser\u00e1n de gran ayuda, pero se considerar\u00e1n todos los comentarios. Los comentarios pueden enviarse al Instituto por correo electr\u00f3nico a\u00a0<a href=\"mailto:comments@lowimpacthydro.org\" target=\"_blank\" rel=\"noopener noreferrer\" data-cke-saved-href=\"mailto:dhall@lowimpacthydro.org?subject=Raquette%20Project%20Comments\">comments@lowimpacthydro.org<\/a>\u00a0con \u201cComentarios del Proyecto Pierce Mills\u201d en la l\u00ednea de asunto, o por correo dirigido al Low Impact Hydropower Institute, PO Box 194, Harrington Park, Nueva Jersey 07640.\u00a0 <strong>Los comentarios deben recibirse en el Instituto antes de las 5:00 p. m., hora del Este, el 4 de marzo de 2017.<\/strong>\u00a0Se considerar\u00e1n todos los comentarios. Se publicar\u00e1n en el sitio web y el solicitante tendr\u00e1 la oportunidad de responder. Tambi\u00e9n se publicar\u00e1n todas las respuestas.<\/p>\n<p><strong>16 de diciembre de 2016:<\/strong>\u00a0Se ha concedido una pr\u00f3rroga del plazo actual del certificado al proyecto hidroel\u00e9ctrico Pierce Mills. La nueva fecha de vencimiento es el 6 de mayo de 2017. Consulte la carta de pr\u00f3rroga para obtener una explicaci\u00f3n a continuaci\u00f3n.<\/p>\n<p><strong>9 de septiembre de 2012:<\/strong> El proyecto Pierce Mills ha sido certificado como de bajo impacto por un per\u00edodo de cinco a\u00f1os, a partir del 6 de febrero de 2012 y hasta el 6 de febrero de 2017.<\/p>\n<p><strong>6 de abril de 2012:<\/strong> El per\u00edodo de comentarios p\u00fablicos sobre la solicitud ha cerrado.<\/p>\n<p><strong>6 de febrero de 2012:<\/strong> La Central Vermont Public Service Corporation ha presentado una solicitud para la certificaci\u00f3n del proyecto Pierce Mills. Se ha abierto el per\u00edodo de comentarios p\u00fablicos sobre la solicitud.<\/p>\n<hr \/>\n<h3>Archivos de certificaci\u00f3n<\/h3>\n<h4>Recertificaci\u00f3n 2017<\/h4>\n<ul style=\"color: black;\">\n<li><a href=\"https:\/\/lowimpacthydro.org\/wp-content\/uploads\/2020\/07\/Pierce-Mills-LIHI_Re-Certification_Report_6July18.pdf\">Informe de revisi\u00f3n de la recertificaci\u00f3n de Pierce Mills 2018<\/a><\/li>\n<li><a href=\"https:\/\/lowimpacthydro.org\/wp-content\/uploads\/2020\/07\/001-Pierce-Mills-LIHI-Stage-II-Re-Certification-3-29-2018_Public.pdf\">Solicitud de recertificaci\u00f3n de Pierce Mills 2018<\/a><\/li>\n<\/ul>\n<h4>Certificaci\u00f3n 2012<\/h4>\n<ul style=\"color: black;\">\n<li><a href=\"https:\/\/lowimpacthydro.org\/wp-content\/uploads\/2020\/08\/PierceMillsReport_FINAL.pdf\">Informe de revisi\u00f3n de Pierce Mills<\/a><\/li>\n<li><a href=\"https:\/\/lowimpacthydro.org\/wp-content\/uploads\/2020\/08\/Passumpsic_Projects_-_LIHI_Questionnaire-1.doc\">Proyectos del r\u00edo Passumpsic \u2013 Cuestionario<\/a><\/li>\n<li><a href=\"https:\/\/lowimpacthydro.org\/wp-content\/uploads\/2020\/08\/Passumpsic-Projects-CRMP-Documents-2.pdf\">Proyectos del r\u00edo Passumpsic: Documentos del plan de gesti\u00f3n de recursos culturales<\/a><\/li>\n<li><a href=\"https:\/\/lowimpacthydro.org\/wp-content\/uploads\/2020\/08\/Passumpsic-Projects-Recreation-Documents-2.pdf\">Proyectos del r\u00edo Passumpsic: documentos de recreaci\u00f3n<\/a><\/li>\n<li><a href=\"https:\/\/lowimpacthydro.org\/wp-content\/uploads\/2020\/08\/Pierce_Mills_Recreation_Plan.pdf\">Plan de recreaci\u00f3n de Pierce Mills<\/a><\/li>\n<li><a href=\"https:\/\/lowimpacthydro.org\/wp-content\/uploads\/2020\/08\/Passumpsic_Projects_-_LIHI_Attachment_B_-Resource_Agencies-3.pdf\">Proyectos del r\u00edo Passumpsic \u2013 Agencias de recursos<\/a><\/li>\n<\/ul>\n<hr \/>\n<h3>Documentos clave<\/h3>\n<ul>\n<li><a href=\"https:\/\/lowimpacthydro.org\/wp-content\/uploads\/2020\/08\/Pierce-Mills-License.pdf\">Licencia FERC y evaluaci\u00f3n ambiental de Pierce Mills de 1994<\/a><\/li>\n<li><a href=\"https:\/\/lowimpacthydro.org\/wp-content\/uploads\/2023\/06\/1994-WQC-Pierce-Mills.pdf\">Certificaci\u00f3n de calidad del agua de 1994<\/a><\/li>\n<\/ul>","protected":false},"excerpt":{"rendered":"<p>Project Name Pierce Mills LIHI Certificate No. 92 LIHI Certificate Term February 6, 2017 &#8211; February 5, 2030 Owner Green Mountain Power Corporation State Vermont Location<span class=\"excerpt-hellip\"> [\u2026]<\/span><\/p>\n","protected":false},"author":3,"featured_media":-1,"parent":0,"menu_order":0,"comment_status":"closed","ping_status":"closed","template":"","meta":{"_coblocks_attr":"","_coblocks_dimensions":"","_coblocks_responsive_height":"","_coblocks_accordion_ie_support":"","om_disable_all_campaigns":false,"_monsterinsights_skip_tracking":false,"_monsterinsights_sitenote_active":false,"_monsterinsights_sitenote_note":"","_monsterinsights_sitenote_category":0,"footnotes":""},"class_list":["post-1579","page","type-page","status-publish","has-post-thumbnail","hentry"],"aioseo_notices":[],"_links":{"self":[{"href":"https:\/\/lowimpacthydro.org\/es\/wp-json\/wp\/v2\/pages\/1579","targetHints":{"allow":["GET"]}}],"collection":[{"href":"https:\/\/lowimpacthydro.org\/es\/wp-json\/wp\/v2\/pages"}],"about":[{"href":"https:\/\/lowimpacthydro.org\/es\/wp-json\/wp\/v2\/types\/page"}],"author":[{"embeddable":true,"href":"https:\/\/lowimpacthydro.org\/es\/wp-json\/wp\/v2\/users\/3"}],"replies":[{"embeddable":true,"href":"https:\/\/lowimpacthydro.org\/es\/wp-json\/wp\/v2\/comments?post=1579"}],"version-history":[{"count":13,"href":"https:\/\/lowimpacthydro.org\/es\/wp-json\/wp\/v2\/pages\/1579\/revisions"}],"predecessor-version":[{"id":10345,"href":"https:\/\/lowimpacthydro.org\/es\/wp-json\/wp\/v2\/pages\/1579\/revisions\/10345"}],"wp:featuredmedia":[{"embeddable":true,"href":"https:\/\/lowimpacthydro.org\/es\/wp-json\/"}],"wp:attachment":[{"href":"https:\/\/lowimpacthydro.org\/es\/wp-json\/wp\/v2\/media?parent=1579"}],"curies":[{"name":"gracias","href":"https:\/\/api.w.org\/{rel}","templated":true}]}}