{"id":1574,"date":"2020-07-25T23:06:46","date_gmt":"2020-07-26T03:06:46","guid":{"rendered":"https:\/\/lowimpacthydro.org\/?page_id=1574"},"modified":"2026-02-09T13:04:22","modified_gmt":"2026-02-09T18:04:22","slug":"lihi-certificate-93-arnold-falls-hydroelectric-project-vermont","status":"publish","type":"page","link":"https:\/\/lowimpacthydro.org\/es\/lihi-certificate-93-arnold-falls-hydroelectric-project-vermont\/","title":{"rendered":"Certificado LIHI #93 \u2013 Proyecto hidroel\u00e9ctrico de Arnold Falls, Vermont"},"content":{"rendered":"<table class=\"alignright\" style=\"width: 351px; border: 2px; cellspacing: 2px; cellpadding: 2px; margin-left: 50px;\">\n<tbody>\n<tr>\n<td style=\"width: 173px;\"><strong>Nombre del proyecto<\/strong><\/td>\n<td style=\"width: 214px;\">Cataratas Arnold<\/td>\n<\/tr>\n<tr>\n<td style=\"width: 173px;\"><strong>Certificado LIHI No.<\/strong><\/td>\n<td style=\"width: 214px;\">93<\/td>\n<\/tr>\n<tr>\n<td style=\"width: 173px;\"><strong>Plazo del certificado LIHI<\/strong><\/td>\n<td style=\"width: 214px;\">6 de febrero de 2017 \u2013 5 de febrero de 2027<\/td>\n<\/tr>\n<tr>\n<td style=\"width: 173px;\"><strong>Due\u00f1o<\/strong><\/td>\n<td style=\"width: 214px;\">Corporaci\u00f3n de energ\u00eda Green Mountain<\/td>\n<\/tr>\n<tr>\n<td style=\"width: 173px;\"><strong>Estado<\/strong><\/td>\n<td style=\"width: 214px;\">Vermont<\/td>\n<\/tr>\n<tr>\n<td style=\"width: 173px;\"><strong>Ubicaci\u00f3n<\/strong><\/td>\n<td style=\"width: 214px;\">Ubicado en la milla fluvial 9,7 del r\u00edo Passumpsic, un afluente del r\u00edo Connecticut, aproximadamente a 5,5 millas r\u00edo abajo del proyecto Pierce Mills.<\/td>\n<\/tr>\n<tr>\n<td style=\"width: 173px;\"><strong>Capacidad instalada<\/strong><\/td>\n<td style=\"width: 214px;\">350 kW<\/td>\n<\/tr>\n<tr>\n<td style=\"width: 173px;\"><strong>Generaci\u00f3n media anual<\/strong><\/td>\n<td style=\"width: 214px;\">1.484 MWh<\/td>\n<\/tr>\n<tr>\n<td style=\"width: 173px;\"><strong>Tipo de instalaci\u00f3n<\/strong><\/td>\n<td style=\"width: 214px;\"><span class='tooltipsall tooltip_post_id_5643 classtoolTips52'>De pasada<\/span><\/td>\n<\/tr>\n<tr>\n<td style=\"width: 173px;\"><strong><span class='tooltipsall tooltip_post_id_5565 classtoolTips152'>Comisi\u00f3n Federal de Comercio<\/span> No.<\/strong><\/td>\n<td style=\"width: 214px;\">P-2399 emitido en 1994, vence el 30\/11\/2034<\/td>\n<\/tr>\n<\/tbody>\n<\/table>\n<p>El Proyecto Arnold Falls est\u00e1 ubicado en el noreste de Vermont, en St. Johnsbury, condado de Caledonia, sobre el r\u00edo Passumpsic. <span class='tooltipsall tooltip_post_id_5545 classtoolTips158'>presa<\/span> y <span class='tooltipsall tooltip_post_id_5624 classtoolTips102'>central el\u00e9ctrica<\/span> Fueron construidas en 1928 por la Twin State Gas &amp; Electric Company tras la inundaci\u00f3n de 1927, que caus\u00f3 graves da\u00f1os a la estaci\u00f3n original. Antes de 1928, el sitio albergaba instalaciones para la fabricaci\u00f3n hidr\u00e1ulica, incluyendo molinos y talleres de patrones. Antes de esto, exist\u00eda una cascada natural en el sitio. La cascada lleva el apellido del Dr. Jonathan Arnold, uno de los primeros colonos y empresario que construy\u00f3 el primer aserradero all\u00ed en 1787 y un molino harinero al a\u00f1o siguiente. En 2009, el actual <span class='tooltipsall tooltip_post_id_5543 classtoolTips76'>cuna de madera<\/span> Las presas fueron abandonadas en el lugar y reemplazadas con hormig\u00f3n armado. <span class='tooltipsall tooltip_post_id_5580 classtoolTips81'>presas de gravedad<\/span> Inmediatamente aguas abajo de las presas de madera.<\/p>\n<p>El proyecto es la cuarta presa en el r\u00edo Passumpsic. La m\u00e1s cercana aguas arriba es <a href=\"https:\/\/lowimpacthydro.org\/es\/lihi-certificate-92-pierce-mills-hydropower-project-vermont\/\">Molinos Pierce (LIHI #92)<\/a>Aguas abajo se encuentran <a href=\"https:\/\/lowimpacthydro.org\/es\/lihi-certificate-94-gage-hydropower-project-vermont\/\">Calibre (LIHI #94)<\/a>, <a href=\"https:\/\/lowimpacthydro.org\/es\/lihi-certificate-95-passumpsic-project-vermont\/\">Proyecto Passumpsic (LIHI #95)<\/a> y East Barnet (FERC No. 3051), la primera represa del r\u00edo. El r\u00edo tiene 22,7 millas de largo y es un afluente del r\u00edo Connecticut, que desemboca justo aguas abajo de Comerford. <span class='tooltipsall tooltip_post_id_5545 classtoolTips158'>Presa<\/span> (parte de la <a href=\"https:\/\/lowimpacthydro.org\/es\/lihi-certificate-39-fifteen-mile-falls-project-vermont-and-new-hampshire\/\">Proyecto de las Cataratas de Quince Millas, LIHI #39<\/a>). El proyecto es propiedad de Green Mountain Power (GMP), la primera empresa de servicios p\u00fablicos de energ\u00eda certificada como <a href=\"https:\/\/bcorporation.net\/\">Corporaci\u00f3n B.<\/a><\/p>\n<p>El proyecto incluye dos presas de gravedad de hormig\u00f3n, una central el\u00e9ctrica con turbina y generador, un tramo desviado, <span class='tooltipsall tooltip_post_id_5656 classtoolTips92'>subestaci\u00f3n<\/span>, y <span class='tooltipsall tooltip_post_id_5651 classtoolTips116'>aliviadero<\/span>.<\/p>\n<p>La presa Norte tiene 55 metros de largo por 5,5 metros de alto, con una elevaci\u00f3n de coronaci\u00f3n de 174 metros sobre el nivel del mar. Est\u00e1 rematada con una estructura de acero articulada de 52,7 cm. <span class='tooltipsall tooltip_post_id_5569 classtoolTips79'>tableros de flash<\/span>La presa Sur tiene 64 pies de largo por 15 pies de alto, con una elevaci\u00f3n de cresta de 572,0 pies sobre el nivel del mar, coronada con un inflable. <span class='tooltipsall tooltip_post_id_5569 classtoolTips79'>tablero de flash<\/span> Sistema. La toma tiene 6 metros de ancho, con rejillas para basura y una compuerta de mamparo operada manualmente. La presa crea un tramo desviado de unos 91 metros de largo.<\/p>\n<p>La central el\u00e9ctrica contiene una turbina de eje vertical y un generador de 350 kW. <span class='tooltipsall tooltip_post_id_5566 classtoolTips59'>paso de peces<\/span> La instalaci\u00f3n est\u00e1 ubicada en la compuerta del aliviadero adyacente a la toma.<\/p>\n<p>El proyecto opera en un <span class='tooltipsall tooltip_post_id_5643 classtoolTips52'>de pasada<\/span> y embalsa un embalse de 10 acres. El proyecto proporciona caudales m\u00ednimos de 78 pies c\u00fabicos por segundo a trav\u00e9s del norte <span class='tooltipsall tooltip_post_id_5651 classtoolTips116'>Aliviadero<\/span> y 33 pies c\u00fabicos por segundo (cfs) a trav\u00e9s del aliviadero sur cuando no se genera agua. El r\u00e9gimen de caudal se estableci\u00f3 mediante consulta con la Agencia de Recursos Naturales de Vermont (VANR) y el Servicio de Pesca y Vida Silvestre de los Estados Unidos (USFWS) para garantizar la protecci\u00f3n del h\u00e1bitat acu\u00e1tico.<\/p>\n<p>Las aguas dentro del alcance del proyecto est\u00e1n clasificadas como de Clase B y contaminadas por E. coli debido a la planta de tratamiento de aguas residuales de St. Johnsbury. El proyecto no se responsabiliza de esta contaminaci\u00f3n. Las aguas de Clase B se gestionan para lograr h\u00e1bitat para la fauna acu\u00e1tica, valor est\u00e9tico, abastecimiento p\u00fablico de agua y usos recreativos de contacto primario.<\/p>\n<p>Si bien las poblaciones de anguila americana fueron hist\u00f3ricamente abundantes en la cuenca del r\u00edo Connecticut, la presencia de numerosas presas en el r\u00edo impide ahora el paso de la especie. La presa East Barnet, aguas abajo, y las presas en el r\u00edo Connecticut bloquean el paso, y el USFWS no ha solicitado el paso aguas arriba en el proyecto. El proyecto facilita el paso aguas abajo a trav\u00e9s de la compuerta, que proporciona un caudal de 25 pies c\u00fabicos por segundo a... <span class='tooltipsall tooltip_post_id_5620 classtoolTips86'>piscina de inmersi\u00f3n<\/span>El paso es utilizado principalmente por especies de truchas residentes.<\/p>\n<p>Los terrenos del proyecto abarcan aproximadamente 10,6 acres. No existen terrenos de valor ecol\u00f3gico significativo en la propiedad del proyecto, ya que muy pocas \u00e1reas fuera de la central el\u00e9ctrica y la presa son propiedad del proyecto. Los terrenos circundantes est\u00e1n compuestos principalmente por edificios industriales y comerciales.<\/p>\n<p>Entre las especies amenazadas o en peligro de extinci\u00f3n que podr\u00edan estar presentes en las inmediaciones del proyecto se encuentra el murci\u00e9lago orejudo norte\u00f1o. Tras consultar con el VANR, se ha determinado que las operaciones del proyecto no afectan negativamente a las especies incluidas en la lista. La principal preocupaci\u00f3n para el murci\u00e9lago orejudo norte\u00f1o es la tala de \u00e1rboles, de los cuales depende su h\u00e1bitat.<\/p>\n<p>La infraestructura del proyecto, incluidas las presas, la estructura de toma, las unidades generadoras y la central el\u00e9ctrica, es elegible para el proyecto. <span class='tooltipsall tooltip_post_id_5606 classtoolTips1'>Registro Nacional de Lugares Hist\u00f3ricos<\/span>El proyecto opera bajo un plan de gesti\u00f3n de recursos culturales, que garantiza comunicaciones anuales con la Divisi\u00f3n de Preservaci\u00f3n Hist\u00f3rica de Vermont.<\/p>\n<p>Los recursos recreativos del proyecto incluyen un porteo para canoas, un sendero para porteos, un mirador con acceso para personas con discapacidad y una plataforma de pesca justo aguas abajo del proyecto. El propietario del proyecto revis\u00f3 voluntariamente la... <a href=\"https:\/\/greenmountainpower.com\/wp-content\/uploads\/2016\/12\/001-Passump-Rec-Guide_06082017_FINAL-web-print.pdf\">Gu\u00eda de canotaje y recreaci\u00f3n en el r\u00edo Passumpsic<\/a> Ofrece visitas guiadas a las instalaciones. El acceso p\u00fablico es gratuito.<\/p>\n<hr \/>\n<h3>Estado de cumplimiento<\/h3>\n<p><strong>En el Certificado actual no existen condiciones espec\u00edficas para ninguna instalaci\u00f3n.<\/strong><\/p>\n<p><strong>2026:<\/strong> No se identificaron cambios materiales ni problemas de cumplimiento. El proyecto sigue cumpliendo con los requisitos seg\u00fan la revisi\u00f3n anual.<\/p>\n<p><strong>2025:<\/strong> No se identificaron cambios materiales ni problemas de cumplimiento. El proyecto sigue cumpliendo con los requisitos seg\u00fan la revisi\u00f3n anual.<\/p>\n<p><strong>2024:<\/strong> No se identificaron cambios materiales ni problemas de cumplimiento. El proyecto sigue cumpliendo con los requisitos seg\u00fan la revisi\u00f3n anual.<\/p>\n<p><strong>2023:<\/strong> No se identificaron cambios materiales ni problemas de cumplimiento. El proyecto sigue cumpliendo con los requisitos seg\u00fan la revisi\u00f3n anual.<\/p>\n<p><strong>2022:<\/strong> No se identificaron cambios materiales ni problemas de cumplimiento. El proyecto sigue cumpliendo con los requisitos seg\u00fan la revisi\u00f3n anual.<\/p>\n<p><strong>2021:<\/strong> No se informaron cambios ni problemas de cumplimiento. El proyecto sigue cumpliendo con los requisitos seg\u00fan la revisi\u00f3n anual.<\/p>\n<p><strong>2020:<\/strong> No se informaron cambios ni problemas de cumplimiento. El proyecto sigue cumpliendo con los requisitos seg\u00fan la revisi\u00f3n anual.<\/p>\n<p><strong>2019:<\/strong> No se informaron cambios ni problemas de cumplimiento. El proyecto sigue cumpliendo con los requisitos seg\u00fan la revisi\u00f3n anual.<\/p>\n<p><strong>2018:<\/strong> El proyecto inform\u00f3 la instalaci\u00f3n de nueva se\u00f1alizaci\u00f3n direccional a lo largo de la ruta de transporte de canoas y un nuevo banco para picnic en el sitio de Le Clair. La FERC aprob\u00f3 las mejoras en 2017. El proyecto mantiene su cumplimiento seg\u00fan la revisi\u00f3n anual.<\/p>\n<p><strong>2017:<\/strong> La presentaci\u00f3n de informes anuales para el Certificado actual a\u00fan no ha entrado en vigor.<\/p>\n<hr \/>\n<h3>Historial de certificaciones<\/h3>\n<p><strong>1 de enero de 2022:<\/strong> El plazo del Certificado LIHI se ha extendido de acuerdo con la Revisi\u00f3n 2.05 del Manual de Certificaci\u00f3n LIHI 2.\u00aa Edici\u00f3n emitido el 1 de enero de 2022. Consulte la tabla de instalaciones anterior para conocer el nuevo plazo.<\/p>\n<p><strong>15 de agosto de 2018:<\/strong> La decisi\u00f3n de recertificar el Proyecto Hidroel\u00e9ctrico Arnold Falls es definitiva. No se recibieron apelaciones durante el per\u00edodo de apelaci\u00f3n, que cerr\u00f3 el 11 de agosto de 2018. El nuevo plazo para el Proyecto Arnold Falls es del 6 de febrero de 2017 al 5 de febrero de 2022.<\/p>\n<p><strong>12 de julio de 2018:<\/strong> El Instituto de Energ\u00eda Hidroel\u00e9ctrica de Bajo Impacto (LIHI) aprob\u00f3 preliminarmente el Proyecto Hidroel\u00e9ctrico Arnold Falls para un nuevo per\u00edodo de 5 a\u00f1os de Certificaci\u00f3n de Bajo Impacto. Esta decisi\u00f3n es preliminar, a la espera del plazo de apelaci\u00f3n de 30 d\u00edas. Solo quienes presentaron comentarios en la solicitud inicial durante el plazo de 60 d\u00edas pueden presentar una apelaci\u00f3n. Dicha apelaci\u00f3n debe incluir una explicaci\u00f3n de por qu\u00e9 los proyectos no cumplen con los criterios del LIHI. Las solicitudes de apelaci\u00f3n pueden enviarse por correo electr\u00f3nico a <a href=\"mailto:comments@lowimpacthydro.org\">comments@lowimpacthydro.org<\/a> Con el asunto &quot;Arnold Falls Hydroelectric Project&quot;, o por correo postal dirigido al Low Impact Hydropower Institute, 329 Massachusetts Ave, Suite 2, Lexington, MA 02420. Todas las solicitudes se publicar\u00e1n en el sitio web y el solicitante tendr\u00e1 la oportunidad de responder. Cualquier respuesta tambi\u00e9n se publicar\u00e1. <strong>Las solicitudes deben recibirse antes de las 5 p. m., hora del Este, el 11 de agosto de 2018.\u00a0 <\/strong>La solicitud completa y el informe del revisor est\u00e1n disponibles a continuaci\u00f3n. Si no se reciben solicitudes de apelaci\u00f3n y la decisi\u00f3n es definitiva, el nuevo per\u00edodo del Proyecto Arnold Falls ser\u00e1 del 6 de febrero de 2017 al 5 de febrero de 2022.<\/p>\n<p><strong>11 de junio de 2018:<\/strong> El plazo de certificaci\u00f3n de Arnold Falls se ha extendido nuevamente hasta el 30 de septiembre de 2018.<\/p>\n<p><strong>3 de abril de 2018: <\/strong>El plazo de certificaci\u00f3n de Arnold Falls se ha extendido nuevamente hasta el 30 de junio de 2018.<\/p>\n<p><strong>28 de noviembre de 2017: <\/strong>El plazo de certificaci\u00f3n de Arnold Falls se ha extendido hasta el 31 de marzo de 2018.<\/p>\n<p><strong>30 de diciembre de 2016:<\/strong> El Instituto de Energ\u00eda Hidroel\u00e9ctrica de Bajo Impacto (LIHI) ha recibido una solicitud completa para un nuevo per\u00edodo de Certificaci\u00f3n de Bajo Impacto para el proyecto hidroel\u00e9ctrico Arnold Falls. Los materiales de la solicitud se encuentran en la secci\u00f3n Archivos a continuaci\u00f3n. LIHI solicita comentarios del p\u00fablico sobre esta solicitud. En concreto, nos interesa saber si considera que el proyecto Arnold Falls cumple con los Criterios de Certificaci\u00f3n de Bajo Impacto de LIHI, revisados en la 2.\u00aa edici\u00f3n del Manual, publicado en marzo de 2016. Por favor, revise el programa y los criterios en la versi\u00f3n revisada de LIHI.\u00a0<a href=\"https:\/\/lowimpacthydro.org\/wp-content\/uploads\/2014\/08\/2nd-edition-handbook-20160307-FINAL-CLEAN.pdf\" target=\"_blank\" rel=\"noopener noreferrer\">Manual <\/a>y luego revise los materiales de solicitud del Proyecto 2016 publicados en la p\u00e1gina del proyecto. Los comentarios que est\u00e9n directamente relacionados con criterios espec\u00edficos de LIHI (flujos, calidad del agua, paso de peces, etc.) ser\u00e1n de gran ayuda, pero se considerar\u00e1n todos los comentarios. Los comentarios pueden enviarse al Instituto por correo electr\u00f3nico a\u00a0<a href=\"mailto:comments@lowimpacthydro.org\" target=\"_blank\" rel=\"noopener noreferrer\" data-cke-saved-href=\"mailto:dhall@lowimpacthydro.org?subject=Raquette%20Project%20Comments\">comments@lowimpacthydro.org<\/a>\u00a0con \u201cComentarios del Proyecto Arnold Falls\u201d en la l\u00ednea de asunto, o por correo dirigido al Low Impact Hydropower Institute, PO Box 194, Harrington Park, Nueva Jersey 07640.\u00a0 <strong>Los comentarios deben recibirse en el Instituto antes de las 5:00 p. m., hora del Este, el 4 de marzo de 2017.<\/strong>\u00a0Se considerar\u00e1n todos los comentarios. Se publicar\u00e1n en el sitio web y el solicitante tendr\u00e1 la oportunidad de responder. Tambi\u00e9n se publicar\u00e1n todas las respuestas.<\/p>\n<p><strong>16 de diciembre de 2016:<\/strong>\u00a0El proyecto hidroel\u00e9ctrico Arnold Falls ha recibido una pr\u00f3rroga del plazo del certificado actual. La nueva fecha de vencimiento es el 6 de mayo de 2017. Consulte la carta de pr\u00f3rroga para obtener una explicaci\u00f3n m\u00e1s abajo.<\/p>\n<p><strong>9 de septiembre de 2012:<\/strong> El proyecto Arnold Falls ha sido certificado como de bajo impacto por un per\u00edodo de cinco a\u00f1os, a partir del 6 de febrero de 2012 y hasta el 6 de febrero de 2017.<\/p>\n<p><strong>6 de abril de 2012:<\/strong> El per\u00edodo de comentarios p\u00fablicos sobre la solicitud ha cerrado.<\/p>\n<p><strong>6 de febrero de 2012:<\/strong> La Corporaci\u00f3n de Servicios P\u00fablicos de Vermont Central ha presentado una solicitud para la certificaci\u00f3n del proyecto Arnold Falls. Se ha abierto el plazo para recibir comentarios p\u00fablicos sobre la solicitud.<\/p>\n<hr \/>\n<h3>Archivos de certificaci\u00f3n<\/h3>\n<h4>Recertificaci\u00f3n 2017<\/h4>\n<ul style=\"color: black;\">\n<li><a href=\"https:\/\/lowimpacthydro.org\/wp-content\/uploads\/2020\/07\/ArnoldFalls-LIHI_Re-Certification_Report_6July18.pdf\">Informe de revisi\u00f3n de la recertificaci\u00f3n de Arnold Falls 2018<\/a><\/li>\n<li><a href=\"https:\/\/lowimpacthydro.org\/wp-content\/uploads\/2020\/07\/001-Arnold-Falls-LIHI-Re-Certification-Application-3-29-2018_Public.pdf\">Solicitud de recertificaci\u00f3n de Arnold Falls 2018<\/a><\/li>\n<\/ul>\n<h4>Certificaci\u00f3n 2012<\/h4>\n<ul style=\"color: black;\">\n<li><a href=\"https:\/\/lowimpacthydro.org\/wp-content\/uploads\/2020\/08\/ArnoldFallsReport_FINAL.pdf\">Informe de revisi\u00f3n de la certificaci\u00f3n de Arnold Falls<\/a><\/li>\n<li><a href=\"https:\/\/lowimpacthydro.org\/wp-content\/uploads\/2020\/08\/Passumpsic_Projects_-_LIHI_Questionnaire.doc\">Proyectos del r\u00edo Passumpsic: Cuestionario de certificaci\u00f3n<\/a><\/li>\n<li><a href=\"https:\/\/lowimpacthydro.org\/wp-content\/uploads\/2020\/08\/Arnold_Falls_Recreation_Plan.pdf\">Plan de recreaci\u00f3n de Arnold Falls<\/a><\/li>\n<li><a href=\"https:\/\/lowimpacthydro.org\/wp-content\/uploads\/2020\/08\/Passumpsic-Projects-CRMP-Documents-1.pdf\">Documentos del Plan de Gesti\u00f3n de Recreaci\u00f3n Cultural de los Proyectos del R\u00edo Passumpsic<\/a><\/li>\n<li><a href=\"https:\/\/lowimpacthydro.org\/wp-content\/uploads\/2020\/08\/Passumpsic-Projects-Recreation-Documents-1.pdf\">Documentos de recreaci\u00f3n de los proyectos del r\u00edo Passumpsic<\/a><\/li>\n<li><a href=\"https:\/\/lowimpacthydro.org\/wp-content\/uploads\/2020\/08\/Passumpsic_Projects_-_LIHI_Attachment_B_-Resource_Agencies-2.pdf\">Proyectos del r\u00edo Passumpsic \u2013 Agencias de recursos<\/a><\/li>\n<\/ul>\n<hr \/>\n<h3>Documentos clave<\/h3>\n<ul>\n<li><a href=\"https:\/\/lowimpacthydro.org\/wp-content\/uploads\/2020\/08\/Arnold-Falls-License.pdf\">Licencia FERC de 1994 y evaluaci\u00f3n ambiental<\/a><\/li>\n<li><a href=\"https:\/\/lowimpacthydro.org\/wp-content\/uploads\/2023\/06\/1994-06-16-Arnold-Falls-401.pdf\">Certificaci\u00f3n de calidad del agua de 1994<\/a><\/li>\n<\/ul>","protected":false},"excerpt":{"rendered":"<p>Project Name Arnold Falls LIHI Certificate No. 93 LIHI Certificate Term February 6, 2017 &#8211; February 5, 2027 Owner Green Mountain Power Corporation State Vermont Location<span class=\"excerpt-hellip\"> [\u2026]<\/span><\/p>\n","protected":false},"author":3,"featured_media":-1,"parent":0,"menu_order":0,"comment_status":"closed","ping_status":"closed","template":"","meta":{"_coblocks_attr":"","_coblocks_dimensions":"","_coblocks_responsive_height":"","_coblocks_accordion_ie_support":"","om_disable_all_campaigns":false,"_monsterinsights_skip_tracking":false,"_monsterinsights_sitenote_active":false,"_monsterinsights_sitenote_note":"","_monsterinsights_sitenote_category":0,"footnotes":""},"class_list":["post-1574","page","type-page","status-publish","has-post-thumbnail","hentry"],"aioseo_notices":[],"_links":{"self":[{"href":"https:\/\/lowimpacthydro.org\/es\/wp-json\/wp\/v2\/pages\/1574","targetHints":{"allow":["GET"]}}],"collection":[{"href":"https:\/\/lowimpacthydro.org\/es\/wp-json\/wp\/v2\/pages"}],"about":[{"href":"https:\/\/lowimpacthydro.org\/es\/wp-json\/wp\/v2\/types\/page"}],"author":[{"embeddable":true,"href":"https:\/\/lowimpacthydro.org\/es\/wp-json\/wp\/v2\/users\/3"}],"replies":[{"embeddable":true,"href":"https:\/\/lowimpacthydro.org\/es\/wp-json\/wp\/v2\/comments?post=1574"}],"version-history":[{"count":12,"href":"https:\/\/lowimpacthydro.org\/es\/wp-json\/wp\/v2\/pages\/1574\/revisions"}],"predecessor-version":[{"id":10346,"href":"https:\/\/lowimpacthydro.org\/es\/wp-json\/wp\/v2\/pages\/1574\/revisions\/10346"}],"wp:featuredmedia":[{"embeddable":true,"href":"https:\/\/lowimpacthydro.org\/es\/wp-json\/"}],"wp:attachment":[{"href":"https:\/\/lowimpacthydro.org\/es\/wp-json\/wp\/v2\/media?parent=1574"}],"curies":[{"name":"gracias","href":"https:\/\/api.w.org\/{rel}","templated":true}]}}