{"id":1568,"date":"2020-07-25T22:58:36","date_gmt":"2020-07-26T02:58:36","guid":{"rendered":"https:\/\/lowimpacthydro.org\/?page_id=1568"},"modified":"2026-02-09T13:12:06","modified_gmt":"2026-02-09T18:12:06","slug":"lihi-certificate-94-gage-hydropower-project-vermont","status":"publish","type":"page","link":"https:\/\/lowimpacthydro.org\/es\/lihi-certificate-94-gage-hydropower-project-vermont\/","title":{"rendered":"Certificado LIHI #94 \u2013 Proyecto hidroel\u00e9ctrico Gage, Vermont"},"content":{"rendered":"<table class=\"alignright\" style=\"width: 351px; border: 2px; cellspacing: 2px; cellpadding: 2px; margin-left: 50px;\">\n<tbody>\n<tr>\n<td style=\"width: 170px;\"><strong>Nombre del proyecto<\/strong><\/td>\n<td style=\"width: 212px;\">Calibrar<\/td>\n<\/tr>\n<tr>\n<td style=\"width: 170px;\"><strong>Certificado LIHI No.<\/strong><\/td>\n<td style=\"width: 212px;\">94<\/td>\n<\/tr>\n<tr>\n<td style=\"width: 170px;\"><strong>Plazo del certificado LIHI<\/strong><\/td>\n<td style=\"width: 212px;\">6 de febrero de 2017 \u2013 5 de febrero de 2027<\/td>\n<\/tr>\n<tr>\n<td style=\"width: 170px;\"><strong>Due\u00f1o<\/strong><\/td>\n<td style=\"width: 212px;\">Corporaci\u00f3n de energ\u00eda Green Mountain<\/td>\n<\/tr>\n<tr>\n<td style=\"width: 170px;\"><strong>Estado<\/strong><\/td>\n<td style=\"width: 212px;\">Vermont<\/td>\n<\/tr>\n<tr>\n<td style=\"width: 170px;\"><strong>Ubicaci\u00f3n<\/strong><\/td>\n<td style=\"width: 212px;\">Ubicado en la milla fluvial 7.2 del r\u00edo Passumpsic, un afluente del r\u00edo Connecticut, aproximadamente 2.5 millas r\u00edo abajo del proyecto Arnold Falls.<\/td>\n<\/tr>\n<tr>\n<td style=\"width: 170px;\"><strong>Capacidad instalada<\/strong><\/td>\n<td style=\"width: 212px;\">700 kW<\/td>\n<\/tr>\n<tr>\n<td style=\"width: 170px;\"><strong>Generaci\u00f3n media anual<\/strong><\/td>\n<td style=\"width: 212px;\">2.535 MWh<\/td>\n<\/tr>\n<tr>\n<td style=\"width: 170px;\"><strong>Tipo de instalaci\u00f3n<\/strong><\/td>\n<td style=\"width: 212px;\"><span class='tooltipsall tooltip_post_id_5643 classtoolTips52'>De pasada<\/span><\/td>\n<\/tr>\n<tr>\n<td style=\"width: 170px;\"><strong><span class='tooltipsall tooltip_post_id_5565 classtoolTips152'>Comisi\u00f3n Federal de Comercio<\/span> No.<\/strong><\/td>\n<td style=\"width: 212px;\">P-2397 emitido en 1994, vence el 30\/11\/2034<\/td>\n<\/tr>\n<\/tbody>\n<\/table>\n<p>El Proyecto Gage se ubica en el noreste de Vermont, cerca de St. Johnsbury, en el condado de Caledonia, a orillas del r\u00edo Passumpsic. Fue construido entre 1919 y 1920 por la Twin State Gas &amp; Electric Company. <span class='tooltipsall tooltip_post_id_5545 classtoolTips158'>presa<\/span> fue destruida en la inundaci\u00f3n de 1927, aunque la <span class='tooltipsall tooltip_post_id_5624 classtoolTips102'>central el\u00e9ctrica<\/span> En 1929 se construy\u00f3 una presa de hormig\u00f3n. La instalaci\u00f3n es importante porque se encuentra entre las pocas realmente bajas <span class='tooltipsall tooltip_post_id_5581 classtoolTips154'>cabeza<\/span> Centrales con canal abierto y unidades generadoras a cielo abierto. La central el\u00e9ctrica tambi\u00e9n se encuentra entre los pocos edificios de este tipo construidos \u00edntegramente en acero y hormig\u00f3n, sin la fachada de ladrillo t\u00edpica de la d\u00e9cada de 1920. <span class='tooltipsall tooltip_post_id_5624 classtoolTips102'>potencias<\/span>Los restos de la primera central hidroel\u00e9ctrica de St. Johnsbury, supuestamente construida en 1898, est\u00e1n conectados al norte <span class='tooltipsall tooltip_post_id_5514 classtoolTips118'>contrafuerte<\/span> de la presa y sostienen la torre del telef\u00e9rico.<\/p>\n<p>El proyecto es la tercera presa m\u00e1s abajo del r\u00edo Passumpsic. Los proyectos aguas arriba incluyen <a href=\"https:\/\/lowimpacthydro.org\/es\/lihi-certificate-92-pierce-mills-hydropower-project-vermont\/\">Molinos Pierce (LIHI #92)<\/a> y <a href=\"https:\/\/lowimpacthydro.org\/es\/lihi-certificate-93-arnold-falls-hydroelectric-project-vermont\/\">Cataratas Arnold (LIHI #93)<\/a>Los proyectos aguas abajo son los <a href=\"https:\/\/lowimpacthydro.org\/es\/lihi-certificate-95-passumpsic-project-vermont\/\">Proyecto Passumpsic (LIHI #95)<\/a> y el Proyecto East Barnet (FERC n.\u00b0 3051), la primera presa en el r\u00edo. El r\u00edo tiene 36,5 kil\u00f3metros de longitud y es un afluente del r\u00edo Connecticut, desembocando aguas abajo de Comerford. <span class='tooltipsall tooltip_post_id_5545 classtoolTips158'>Presa<\/span> (parte de la <a href=\"https:\/\/lowimpacthydro.org\/es\/lihi-certificate-39-fifteen-mile-falls-project-vermont-and-new-hampshire\/\">Proyecto de las Cataratas de Quince Millas, LIHI #39<\/a>). El proyecto es propiedad de Green Mountain Power (GMP), la primera empresa de servicios p\u00fablicos de energ\u00eda certificada como <a href=\"https:\/\/bcorporation.net\/\">Corporaci\u00f3n B.<\/a><\/p>\n<p>Las obras del proyecto incluyen una presa de tres secciones, <span class='tooltipsall tooltip_post_id_5651 classtoolTips116'>aliviadero<\/span>, fuerza <span class='tooltipsall tooltip_post_id_5537 classtoolTips143'>canal<\/span>, admisi\u00f3n integral, casa de m\u00e1quinas, dos turbinas y equipo de transmisi\u00f3n.<\/p>\n<p>El hormig\u00f3n <span class='tooltipsall tooltip_post_id_5580 classtoolTips81'>presa de gravedad<\/span> consta de tres secciones: una secci\u00f3n norte que tiene 176 pies de largo con una altura m\u00e1xima de 13 pies, rematada con una torre de 6 pies de alto <span class='tooltipsall tooltip_post_id_5569 classtoolTips79'>tableros de flash<\/span>una secci\u00f3n central de 9 metros de largo; y una secci\u00f3n sur de 13 metros de largo por 5,5 metros de alto con una compuerta de 1,8 metros de ancho rematada con travesa\u00f1os de 30 cent\u00edmetros. La presa est\u00e1 equipada con una compuerta de cabeza de 15,5 metros de ancho con cuatro <span class='tooltipsall tooltip_post_id_5582 classtoolTips122'>compuertas de entrada<\/span>La presa crea un tramo desviado de aproximadamente 950 pies de largo.<\/p>\n<p>El canal de energ\u00eda tiene 27 metros de largo por 13 metros de ancho y 4,8 metros de profundidad, y transporta el flujo a la central el\u00e9ctrica mediante una toma integral con un desagote inclinado. La central el\u00e9ctrica contiene dos turbinas de eje vertical y generadores con una capacidad combinada de 0,7 MW. <span class='tooltipsall tooltip_post_id_5566 classtoolTips59'>paso de peces<\/span> La instalaci\u00f3n consta de una compuerta en el aliviadero adyacente a la cabecera del canal.<\/p>\n<p>El proyecto opera en un <span class='tooltipsall tooltip_post_id_5643 classtoolTips52'>de pasada<\/span> El proyecto prev\u00e9 un caudal m\u00ednimo de 142 pies c\u00fabicos por segundo (cfs) del 1 de octubre al 31 de mayo y de 82 pies c\u00fabicos por segundo (cfs) del 1 de junio al 30 de septiembre. Este r\u00e9gimen de caudal se desarroll\u00f3 en consulta con la Agencia de Recursos Naturales de Vermont (VANR).<\/p>\n<p>Las aguas dentro del alcance del proyecto est\u00e1n designadas como Clase B y contaminadas por E. coli. Las aguas de Clase B se gestionan para un apoyo de alta calidad de la biota acu\u00e1tica y la vida silvestre, primaria y <span class='tooltipsall tooltip_post_id_5646 classtoolTips7'>recreaci\u00f3n de contacto secundario<\/span>, uso del suministro p\u00fablico de agua y usos agr\u00edcolas. La consulta con VANR ha confirmado que el proyecto no contribuye al deterioro del r\u00edo, ya que la fuente de la fuente es la planta de tratamiento de aguas residuales de St. Johnsbury, aguas arriba.<\/p>\n<p>Las presas aguas abajo en el cauce principal del r\u00edo Passumpsic y el r\u00edo Connecticut crean una barrera para el paso de peces aguas arriba en el proyecto. Si bien las poblaciones de anguila americana fueron hist\u00f3ricamente abundantes en la cuenca del r\u00edo Connecticut, la presencia de numerosas presas en el r\u00edo ahora impide el paso de la especie. Los proyectos aguas abajo en los r\u00edos Passumpsic y Connecticut bloquean el paso, y el Servicio de Pesca y Vida Silvestre de EE. UU. no ha solicitado el paso aguas arriba en dichos proyectos ni en Gage. El proyecto facilita el paso aguas abajo mediante una compuerta en el aliviadero adyacente a la cabecera del canal, que conduce a un terreno de 2 acres. <span class='tooltipsall tooltip_post_id_5620 classtoolTips86'>piscina de inmersi\u00f3n<\/span>El paso es utilizado principalmente por las especies de truchas residentes. Los trashracks con una separaci\u00f3n de una pulgada mitigan el potencial de <span class='tooltipsall tooltip_post_id_5558 classtoolTips77'>arrastre<\/span> en el proyecto.<\/p>\n<p>Los terrenos del proyecto abarcan aproximadamente 25 acres. No existen terrenos de valor ecol\u00f3gico significativo en el \u00e1rea del proyecto, ya que la mayor\u00eda de los terrenos son bosques mixtos, arbustos y algunas zonas rocosas \u00e1ridas. Se han implementado medidas de control de la erosi\u00f3n mediante la instalaci\u00f3n de escolleras a lo largo de las laderas del embalse, las m\u00e1s susceptibles a la erosi\u00f3n.<\/p>\n<p>Entre las especies amenazadas o en peligro de extinci\u00f3n que podr\u00edan estar presentes en las inmediaciones del proyecto se encuentra el murci\u00e9lago orejudo norte\u00f1o. La consulta con el VANR ha confirmado que el proyecto no afecta a las especies incluidas en la lista.<\/p>\n<p>Los recursos culturales en el \u00e1rea del proyecto incluyen la infraestructura del proyecto (presa, estructura de toma, unidades generadoras, central el\u00e9ctrica) que es elegible para su inclusi\u00f3n en la lista <span class='tooltipsall tooltip_post_id_5606 classtoolTips1'>Registro Nacional de Lugares Hist\u00f3ricos<\/span>Estas estructuras son representativas del per\u00edodo de 1882 a 1941, cuando floreci\u00f3 el desarrollo hidroel\u00e9ctrico en Vermont. El proyecto presenta informes anuales de cumplimiento a la Divisi\u00f3n de Preservaci\u00f3n Hist\u00f3rica de Vermont para garantizar la correcta gesti\u00f3n de estos recursos.<\/p>\n<p>Los recursos recreativos del proyecto incluyen un porteo de canoas y un \u00e1rea de picnic. El propietario del proyecto revis\u00f3 voluntariamente la <a href=\"https:\/\/greenmountainpower.com\/wp-content\/uploads\/2016\/12\/001-Passump-Rec-Guide_06082017_FINAL-web-print.pdf\">Gu\u00eda de canotaje y recreaci\u00f3n en el r\u00edo Passumpsic<\/a> Ofrece visitas guiadas a las instalaciones. El acceso p\u00fablico es gratuito.<\/p>\n<hr \/>\n<h3>Estado de cumplimiento<\/h3>\n<p><strong>En el Certificado actual no existen condiciones espec\u00edficas para ninguna instalaci\u00f3n.<\/strong><\/p>\n<p><strong>2026:<\/strong> No se identificaron cambios materiales ni problemas de cumplimiento. El proyecto sigue cumpliendo con los requisitos seg\u00fan la revisi\u00f3n anual.<\/p>\n<p><strong>2025:<\/strong> No se identificaron cambios sustanciales ni problemas de cumplimiento. El proyecto sigue cumpliendo con la normativa seg\u00fan la revisi\u00f3n anual. El proyecto present\u00f3 la documentaci\u00f3n de mitigaci\u00f3n hist\u00f3rica para el proyecto de la presa inflable, de conformidad con un memorando de acuerdo con la Oficina Estatal de Preservaci\u00f3n Hist\u00f3rica de Vermont.<\/p>\n<p><strong>2024:<\/strong> No se identificaron cambios sustanciales ni problemas de cumplimiento. El proyecto se mantiene en cumplimiento seg\u00fan la revisi\u00f3n anual. Se complet\u00f3 la construcci\u00f3n del sistema de presa inflable. Solo se identificaron impactos temporales, principalmente debido a la instalaci\u00f3n de la atagu\u00eda, y no se observaron cambios operativos debido a este cambio. Por lo tanto, este cambio no se considera sustancial a efectos del LIHI.<\/p>\n<p><strong>2023:<\/strong> No se identificaron cambios sustanciales ni problemas de cumplimiento. El proyecto se mantiene en cumplimiento seg\u00fan la revisi\u00f3n anual. El proyecto present\u00f3 una solicitud de enmienda a la FERC por falta de capacidad para reemplazar las tablas de madera por un sistema de presa inflable, la cual fue aprobada el 7 de julio de 2023.<\/p>\n<p><strong>2022:<\/strong> No se identificaron cambios materiales ni problemas de cumplimiento. El proyecto sigue cumpliendo con los requisitos seg\u00fan la revisi\u00f3n anual.<\/p>\n<p><strong>2021:<\/strong> El proyecto inform\u00f3 estar fuera de servicio desde abril de 2020 debido a problemas de seguridad relacionados con <span class='tooltipsall tooltip_post_id_5569 classtoolTips79'>tablero de flash<\/span> operaciones. El proyecto sigue cumpliendo con los requisitos seg\u00fan la revisi\u00f3n anual.<\/p>\n<p><strong>2020:<\/strong> No se informaron cambios ni problemas de cumplimiento. El proyecto sigue cumpliendo con los requisitos seg\u00fan la revisi\u00f3n anual.<\/p>\n<p><strong>2019:<\/strong> No se informaron cambios ni problemas de cumplimiento. El proyecto sigue cumpliendo con los requisitos seg\u00fan la revisi\u00f3n anual.<\/p>\n<p><strong>2018:<\/strong> El proyecto inform\u00f3 la instalaci\u00f3n de nueva se\u00f1alizaci\u00f3n, dos nuevos espacios de estacionamiento junto a la central el\u00e9ctrica y un sendero informal mejorado que conecta el estacionamiento de la central el\u00e9ctrica con el r\u00edo. La FERC aprob\u00f3 los cambios y revis\u00f3 el plan de recreaci\u00f3n en 2018. El proyecto cumple con los requisitos seg\u00fan la revisi\u00f3n anual.<\/p>\n<p><strong>2017:<\/strong> La presentaci\u00f3n de informes anuales para el Certificado actual a\u00fan no ha entrado en vigor.<\/p>\n<hr \/>\n<h3>Historial de certificaciones<\/h3>\n<p><strong>1 de enero de 2022:<\/strong> El plazo del Certificado LIHI se ha extendido de acuerdo con la Revisi\u00f3n 2.05 del Manual de Certificaci\u00f3n LIHI 2.\u00aa Edici\u00f3n emitido el 1 de enero de 2022. Consulte la tabla de instalaciones anterior para conocer el nuevo plazo.<\/p>\n<p><strong>15 de agosto de 2018:<\/strong> La decisi\u00f3n de recertificar el Proyecto Hidroel\u00e9ctrico Gage es definitiva. No se recibieron apelaciones durante el per\u00edodo de apelaci\u00f3n, que cerr\u00f3 el 11 de agosto de 2018. El nuevo plazo para el Proyecto Gage es del 6 de febrero de 2017 al 5 de febrero de 2022.<\/p>\n<p><strong>12 de julio de 2018:<\/strong> El Instituto de Energ\u00eda Hidroel\u00e9ctrica de Bajo Impacto (LIHI) aprob\u00f3 preliminarmente el Proyecto Hidroel\u00e9ctrico Gage para un nuevo per\u00edodo de 5 a\u00f1os de Certificaci\u00f3n de Bajo Impacto. Esta decisi\u00f3n es preliminar, a la espera del plazo de apelaci\u00f3n de 30 d\u00edas. Solo quienes presentaron comentarios en la solicitud inicial durante el plazo de 60 d\u00edas pueden presentar una apelaci\u00f3n. Dicha apelaci\u00f3n debe incluir una explicaci\u00f3n de por qu\u00e9 los proyectos no cumplen con los criterios del LIHI. Las solicitudes de apelaci\u00f3n pueden enviarse por correo electr\u00f3nico a <a href=\"mailto:comments@lowimpacthydro.org\">comments@lowimpacthydro.org<\/a> con \u201cProyecto Hidroel\u00e9ctrico Gage\u201d en el asunto, o por correo postal dirigido al Instituto de Energ\u00eda Hidroel\u00e9ctrica de Bajo Impacto, 329 Massachusetts Ave, Suite 2, Lexington, MA 02420. Todas las solicitudes se publicar\u00e1n en el sitio web y el solicitante tendr\u00e1 la oportunidad de responder; cualquier respuesta tambi\u00e9n se publicar\u00e1. <strong>Las solicitudes deben recibirse antes de las 5 p. m., hora del Este, el 11 de agosto de 2018.\u00a0 <\/strong>La solicitud completa y el informe del revisor est\u00e1n disponibles a continuaci\u00f3n. Si no se reciben solicitudes de apelaci\u00f3n y la decisi\u00f3n es definitiva, el nuevo plazo para el Proyecto Gage ser\u00e1 del 6 de febrero de 2017 al 5 de febrero de 2022.<\/p>\n<p><strong>11 de junio de 2018:<\/strong> El plazo de certificaci\u00f3n del Proyecto Gage se ha extendido nuevamente hasta el 30 de septiembre de 2018.<\/p>\n<p><strong>3 de abril de 2018: <\/strong>El plazo de certificaci\u00f3n del Proyecto Gage se ha extendido nuevamente hasta el 30 de junio de 2018.<\/p>\n<p><strong>28 de noviembre de 2017: <\/strong>El plazo de certificaci\u00f3n del Proyecto Gage se ha extendido hasta el 31 de marzo de 2018.<\/p>\n<p><strong>30 de diciembre de 2016:<\/strong> El Instituto de Energ\u00eda Hidroel\u00e9ctrica de Bajo Impacto (LIHI) ha recibido una solicitud completa para un nuevo per\u00edodo de Certificaci\u00f3n de Bajo Impacto para el proyecto hidroel\u00e9ctrico Gage. Los materiales de la solicitud se encuentran en la secci\u00f3n Archivos a continuaci\u00f3n. LIHI solicita comentarios del p\u00fablico sobre esta solicitud. En concreto, nos interesa saber si considera que el proyecto Gage cumple con los Criterios de Certificaci\u00f3n de Bajo Impacto de LIHI, revisados en la 2.\u00aa edici\u00f3n del Manual, publicado en marzo de 2016. Por favor, revise el programa y los criterios en la versi\u00f3n revisada de LIHI.\u00a0<a href=\"https:\/\/lowimpacthydro.org\/wp-content\/uploads\/2014\/08\/2nd-edition-handbook-20160307-FINAL-CLEAN.pdf\" target=\"_blank\" rel=\"noopener noreferrer\">Manual <\/a>y luego revise los materiales de solicitud del Proyecto 2016 publicados en la p\u00e1gina del proyecto. Los comentarios que est\u00e9n directamente relacionados con criterios espec\u00edficos de LIHI (flujos, calidad del agua, paso de peces, etc.) ser\u00e1n de gran ayuda, pero se considerar\u00e1n todos los comentarios. Los comentarios pueden enviarse al Instituto por correo electr\u00f3nico a\u00a0<a href=\"mailto:comments@lowimpacthydro.org\" target=\"_blank\" rel=\"noopener noreferrer\" data-cke-saved-href=\"mailto:dhall@lowimpacthydro.org?subject=Raquette%20Project%20Comments\">comments@lowimpacthydro.org<\/a>\u00a0con \u201cComentarios del Proyecto Gage\u201d en la l\u00ednea de asunto, o por correo dirigido al Low Impact Hydropower Institute, PO Box 194, Harrington Park, Nueva Jersey 07640.\u00a0 <strong>Los comentarios deben recibirse en el Instituto antes de las 5:00 p. m., hora del Este, el 4 de marzo de 2017.<\/strong>\u00a0Se considerar\u00e1n todos los comentarios. Se publicar\u00e1n en el sitio web y el solicitante tendr\u00e1 la oportunidad de responder. Tambi\u00e9n se publicar\u00e1n todas las respuestas.<\/p>\n<p><strong>16 de diciembre de 2016:<\/strong>\u00a0El proyecto hidroel\u00e9ctrico Gage ha obtenido una pr\u00f3rroga del plazo del certificado actual. La nueva fecha de vencimiento es el 6 de mayo de 2017. Consulte la carta de pr\u00f3rroga para obtener una explicaci\u00f3n m\u00e1s abajo.<\/p>\n<p><strong>5 de septiembre de 2012:<\/strong> El Proyecto Gage ha sido certificado como de bajo impacto por un per\u00edodo de cinco a\u00f1os, a partir del 6 de febrero de 2012 y hasta el 6 de febrero de 2017.<\/p>\n<p><strong>6 de abril de 2012:<\/strong> El per\u00edodo de comentarios p\u00fablicos sobre la solicitud ha cerrado.<\/p>\n<p><strong>6 de febrero de 2012:<\/strong> La Corporaci\u00f3n de Servicios P\u00fablicos de Vermont Central ha presentado una solicitud para la certificaci\u00f3n del Proyecto Gage. Se ha abierto el per\u00edodo de comentarios p\u00fablicos.<\/p>\n<hr \/>\n<h3>Archivos de certificaci\u00f3n<\/h3>\n<h4>Recertificaci\u00f3n 2017<\/h4>\n<ul style=\"color: black;\">\n<li><a href=\"https:\/\/lowimpacthydro.org\/wp-content\/uploads\/2020\/07\/Gage_LIHI_Re-Certification_Report_6July2018.pdf\">Informe de revisi\u00f3n de recertificaci\u00f3n de Gage 2018<\/a><\/li>\n<li><a href=\"https:\/\/lowimpacthydro.org\/wp-content\/uploads\/2020\/07\/001-Gage-LIHI-Re-Certification-Application-3-29-2018_Public.pdf\">Solicitud de recertificaci\u00f3n de calibre 2018<\/a><\/li>\n<\/ul>\n<h4>Certificaci\u00f3n 2012<\/h4>\n<ul style=\"color: black;\">\n<li><a href=\"https:\/\/lowimpacthydro.org\/wp-content\/uploads\/2020\/08\/GageProjectReport-FINAL.pdf\">Informe de revisi\u00f3n de certificaci\u00f3n de calibre<\/a><\/li>\n<li><a href=\"https:\/\/lowimpacthydro.org\/wp-content\/uploads\/2020\/08\/Passumpsic_Projects_Gage_LIHI_Questionnaire.pdf\">Cuestionario de certificaci\u00f3n de Gage<\/a><\/li>\n<li><a href=\"https:\/\/lowimpacthydro.org\/wp-content\/uploads\/2020\/08\/Gage_Recreation_Plan.pdf\">Plan de recreaci\u00f3n de Gage<\/a><\/li>\n<li><a href=\"https:\/\/lowimpacthydro.org\/wp-content\/uploads\/2020\/08\/Passumpsic-Projects-CRMP-Documents.pdf\">Documentos del Plan de Gesti\u00f3n de Recursos Culturales de Proyectos Passumpsic<\/a><\/li>\n<li><a href=\"https:\/\/lowimpacthydro.org\/wp-content\/uploads\/2020\/08\/Passumpsic-Projects-Recreation-Documents.pdf\">Documentos de recreaci\u00f3n de proyectos Passumpsic<\/a><\/li>\n<li><a href=\"https:\/\/lowimpacthydro.org\/wp-content\/uploads\/2020\/08\/Passumpsic_Projects_-_LIHI_Attachment_B_-Resource_Agencies-1.pdf\">Proyectos Passumpsic \u2013 Contacto de la Agencia de Recursos<\/a><\/li>\n<\/ul>\n<hr \/>\n<h3>Documentos clave<\/h3>\n<ul>\n<li><a href=\"https:\/\/lowimpacthydro.org\/wp-content\/uploads\/2020\/08\/Gage-License.pdf\">Licencia FERC de 1994 y evaluaci\u00f3n ambiental<\/a><\/li>\n<li><a href=\"https:\/\/lowimpacthydro.org\/wp-content\/uploads\/2023\/06\/1994-06-16-Gage-401.pdf\">Certificaci\u00f3n de calidad del agua de 1994<\/a><\/li>\n<\/ul>","protected":false},"excerpt":{"rendered":"<p>Project Name Gage LIHI Certificate No. 94 LIHI Certificate Term February 6, 2017 &#8211; February 5, 2027 Owner Green Mountain Power Corporation State Vermont Location Located<span class=\"excerpt-hellip\"> [\u2026]<\/span><\/p>\n","protected":false},"author":3,"featured_media":-1,"parent":0,"menu_order":0,"comment_status":"closed","ping_status":"closed","template":"","meta":{"_coblocks_attr":"","_coblocks_dimensions":"","_coblocks_responsive_height":"","_coblocks_accordion_ie_support":"","om_disable_all_campaigns":false,"_monsterinsights_skip_tracking":false,"_monsterinsights_sitenote_active":false,"_monsterinsights_sitenote_note":"","_monsterinsights_sitenote_category":0,"footnotes":""},"class_list":["post-1568","page","type-page","status-publish","has-post-thumbnail","hentry"],"aioseo_notices":[],"_links":{"self":[{"href":"https:\/\/lowimpacthydro.org\/es\/wp-json\/wp\/v2\/pages\/1568","targetHints":{"allow":["GET"]}}],"collection":[{"href":"https:\/\/lowimpacthydro.org\/es\/wp-json\/wp\/v2\/pages"}],"about":[{"href":"https:\/\/lowimpacthydro.org\/es\/wp-json\/wp\/v2\/types\/page"}],"author":[{"embeddable":true,"href":"https:\/\/lowimpacthydro.org\/es\/wp-json\/wp\/v2\/users\/3"}],"replies":[{"embeddable":true,"href":"https:\/\/lowimpacthydro.org\/es\/wp-json\/wp\/v2\/comments?post=1568"}],"version-history":[{"count":14,"href":"https:\/\/lowimpacthydro.org\/es\/wp-json\/wp\/v2\/pages\/1568\/revisions"}],"predecessor-version":[{"id":10347,"href":"https:\/\/lowimpacthydro.org\/es\/wp-json\/wp\/v2\/pages\/1568\/revisions\/10347"}],"wp:featuredmedia":[{"embeddable":true,"href":"https:\/\/lowimpacthydro.org\/es\/wp-json\/"}],"wp:attachment":[{"href":"https:\/\/lowimpacthydro.org\/es\/wp-json\/wp\/v2\/media?parent=1568"}],"curies":[{"name":"gracias","href":"https:\/\/api.w.org\/{rel}","templated":true}]}}