{"id":156,"date":"2020-02-17T03:36:35","date_gmt":"2020-02-17T08:36:35","guid":{"rendered":"http:\/\/lowimpacthydro.org\/new\/?page_id=156"},"modified":"2020-02-17T03:36:35","modified_gmt":"2020-02-17T08:36:35","slug":"home","status":"publish","type":"page","link":"https:\/\/lowimpacthydro.org\/es\/home\/","title":{"rendered":"Hogar"},"content":{"rendered":"<div class=\"wp-block-columns has-3-columns is-services is-layout-flex wp-container-core-columns-is-layout-9d6595d7 wp-block-columns-is-layout-flex\"><div class=\"wp-block-column is-layout-flow wp-block-column-is-layout-flow\"><figure class=\"wp-block-image\"><img decoding=\"async\" alt=\"\" src=\"https:\/\/lowimpacthydro.org\/wp-content\/uploads\/2019\/08\/home-1.jpg\"><\/figure><h3 class=\"wp-block-heading\"><a href=\"#\">Producto\/Servicio #1<\/a><\/h3><p>Lo que haga que su empresa sea m\u00e1s conocida debe ir aqu\u00ed, ya sean salchichas, gorras de b\u00e9isbol o eliminaci\u00f3n de murci\u00e9lagos vampiros.<\/p><p><a href=\"#\">M\u00e1s informaci\u00f3n<\/a><\/p><\/div><div class=\"wp-block-column is-layout-flow wp-block-column-is-layout-flow\"><figure class=\"wp-block-image\"><img decoding=\"async\" alt=\"\" src=\"https:\/\/lowimpacthydro.org\/wp-content\/uploads\/2019\/08\/home-2.jpg\"><\/figure><h3 class=\"wp-block-heading\"><a href=\"#\">Producto\/Servicio #2<\/a><\/h3><p>\u00bfQu\u00e9 otro art\u00edculo popular tienes para vender o intercambiar? Com\u00e9ntalo aqu\u00ed con palabras atractivas y memorables para que los visitantes del sitio lo tengan que comprar.<\/p><p><a href=\"#\">M\u00e1s informaci\u00f3n<\/a><\/p><\/div><div class=\"wp-block-column is-layout-flow wp-block-column-is-layout-flow\"><figure class=\"wp-block-image\"><img decoding=\"async\" alt=\"\" src=\"https:\/\/lowimpacthydro.org\/wp-content\/uploads\/2019\/08\/home-2.jpg\"><\/figure><h3 class=\"wp-block-heading\"><a href=\"#\">Producto\/Servicio #3<\/a><\/h3><p>No piense en este producto o servicio como su tercer favorito, piense en \u00e9l como el medallista de bronce en una barrida de medallas ol\u00edmpicas de excelentes productos\/servicios.<\/p><p><a href=\"#\">M\u00e1s informaci\u00f3n<\/a><\/p><\/div><\/div><div class=\"wp-block-columns has-2-columns is-main-message is-layout-flex wp-container-core-columns-is-layout-9d6595d7 wp-block-columns-is-layout-flex\"><div class=\"wp-block-column is-layout-flow wp-block-column-is-layout-flow\"><h3 class=\"wp-block-heading\">Su mensaje principal<\/h3><p>Usa este espacio para contarle a la gente qu\u00e9 hace tu empresa, por qu\u00e9 y c\u00f3mo lo hace. \u00bfPor qu\u00e9 eres conocido? \u00bfA qui\u00e9n le caes bien? \u00bfCu\u00e1l es tu principal ventaja competitiva?<\/p><p>Incluye todo lo que hace que tu negocio sea \u00fanico y mejor que la competencia. \u00bfTienes un proceso patentado de taxidermia de 13 pasos que da como resultado b\u00fahos disecados con la mayor realismo? \u00a1No te lo pierdas!<\/p><p>Otras cosas buenas para incluir en este texto incluyen: premios ganados, distinciones otorgadas, n\u00famero de productos vendidos, filosof\u00eda de la empresa (solo mant\u00e9ngala breve), datos interesantes sobre la historia de la empresa y cualquier cosa que haga que un lector piense que ser\u00eda fant\u00e1stico hacer negocios con usted.<\/p><\/div><div class=\"wp-block-column is-layout-flow wp-block-column-is-layout-flow\"><div class=\"wp-block-image\"><figure class=\"aligncenter\"><img decoding=\"async\" alt=\"\" src=\"https:\/\/lowimpacthydro.org\/wp-content\/uploads\/2019\/08\/home-4.jpg\"><\/figure><\/div><\/div><\/div><div class=\"wp-block-spacer\" style=\"height:27px\" aria-hidden=\"true\"><\/div><h3 class=\"wp-block-heading\">Pr\u00f3ximos pasos\u2026<\/h3><div class=\"wp-block-coblocks-row coblocks-row-77123959945\" data-columns=\"2\" data-layout=\"66-33\"><div class=\"wp-block-coblocks-row__inner has-medium-gutter has-no-padding has-no-margin is-stacked-on-mobile\"><div class=\"wp-block-coblocks-column coblocks-column-771240515\" style=\"width:66%\"><div class=\"wp-block-coblocks-column__inner has-no-padding has-no-margin\"><p>Esta deber\u00eda ser la principal llamada a la acci\u00f3n de un cliente potencial, por ejemplo, solicitar una cotizaci\u00f3n o revisar su cat\u00e1logo de productos.<\/p><\/div><\/div><div class=\"wp-block-coblocks-column coblocks-column-771240519\" style=\"width:33%\"><div class=\"wp-block-coblocks-column__inner has-no-padding has-no-margin\"><div class=\"wp-block-button aligncenter\"><a href=\"\/es\/contact\/\" class=\"wp-block-button__link\">Llamada a la acci\u00f3n<\/a><\/div><\/div><\/div><\/div><\/div>","protected":false},"excerpt":{"rendered":"<p>Product \/ Service #1 Whatever your company is most known for should go right here, whether that&#8217;s bratwurst or baseball caps or vampire bat removal. Learn<span class=\"excerpt-hellip\"> [\u2026]<\/span><\/p>\n","protected":false},"author":1,"featured_media":4088,"parent":0,"menu_order":0,"comment_status":"closed","ping_status":"closed","template":"","meta":{"_coblocks_attr":"","_coblocks_dimensions":"","_coblocks_responsive_height":"","_coblocks_accordion_ie_support":"","om_disable_all_campaigns":false,"_monsterinsights_skip_tracking":false,"_monsterinsights_sitenote_active":false,"_monsterinsights_sitenote_note":"","_monsterinsights_sitenote_category":0,"footnotes":""},"class_list":["post-156","page","type-page","status-publish","has-post-thumbnail","hentry"],"_links":{"self":[{"href":"https:\/\/lowimpacthydro.org\/es\/wp-json\/wp\/v2\/pages\/156","targetHints":{"allow":["GET"]}}],"collection":[{"href":"https:\/\/lowimpacthydro.org\/es\/wp-json\/wp\/v2\/pages"}],"about":[{"href":"https:\/\/lowimpacthydro.org\/es\/wp-json\/wp\/v2\/types\/page"}],"author":[{"embeddable":true,"href":"https:\/\/lowimpacthydro.org\/es\/wp-json\/wp\/v2\/users\/1"}],"replies":[{"embeddable":true,"href":"https:\/\/lowimpacthydro.org\/es\/wp-json\/wp\/v2\/comments?post=156"}],"version-history":[{"count":1,"href":"https:\/\/lowimpacthydro.org\/es\/wp-json\/wp\/v2\/pages\/156\/revisions"}],"predecessor-version":[{"id":321,"href":"https:\/\/lowimpacthydro.org\/es\/wp-json\/wp\/v2\/pages\/156\/revisions\/321"}],"wp:featuredmedia":[{"embeddable":true,"href":"https:\/\/lowimpacthydro.org\/es\/wp-json\/wp\/v2\/media\/4088"}],"wp:attachment":[{"href":"https:\/\/lowimpacthydro.org\/es\/wp-json\/wp\/v2\/media?parent=156"}],"curies":[{"name":"gracias","href":"https:\/\/api.w.org\/{rel}","templated":true}]}}