{"id":1518,"date":"2020-07-25T17:27:54","date_gmt":"2020-07-25T21:27:54","guid":{"rendered":"https:\/\/lowimpacthydro.org\/?page_id=1518"},"modified":"2026-03-04T14:45:11","modified_gmt":"2026-03-04T19:45:11","slug":"lihi-certificate-105-occum-project-connecticut","status":"publish","type":"page","link":"https:\/\/lowimpacthydro.org\/es\/lihi-certificate-105-occum-project-connecticut\/","title":{"rendered":"Certificado LIHI #105 - Proyecto Occum, Connecticut"},"content":{"rendered":"<table class=\"alignright\" style=\"width: 351px; border: 2px; cellspacing: 2px; cellpadding: 2px; margin-left: 50px;\">\n<tbody>\n<tr style=\"height: 32px;\">\n<td style=\"width: 36.3636%; height: 32px;\"><strong>Nombre del proyecto<\/strong><\/td>\n<td style=\"width: 54.8209%; height: 32px;\">Occum<\/td>\n<\/tr>\n<tr style=\"height: 30px;\">\n<td style=\"width: 36.3636%; height: 30px;\"><strong>Certificado LIHI No.<\/strong><\/td>\n<td style=\"width: 54.8209%; height: 30px;\">105<\/td>\n<\/tr>\n<tr style=\"height: 60px;\">\n<td style=\"width: 36.3636%; height: 60px;\"><strong>Plazo del certificado LIHI<br \/>\n<\/strong><\/td>\n<td style=\"width: 54.8209%; height: 60px;\">6 de marzo de 2018 \u2013<br \/>\n5 de marzo de 2028<\/td>\n<\/tr>\n<tr style=\"height: 24px;\">\n<td style=\"width: 36.3636%; height: 24px;\"><strong>Due\u00f1o<\/strong><\/td>\n<td style=\"width: 54.8209%; height: 24px;\">Servicios p\u00fablicos de Norwich<\/td>\n<\/tr>\n<tr style=\"height: 24px;\">\n<td style=\"width: 36.3636%; height: 24px;\"><strong>Estado<\/strong><\/td>\n<td style=\"width: 54.8209%; height: 24px;\">Connecticut<\/td>\n<\/tr>\n<tr style=\"height: 128px;\">\n<td style=\"width: 36.3636%; height: 128px;\"><strong>Ubicaci\u00f3n<\/strong><\/td>\n<td style=\"width: 54.8209%; height: 128px;\">Ubicado en la milla fluvial 6.4 del r\u00edo Shetucket, en la aldea de Occum, ciudad de Norwich y la aldea de Versalles, ciudad de Sprague, condado de New London, Connecticut.<\/td>\n<\/tr>\n<tr style=\"height: 36px;\">\n<td style=\"width: 36.3636%; height: 36px;\"><strong>Capacidad instalada<\/strong><\/td>\n<td style=\"width: 54.8209%; height: 36px;\">0,8 MW<\/td>\n<\/tr>\n<tr style=\"height: 56px;\">\n<td style=\"width: 36.3636%; height: 56px;\"><strong>Generaci\u00f3n media anual<\/strong><\/td>\n<td style=\"width: 54.8209%; height: 56px;\">2.513 MWh<\/td>\n<\/tr>\n<tr style=\"height: 53px;\">\n<td style=\"width: 36.3636%; height: 53px;\"><strong>Tipo de instalaci\u00f3n<\/strong><\/td>\n<td style=\"width: 54.8209%; height: 53px;\">Tienda limitada y lanzamiento desde el proyecto upstream<\/td>\n<\/tr>\n<tr style=\"height: 24px;\">\n<td style=\"width: 36.3636%; height: 24px;\"><strong><span class='tooltipsall tooltip_post_id_5565 classtoolTips152'>Comisi\u00f3n Federal de Comercio<\/span> No.<\/strong><\/td>\n<td style=\"width: 54.8209%; height: 24px;\">P-11574 expedido en 1999, vence el 31\/08\/2039<\/td>\n<\/tr>\n<\/tbody>\n<\/table>\n<p>El Proyecto Occum est\u00e1 ubicado en el r\u00edo Shetucket, un afluente del r\u00edo T\u00e1mesis, en la localidad de Occum, ciudad de Norwich y la localidad de Versalles, ciudad de Sprague, condado de New London, Connecticut. En su desembocadura, el r\u00edo Shetucket se combina con el r\u00edo Yantic para formar el r\u00edo T\u00e1mesis a 24 km r\u00edo arriba del estrecho de Long Island en New London, Connecticut. La cuenca del r\u00edo T\u00e1mesis es la tercera cuenca fluvial m\u00e1s grande de Connecticut. Aguas abajo del proyecto se encuentran los r\u00edos Taftville y Yantic. <span class='tooltipsall tooltip_post_id_5545 classtoolTips158'>Presa<\/span>, una instalaci\u00f3n hidroel\u00e9ctrica sin licencia, y la <a href=\"https:\/\/lowimpacthydro.org\/es\/lihi-certificate-106-greenville-hydroelectric-project-connecticut\/\">Proyecto Greenville (LIHI #106)<\/a>.<\/p>\n<p>El proyecto <span class='tooltipsall tooltip_post_id_5545 classtoolTips158'>presa<\/span> Se construy\u00f3 en 1865 para suministrar energ\u00eda hidr\u00e1ulica a los molinos y luego se adapt\u00f3 para la generaci\u00f3n de energ\u00eda hidroel\u00e9ctrica entre 1934 y 1937. Norwich Public Utilities (NPU) compr\u00f3 el proyecto en 1932 y complet\u00f3 la instalaci\u00f3n del proyecto. <span class='tooltipsall tooltip_post_id_5624 classtoolTips102'>central el\u00e9ctrica<\/span> y unidades generadoras en 1934 y 1937 respectivamente.<\/p>\n<p>El proyecto funciona principalmente como una instalaci\u00f3n de ciclov\u00edas y depende de los caudales del Proyecto Scotland (FERC No. 2662) aguas arriba. El efecto para el Proyecto Occum aguas abajo es una afluencia cuya magnitud fluct\u00faa. El tiempo de viaje del agua entre los proyectos Scotland y Occum es de aproximadamente dos horas con niveles de caudal m\u00e1s altos.<\/p>\n<p>El proyecto incluye un hormig\u00f3n y <span class='tooltipsall tooltip_post_id_5600 classtoolTips84'>presa de mamposter\u00eda<\/span>, embalse, estructura de admisi\u00f3n, c\u00e1mara de carga, central el\u00e9ctrica, <span class='tooltipsall tooltip_post_id_5566 classtoolTips59'>paso de peces<\/span> instalaciones y dependencias anexas.<\/p>\n<p>La presa est\u00e1 compuesta por dos contiguos <span class='tooltipsall tooltip_post_id_5651 classtoolTips116'>aliviadero<\/span> secciones con una longitud total de 450 pies, bordeadas a ambos lados por un terrapl\u00e9n de tierra. La secci\u00f3n del aliviadero este es un hormig\u00f3n <span class='tooltipsall tooltip_post_id_5611 classtoolTips156'>ojiva<\/span> aliviadero de 170 pies de largo. La secci\u00f3n oeste es un aliviadero de mamposter\u00eda de piedra de 280 pies de largo con una plataforma de madera de 1,75 pies de alto. <span class='tooltipsall tooltip_post_id_5569 classtoolTips79'>tableros de flash<\/span>La secci\u00f3n oeste est\u00e1 equipada con una escalera para peces de 4 pies de ancho y una compuerta para basura de 6 pies de ancho que se abre hacia abajo. La escalera para peces aguas arriba corre paralela a la c\u00e1mara de carga y se extiende desde la presa hasta el canal de descarga de la central el\u00e9ctrica. La estructura de entrada tiene aproximadamente 85 pies de largo y se extiende desde el terrapl\u00e9n de tierra que linda con el lado oeste del aliviadero hasta el muro de la compuerta de entrada oeste. La estructura de la compuerta de entrada controla el flujo del r\u00edo hacia la c\u00e1mara de carga con 6 cremalleras y pi\u00f1ones motorizados operados manualmente. <span class='tooltipsall tooltip_post_id_5578 classtoolTips153'>puertas<\/span>El antec\u00e1mara mide aproximadamente 225 pies de largo por 160 pies de ancho. Un aliviadero del antec\u00e1mara est\u00e1 rematado con tablas de 1,7 pies que elevan la elevaci\u00f3n de la piscina hasta la elevaci\u00f3n normal de la superficie del agua. Este aliviadero, bordeado por el terrapl\u00e9n de tierra al norte y la central el\u00e9ctrica al sur, tiene aproximadamente 30 pies de ancho y se extiende 50 pies a lo largo del lado este del antec\u00e1mara. La central el\u00e9ctrica contiene una unidad de turbina-generador Kaplan vertical con una capacidad instalada de 0,8 MW.<\/p>\n<p>El proyecto opera en un modo de almacenamiento y liberaci\u00f3n limitado y almacena un embalse de 90 acres. Durante los per\u00edodos no operativos, el proyecto proporciona 100 pies c\u00fabicos por segundo o una entrada, lo que sea menor, para apoyar los tramos aguas abajo del r\u00edo. El Proyecto Escocia aguas arriba est\u00e1 llevando a cabo actualmente un cambio operativo para implementar <span class='tooltipsall tooltip_post_id_5643 classtoolTips52'>de pasada<\/span> Operaciones. Una vez implementado exitosamente, el proyecto planea operar en modo de flujo de pasada. Este r\u00e9gimen de flujo se desarroll\u00f3 en consulta con agencias de recursos, incluido el Departamento de Energ\u00eda y Protecci\u00f3n Ambiental de Connecticut (CTDEEP).<\/p>\n<p>Las aguas dentro del alcance del proyecto est\u00e1n designadas como de clase B, gestionadas para usos recreativos, h\u00e1bitat de peces y vida silvestre, y suministro agr\u00edcola e industrial. No se han encontrado aguas contaminadas en el \u00e1rea del proyecto y el CTDEEP no ha expresado ninguna preocupaci\u00f3n por los impactos en la calidad del agua a causa del proyecto.<\/p>\n<p>El r\u00edo Shetucket es el hogar de varias especies de peces migratorios, as\u00ed como de varias especies de r\u00edo residentes. Entre ellas se incluyen el s\u00e1balo americano, el arenque de r\u00edo, el s\u00e1balo molleja, el s\u00e1balo americano, la lubina rayada, el pez luna, el eperlano arco\u00edris y la anguila americana. En 2004, el proyecto complet\u00f3 el paso de anguilas r\u00edo arriba en consulta con CTDEEP. Si bien las pruebas iniciales de la instalaci\u00f3n de la escalera Denil determinaron que la medida del paso era eficaz, el proyecto enfrent\u00f3 desaf\u00edos operativos debido a las represas r\u00edo abajo. Por lo tanto, el proyecto reemplaz\u00f3 voluntariamente la escalera con un elevador de anguilas en colaboraci\u00f3n con CTDEEP. La instalaci\u00f3n del paso de peces r\u00edo abajo est\u00e1 ubicada inmediatamente adyacente a la central el\u00e9ctrica y la estructura de entrada. La instalaci\u00f3n consta de una c\u00e1mara de recolecci\u00f3n de concreto de 5 pies de ancho por 20 pies de largo, una compuerta de control de flujo de apertura hacia abajo de doble hoja de 5 pies de ancho por 7 pies de alto y una tuber\u00eda enterrada de polietileno de alta densidad de 26 pulgadas de di\u00e1metro que sale del muro del canal de descarga existente. El agua que ingresa al pasaje se controla mediante el uso de una compuerta de control de acero operada el\u00e9ctricamente ubicada a alturas apropiadas para limitar la cantidad de agua que ingresa al pasaje. <span class='tooltipsall tooltip_post_id_5568 classtoolTips128'>escala de peces<\/span>En 2018, USFWS coincidi\u00f3 con la posici\u00f3n de CTDEEP sobre la eficacia de la gesti\u00f3n pesquera en el proyecto.<\/p>\n<p>Las tierras del proyecto constan de aproximadamente un acre. Las tierras circundantes son principalmente colinas bajas y onduladas con una topograf\u00eda algo m\u00e1s pronunciada aguas abajo del proyecto. El bosque de frondosas predomina en la costa a lo largo de las empinadas riberas y las zonas altas. No se han identificado problemas de erosi\u00f3n y, debido a la peque\u00f1a superficie del proyecto, no hay tierras de valor ecol\u00f3gico significativo en el \u00e1rea del proyecto.<\/p>\n<p>Las especies amenazadas o en peligro de extinci\u00f3n que podr\u00edan estar presentes en las inmediaciones del proyecto incluyen el murci\u00e9lago orejudo del norte, el \u00e1guila calva y el arenque de lomo azul. Mediante consultas con la Oficina de Recursos Naturales de Connecticut, se concluy\u00f3 que no existen h\u00e1bitats cr\u00edticos para las especies incluidas en la lista en el \u00e1rea del proyecto. Las instalaciones de paso de peces minimizan los impactos del proyecto en el arenque de lomo azul y no se esperan impactos del proyecto para las \u00e1guilas calvas que puedan visitar el proyecto. USFWS y CTDEEP han confirmado que el proyecto no afecta negativamente a estas especies debido a la falta de h\u00e1bitat natural y medidas efectivas de paso de peces.<\/p>\n<p>La infraestructura del proyecto, construida originalmente a mediados del siglo XIX, representa un per\u00edodo de desarrollo de la industria y las modificaciones de la d\u00e9cada de 1900 son caracter\u00edsticas del desarrollo de la energ\u00eda hidroel\u00e9ctrica en el siglo XX. Estos recursos culturales est\u00e1n protegidos por el plan de gesti\u00f3n de recursos culturales del proyecto y el propietario del proyecto consulta anualmente con la Oficina de Preservaci\u00f3n Hist\u00f3rica del Estado para proporcionar actualizaciones sobre cualquier actividad que pueda afectar los recursos del proyecto.<\/p>\n<p>Los recursos recreativos del proyecto incluyen un porteo de canoas que se desarroll\u00f3 e instal\u00f3 en consulta con las agencias de recursos locales. Adem\u00e1s, el proyecto mantiene una rampa de porteo que cumple con la Ley de Estadounidenses con Discapacidades. El acceso a la zona de la central el\u00e9ctrica y la presa est\u00e1 prohibido por razones de seguridad p\u00fablica. El acceso p\u00fablico es gratuito.<\/p>\n<hr \/>\n<h3>Estado de cumplimiento<\/h3>\n<p><strong>El Certificado incluye las siguientes condiciones espec\u00edficas de la instalaci\u00f3n:<\/strong><\/p>\n<p><strong>Condici\u00f3n 1:<\/strong> El Propietario deber\u00e1 proporcionar una actualizaci\u00f3n sobre el estado de los estudios en curso del paso de peces r\u00edo arriba en la declaraci\u00f3n anual de cumplimiento a LIHI. Esta actualizaci\u00f3n debe resumir los hallazgos realizados en los estudios del a\u00f1o respectivo, as\u00ed como las modificaciones que puedan solicitar CTDEEP o USFWS. Tambi\u00e9n se deber\u00e1 proporcionar la respuesta de NPU a dichas solicitudes.<\/p>\n<p><strong>2026:<\/strong> No se identificaron cambios materiales ni problemas de cumplimiento. El proyecto sigue cumpliendo con los requisitos seg\u00fan la revisi\u00f3n anual. En cuanto a la condici\u00f3n 1, el proyecto no inform\u00f3 cambios en su estado.<\/p>\n<p><strong>2025:<\/strong> No se identificaron cambios materiales ni problemas de cumplimiento. El proyecto sigue cumpliendo con los requisitos seg\u00fan la revisi\u00f3n anual. En cuanto a la condici\u00f3n 1, el proyecto no inform\u00f3 cambios en su estado.<\/p>\n<p><strong>2024:<\/strong> No se identificaron cambios materiales ni problemas de cumplimiento. El proyecto sigue cumpliendo con los requisitos seg\u00fan la revisi\u00f3n anual. En cuanto a la condici\u00f3n 1, el proyecto no inform\u00f3 cambios en su estado.<\/p>\n<p><strong>2023:<\/strong> No se identificaron cambios materiales ni problemas de cumplimiento. El proyecto sigue cumpliendo con los requisitos seg\u00fan la revisi\u00f3n anual. En el caso de la condici\u00f3n 1, el proyecto inform\u00f3 que CTDEEP sigue suspendiendo el estudio del paso de peces a la espera de mejoras en el paso de la presa Taftsville r\u00edo abajo.<\/p>\n<p><strong>2022:<\/strong> No se identificaron cambios materiales ni problemas de cumplimiento. El proyecto sigue cumpliendo con los requisitos seg\u00fan la revisi\u00f3n anual. En el caso de la condici\u00f3n 1, el proyecto inform\u00f3 que CTDEEP sigue suspendiendo el estudio del paso de peces a la espera de mejoras en el paso de la presa Taftsville r\u00edo abajo.<\/p>\n<p><strong>2021:<\/strong> No se informaron cambios ni problemas de cumplimiento. El proyecto sigue cumpliendo con los requisitos seg\u00fan la revisi\u00f3n anual. En el caso de la condici\u00f3n 1, el proyecto inform\u00f3 que CTDEEP suspendi\u00f3 el estudio de paso de 2020 en espera de mejoras en el paso de la presa Taftsville r\u00edo abajo.<\/p>\n<p><strong>2020:<\/strong> No se informaron cambios ni problemas de cumplimiento. El proyecto sigue cumpliendo con los requisitos seg\u00fan la revisi\u00f3n anual. En el caso de la condici\u00f3n 1, el proyecto inform\u00f3 que las operaciones de la escala para peces se realizaron de conformidad con las recomendaciones del CTDEEP.<\/p>\n<p><strong>2019:<\/strong> No se informaron cambios ni problemas de cumplimiento. El proyecto sigue cumpliendo con los requisitos seg\u00fan la revisi\u00f3n anual. En el caso de la Condici\u00f3n 1, el proyecto inform\u00f3 que el estudio del paso aguas arriba de 2018 fue coherente con estudios anteriores y que se acord\u00f3 con CTDEEP prescindir del estudio de 2019 y realizar modificaciones menores para mejorar <span class='tooltipsall tooltip_post_id_5522 classtoolTips37'>flujo de atracci\u00f3n<\/span> y pasaje.<\/p>\n<p><strong>2018:<\/strong> La presentaci\u00f3n de informes anuales para el Certificado actual a\u00fan no ha entrado en vigor.<\/p>\n<hr \/>\n<h3>Historial de certificaciones<\/h3>\n<p><strong>1 de enero de 2022:<\/strong> El plazo del Certificado LIHI se ha extendido de acuerdo con la Revisi\u00f3n 2.05 del Manual de Certificaci\u00f3n LIHI 2.\u00aa Edici\u00f3n emitido el 1 de enero de 2022. Consulte la tabla de instalaciones anterior para conocer el nuevo plazo.<\/p>\n<p><strong>13 de julio de 201:8<\/strong>\u00a0El plazo de apelaci\u00f3n de 30 d\u00edas para la decisi\u00f3n preliminar de certificaci\u00f3n del Proyecto Hidroel\u00e9ctrico Occum cerr\u00f3 el 12 de julio de 2018 sin que se hubieran recibido apelaciones a la decisi\u00f3n. Por lo tanto, la decisi\u00f3n es definitiva y el Proyecto Hidroel\u00e9ctrico Occum queda recertificado por un per\u00edodo que va del 6 de marzo de 2018 al 5 de marzo de 2023.<\/p>\n<p><strong>12 de junio de 2018:<\/strong>\u00a0El 11 de junio de 2018, el Proyecto Occum recibi\u00f3 la aprobaci\u00f3n preliminar para un nuevo per\u00edodo de 5 a\u00f1os de Certificaci\u00f3n de Bajo Impacto.<\/p>\n<ul style=\"color: black;\">\n<li><strong>Condici\u00f3n 1:<\/strong> El Propietario deber\u00e1 proporcionar una actualizaci\u00f3n sobre el estado de los estudios en curso del paso de peces r\u00edo arriba en la declaraci\u00f3n anual de cumplimiento a LIHI. Esta actualizaci\u00f3n debe resumir los hallazgos realizados en los estudios del a\u00f1o respectivo, as\u00ed como las modificaciones que puedan solicitar CTDEEP o USFWS. Tambi\u00e9n se deber\u00e1 proporcionar la respuesta de NPU a dichas solicitudes.<\/li>\n<\/ul>\n<p>Esta decisi\u00f3n es preliminar y est\u00e1 pendiente del per\u00edodo de apelaci\u00f3n de 30 d\u00edas. Solo aquellos que comentaron en el per\u00edodo de 60 d\u00edas para comentarios de la solicitud inicial son elegibles para presentar una apelaci\u00f3n. Dicha apelaci\u00f3n debe incluir una explicaci\u00f3n de por qu\u00e9 los proyectos no cumplen con los criterios de LIHI. Las solicitudes de apelaci\u00f3n se pueden enviar por correo electr\u00f3nico a <a href=\"mailto:comments@lowimpacthydro.org\">comments@lowimpacthydro.org<\/a> con \u201cProyecto hidroel\u00e9ctrico Occum\u201d en la l\u00ednea de asunto, o por correo dirigido al Low Impact Hydropower Institute, 329 Massachusetts Ave, Suite 2, Lexington, MA 02420. Todas las solicitudes se publicar\u00e1n en el sitio web y el solicitante tendr\u00e1 la oportunidad de responder y cualquier respuesta tambi\u00e9n se publicar\u00e1. <strong>Las solicitudes deben recibirse antes de las 5 p. m., hora del Este, el 12 de julio de 2018.\u00a0 <\/strong>La solicitud completa y el informe de los revisores est\u00e1n disponibles en la parte inferior de esta p\u00e1gina. Si no se reciben solicitudes de apelaci\u00f3n y la decisi\u00f3n se convierte en definitiva, el nuevo per\u00edodo para el Proyecto Occum ser\u00e1 del 6 de marzo de 2018 al 5 de marzo de 2023.<\/p>\n<p><strong>11 de junio de 2018:<\/strong>\u00a0 El plazo de certificaci\u00f3n del Proyecto Occum se ha extendido hasta el 15 de julio de 2018.<\/p>\n<p><strong>28 de febrero de 2018: <\/strong>El Instituto de Energ\u00eda Hidroel\u00e9ctrica de Bajo Impacto ha recibido una solicitud completa para un nuevo per\u00edodo de Certificaci\u00f3n de Bajo Impacto para el Proyecto Hidroel\u00e9ctrico Occum (LIHI # 105). El Proyecto est\u00e1 ubicado en el r\u00edo Shetucket, un afluente del r\u00edo T\u00e1mesis, en la Villa de Occum, Ciudad de Norwich y la Villa de Versalles, Ciudad de Sprague, Condado de New London, Connecticut. LIHI est\u00e1 buscando comentarios p\u00fablicos sobre esta solicitud. Espec\u00edficamente, nos interesa saber si usted cree que el Proyecto cumple con los Criterios de Certificaci\u00f3n de Bajo Impacto de LIHI, seg\u00fan se revisaron en el Manual de 2.\u00aa Edici\u00f3n. Revise el programa y los criterios en el Manual revisado de LIHI.\u00a0<a href=\"https:\/\/lowimpacthydro.org\/wp-content\/uploads\/2020\/07\/2nd-Edition-Handbook-Rev.-2.04-2020-04-01.pdf\">Manual<\/a> y luego revise los materiales de solicitud del Proyecto 2018 publicados a continuaci\u00f3n. Los comentarios que est\u00e9n directamente relacionados con criterios espec\u00edficos de LIHI (flujos, calidad del agua, paso de peces, etc.) ser\u00e1n de gran ayuda, pero se considerar\u00e1n todos los comentarios. Los comentarios pueden enviarse al Instituto por correo electr\u00f3nico a\u00a0<a href=\"mailto:comments@lowimpacthydro.org\">comments@lowimpacthydro.org<\/a>\u00a0con \u201cOccum Comments\u201d en la l\u00ednea de asunto, o por correo dirigido al Low Impact Hydropower Institute, 329 Massachusetts Avenue, Suite 2, Lexington, MA 02420.\u00a0 <strong>Los comentarios deben recibirse en el Instituto antes de las 5:00 p. m., hora del Este, el 29 de abril de 2018.<\/strong>\u00a0Se considerar\u00e1n todos los comentarios. Se publicar\u00e1n en el sitio web y el solicitante tendr\u00e1 la oportunidad de responder. Tambi\u00e9n se publicar\u00e1n todas las respuestas.<\/p>\n<p><strong>27 de febrero de 2018:<\/strong>\u00a0 El plazo de certificaci\u00f3n del Proyecto Occum se ha extendido hasta el 31 de mayo de 2018.<\/p>\n<p><strong>28 de mayo de 2013:<\/strong> El Proyecto Occum ha sido certificado como de bajo impacto por un per\u00edodo de cinco a\u00f1os, a partir del 6 de marzo de 2013 y hasta el 6 de marzo de 2018.<\/p>\n<p><strong>6 de mayo de 2013:<\/strong> El per\u00edodo de comentarios p\u00fablicos sobre la solicitud ha cerrado.<\/p>\n<p><strong>6 de marzo de 2013:<\/strong> Norwich Public Utilities ha presentado una solicitud para la certificaci\u00f3n de su proyecto hidroel\u00e9ctrico Occum. La solicitud se public\u00f3 y se abri\u00f3 el per\u00edodo de comentarios p\u00fablicos.<\/p>\n<hr \/>\n<h3>Archivos de certificaci\u00f3n<\/h3>\n<h4>Recertificaci\u00f3n 2018<\/h4>\n<ul style=\"color: black;\">\n<li><a href=\"https:\/\/lowimpacthydro.org\/wp-content\/uploads\/2021\/03\/Final-Occum-Recertification-Report_.pdf\">Informe de revisi\u00f3n de recertificaci\u00f3n de Occum 2018<\/a><\/li>\n<li><a href=\"https:\/\/lowimpacthydro.org\/wp-content\/uploads\/2020\/07\/P-11574-Occum-LIHI-Recertifiation-Application_rev-1_LIHI-File_030718-complete.pdf\">Solicitud de recertificaci\u00f3n de ocupaci\u00f3n 2018<\/a><\/li>\n<li><a href=\"https:\/\/lowimpacthydro.org\/wp-content\/uploads\/2020\/08\/CTDEEP-Occum-Comments-2018-03-08.pdf\">Carta de comentarios del Departamento de Energ\u00eda y Protecci\u00f3n Ambiental de Connecticut: recertificaci\u00f3n de Occum<\/a><\/li>\n<\/ul>\n<h4>Certificaci\u00f3n 2013<\/h4>\n<ul style=\"color: black;\">\n<li><a href=\"https:\/\/lowimpacthydro.org\/wp-content\/uploads\/2020\/08\/OccumCertificationFinalReport23May2013.pdf\">Informe de revisi\u00f3n de la certificaci\u00f3n Occum 2013<\/a><\/li>\n<li><a href=\"https:\/\/lowimpacthydro.org\/wp-content\/uploads\/2020\/08\/P-11574-Occum-Application_SUBMITTED_041012.pdf\">Solicitud de certificaci\u00f3n Occum 2012<\/a><\/li>\n<li><a href=\"https:\/\/lowimpacthydro.org\/wp-content\/uploads\/2020\/08\/Attach-3-Basin-Map.pdf\">Ap\u00e9ndice de aplicaci\u00f3n \u2013 Mapa de cuenca<\/a><\/li>\n<li><a href=\"https:\/\/lowimpacthydro.org\/wp-content\/uploads\/2020\/08\/Attachments-A-Occum-FLOWS.pdf\">Ap\u00e9ndice de aplicaci\u00f3n \u2013 Flujos<\/a><\/li>\n<li><a href=\"https:\/\/lowimpacthydro.org\/wp-content\/uploads\/2020\/08\/Occum-LIHI-Application-ATTACHMENT-B_Water-Quality.pdf\">Ap\u00e9ndice de aplicaci\u00f3n \u2013 Calidad del agua<\/a><\/li>\n<li><a href=\"https:\/\/lowimpacthydro.org\/wp-content\/uploads\/2020\/08\/Attach-C-Fish-Passage.pdf\">Ap\u00e9ndice de solicitud \u2013 <span class='tooltipsall tooltip_post_id_5566 classtoolTips59'>Paso de peces<\/span><\/a><\/li>\n<li><a href=\"https:\/\/lowimpacthydro.org\/wp-content\/uploads\/2020\/08\/Occum-LIHI-Application-Attachment-E_TE-species.pdf\">Ap\u00e9ndice de solicitud: especies amenazadas y en peligro de extinci\u00f3n<\/a><\/li>\n<li><a href=\"https:\/\/lowimpacthydro.org\/wp-content\/uploads\/2020\/08\/Occum-LIHI-Application-Attachment-G_RECREATION.pdf\">Ap\u00e9ndice de aplicaci\u00f3n \u2013 Recreaci\u00f3n<\/a><\/li>\n<li><a href=\"https:\/\/lowimpacthydro.org\/wp-content\/uploads\/2020\/08\/Occum-LIHI-Application-Attachment-F-CRMP.pdf\">Anexo de solicitud \u2013 Plan de gesti\u00f3n de recursos culturales<\/a><\/li>\n<\/ul>\n<hr \/>\n<h3>Documentos clave<\/h3>\n<ul>\n<li><a href=\"https:\/\/lowimpacthydro.org\/wp-content\/uploads\/2020\/08\/Attachments-6-Occum-LICENSE.pdf\">Licencia FERC de 1999, certificaci\u00f3n de calidad del agua de 1997 y evaluaci\u00f3n ambiental de FERC<\/a><\/li>\n<li><a href=\"https:\/\/lowimpacthydro.org\/wp-content\/uploads\/2023\/06\/Occum-19991101-Letter-to-FERC-clarifying-license.pdf\">Carta de 1999 a la FERC aclarando la licencia<\/a><\/li>\n<li><a href=\"https:\/\/lowimpacthydro.org\/wp-content\/uploads\/2023\/06\/Occum-FERC-Order-2013-suspend-fish-passage-effectiveness-evaluations.pdf\">Orden de la FERC de 2013 que suspende las evaluaciones de efectividad del paso de peces<\/a><\/li>\n<\/ul>","protected":false},"excerpt":{"rendered":"<p>Project Name Occum LIHI Certificate No. 105 LIHI Certificate Term March 6, 2018 &#8211; March 5, 2028 Owner Norwich Public Utilities State Connecticut Location Located at<span class=\"excerpt-hellip\"> [\u2026]<\/span><\/p>\n","protected":false},"author":3,"featured_media":-1,"parent":0,"menu_order":0,"comment_status":"closed","ping_status":"closed","template":"","meta":{"_coblocks_attr":"","_coblocks_dimensions":"","_coblocks_responsive_height":"","_coblocks_accordion_ie_support":"","om_disable_all_campaigns":false,"_monsterinsights_skip_tracking":false,"_monsterinsights_sitenote_active":false,"_monsterinsights_sitenote_note":"","_monsterinsights_sitenote_category":0,"footnotes":""},"class_list":["post-1518","page","type-page","status-publish","has-post-thumbnail","hentry"],"aioseo_notices":[],"_links":{"self":[{"href":"https:\/\/lowimpacthydro.org\/es\/wp-json\/wp\/v2\/pages\/1518","targetHints":{"allow":["GET"]}}],"collection":[{"href":"https:\/\/lowimpacthydro.org\/es\/wp-json\/wp\/v2\/pages"}],"about":[{"href":"https:\/\/lowimpacthydro.org\/es\/wp-json\/wp\/v2\/types\/page"}],"author":[{"embeddable":true,"href":"https:\/\/lowimpacthydro.org\/es\/wp-json\/wp\/v2\/users\/3"}],"replies":[{"embeddable":true,"href":"https:\/\/lowimpacthydro.org\/es\/wp-json\/wp\/v2\/comments?post=1518"}],"version-history":[{"count":13,"href":"https:\/\/lowimpacthydro.org\/es\/wp-json\/wp\/v2\/pages\/1518\/revisions"}],"predecessor-version":[{"id":10398,"href":"https:\/\/lowimpacthydro.org\/es\/wp-json\/wp\/v2\/pages\/1518\/revisions\/10398"}],"wp:featuredmedia":[{"embeddable":true,"href":"https:\/\/lowimpacthydro.org\/es\/wp-json\/"}],"wp:attachment":[{"href":"https:\/\/lowimpacthydro.org\/es\/wp-json\/wp\/v2\/media?parent=1518"}],"curies":[{"name":"gracias","href":"https:\/\/api.w.org\/{rel}","templated":true}]}}