{"id":1490,"date":"2020-07-25T16:23:16","date_gmt":"2020-07-25T20:23:16","guid":{"rendered":"https:\/\/lowimpacthydro.org\/?page_id=1490"},"modified":"2025-08-15T11:08:59","modified_gmt":"2025-08-15T15:08:59","slug":"lihi-certificate-111-methuen-falls-hydroelectric-project-massachusetts","status":"publish","type":"page","link":"https:\/\/lowimpacthydro.org\/es\/lihi-certificate-111-methuen-falls-hydroelectric-project-massachusetts\/","title":{"rendered":"Certificado LIHI #111 \u2013 Proyecto Hidroel\u00e9ctrico Methuen Falls, Massachusetts"},"content":{"rendered":"<table class=\"alignright\" style=\"width: 351px; border: 2px; cellspacing: 2px; cellpadding: 2px; margin-left: 50px;\">\n<tbody>\n<tr>\n<td style=\"width: 39.3805%;\"><strong>Nombre del proyecto<\/strong><\/td>\n<td style=\"width: 58.8496%;\">Cataratas de Methuen<\/td>\n<\/tr>\n<tr>\n<td style=\"width: 39.3805%;\"><strong>Certificado LIHI No.<\/strong><\/td>\n<td style=\"width: 58.8496%;\">111<\/td>\n<\/tr>\n<tr>\n<td style=\"width: 39.3805%;\"><strong>Plazo del certificado LIHI<br \/>\n<\/strong><\/td>\n<td style=\"width: 58.8496%;\">8 de agosto de 2018 \u2013 7 de agosto de 2028<\/td>\n<\/tr>\n<tr>\n<td style=\"width: 39.3805%;\"><strong>Due\u00f1o<\/strong><\/td>\n<td style=\"width: 58.8496%;\">Compa\u00f1\u00eda hidroel\u00e9ctrica de Methuen Falls<\/td>\n<\/tr>\n<tr>\n<td style=\"width: 39.3805%;\"><strong>Estado<\/strong><\/td>\n<td style=\"width: 58.8496%;\">Massachusetts<\/td>\n<\/tr>\n<tr>\n<td style=\"width: 39.3805%;\"><strong>Ubicaci\u00f3n<\/strong><\/td>\n<td style=\"width: 58.8496%;\">Ubicado en la milla fluvial 3 del r\u00edo Spicket en la ciudad de Methuen, condado de Essex, Massachusetts.<\/td>\n<\/tr>\n<tr>\n<td style=\"width: 39.3805%;\"><strong>Capacidad instalada<\/strong><\/td>\n<td style=\"width: 58.8496%;\">0,357 MW<\/td>\n<\/tr>\n<tr>\n<td style=\"width: 39.3805%;\"><strong>Generaci\u00f3n media anual<\/strong><\/td>\n<td style=\"width: 58.8496%;\">1.000 MWh<\/td>\n<\/tr>\n<tr>\n<td style=\"width: 39.3805%;\"><strong>Tipo de instalaci\u00f3n<\/strong><\/td>\n<td style=\"width: 58.8496%;\"><span class='tooltipsall tooltip_post_id_5643 classtoolTips52'>De pasada<\/span><\/td>\n<\/tr>\n<tr>\n<td style=\"width: 39.3805%;\"><strong><span class='tooltipsall tooltip_post_id_5565 classtoolTips152'>Comisi\u00f3n Federal de Comercio<\/span> No.<\/strong><\/td>\n<td style=\"width: 58.8496%;\">P-8093 emitido en 1986, vence el 28\/02\/2026<\/td>\n<\/tr>\n<\/tbody>\n<\/table>\n<p>El Proyecto de las Cataratas de Methuen se ubica en el r\u00edo Spicket, en la ciudad de Methuen, condado de Essex, Massachusetts. El r\u00edo Spicket es un afluente del r\u00edo Merrimack, parte de la cuenca del Golfo de Maine. Nace en la desembocadura del estanque Island en Derry, Nuevo Hampshire, y fluye hacia el sur hasta Salem, pasando por el molino Arlington. <span class='tooltipsall tooltip_post_id_5633 classtoolTips103'>Dep\u00f3sito<\/span>El r\u00edo contin\u00faa por Salem y entra en la ciudad de Methuen, Massachusetts, donde cae casi 30 metros sobre una serie de presas antes de entrar en el r\u00edo Merrimack en Lawrence, aguas abajo del <a href=\"https:\/\/lowimpacthydro.org\/es\/lihi-certificate-121-lawrence-hydroelectric-project-massachusetts\/\">Proyecto Lawrence (LIHI #121)<\/a>. El <span class='tooltipsall tooltip_post_id_5624 classtoolTips102'>central el\u00e9ctrica<\/span> Se ubica en la hilander\u00eda Methuen Company #5, una estructura de alrededor de 1840 restaurada hist\u00f3ricamente. El proyecto es propiedad de Olson Electric Development Company Incorporated.<\/p>\n<p>Methuen Falls es la segunda de las cinco presas existentes en el r\u00edo. La primera, y la m\u00e1s cercana aguas arriba, es Wheeler. <span class='tooltipsall tooltip_post_id_5545 classtoolTips158'>Presa<\/span> Ubicada aproximadamente a 11 kil\u00f3metros al norte, en la salida del embalse Arlington Mill en Salem, New Hampshire. La tercera presa, y la m\u00e1s cercana aguas abajo, es la presa Harvey&#039;s Falls, ubicada aproximadamente a 800 metros al sur.<\/p>\n<p>El proyecto incluye las cataratas Methuen <span class='tooltipsall tooltip_post_id_5545 classtoolTips158'>presa<\/span>, desbordamiento <span class='tooltipsall tooltip_post_id_5651 classtoolTips116'>aliviadero<\/span>, inundaci\u00f3n <span class='tooltipsall tooltip_post_id_5578 classtoolTips153'>puertas<\/span>, admisi\u00f3n con aluminio <span class='tooltipsall tooltip_post_id_5581 classtoolTips154'>cabeza<\/span> puerta, central el\u00e9ctrica, <span class='tooltipsall tooltip_post_id_5619 classtoolTips124'>tuber\u00edas forzadas<\/span>, y dos turbinas y generadores asociados.<\/p>\n<p>La presa de Methuen Falls, que se construy\u00f3 originalmente entre 1880 y 1890, es una <span class='tooltipsall tooltip_post_id_5580 classtoolTips81'>presa de gravedad<\/span> Est\u00e1 hecha de granito tallado y construida sobre una base de roca madre. El paramento aguas abajo es de mamposter\u00eda vertical de piedra seca, colocada sobre un patr\u00f3n de aparejo corrido. Su altura m\u00e1xima sobre el lecho del r\u00edo es de seis metros, con un metro de contrachapado. <span class='tooltipsall tooltip_post_id_5569 classtoolTips79'>tableros de flash<\/span> en la cresta.<\/p>\n<p>El aliviadero de desbordamiento consta de tres secciones separadas por dos grandes pilares de mamposter\u00eda y tiene una longitud total de 40 metros. Hay dos compuertas de inundaci\u00f3n totalmente automatizadas ubicadas en el pilar sur. La toma del proyecto se ubica en el lado norte de la presa y consiste en una caja de hormig\u00f3n prefabricado protegida por rejillas de basura galvanizadas de 4,8 metros de ancho y 3 metros de profundidad.<\/p>\n<p>La toma est\u00e1 sellada por una compuerta de aluminio totalmente automatizada de 3 metros de ancho por 3 metros de profundidad. El agua se transporta a la central el\u00e9ctrica a trav\u00e9s de un canal de ladrillo con cubierta de granito de 45 metros de largo, 2 metros de alto por 3 metros de ancho, que desemboca en un tubo de acero de 1,2 metros de di\u00e1metro. <span class='tooltipsall tooltip_post_id_5619 classtoolTips124'>compuerta<\/span> En un \u00e1ngulo de noventa grados. La tuber\u00eda forzada transfiere agua a una c\u00e1mara de presi\u00f3n de hormig\u00f3n de 2,13 metros de alto por 6,14 metros cuadrados, que alberga la Unidad #1. Una tuber\u00eda forzada de acero de 0,91 metros de largo y 0,91 metros de di\u00e1metro suministra agua desde la c\u00e1mara de presi\u00f3n de hormig\u00f3n a una c\u00e1mara de presi\u00f3n de acero de 1,83 metros de alto por 1,83 metros cuadrados, que alberga la Unidad #2. Cada c\u00e1mara de presi\u00f3n transporta agua al canal de descarga mediante tubos de aspiraci\u00f3n c\u00f3nicos. La capacidad total del proyecto es de 0,357 MW.<\/p>\n<p>El proyecto opera en un verdadero <span class='tooltipsall tooltip_post_id_5643 classtoolTips52'>de pasada<\/span> El proyecto descarga un caudal m\u00ednimo continuo de 16 pies c\u00fabicos por segundo (cfs) a trav\u00e9s del tramo de derivaci\u00f3n de 530 pies de longitud. El plan de r\u00e9gimen de caudal se desarroll\u00f3 en consulta con el Servicio de Pesca y Vida Silvestre de los Estados Unidos (USFWS) y la Divisi\u00f3n de Pesca y Vida Silvestre de Massachusetts (MDFW).<\/p>\n<p>Las aguas dentro del alcance del proyecto est\u00e1n designadas como Clase B y listadas como Categor\u00eda 5 (que requiere una <span class='tooltipsall tooltip_post_id_5663 classtoolTips150'>Tmdl<\/span>) debido a su deterioro de E. coli, pat\u00f3genos y coliformes fecales. El Departamento de Protecci\u00f3n Ambiental de Massachusetts (MDEP) ha confirmado que el proyecto no es responsable ni contribuye a estos deterioros.<\/p>\n<p>Las barreras aguas abajo impiden el paso r\u00edo arriba por el Spicket. El r\u00edo alberga principalmente comunidades de peces de aguas c\u00e1lidas. Las poblaciones de anguila americana han disminuido hist\u00f3ricamente en el r\u00edo, pero el USFWS ha se\u00f1alado que se ha observado que la especie pasa por el proyecto a pesar de la falta de instalaciones de paso formales. Se han instalado trampas de basura con una separaci\u00f3n de \u00be de pulgada para mitigar la presencia de peces. <span class='tooltipsall tooltip_post_id_5558 classtoolTips77'>arrastre<\/span> Durante el paso r\u00edo abajo.<\/p>\n<p>La propiedad del proyecto tiene menos de un acre y se utiliza exclusivamente para la generaci\u00f3n de energ\u00eda. No existen terrenos de valor ecol\u00f3gico significativo en la propiedad, ya que los terrenos circundantes est\u00e1n clasificados como industriales.<\/p>\n<p>Las especies amenazadas y en peligro de extinci\u00f3n potencialmente presentes en las inmediaciones del proyecto incluyen el \u00e1guila calva, el murci\u00e9lago orejudo norte\u00f1o, la salamandra de manchas azules, la tortuga de Blanding, la tortuga de bosque, la genciana de Andrews, la cobra cola de garrote, la pogonia verticilada peque\u00f1a, la milenrama acu\u00e1tica de flores alternas y el drag\u00f3n de sombra ocre. Consultas con el Programa de Patrimonio Natural y Especies en Peligro de Extinci\u00f3n de Massachusetts y el USFWS han confirmado que los h\u00e1bitats cr\u00edticos para las especies incluidas en la lista no se encuentran en la propiedad del proyecto. Las operaciones del proyecto no afectan a estas especies.<\/p>\n<p>El proyecto se ubica dentro del Distrito Hist\u00f3rico de Spicket Falls. El Distrito Hist\u00f3rico forma parte del \u00c1rea de Recursos M\u00faltiples de Methuen, que figura en la lista de... <span class='tooltipsall tooltip_post_id_5606 classtoolTips1'>Registro Nacional de Lugares Hist\u00f3ricos<\/span>La hilander\u00eda #5 de la Methuen Company, que alberga la central el\u00e9ctrica, se ha conservado y restaurado de acuerdo con las directrices del Distrito Hist\u00f3rico. La estructura, que data de alrededor de 1840, cuenta con 557 metros cuadrados de espacio interior terminado. El propietario del proyecto recibi\u00f3 un Premio a la Preservaci\u00f3n de la Sociedad Hist\u00f3rica de Methuen por su labor de restauraci\u00f3n y preservaci\u00f3n. El proyecto se rige por un plan de gesti\u00f3n de recursos culturales que garantiza la comunicaci\u00f3n con la Oficina Estatal de Preservaci\u00f3n Hist\u00f3rica (SHPO) y requiere consulta con la SHPO antes de iniciar cualquier actividad de construcci\u00f3n.<\/p>\n<p>El proyecto no cuenta con instalaciones recreativas formales debido a su reducido tama\u00f1o y a problemas de seguridad. Una pasarela peatonal proporciona acceso p\u00fablico y en las inmediaciones hay instalaciones recreativas no pertenecientes al proyecto.<\/p>\n<hr \/>\n<h3>Estado de cumplimiento<\/h3>\n<p><strong>El Certificado incluye las siguientes condiciones espec\u00edficas de la instalaci\u00f3n:<\/strong><\/p>\n<p><strong>Condici\u00f3n 1<\/strong>:El propietario de la instalaci\u00f3n deber\u00e1 continuar proporcionando voluntariamente un caudal m\u00ednimo de 16 pies c\u00fabicos por segundo en el tramo desviado.<\/p>\n<p><strong>Condici\u00f3n 2:<\/strong> Debido a la posible presencia de anguilas americanas en el \u00e1rea del Proyecto, el Propietario de la Instalaci\u00f3n deber\u00e1 informar si el Servicio de Pesca y Vida Silvestre de los EE. UU. y\/o el Departamento de Pesca y Vida Silvestre de Massachusetts han solicitado <span class='tooltipsall tooltip_post_id_5566 classtoolTips59'>paso de peces<\/span> Instalaciones en los informes anuales de cumplimiento presentados a LIHI. Si se requiere el paso de peces durante el per\u00edodo de certificaci\u00f3n de LIHI, el Propietario deber\u00e1 proporcionar actualizaciones anuales sobre el dise\u00f1o, la instalaci\u00f3n y la aceptaci\u00f3n del paso por parte de las agencias de recursos en los informes anuales de cumplimiento presentados a LIHI.<\/p>\n<p><strong>2025:<\/strong> No se identificaron cambios sustanciales ni problemas de cumplimiento. El proyecto se mantiene en cumplimiento seg\u00fan la revisi\u00f3n anual. En cuanto a las Condiciones 1 y 2, el proyecto no report\u00f3 cambios en su estado. El proyecto present\u00f3 su solicitud final actualizada de renovaci\u00f3n de licencia el 13 de diciembre de 2024.<\/p>\n<p><strong>2024:<\/strong> No se identificaron cambios sustanciales ni problemas de cumplimiento. El proyecto se mantiene en cumplimiento seg\u00fan la revisi\u00f3n anual. En cuanto a las Condiciones 1 y 2, el proyecto no report\u00f3 cambios en su estado. El proyecto present\u00f3 su solicitud final de renovaci\u00f3n de licencia el 11 de marzo de 2024.<\/p>\n<p><strong>2023:<\/strong> No se identificaron cambios sustanciales ni problemas de cumplimiento. El proyecto se mantiene en cumplimiento seg\u00fan la revisi\u00f3n anual. En cuanto a las Condiciones 1 y 2, el proyecto no report\u00f3 cambios en su estado.<\/p>\n<p><strong>2022:<\/strong> No se identificaron cambios sustanciales ni problemas de cumplimiento. El proyecto se mantiene en cumplimiento seg\u00fan la revisi\u00f3n anual. El proyecto inici\u00f3 la renovaci\u00f3n de la licencia de la FERC bajo el Proceso de Licencias Tradicional (TLP) con la presentaci\u00f3n del PAD el 26 de febrero de 2021. Para las Condiciones 1 y 2, el proyecto no report\u00f3 cambios en su estado.<\/p>\n<p><strong>2021:<\/strong> No se reportaron cambios ni problemas de cumplimiento. El proyecto se mantiene en cumplimiento seg\u00fan la revisi\u00f3n anual. En cuanto a las Condiciones 1 y 2, el proyecto no report\u00f3 cambios en su estado.<\/p>\n<p><strong>2020:<\/strong> No se reportaron cambios ni problemas de cumplimiento. El proyecto se mantiene en cumplimiento seg\u00fan la revisi\u00f3n anual. En cuanto a las Condiciones 1 y 2, el proyecto no report\u00f3 cambios en su estado.<\/p>\n<p><strong>2019:<\/strong> No se reportaron cambios ni problemas de cumplimiento. El proyecto se mantiene en cumplimiento seg\u00fan la revisi\u00f3n anual. En cuanto a las Condiciones 1 y 2, el proyecto no report\u00f3 cambios en su estado.<\/p>\n<p><strong>2018:<\/strong> El informe anual correspondiente al Certificado actual a\u00fan no ha entrado en vigor.<\/p>\n<hr \/>\n<h3>Historial de certificaciones<\/h3>\n<p><strong>1 de enero de 2022:<\/strong> El plazo del Certificado LIHI se ha extendido de acuerdo con la Revisi\u00f3n 2.05 del Manual de Certificaci\u00f3n LIHI 2.\u00aa Edici\u00f3n emitido el 1 de enero de 2022. Consulte la tabla de instalaciones anterior para conocer el nuevo plazo.<\/p>\n<p><strong>8 de agosto de 2019:<\/strong> La decisi\u00f3n de recertificar el Proyecto Hidroel\u00e9ctrico Methuen Falls es definitiva. No se recibieron apelaciones durante el per\u00edodo de apelaci\u00f3n, que cerr\u00f3 el 18 de julio de 2019. El nuevo plazo de certificaci\u00f3n del Proyecto es del 8 de agosto de 2018 al 7 de agosto de 2023.<\/p>\n<p><strong>18 de junio de 2019: <\/strong>El Instituto de Energ\u00eda Hidroel\u00e9ctrica de Bajo Impacto (LIHI) ha aprobado preliminarmente la Recertificaci\u00f3n de Bajo Impacto para el Proyecto Hidroel\u00e9ctrico Methuen Falls. Esta decisi\u00f3n es preliminar y est\u00e1 pendiente del plazo de apelaci\u00f3n de 30 d\u00edas. Solo quienes comentaron sobre la solicitud inicial durante el plazo de 60 d\u00edas pueden presentar una apelaci\u00f3n. Dicha apelaci\u00f3n debe incluir una explicaci\u00f3n de por qu\u00e9 el Proyecto no cumple con los criterios del LIHI. Las solicitudes de apelaci\u00f3n pueden enviarse por correo electr\u00f3nico a <a href=\"mailto:comments@lowimpacthydro.org\">comments@lowimpacthydro.org<\/a> Con el asunto &quot;Proyecto Hidroel\u00e9ctrico de Methuen Falls&quot;, o por correo postal dirigido al Instituto de Energ\u00eda Hidroel\u00e9ctrica de Bajo Impacto, 329 Massachusetts Ave, Suite 6, Lexington, MA 02420. Todas las solicitudes se publicar\u00e1n en el sitio web. El solicitante tendr\u00e1 la oportunidad de responder, y cualquier respuesta tambi\u00e9n se publicar\u00e1. <strong>Las solicitudes deben recibirse antes de las 5 p. m., hora del Este, el 18 de julio de 2019.\u00a0 <\/strong>La solicitud completa y el informe de los revisores est\u00e1n disponibles a continuaci\u00f3n. Si no se reciben solicitudes de apelaci\u00f3n y la decisi\u00f3n es definitiva, el plazo de certificaci\u00f3n del Proyecto finalizar\u00e1 el 8 de agosto de 2018 por un per\u00edodo de cinco (5) a\u00f1os, que expirar\u00e1 el 7 de agosto de 2023.<\/p>\n<p><strong>26 de marzo de 2019: <\/strong>El Instituto de Energ\u00eda Hidroel\u00e9ctrica de Bajo Impacto (LIHI) ha recibido una solicitud completa para la Recertificaci\u00f3n de Bajo Impacto del Proyecto Hidroel\u00e9ctrico Methuen Falls. LIHI solicita comentarios p\u00fablicos sobre esta solicitud. En concreto, nos interesa saber si considera que el Proyecto cumple con los Criterios de Certificaci\u00f3n de Bajo Impacto de LIHI, revisados en la 2.\u00aa edici\u00f3n del Manual. Por favor, revise el programa y los criterios en la versi\u00f3n revisada de LIHI.\u00a0<a href=\"https:\/\/lowimpacthydro.org\/wp-content\/uploads\/2020\/07\/2nd-edition-handbook-20160315-rev2.02-7-20-16.pdf\">Manual<\/a>y luego revise los materiales de solicitud del Proyecto a continuaci\u00f3n. Los comentarios que est\u00e9n directamente relacionados con criterios espec\u00edficos de LIHI (flujos, calidad del agua, paso de peces, etc.) ser\u00e1n de gran ayuda, pero se considerar\u00e1n todos los comentarios. Los comentarios pueden enviarse al Instituto por correo electr\u00f3nico a\u00a0<a href=\"mailto:comments@lowimpacthydro.org\">comments@lowimpacthydro.org<\/a>\u00a0con \u201cComentarios del Proyecto Methuen Falls\u201d en la l\u00ednea de asunto, o por correo dirigido al Low Impact Hydropower Institute, 329 Massachusetts Avenue, Suite 6, Lexington, MA 02420.\u00a0 <strong>Los comentarios deben recibirse antes de las 5 p. m., hora del Este, del 25 de mayo de 2019.<\/strong>\u00a0Se considerar\u00e1n todos los comentarios. Se publicar\u00e1n en el sitio web y el solicitante tendr\u00e1 la oportunidad de responder. Tambi\u00e9n se publicar\u00e1n todas las respuestas.<\/p>\n<p><strong>11 de diciembre de 2013:<\/strong> El proyecto hidroel\u00e9ctrico Methuen Falls ha sido certificado como de bajo impacto por un per\u00edodo de cinco a\u00f1os, a partir del 8 de agosto de 2013 y hasta el 8 de agosto de 2018, con las siguientes condiciones:<\/p>\n<ul style=\"color: black;\">\n<li style=\"list-style-type: none;\">\n<ul style=\"color: black;\">\n<li style=\"list-style-type: none;\">\n<ul style=\"color: black;\">\n<li><em><strong>Condici\u00f3n satisfecha 2013.<\/strong><\/em> <strong>Condici\u00f3n 1:<\/strong> A partir de la recepci\u00f3n de esta concesi\u00f3n de certificaci\u00f3n, Olson deber\u00e1 aumentar el caudal m\u00ednimo de derivaci\u00f3n a 16 cfs, o la entrada instant\u00e1nea si es menor.<\/li>\n<li><em><strong>Condici\u00f3n satisfecha 2014.<\/strong><\/em> <strong>Condici\u00f3n 2:<\/strong> Dentro de los 90 d\u00edas siguientes a la concesi\u00f3n de la certificaci\u00f3n por parte de LIHI, Olson elaborar\u00e1 un plan de monitoreo de caudal y registro de caudales, en consulta con el Servicio de Pesca y Vida Silvestre de los Estados Unidos (USFWS) y la Divisi\u00f3n de Pesca y Vida Silvestre de Massachusetts (MassWildlife), y lo presentar\u00e1 ante LIHI. El plan incluir\u00e1 informaci\u00f3n sobre el mecanismo para mantener el caudal m\u00ednimo de derivaci\u00f3n (teniendo en cuenta que, para garantizar la coherencia con la licencia, se deben proporcionar al menos 3 pies c\u00fabicos por segundo (cfs) como derrame de cresta completa). Antes de presentar el plan ante LIHI, Olson solicitar\u00e1 la aprobaci\u00f3n por escrito de las agencias e incluir\u00e1 cualquier respuesta por escrito a LIHI al mismo tiempo que lo presente.<\/li>\n<li><strong>Condici\u00f3n 3:<\/strong> Tras la notificaci\u00f3n del USFWS de que se ha determinado definitivamente que se requiere un paso para la anguila americana en la presa de Methuen Falls, Olson comenzar\u00e1 de inmediato a trabajar para establecer un Acuerdo de cooperaci\u00f3n con el USFWS y MassWildlife para implementar y proporcionar dicho paso, incluyendo las medidas permanentes y provisionales que soliciten estas agencias. Olson notificar\u00e1 a LIHI sobre el requisito de paso para la anguila dentro de los 30 d\u00edas siguientes a esta notificaci\u00f3n, y el Acuerdo entrar\u00e1 en vigor dentro de los 90 d\u00edas siguientes a dicha notificaci\u00f3n. Las medidas provisionales identificadas en el Acuerdo se implementar\u00e1n dentro de los 120 d\u00edas siguientes a la notificaci\u00f3n, y las medidas permanentes para el paso de la anguila deber\u00e1n estar en vigor a m\u00e1s tardar dos a\u00f1os despu\u00e9s de la notificaci\u00f3n del requisito. Dos semanas despu\u00e9s de la entrada en vigor del Acuerdo para el paso de la anguila, Olson presentar\u00e1 un informe a LIHI que describa el paso planificado y las medidas de protecci\u00f3n, as\u00ed como el cronograma de implementaci\u00f3n para el dise\u00f1o, la instalaci\u00f3n y las operaciones, junto con una copia del Acuerdo. El progreso y cualquier dato de monitoreo recopilado se informar\u00e1 a LIHI en la carta anual de cumplimiento de Olson.<\/li>\n<\/ul>\n<\/li>\n<\/ul>\n<\/li>\n<\/ul>\n<p><strong>8 de octubre de 2013:<\/strong> El per\u00edodo de comentarios p\u00fablicos sobre la solicitud ha cerrado.<\/p>\n<p><strong>8 de agosto de 2013:<\/strong> Olson Electric Development Co., Inc. present\u00f3 una solicitud de certificaci\u00f3n del proyecto Methuen Falls; la solicitud se public\u00f3 en el sitio web y se abri\u00f3 el per\u00edodo de comentarios p\u00fablicos.<\/p>\n<hr \/>\n<h3>Archivos de certificaci\u00f3n<\/h3>\n<h4>Recertificaci\u00f3n 2019<\/h4>\n<ul style=\"color: black;\">\n<li style=\"list-style-type: none;\">\n<ul style=\"color: black;\">\n<li style=\"list-style-type: none;\">\n<ul style=\"color: black;\">\n<li><a href=\"https:\/\/lowimpacthydro.org\/wp-content\/uploads\/2020\/07\/Methuen_S2-Recertification-Report_2019.pdf\">Informe de revisi\u00f3n de la recertificaci\u00f3n de Methuen Falls 2019<\/a><\/li>\n<li><a href=\"https:\/\/lowimpacthydro.org\/wp-content\/uploads\/2020\/07\/MFH-Recertification-Application-02.19.19-.pdf\">Solicitud de recertificaci\u00f3n de Methuen Falls 2019<\/a><\/li>\n<\/ul>\n<\/li>\n<\/ul>\n<\/li>\n<\/ul>\n<h4>Certificaci\u00f3n 2013<\/h4>\n<ul style=\"color: black;\">\n<li style=\"list-style-type: none;\">\n<ul style=\"color: black;\">\n<li style=\"list-style-type: none;\">\n<ul style=\"color: black;\">\n<li><a href=\"https:\/\/lowimpacthydro.org\/wp-content\/uploads\/2020\/08\/MethuenFallsCertificationFinalReport13Nov2013.pdf\">Informe de revisi\u00f3n de la certificaci\u00f3n de Methuen Falls 2013<\/a><\/li>\n<li><a href=\"https:\/\/lowimpacthydro.org\/wp-content\/uploads\/2020\/08\/01.-MFH-Application-Letter-and-Appendices-2.pdf\">Carta de solicitud y ap\u00e9ndices de Methuen Falls<\/a><\/li>\n<li><a href=\"https:\/\/lowimpacthydro.org\/wp-content\/uploads\/2020\/08\/02.-MFH-Questionnaire-2.pdf\">Cuestionario de Methuen Falls<\/a><\/li>\n<li><a href=\"https:\/\/lowimpacthydro.org\/wp-content\/uploads\/2020\/09\/Methuen-Falls-Hydro-Bypass-Study.pdf\">Cataratas de Methuen <span class='tooltipsall tooltip_post_id_5535 classtoolTips137'>Derivaci\u00f3n<\/span> Estudiar<\/a><\/li>\n<li><a href=\"https:\/\/lowimpacthydro.org\/wp-content\/uploads\/2020\/09\/Spicket-River-map.pptx\">Mapa del r\u00edo Spicket<\/a><\/li>\n<\/ul>\n<\/li>\n<\/ul>\n<\/li>\n<\/ul>\n<hr \/>\n<h3>Documentos clave<\/h3>\n<ul style=\"color: black;\">\n<li style=\"list-style-type: none;\">\n<ul>\n<li><a href=\"https:\/\/lowimpacthydro.org\/wp-content\/uploads\/2023\/06\/1986-FERC-License-Methuen-Falls.pdf\">Licencia FERC de 1986<\/a><\/li>\n<\/ul>\n<\/li>\n<\/ul>","protected":false},"excerpt":{"rendered":"<p>Project Name Methuen Falls LIHI Certificate No. 111 LIHI Certificate Term August 8, 2018 &#8211; August 7, 2028 Owner Methuen Falls Hydroelectric Co. State Massachusetts Location<span class=\"excerpt-hellip\"> [\u2026]<\/span><\/p>\n","protected":false},"author":3,"featured_media":-1,"parent":0,"menu_order":0,"comment_status":"closed","ping_status":"closed","template":"","meta":{"_coblocks_attr":"","_coblocks_dimensions":"","_coblocks_responsive_height":"","_coblocks_accordion_ie_support":"","om_disable_all_campaigns":false,"_monsterinsights_skip_tracking":false,"_monsterinsights_sitenote_active":false,"_monsterinsights_sitenote_note":"","_monsterinsights_sitenote_category":0,"footnotes":""},"class_list":["post-1490","page","type-page","status-publish","has-post-thumbnail","hentry"],"_links":{"self":[{"href":"https:\/\/lowimpacthydro.org\/es\/wp-json\/wp\/v2\/pages\/1490","targetHints":{"allow":["GET"]}}],"collection":[{"href":"https:\/\/lowimpacthydro.org\/es\/wp-json\/wp\/v2\/pages"}],"about":[{"href":"https:\/\/lowimpacthydro.org\/es\/wp-json\/wp\/v2\/types\/page"}],"author":[{"embeddable":true,"href":"https:\/\/lowimpacthydro.org\/es\/wp-json\/wp\/v2\/users\/3"}],"replies":[{"embeddable":true,"href":"https:\/\/lowimpacthydro.org\/es\/wp-json\/wp\/v2\/comments?post=1490"}],"version-history":[{"count":15,"href":"https:\/\/lowimpacthydro.org\/es\/wp-json\/wp\/v2\/pages\/1490\/revisions"}],"predecessor-version":[{"id":9922,"href":"https:\/\/lowimpacthydro.org\/es\/wp-json\/wp\/v2\/pages\/1490\/revisions\/9922"}],"wp:featuredmedia":[{"embeddable":true,"href":"https:\/\/lowimpacthydro.org\/es\/wp-json\/"}],"wp:attachment":[{"href":"https:\/\/lowimpacthydro.org\/es\/wp-json\/wp\/v2\/media?parent=1490"}],"curies":[{"name":"gracias","href":"https:\/\/api.w.org\/{rel}","templated":true}]}}