{"id":1428,"date":"2020-07-24T19:17:24","date_gmt":"2020-07-24T23:17:24","guid":{"rendered":"https:\/\/lowimpacthydro.org\/?page_id=1428"},"modified":"2025-03-05T13:19:04","modified_gmt":"2025-03-05T18:19:04","slug":"lihi-certificate-169-cataract-hydroelectric-project-maine","status":"publish","type":"page","link":"https:\/\/lowimpacthydro.org\/es\/lihi-certificate-169-cataract-hydroelectric-project-maine\/","title":{"rendered":"Certificado LIHI #169 \u2013 Proyecto de Cataratas, Maine"},"content":{"rendered":"<table class=\"alignright\" style=\"width: 351px; border: 2px; cellspacing: 2px; cellpadding: 2px; margin-left: 50px;\">\n<tbody>\n<tr>\n<td width=\"162\"><strong>Nombre del proyecto<\/strong><\/td>\n<td width=\"165\">Catarata<\/td>\n<\/tr>\n<tr>\n<td width=\"162\"><strong>Certificado LIHI No.<\/strong><\/td>\n<td width=\"165\">169<\/td>\n<\/tr>\n<tr>\n<td width=\"162\"><strong>Plazo del certificado LIHI<\/strong><\/td>\n<td width=\"165\">3 de abril de 2020 \u2013 2 de abril de 2030<\/td>\n<\/tr>\n<tr>\n<td width=\"162\"><strong>Due\u00f1o<\/strong><\/td>\n<td width=\"165\">Brookfield White Pine Hydro, LLC, una subsidiaria de Brookfield Renewable Energy Group<\/td>\n<\/tr>\n<tr>\n<td width=\"162\"><strong>Estado<\/strong><\/td>\n<td width=\"165\">Maine<\/td>\n<\/tr>\n<tr>\n<td width=\"162\"><strong>Ubicaci\u00f3n<\/strong><\/td>\n<td width=\"165\">Entre las millas fluviales 6.0 y 6.3 del r\u00edo Saco<\/td>\n<\/tr>\n<tr>\n<td width=\"162\"><strong>Capacidad instalada<\/strong><\/td>\n<td width=\"165\">6,65 MW<\/td>\n<\/tr>\n<tr>\n<td width=\"162\"><strong>Generaci\u00f3n media anual<\/strong><\/td>\n<td width=\"165\">30.868 MWh<\/td>\n<\/tr>\n<tr>\n<td width=\"162\"><strong>Tipo de instalaci\u00f3n<\/strong><\/td>\n<td width=\"165\">Flujo de r\u00edo<\/td>\n<\/tr>\n<tr>\n<td width=\"162\"><strong><span class='tooltipsall tooltip_post_id_5565 classtoolTips152'>Comisi\u00f3n Federal de Comercio<\/span> No.<\/strong><\/td>\n<td width=\"165\">2528, emitida en 1989, vence el 30\/11\/2029<\/td>\n<\/tr>\n<\/tbody>\n<\/table>\n<p>El Proyecto Hidroel\u00e9ctrico Cataract se ubica en el r\u00edo Saco, en las ciudades de Saco y Biddeford, y en los pueblos de Dayton y Buxton, Maine. El proyecto comprende cuatro desarrollos: Spring Island, Bradbury, East Channel y West Channel (de aguas arriba a aguas abajo). Las presas de Spring Island, Bradbury y West Channel son anteriores al desarrollo de East Channel, construido en 1938. Las presas se construyeron originalmente a principios del siglo XX para satisfacer la demanda hidroel\u00e9ctrica y mec\u00e1nica de la industria a lo largo del r\u00edo Saco. El r\u00edo Saco es el cuarto r\u00edo m\u00e1s caudaloso de Maine. Nace en New Hampshire y recorre 215 kil\u00f3metros a trav\u00e9s de Maine, culminando en la bah\u00eda de Saco. El Proyecto Cataract es la primera de siete presas que generan energ\u00eda hidroel\u00e9ctrica en el r\u00edo, incluyendo <a href=\"https:\/\/lowimpacthydro.org\/es\/lihi-certificate-182-bonny-eagle-project-maine\/\">\u00c1guila hermosa (LIHI #182)<\/a>.<\/p>\n<p>El proyecto consta de cuatro desarrollos, dos embalses y un solo <span class='tooltipsall tooltip_post_id_5624 classtoolTips102'>central el\u00e9ctrica<\/span>Las obras del proyecto incluyen:<\/p>\n<ul style=\"color: black;\">\n<li>Isla de la Primavera: Isla de la Primavera <span class='tooltipsall tooltip_post_id_5545 classtoolTips158'>Presa<\/span> consiste en un natural como <span class='tooltipsall tooltip_post_id_5568 classtoolTips128'>escala de peces<\/span> Aproximadamente 30 metros de ancho por 70 metros de largo, comenzando en la orilla este, con una secci\u00f3n de desbordamiento y dos secciones de caseta de vigilancia. La secci\u00f3n de desbordamiento es una estructura de gravedad de hormig\u00f3n rematada con un soporte de pasador de 45 cm. <span class='tooltipsall tooltip_post_id_5569 classtoolTips79'>tableros de flash<\/span>, que se extiende 36 metros desde la escala natural para peces hasta la primera secci\u00f3n de la puerta. La caseta de entrada tiene cuatro aberturas. Hay tres Tainter. <span class='tooltipsall tooltip_post_id_5578 classtoolTips153'>puertas<\/span>, cada una de 16 pies de ancho por 11 pies de alto. La abertura m\u00e1s oriental est\u00e1 cerrada con madera. <span class='tooltipsall tooltip_post_id_5655 classtoolTips105'>Detener registros<\/span> y una compuerta corrediza operada manualmente con un polipasto de cadena. Al oeste de la secci\u00f3n de la compuerta hay un sistema de esclusas para aguas arriba. <span class='tooltipsall tooltip_post_id_5566 classtoolTips59'>paso de peces<\/span>El sistema de esclusas tiene aproximadamente 41 pies de largo por 10 pies de ancho y contiene un <span class='tooltipsall tooltip_post_id_5522 classtoolTips37'>flujo de atracci\u00f3n<\/span> <span class='tooltipsall tooltip_post_id_5574 classtoolTips146'>canal artificial<\/span>, aglomeraci\u00f3n de peces, c\u00e1mara de esclusas, compuertas de control y salida. No hay generaci\u00f3n de energ\u00eda en Spring Island.<\/li>\n<li>Bradbury: La presa Bradbury consiste en una estructura de hormig\u00f3n de desbordamiento por gravedad que se extiende desde la orilla sur, incluyendo una secci\u00f3n de compuerta. <span class='tooltipsall tooltip_post_id_5651 classtoolTips116'>aliviadero<\/span> La secci\u00f3n tiene 43 metros de largo, con tableros de 50 cm de alto soportados por pasadores, y colinda con la secci\u00f3n de la compuerta. Esta secci\u00f3n contiene una compuerta Tainter de 6,1 metros de ancho por 4,1 metros de alto. Al norte de la secci\u00f3n de la compuerta se encuentra un sistema de esclusas para el paso de peces r\u00edo arriba. El sistema de esclusas mide aproximadamente 12,5 metros de largo por 3 metros de ancho y contiene un canal de flujo de atracci\u00f3n, un apisonador, una c\u00e1mara de esclusas, compuertas de control y una salida. Bradbury no genera energ\u00eda.<\/li>\n<li>Canal Oeste: La presa del Canal Oeste consta de dos secciones de aliviadero: un vertedero para el paso de peces aguas abajo, una escala de peces denil aguas arriba y una secci\u00f3n de compuerta. La primera secci\u00f3n de aliviadero es una estructura de gravedad de mamposter\u00eda de piedra y hormig\u00f3n con una cubierta de hormig\u00f3n. Esta secci\u00f3n se extiende desde la orilla oeste 59 metros hasta un punto de \u00e1ngulo y 13,5 metros desde el punto de \u00e1ngulo hasta la antigua escala de peces. Esta secci\u00f3n de aliviadero est\u00e1 equipada con una c\u00e1mara de aire inflable de caucho de 1,2 metros de altura. La segunda secci\u00f3n de aliviadero se extiende desde la secci\u00f3n de compuerta hasta la escala de peces denil y la compuerta de peces aguas abajo. Esta secci\u00f3n es una estructura de gravedad de hormig\u00f3n de 7,3 metros de largo con tableros de apoyo de 1,2 metros de altura. Paso aguas arriba en el Canal Oeste. <span class='tooltipsall tooltip_post_id_5545 classtoolTips158'>presa<\/span> Se accede mediante una escala para peces denil. En este sitio tambi\u00e9n hay instalaciones de clasificaci\u00f3n. La escala para peces denil tiene un ancho de 1,2 metros y una longitud aproximada de 167 metros. El desnivel es de aproximadamente 13,5 metros con una pendiente de 1 vertical por 8 horizontales. El anticuado vertedero con ranuras y la escala para peces con orificio del Canal Oeste est\u00e1n abandonados desde 1991. El paso aguas abajo consiste en un canal con compuertas. No hay generaci\u00f3n de energ\u00eda en el Canal Oeste.<\/li>\n<li>Canal Este: La presa del Canal Este consta de una secci\u00f3n de aliviadero, una secci\u00f3n de compuertas y una secci\u00f3n de toma. La secci\u00f3n de aliviadero es una estructura de gravedad de hormig\u00f3n de 27 metros de largo, coronada por un sistema neum\u00e1tico de 1,5 metros de altura. <span class='tooltipsall tooltip_post_id_5542 classtoolTips95'>puertas de la cresta<\/span>Las compuertas de cresta se operan desde un peque\u00f1o edificio de control ubicado sobre la toma de la central el\u00e9ctrica. La secci\u00f3n de compuertas del Canal Este contiene una compuerta Broome de elevaci\u00f3n vertical, de 6 metros de ancho por 4,5 metros de alto. La secci\u00f3n de toma de la central el\u00e9ctrica tiene 15 metros de ancho y est\u00e1 equipada con bastidores y dos aberturas de entrada. La central el\u00e9ctrica se encuentra en Factory Island, en el Canal Este. La subestructura alberga una rueda hidr\u00e1ulica Kaplan, S. Morgan Smith, de 9000 HP. <span class='tooltipsall tooltip_post_id_5554 classtoolTips97'>tubo de tiro<\/span> \u00e1ngulos de unos 20 grados a la toma y se extiende 30 pies r\u00edo abajo desde la subestructura donde descarga en agua de marea. Dos compuertas, cada una de 15 pies de ancho por 12.8 pies de alto est\u00e1n instaladas en el extremo de aguas abajo del tubo de aspiraci\u00f3n. La superestructura de la central el\u00e9ctrica es de acero estructural y construcci\u00f3n de ladrillo y alberga un generador de 6,65 MW y equipo asociado. Una gr\u00faa puente de 60 toneladas de capacidad est\u00e1 instalada para dar servicio a la unidad. Se proporciona un paso aguas arriba en la presa del Canal Este con un elevador de peces. Las instalaciones incluyen provisiones de clasificaci\u00f3n y trampa\/cami\u00f3n. El elevador de peces viaja verticalmente aproximadamente 44 pies desde la poza de marea hasta el estanque de cabecera. Un canal de 337 pies de largo y 8 pies de ancho se extiende aguas arriba hasta las instalaciones de clasificaci\u00f3n y el estanque de cabecera. Las instalaciones de clasificaci\u00f3n incluyen medidas de trampa y transporte de camiones. El paso aguas abajo consiste en un canal con compuertas.<\/li>\n<\/ul>\n<p>El proyecto opera en <span class='tooltipsall tooltip_post_id_5643 classtoolTips52'>de pasada<\/span> y embalsa dos embalses. El embalse de Spring Island\/Bradbury tiene una superficie aproximada de 359 acres y se extiende hasta el Proyecto Skelton aguas arriba (FERC n.\u00b0 2527). El embalse de West and East Channel cubre aproximadamente 14 acres y se extiende aguas arriba hasta las presas de Spring Island y Bradbury. <span class='tooltipsall tooltip_post_id_5525 classtoolTips28'>flujo base<\/span> Se proporciona un caudal de 851 pies c\u00fabicos por segundo (cfs) por debajo de los desarrollos del Canal Este y Oeste, seg\u00fan lo recomendado por el Servicio de Pesca y Vida Silvestre de los Estados Unidos (USFWS), el Departamento de Pesca Continental y Vida Silvestre de Maine (MDIFW), el Servicio Nacional de Pesca Marina (NMFS) y el Departamento de Protecci\u00f3n Ambiental de Maine (MDEP). Esta recomendaci\u00f3n de caudal se basa en el caudal medio hist\u00f3rico no regulado de agosto (<span class='tooltipsall tooltip_post_id_5525 classtoolTips28'>Flujo de base acu\u00e1tico<\/span>) de esta parte del r\u00edo Saco. Adem\u00e1s, se proporciona un caudal continuo de 52 pies c\u00fabicos por segundo (cfs) a trav\u00e9s de la escala de peces aguas abajo del Canal Oeste del 1 de abril al 31 de diciembre (si las condiciones lo permiten) y 50 pies c\u00fabicos por segundo (cfs) durante todo el a\u00f1o a trav\u00e9s de la escala de peces aguas arriba de Denil. La escala de peces aguas arriba del Canal Este proporciona un caudal continuo de 120 pies c\u00fabicos por segundo (cfs).<\/p>\n<p>Las aguas dentro del alcance del proyecto se designan como Clase B, mientras que el tramo superior del embalse de Spring Island\/Bradbury se designa como aguas de Clase A. Las aguas de Clase B son adecuadas para el suministro de agua potable despu\u00e9s del tratamiento, la pesca, la educaci\u00f3n primaria y secundaria. <span class='tooltipsall tooltip_post_id_5646 classtoolTips7'>recreaci\u00f3n de contacto secundario<\/span>y h\u00e1bitat acu\u00e1tico\/de peces. Las reclasificaciones propuestas por el MDEP para las aguas de Maine en 2018 no identifican el tramo del r\u00edo como afectado por ninguna norma de calidad del agua.<\/p>\n<p>El r\u00edo Saco actualmente soporta <span class='tooltipsall tooltip_post_id_5549 classtoolTips96'>di\u00e1dromo<\/span> Especies de peces, como la anguila americana, el salm\u00f3n del Atl\u00e1ntico, el arenque de r\u00edo y el s\u00e1balo americano. Las instalaciones de paso mencionadas anteriormente facilitan el paso de estas especies r\u00edo arriba y r\u00edo abajo. Estas instalaciones se dise\u00f1aron en colaboraci\u00f3n con el USFWS, el MDIFW, el NMFS, el Departamento de Recursos Marinos de Maine y la Comisi\u00f3n del Salm\u00f3n del Corredor Marino Atl\u00e1ntico de Maine. El proyecto ha implementado cierres nocturnos en septiembre y octubre para facilitar el paso de la anguila americana r\u00edo abajo.<\/p>\n<p>Los terrenos del proyecto se limitan a los que albergan las estructuras. El proyecto est\u00e1 rodeado de zonas altamente urbanizadas con negocios y edificios de apartamentos. <span class='tooltipsall tooltip_post_id_5643 classtoolTips52'>De pasada<\/span> Las operaciones mitigan los impactos en las costas y no existen tierras de valor ecol\u00f3gico significativo dentro de los l\u00edmites del proyecto.<\/p>\n<p>Las especies amenazadas o en peligro de extinci\u00f3n potencialmente presentes en las inmediaciones del proyecto incluyen el esturi\u00f3n del Atl\u00e1ntico, el esturi\u00f3n de hocico corto, el murci\u00e9lago orejudo norte\u00f1o, el chorlito playero, los nudos rojos y la pogonia verticilada peque\u00f1a. No se ha identificado ning\u00fan h\u00e1bitat cr\u00edtico en las inmediaciones del proyecto para las especies de esturi\u00f3n, aunque el propietario del proyecto est\u00e1 consultando con el NMFS para garantizar que el proyecto aborde adecuadamente las necesidades de las dos especies de esturi\u00f3n. La consulta con el USFWS no identific\u00f3 ning\u00fan hibern\u00e1culo de murci\u00e9lagos ni sitios de descanso de maternidad dentro del \u00e1rea del proyecto. El chorlito playero y los nudos rojos, as\u00ed como la pogonia verticilada peque\u00f1a, podr\u00edan estar presentes en el tramo mareal aguas abajo del proyecto. Las operaciones de pasada reducen la probabilidad de que se produzca cualquier impacto en estas especies. La pogonia verticilada peque\u00f1a es una especie de tierras altas y es poco probable que se encuentre dentro de los l\u00edmites del proyecto.<\/p>\n<p>El entorno del proyecto admite 11 sitios enumerados en la <span class='tooltipsall tooltip_post_id_5606 classtoolTips1'>Registro Nacional de Lugares Hist\u00f3ricos<\/span> Los edificios de los molinos en Factory Island, adyacentes al proyecto, son elegibles para la lista. Los 11 sitios arqueol\u00f3gicos probablemente datan de 1630, cuando los europeos se asentaron por primera vez en el r\u00edo. Se debe consultar a la Oficina Estatal de Preservaci\u00f3n Hist\u00f3rica (SHPO) antes de realizar cualquier actividad que altere el suelo dentro del l\u00edmite del proyecto. La SHPO tambi\u00e9n se\u00f1al\u00f3 que la operaci\u00f3n continua del proyecto no tendr\u00eda ning\u00fan impacto adverso en las propiedades listadas ni en aquellas potencialmente elegibles para la lista del NRHP.<\/p>\n<p>Los recursos recreativos del proyecto incluyen:<\/p>\n<ul style=\"color: black;\">\n<li>Embarcadero de Diamond Riverside aguas arriba de las presas Spring Island y Bradbury, propiedad de la ciudad de Saco y operado por ella. El acceso p\u00fablico es gratuito.<\/li>\n<li>Playa Rotary Park, propiedad y operada por la ciudad, se encuentra aguas arriba de los desarrollos Spring Island y Bradbury. Hay estacionamiento disponible para residentes.<\/li>\n<li>Hay un sendero p\u00fablico ubicado cerca del desarrollo East Channel para acceder a la pesca.<\/li>\n<li>Hay un sendero de pesca al este del canal de descarga del proyecto. El acceso es p\u00fablico y el estacionamiento est\u00e1 ubicado en el centro de Saco.<br \/>\nEl acceso de entrada se encuentra a medio camino entre los proyectos Cataract y Skelton aguas arriba.<\/li>\n<li>La Isla Poor&#039;s es un \u00e1rea recreativa p\u00fablica ubicada sobre la presa East Channel y debajo de la presa Spring Island. Una pasarela cubierta permite acceder a la peque\u00f1a isla para hacer picnics y disfrutar de otras actividades durante el d\u00eda. No se permite la navegaci\u00f3n ni la recreaci\u00f3n acu\u00e1tica en esta zona.<\/li>\n<li>Hay una rampa para embarcaciones en el lado este del r\u00edo, debajo de la presa East Channel. El acceso p\u00fablico es gratuito.<\/li>\n<\/ul>\n<hr \/>\n<h3>Estado de cumplimiento<\/h3>\n<p><strong>El Certificado incluye las siguientes condiciones espec\u00edficas de la instalaci\u00f3n:<\/strong><\/p>\n<p><strong><em>Totalmente satisfecho en 2025, parcialmente satisfecho en 2021.<\/em> Condici\u00f3n 1: <\/strong>El propietario de la instalaci\u00f3n deber\u00e1 proporcionar documentaci\u00f3n a LIHI de que el Canal Oeste <span class='tooltipsall tooltip_post_id_5551 classtoolTips110'>desviaci\u00f3n<\/span> el muro y la extensi\u00f3n del canal en la entrada de la escala para peces del Canal Este se completar\u00e1n y estar\u00e1n en funcionamiento a m\u00e1s tardar el 1 de mayo de 2021; o si no se completan para esa fecha, el Propietario deber\u00e1 proporcionar un informe sobre el estado del proyecto, incluida la consulta a la agencia de recursos y un cronograma para la finalizaci\u00f3n del proyecto.<\/p>\n<p><strong>2025:<\/strong> No se identificaron cambios sustanciales ni problemas de cumplimiento. El proyecto se mantiene en cumplimiento seg\u00fan la revisi\u00f3n anual. Para la Condici\u00f3n 1, el proyecto inform\u00f3 que se complet\u00f3 la construcci\u00f3n del Canal Este, cumpliendo as\u00ed con la condici\u00f3n. El proyecto comenz\u00f3 a renovar la licencia de la FERC en 2024.<\/p>\n<p><strong>2024:<\/strong> No se identificaron cambios sustanciales ni problemas de cumplimiento. El proyecto se mantiene en cumplimiento seg\u00fan la revisi\u00f3n anual. Para la Condici\u00f3n 1, el proyecto inform\u00f3 que la construcci\u00f3n del Canal Este comenz\u00f3 en 2023, pero se retras\u00f3 debido a los altos caudales. Se prev\u00e9 su finalizaci\u00f3n en 2024.<\/p>\n<p><strong>2023:<\/strong> No se identificaron cambios sustanciales ni problemas de cumplimiento. El proyecto se mantiene en cumplimiento seg\u00fan la revisi\u00f3n anual. En cuanto a la Condici\u00f3n 1, el proyecto inform\u00f3 que la construcci\u00f3n del Canal Este no pudo completarse en 2022, pero se espera que concluya en 2023 para estar listo para la temporada migratoria y el per\u00edodo de prueba de 2024. Los estudios de telemetr\u00eda est\u00e1n previstos para 2025.<\/p>\n<p><strong>2022:<\/strong> No se identificaron cambios sustanciales ni problemas de cumplimiento. El proyecto se mantiene en cumplimiento seg\u00fan la revisi\u00f3n anual. Para la Condici\u00f3n 1, el proyecto inform\u00f3 que el dise\u00f1o de la escala de peces del Canal Este 90% se complet\u00f3 a principios de 2022. Se prev\u00e9 la construcci\u00f3n en 2022, con un a\u00f1o de prueba en 2023 y estudios de telemetr\u00eda en 2024.<\/p>\n<p><strong>2021:<\/strong> No se presentaron problemas de cumplimiento. El proyecto se mantiene en cumplimiento seg\u00fan la revisi\u00f3n anual. El proyecto inform\u00f3 que la escala para peces, de aspecto natural, se complet\u00f3 en 2019. Para la Condici\u00f3n 1, el proyecto inform\u00f3 que el muro de desviaci\u00f3n del Canal Oeste se complet\u00f3 en 2020, cumpliendo as\u00ed parcialmente la condici\u00f3n. El dise\u00f1o de la escala para peces del Canal Este se retras\u00f3, pero se esperaba que estuviera terminado en 2021.<\/p>\n<p><strong>2020:<\/strong> La presentaci\u00f3n de informes anuales para el Certificado actual a\u00fan no ha entrado en vigor.<\/p>\n<hr \/>\n<h3>Historial de certificaciones<\/h3>\n<p><strong>1 de enero de 2022:<\/strong> El plazo del Certificado LIHI se ha extendido de acuerdo con la Revisi\u00f3n 2.05 del Manual de Certificaci\u00f3n LIHI 2.\u00aa Edici\u00f3n emitido el 1 de enero de 2022. Consulte la tabla de instalaciones anterior para conocer el nuevo plazo.<\/p>\n<p><strong>30 de julio de 2020:<\/strong> La decisi\u00f3n de certificar el Proyecto Cataratas qued\u00f3 firme tras el cierre del plazo de apelaciones el 22 de julio de 2020, sin que se presentaran apelaciones. El plazo de certificaci\u00f3n es del 3 de abril de 2020 al 2 de abril de 2025.<\/p>\n<p><strong>22 de junio de 2020:<\/strong> El Instituto de Energ\u00eda Hidroel\u00e9ctrica de Bajo Impacto (HII) ha aprobado preliminarmente la Certificaci\u00f3n de Bajo Impacto para el Proyecto Hidroel\u00e9ctrico Cataract, pendiente de la certificaci\u00f3n LIHI #169, ubicado en el r\u00edo Saco, en las localidades de Saco y Biddeford, Maine. Esta decisi\u00f3n es preliminar y est\u00e1 pendiente del plazo de apelaci\u00f3n de 30 d\u00edas. Solo quienes presentaron comentarios sobre la solicitud inicial durante el plazo de 60 d\u00edas pueden presentar una apelaci\u00f3n. Dicha apelaci\u00f3n debe incluir una explicaci\u00f3n de por qu\u00e9 el proyecto no cumple con los criterios de LIHI. Las solicitudes de apelaci\u00f3n pueden enviarse por correo electr\u00f3nico a <a href=\"mailto:comments@lowimpacthydro.org\">comments@lowimpacthydro.org<\/a> Con el asunto &quot;Proyecto Hidroel\u00e9ctrico Cataract&quot;, o por correo postal dirigido al Instituto de Energ\u00eda Hidroel\u00e9ctrica de Bajo Impacto, 329 Massachusetts Ave, Suite 6, Lexington, MA 02420. Todas las solicitudes se publicar\u00e1n en el sitio web. El solicitante tendr\u00e1 la oportunidad de responder, y cualquier respuesta tambi\u00e9n se publicar\u00e1. <strong>Las solicitudes deben recibirse antes de las 5 p. m., hora del Este, el 22 de julio de 2020.\u00a0 <\/strong>La solicitud completa y el informe de los revisores est\u00e1n disponibles a continuaci\u00f3n. Si no se reciben solicitudes de apelaci\u00f3n y la decisi\u00f3n es definitiva, el plazo de certificaci\u00f3n del Proyecto ser\u00e1 del 3 de abril de 2020 al 2 de abril de 2025.<\/p>\n<p><strong>7 de abril de 2020:<\/strong> El Instituto de Energ\u00eda Hidroel\u00e9ctrica de Bajo Impacto (LIHI) ha recibido una solicitud completa para la Certificaci\u00f3n de Bajo Impacto del Proyecto Hidroel\u00e9ctrico Cataract. Los materiales de solicitud del proyecto se encuentran a continuaci\u00f3n. El LIHI solicita comentarios del p\u00fablico sobre esta solicitud. Los comentarios directamente relacionados con criterios espec\u00edficos del LIHI (caudales, calidad del agua, paso de peces, etc.) ser\u00e1n de gran ayuda, pero todos los comentarios ser\u00e1n considerados. Los comentarios pueden enviarse al Instituto por correo electr\u00f3nico a\u00a0<a href=\"mailto:comments@lowimpacthydro.org\">comments@lowimpacthydro.org<\/a>\u00a0con \u201cComentarios del Proyecto Cataract\u201d en la l\u00ednea de asunto, o por correo dirigido al Low Impact Hydropower Institute, 329 Massachusetts Avenue, Suite 6, Lexington, MA 02420.\u00a0 <strong>Los comentarios deben recibirse antes de las 5 p. m., hora del Este, el<\/strong><strong> 6 de junio de 2020<\/strong>\u00a0Se considerar\u00e1n todos los comentarios. Se publicar\u00e1n en el sitio web y el solicitante tendr\u00e1 la oportunidad de responder. Tambi\u00e9n se publicar\u00e1n todas las respuestas.<\/p>\n<hr \/>\n<h3>Archivos de certificaci\u00f3n<\/h3>\n<h4>Certificaci\u00f3n 2020<\/h4>\n<ul style=\"color: black;\">\n<li><a href=\"https:\/\/lowimpacthydro.org\/wp-content\/uploads\/2021\/03\/Cataract-Certification-Review-2020-06-18-revised.pdf\">Revisi\u00f3n de la certificaci\u00f3n de cataratas 2020<\/a><\/li>\n<li><a href=\"https:\/\/lowimpacthydro.org\/wp-content\/uploads\/2020\/07\/LIHI-Application-Cataract.pdf\">Solicitud de Certificaci\u00f3n de Cataratas 2020<\/a><\/li>\n<li><a href=\"https:\/\/lowimpacthydro.org\/wp-content\/uploads\/2020\/07\/MEDEP-2020-03-25_Cataract_LIHI_lett.pdf\">Comentarios de MEDEP \u2013 Solicitud de cataratas 2020<\/a><\/li>\n<\/ul>\n<hr \/>\n<h3>Documentos clave<\/h3>\n<ul>\n<li><a href=\"https:\/\/lowimpacthydro.org\/wp-content\/uploads\/2020\/12\/2019-Saco-River-Fisheries-Assessment-Agreement-Amendment.pdf\">Enmienda al Acuerdo de Evaluaci\u00f3n Pesquera del R\u00edo Saco de 2019<\/a><\/li>\n<li><a href=\"https:\/\/lowimpacthydro.org\/wp-content\/uploads\/2020\/12\/2007-Saco-River-Fisheries-Assessment-Agreement.pdf\">Acuerdo de evaluaci\u00f3n pesquera del r\u00edo Saco de 2007<\/a><\/li>\n<li><a href=\"https:\/\/lowimpacthydro.org\/wp-content\/uploads\/2020\/12\/1994-Saco-River-Fish-Passage-Agreement.pdf\">R\u00edo Saco 1994 <span class='tooltipsall tooltip_post_id_5566 classtoolTips59'>Paso de peces<\/span> Acuerdo<\/a><\/li>\n<li><a href=\"https:\/\/lowimpacthydro.org\/wp-content\/uploads\/2020\/12\/2019-Cataract-FERC-amendment.pdf\">Enmienda de la licencia FERC de Cataratas de 2019<\/a><\/li>\n<li><a href=\"https:\/\/lowimpacthydro.org\/wp-content\/uploads\/2020\/12\/1997-Cataract-FERC-amendment.pdf\">Enmienda de la licencia FERC de 1997 para Cataratas<\/a><\/li>\n<li><a href=\"https:\/\/lowimpacthydro.org\/wp-content\/uploads\/2020\/12\/1992-Cataract-WQC.pdf\">Certificado de calidad del agua de Cataratas 1992<\/a><\/li>\n<li><a href=\"https:\/\/lowimpacthydro.org\/wp-content\/uploads\/2020\/12\/1989-Cataract-FERC-License-and-EA.pdf\">Licencia FERC y evaluaci\u00f3n ambiental de Cataratas de 1989<\/a><\/li>\n<\/ul>","protected":false},"excerpt":{"rendered":"<p>Project Name Cataract LIHI Certificate No. 169 LIHI Certificate Term April 3, 2020 &#8211; April 2, 2030 Owner Brookfield White Pine Hydro, LLC, a subsidiary of<span class=\"excerpt-hellip\"> [\u2026]<\/span><\/p>\n","protected":false},"author":1,"featured_media":4088,"parent":0,"menu_order":0,"comment_status":"closed","ping_status":"closed","template":"","meta":{"_coblocks_attr":"","_coblocks_dimensions":"","_coblocks_responsive_height":"","_coblocks_accordion_ie_support":"","om_disable_all_campaigns":false,"_monsterinsights_skip_tracking":false,"_monsterinsights_sitenote_active":false,"_monsterinsights_sitenote_note":"","_monsterinsights_sitenote_category":0,"footnotes":""},"class_list":["post-1428","page","type-page","status-publish","has-post-thumbnail","hentry"],"aioseo_notices":[],"_links":{"self":[{"href":"https:\/\/lowimpacthydro.org\/es\/wp-json\/wp\/v2\/pages\/1428","targetHints":{"allow":["GET"]}}],"collection":[{"href":"https:\/\/lowimpacthydro.org\/es\/wp-json\/wp\/v2\/pages"}],"about":[{"href":"https:\/\/lowimpacthydro.org\/es\/wp-json\/wp\/v2\/types\/page"}],"author":[{"embeddable":true,"href":"https:\/\/lowimpacthydro.org\/es\/wp-json\/wp\/v2\/users\/1"}],"replies":[{"embeddable":true,"href":"https:\/\/lowimpacthydro.org\/es\/wp-json\/wp\/v2\/comments?post=1428"}],"version-history":[{"count":13,"href":"https:\/\/lowimpacthydro.org\/es\/wp-json\/wp\/v2\/pages\/1428\/revisions"}],"predecessor-version":[{"id":5944,"href":"https:\/\/lowimpacthydro.org\/es\/wp-json\/wp\/v2\/pages\/1428\/revisions\/5944"}],"wp:featuredmedia":[{"embeddable":true,"href":"https:\/\/lowimpacthydro.org\/es\/wp-json\/wp\/v2\/media\/4088"}],"wp:attachment":[{"href":"https:\/\/lowimpacthydro.org\/es\/wp-json\/wp\/v2\/media?parent=1428"}],"curies":[{"name":"gracias","href":"https:\/\/api.w.org\/{rel}","templated":true}]}}