{"id":1195,"date":"2020-07-21T18:43:41","date_gmt":"2020-07-21T22:43:41","guid":{"rendered":"https:\/\/lowimpacthydro.org\/?page_id=1195"},"modified":"2025-11-10T10:30:04","modified_gmt":"2025-11-10T15:30:04","slug":"lihi-certificate-17-summersville-project-west-virginia","status":"publish","type":"page","link":"https:\/\/lowimpacthydro.org\/es\/lihi-certificate-17-summersville-project-west-virginia\/","title":{"rendered":"Certificado LIHI #17 \u2013 Proyecto Summersville, Virginia Occidental"},"content":{"rendered":"<table class=\"alignright\" style=\"width: 351px; border: 2px; cellspacing: 2px; cellpadding: 2px; margin-left: 50px;\">\n<tbody>\n<tr>\n<td width=\"238\"><strong>Nombre del proyecto<\/strong><\/td>\n<td width=\"228\">Veranosville<\/td>\n<\/tr>\n<tr>\n<td width=\"238\"><strong>Certificado LIHI No.<\/strong><\/td>\n<td width=\"228\">17<\/td>\n<\/tr>\n<tr>\n<td width=\"238\"><strong>Plazo del certificado LIHI<\/strong><\/td>\n<td width=\"228\">10 de noviembre de 2019 \u2013 9 de noviembre de 2029<\/td>\n<\/tr>\n<tr>\n<td width=\"238\"><strong>Due\u00f1o<\/strong><\/td>\n<td width=\"228\">Gauley River Power Partners, LP, una subsidiaria de LS Power\/Patriot Hydro, LLC<\/td>\n<\/tr>\n<tr>\n<td width=\"238\"><strong>Estado<\/strong><\/td>\n<td width=\"228\">Virginia Occidental<\/td>\n<\/tr>\n<tr>\n<td width=\"238\"><strong>Ubicaci\u00f3n<\/strong><\/td>\n<td width=\"228\">Ubicado en la milla fluvial 35,7 del r\u00edo Gauley en los condados de Nicholas y Fayette, Virginia Occidental, entre Summersville <span class='tooltipsall tooltip_post_id_5545 classtoolTips158'>Presa<\/span> y el l\u00edmite superior del \u00c1rea Recreativa Nacional del R\u00edo Gauley.<\/td>\n<\/tr>\n<tr>\n<td width=\"238\"><strong>Capacidad instalada<\/strong><\/td>\n<td width=\"228\">80 MW<\/td>\n<\/tr>\n<tr>\n<td width=\"238\"><strong>Generaci\u00f3n media anual<\/strong><\/td>\n<td width=\"228\">206.000 MWh<\/td>\n<\/tr>\n<tr>\n<td width=\"238\"><strong>Tipo de instalaci\u00f3n<\/strong><\/td>\n<td width=\"228\">Ejecuci\u00f3n de la liberaci\u00f3n<\/td>\n<\/tr>\n<tr>\n<td width=\"238\"><strong><span class='tooltipsall tooltip_post_id_5565 classtoolTips152'>Comisi\u00f3n Federal de Comercio<\/span> No.<\/strong><\/td>\n<td width=\"228\">P-10813 expedido en 1992, vence el 01\/09\/2042<\/td>\n<\/tr>\n<\/tbody>\n<\/table>\n<p>El proyecto Summersville est\u00e1 ubicado en el r\u00edo Gauley, en los condados de Nicholas y Fayette, en Virginia Occidental. El proyecto utiliza el proyecto Summersville, propiedad del Cuerpo de Ingenieros del Ej\u00e9rcito de los EE. UU. (USACE). <span class='tooltipsall tooltip_post_id_5545 classtoolTips158'>presa<\/span> que forma el lago Summersville, el lago m\u00e1s grande de Virginia Occidental. La presa se construy\u00f3 en 1966 junto con otras dos presas como un medio para controlar las aguas de inundaci\u00f3n en los r\u00edos cercanos. Las tres presas funcionan como un sistema, controlando las descargas de flujo en el r\u00edo Ohio. Desde su nacimiento en las monta\u00f1as Allegheny, el r\u00edo Gauley fluye hacia el oeste aproximadamente 98 millas hasta Belva, Virginia Occidental, donde gira abruptamente hacia el sur hasta su uni\u00f3n con el r\u00edo New en Gauley Bridge, Virginia Occidental. La confluencia de los r\u00edos New y Gauley forma el r\u00edo Kanawha, que luego fluye aproximadamente 97 millas al noroeste hasta el r\u00edo Ohio en Point Pleasant, Virginia Occidental. El proyecto hidroel\u00e9ctrico se agreg\u00f3 a la presa existente en 2001 y es propiedad de la ciudad de Summersville, Virginia Occidental y operado por Gauley River Power Partners.<\/p>\n<p>El proyecto incluye una <span class='tooltipsall tooltip_post_id_5624 classtoolTips102'>central el\u00e9ctrica<\/span>, estructura de admisi\u00f3n, <span class='tooltipsall tooltip_post_id_5619 classtoolTips124'>compuerta<\/span>, dos <span class='tooltipsall tooltip_post_id_5576 classtoolTips39'>Turbina Francis<\/span>-generadores, a <span class='tooltipsall tooltip_post_id_5656 classtoolTips92'>subestaci\u00f3n<\/span>, canal de descarga y equipo de transmisi\u00f3n.<\/p>\n<p>La presa de Summersville es operada por el Cuerpo de Ingenieros del Ej\u00e9rcito de los Estados Unidos (USACE, por sus siglas en ingl\u00e9s), que controla la cantidad y la velocidad del agua que se libera a trav\u00e9s de la presa. Las operaciones del proyecto se coordinan cada hora con el USACE. El agua se extrae del embalse a trav\u00e9s de una estructura de entrada que conduce a un t\u00fanel de salida de 9 metros de di\u00e1metro. El proyecto hidroel\u00e9ctrico airea el agua en su liberaci\u00f3n controlada al r\u00edo Gauley. Una tuber\u00eda de acero de 5 metros de di\u00e1metro transporta el agua a la central el\u00e9ctrica ubicada aguas abajo de la presa en la margen derecha del r\u00edo. La central el\u00e9ctrica contiene dos <span class='tooltipsall tooltip_post_id_5576 classtoolTips39'>Turbinas Francis<\/span> con una capacidad combinada de 80 MW.<\/p>\n<p>El proyecto opera en modo de descarga continua seg\u00fan las descargas del Cuerpo de Ingenieros del Ej\u00e9rcito de Estados Unidos (USACE) desde la presa. En todo momento se descarga un caudal m\u00ednimo de 100 pies c\u00fabicos por segundo desde el embalse. Este caudal aumenta seg\u00fan los per\u00edodos de llenado del embalse. Este r\u00e9gimen de caudal se desarroll\u00f3 en consulta con el Departamento de Protecci\u00f3n Ambiental de Virginia Occidental y el Cuerpo de Ingenieros del Ej\u00e9rcito de Estados Unidos.<\/p>\n<p>Las aguas dentro del alcance del proyecto est\u00e1n designadas como Agua de Recurso Nacional de Alta Calidad. El r\u00edo en el \u00e1rea del proyecto est\u00e1 catalogado como contaminado por el pH y el mercurio. La causa de este deterioro probablemente se deba a la deposici\u00f3n \u00e1cida y no a las operaciones del proyecto. El propietario del proyecto monitorea el ox\u00edgeno disuelto (OD) en las descargas de agua y mejora el OD en las descargas para garantizar la preservaci\u00f3n de la calidad del agua. Los informes de monitoreo de OD se env\u00edan al Departamento de Protecci\u00f3n Ambiental de Virginia Occidental.<\/p>\n<p>Hist\u00f3ricamente no ha habido registros de <span class='tooltipsall tooltip_post_id_5518 classtoolTips36'>pez an\u00e1dromo<\/span> Especies en el \u00e1rea del proyecto. El r\u00edo Gauley se encuentra dentro del \u00e1rea de distribuci\u00f3n hist\u00f3rica de la <span class='tooltipsall tooltip_post_id_5538 classtoolTips75'>cat\u00e1dromo<\/span> Anguila americana, pero el paso fue bloqueado a principios del siglo XX por la construcci\u00f3n de varias represas de navegaci\u00f3n en los r\u00edos Mississippi y Ohio. El Departamento de Recursos Naturales de Virginia Occidental (WVDNR) ha creado una pesquer\u00eda diversa en el lago Summersville a trav\u00e9s de esfuerzos de repoblaci\u00f3n. Si bien el tama\u00f1o de la poblaci\u00f3n es peque\u00f1o, la pesquer\u00eda sustenta especies tanto de aguas c\u00e1lidas como de aguas fr\u00edas, incluidas la lubina negra y la lubina de boca chica, el bagre de canal, el bagre de cabeza plana, la perca negra, la lucioperca, la trucha arco\u00edris, la agalla azul y la perca amarilla. El tramo aguas abajo de la presa sustenta una pesquer\u00eda de trucha y lucioperca en agua fr\u00eda durante todo el a\u00f1o, establecida a trav\u00e9s de los esfuerzos de repoblaci\u00f3n del WVDNR.<\/p>\n<p>Las tierras del proyecto ocupan menos de dos acres. Las \u00fanicas tierras que son propiedad del proyecto albergan la central el\u00e9ctrica, el resto del \u00e1rea es propiedad de USACE o WVDNR y est\u00e1 gestionado por ellos. El \u00e1rea se caracteriza por crestas pronunciadas, divisorias estrechas y valles en forma de V con acantilados casi verticales. El lecho del r\u00edo est\u00e1 compuesto de r\u00e1pidos, cataratas y grandes rocas.<\/p>\n<p>Las especies amenazadas o en peligro de extinci\u00f3n que podr\u00edan estar presentes en las inmediaciones del proyecto incluyen la espirea de Virginia, el murci\u00e9lago de Indiana, el murci\u00e9lago orejudo de Virginia, el murci\u00e9lago orejudo del norte, el darter de caramelo y cinco especies de mejillones de agua dulce. El propietario del proyecto consult\u00f3 con el Servicio de Pesca y Vida Silvestre de los Estados Unidos para garantizar la protecci\u00f3n de la espirea de Virginia, incluida en la lista federal, al instalar el corredor de la l\u00ednea de transmisi\u00f3n. Se desarroll\u00f3 un plan de prevenci\u00f3n que garantiz\u00f3 que las actividades de construcci\u00f3n evitaran cualquier poblaci\u00f3n de la especie vegetal. Las operaciones del proyecto no afectan a ninguna de las especies incluidas en la lista debido al control del paisaje circundante por parte del Cuerpo de Ingenieros del Ej\u00e9rcito de los Estados Unidos.<\/p>\n<p>La presa de Summersville, construida en 1966, es elegible para ser incluida en la lista <span class='tooltipsall tooltip_post_id_5606 classtoolTips1'>Registro Nacional de Lugares Hist\u00f3ricos<\/span>No se encuentran otros recursos culturales o hist\u00f3ricos en el \u00e1rea del proyecto ni en las tierras circundantes propiedad de USACE. Se consult\u00f3 a la Divisi\u00f3n de Cultura e Historia de Virginia Occidental (WVDCH) para evaluar los posibles impactos en los recursos hist\u00f3ricos cuando se construy\u00f3 el corredor de transmisi\u00f3n. La agencia confirm\u00f3 que la construcci\u00f3n del corredor no tendr\u00eda ning\u00fan impacto en ning\u00fan recurso. El propietario del proyecto debe consultar con la WVDCH antes de realizar cualquier actividad de desmonte o alteraci\u00f3n de la tierra para garantizar la protecci\u00f3n de cualquier posible recurso no identificado.<\/p>\n<p>Los recursos recreativos no relacionados con el proyecto incluyen caminos de acceso, puentes de piedra para aguas bajas, estructuras para atraer peces y una instalaci\u00f3n de lanzamiento de botes en el lago Summersville. Hay un lanzamiento de balsa para aguas bravas aguas abajo de la presa, as\u00ed como un \u00e1rea de lanzamiento de kayak y una plataforma de pesca para discapacitados. El lago Summersville es una zona de recreaci\u00f3n popular y el Cuerpo de Ingenieros del Ej\u00e9rcito de los Estados Unidos (USACE) mantiene un gran campamento, un puerto deportivo, tres rampas para botes, dos botes de invierno para botes, refugios para picnic, un \u00e1rea para nadar, senderos para caminatas y acceso para pescar. Tambi\u00e9n se apoya la caza, la escalada en roca y el buceo. El USACE tambi\u00e9n ofrece 20 d\u00edas de rafting en aguas bravas en el oto\u00f1o. American Whitewater organiza un Gauley Fest anual, el festival de remo m\u00e1s grande del mundo, cada septiembre, que atrae a miles de remeros de todo el pa\u00eds.<\/p>\n<hr \/>\n<h3>Estado de cumplimiento<\/h3>\n<p><strong>En el Certificado actual no existen condiciones espec\u00edficas para ninguna instalaci\u00f3n.\u00a0<\/strong><\/p>\n<p><strong>2025:<\/strong> No se identificaron cambios materiales ni problemas de cumplimiento. El proyecto sigue cumpliendo con los requisitos seg\u00fan la revisi\u00f3n anual.<\/p>\n<p><strong>2024:<\/strong> No se identificaron cambios materiales ni problemas de cumplimiento. El proyecto sigue cumpliendo con los requisitos seg\u00fan la revisi\u00f3n anual.<\/p>\n<p><strong>2023:<\/strong> No se identificaron cambios materiales ni problemas de cumplimiento. El proyecto sigue cumpliendo con los requisitos seg\u00fan la revisi\u00f3n anual.<\/p>\n<p><strong>2022:<\/strong> No se identificaron cambios materiales ni problemas de cumplimiento. El proyecto sigue cumpliendo con las normas seg\u00fan la revisi\u00f3n anual. El proyecto inform\u00f3 que el WVDEP emiti\u00f3 una nueva <span class='tooltipsall tooltip_post_id_5609 classtoolTips147'>DESNP<\/span> permiso de descarga para agua de enfriamiento sin contacto que elimin\u00f3 los l\u00edmites estrictos de temperatura ya que las temperaturas del lago Summersville a menudo eran m\u00e1s altas que los l\u00edmites del permiso anterior y, en cambio, requiere un monitoreo continuo de la temperatura del agua que permite que el proyecto funcione dentro de las condiciones del permiso.<\/p>\n<p><strong>2021:<\/strong> No se informaron cambios ni problemas de cumplimiento. El proyecto sigue cumpliendo con los requisitos seg\u00fan la revisi\u00f3n anual.<\/p>\n<p><strong>2020:<\/strong> No se informaron cambios ni problemas de cumplimiento. El proyecto sigue cumpliendo con los requisitos seg\u00fan la revisi\u00f3n anual.<\/p>\n<p><strong>2019:<\/strong> La presentaci\u00f3n de informes anuales para el Certificado actual a\u00fan no ha entrado en vigor.<\/p>\n<hr \/>\n<h3>Historial de certificaciones<\/h3>\n<p><strong>1 de enero de 2022:<\/strong> El plazo del Certificado LIHI se ha extendido de acuerdo con la Revisi\u00f3n 2.05 del Manual de Certificaci\u00f3n LIHI 2.\u00aa Edici\u00f3n emitido el 1 de enero de 2022. Consulte la tabla de instalaciones anterior para conocer el nuevo plazo.<\/p>\n<p><strong>25 de septiembre de 2020:<\/strong> La decisi\u00f3n de recertificar el Proyecto Summersville se hizo definitiva despu\u00e9s del cierre del per\u00edodo de apelaciones el 19 de septiembre de 2020, sin que se presentaran apelaciones. El per\u00edodo de certificaci\u00f3n es del 10 de noviembre de 2019 al 9 de noviembre de 2024.<\/p>\n<p><strong>20 de agosto de 2020: <\/strong> El Instituto de Energ\u00eda Hidroel\u00e9ctrica de Bajo Impacto (LIHI, por sus siglas en ingl\u00e9s) ha aprobado preliminarmente el Proyecto Summersville (LIHI #17) para un nuevo per\u00edodo de 5 a\u00f1os de Certificaci\u00f3n de Bajo Impacto. Esta decisi\u00f3n es preliminar a la espera del per\u00edodo de apelaci\u00f3n de 30 d\u00edas. Solo aquellos que comentaron sobre la solicitud inicial durante el per\u00edodo de comentarios de 60 d\u00edas son elegibles para presentar una apelaci\u00f3n. Dicha apelaci\u00f3n debe incluir una explicaci\u00f3n de por qu\u00e9 el Proyecto no cumple con los criterios del LIHI. Las solicitudes de apelaci\u00f3n se pueden enviar por correo electr\u00f3nico a <a href=\"mailto:comments@lowimpacthydro.org\">comments@lowimpacthydro.org<\/a> con \u201cSummersville Project\u201d en la l\u00ednea de asunto, o por correo postal dirigido al Low Impact Hydropower Institute, 329 Massachusetts Ave, Suite 6, Lexington, MA 02420. Todas las solicitudes se publicar\u00e1n en el sitio web. El solicitante tendr\u00e1 la oportunidad de responder y cualquier respuesta tambi\u00e9n se publicar\u00e1. <strong>Las solicitudes deben recibirse antes de las 5:00 p. m., hora del Este, el 19 de septiembre de 2020.<\/strong>La solicitud completa y el informe del revisor est\u00e1n disponibles a continuaci\u00f3n. Si no se reciben solicitudes de apelaci\u00f3n y la decisi\u00f3n se vuelve definitiva, el per\u00edodo de certificaci\u00f3n del proyecto ser\u00e1 del 10 de noviembre de 2019 al 9 de noviembre de 2024.<\/p>\n<p><strong>7 de mayo de 2020:<\/strong> El Instituto de Energ\u00eda Hidroel\u00e9ctrica de Bajo Impacto ha recibido una solicitud completa para la recertificaci\u00f3n de Bajo Impacto del Proyecto Hidroel\u00e9ctrico de Summersville. La solicitud completa se puede encontrar a continuaci\u00f3n. LIHI est\u00e1 buscando comentarios p\u00fablicos sobre esta solicitud. Los comentarios que est\u00e9n directamente relacionados con criterios espec\u00edficos de LIHI (caudales, calidad del agua, <span class='tooltipsall tooltip_post_id_5566 classtoolTips59'>paso de peces<\/span>, etc.) ser\u00e1n de gran ayuda, pero se tendr\u00e1n en cuenta todos los comentarios. Los comentarios pueden enviarse al Instituto por correo electr\u00f3nico a\u00a0<a href=\"mailto:comments@lowimpacthydro.org\">comments@lowimpacthydro.org<\/a>\u00a0con \u201cComentarios del Proyecto Summersville\u201d en la l\u00ednea de asunto, o por correo dirigido al Low Impact Hydropower Institute, 329 Massachusetts Avenue, Suite 6, Lexington, MA 02420.\u00a0 <strong>Los comentarios deben recibirse antes de las 5:00 p. m., hora del Este, el 6 de julio de 2020.<\/strong>\u00a0Se considerar\u00e1n todos los comentarios. Se publicar\u00e1n en el sitio web y el solicitante tendr\u00e1 la oportunidad de responder. Tambi\u00e9n se publicar\u00e1n todas las respuestas.<\/p>\n<p><strong>17 de abril de 2015:\u00a0<\/strong>El Director Ejecutivo, Mike Sale, en uso de la autoridad delegada por la Junta Directiva de LIHI, ha determinado que el Proyecto Summersville contin\u00faa cumpliendo con los Criterios de Certificaci\u00f3n de Bajo Impacto. La decisi\u00f3n de certificar el Proyecto Hidroel\u00e9ctrico Summersville es por un per\u00edodo de 5 a\u00f1os, con vigencia a partir del 10 de noviembre de 2014 y vencimiento el 10 de noviembre de 2019, con las siguientes condiciones:<\/p>\n<ul style=\"color: black;\">\n<li><em><strong>Condici\u00f3n<\/strong><\/em> <em><strong>Satisfecho 2017<\/strong><\/em>. <strong>Condici\u00f3n 1. <\/strong>El propietario de la instalaci\u00f3n deber\u00e1 proporcionar a LIHI una copia electr\u00f3nica del Formulario 80 revisado sobre usos recreativos del r\u00edo a m\u00e1s tardar el 1 de julio de 2015.<\/li>\n<li><strong>Condici\u00f3n 2.<\/strong>\u00a0 El propietario de la instalaci\u00f3n deber\u00e1 proporcionar una actualizaci\u00f3n del estado de las deficiencias de DO y los documentos relacionados presentados ante la FERC junto con su carta de cumplimiento anual a LIHI. Esta actualizaci\u00f3n del estado contendr\u00e1 copias de toda la correspondencia y los documentos pertinentes, incluidas las explicaciones y las acciones de remediaci\u00f3n relacionadas con las deficiencias de DO que hayan ocurrido durante el a\u00f1o anterior.<\/li>\n<\/ul>\n<p><strong>5 de enero de 2015:\u00a0 <\/strong>El Instituto de Energ\u00eda Hidroel\u00e9ctrica de Bajo Impacto recibi\u00f3 una solicitud completa y oportuna para un nuevo per\u00edodo de Certificaci\u00f3n de Bajo Impacto para el proyecto Summersville el 18 de septiembre de 2014. Consulte los archivos de solicitud a continuaci\u00f3n.<\/p>\n<p><strong>10 de noviembre de 2014:<\/strong>\u00a0 El plazo de certificaci\u00f3n para el proyecto de Summersville se ha extendido hasta el 31 de marzo de 2015 para permitir demoras administrativas internas en el procesamiento de la solicitud del proyecto por un per\u00edodo adicional. La solicitud se publicar\u00e1 en breve.<\/p>\n<p><strong>4 de marzo de 2010:<\/strong> La Junta Directiva del Instituto de Energ\u00eda Hidroel\u00e9ctrica de Bajo Impacto ha determinado que el Proyecto Summersville sigue cumpliendo los criterios de certificaci\u00f3n. Esta recertificaci\u00f3n entrar\u00e1 en vigor el 10 de noviembre de 2009 y expirar\u00e1 el 10 de noviembre de 2014.<\/p>\n<p><strong>25 de noviembre de 2009:<\/strong> Gauley River Power Partners, Inc. ha presentado una solicitud de recertificaci\u00f3n del Proyecto Hidroel\u00e9ctrico Summersville. Los comentarios deben recibirse antes del 25 de enero de 2010.<\/p>\n<p><strong>28 de abril de 2005:<\/strong> El Proyecto Hidroel\u00e9ctrico Summersville ha sido certificado como de bajo impacto por un per\u00edodo de cinco a\u00f1os, a partir del 10 de noviembre de 2004 y hasta el 10 de noviembre de 2009.<\/p>\n<p><strong>10 de noviembre de 2004:<\/strong> Gauley River Partners, Inc. ha presentado una solicitud de certificaci\u00f3n del Proyecto Hidroel\u00e9ctrico Summersville, ubicado en el r\u00edo Gauley en el condado de Nicholas, Virginia Occidental.<\/p>\n<hr \/>\n<h3>Archivos de certificaci\u00f3n<\/h3>\n<h4>Recertificaci\u00f3n 2019-2020<\/h4>\n<ul style=\"color: black;\">\n<li><a href=\"https:\/\/lowimpacthydro.org\/wp-content\/uploads\/2021\/05\/Summersville_StageIIReport_2020_07_30.pdf\">Informe de revisi\u00f3n de la recertificaci\u00f3n de Summersville<\/a><\/li>\n<li><a href=\"https:\/\/lowimpacthydro.org\/wp-content\/uploads\/2020\/07\/Summersville-Gauley-LIHI-Recertification-Application_January-2020_Final_....pdf\">Solicitud de recertificaci\u00f3n de Summersville 2020<\/a><\/li>\n<\/ul>\n<h4>Recertificaci\u00f3n 2014-2015<\/h4>\n<ul style=\"color: black;\">\n<li><a href=\"https:\/\/lowimpacthydro.org\/wp-content\/uploads\/2020\/07\/20150410_Recertification-Review_Summersville.pdf\">Informe de revisi\u00f3n de la recertificaci\u00f3n de Summersville 2015<\/a><\/li>\n<li><a href=\"https:\/\/lowimpacthydro.org\/wp-content\/uploads\/2020\/07\/Summersville-LIHI_Questionnaire.pdf\">Cuestionario de recertificaci\u00f3n de Summersville<\/a><\/li>\n<\/ul>\n<h4>Recertificaci\u00f3n 2009<\/h4>\n<ul style=\"color: black;\">\n<li><a href=\"https:\/\/lowimpacthydro.org\/wp-content\/uploads\/2020\/07\/LIHI_Summersville_Re-Cert_Review_Final.doc\">Informe de revisi\u00f3n de la recertificaci\u00f3n de Summersville 2009<\/a><\/li>\n<\/ul>\n<h4>Certificaci\u00f3n 2004<\/h4>\n<ul style=\"color: black;\">\n<li><a href=\"https:\/\/lowimpacthydro.org\/wp-content\/uploads\/2020\/07\/LIHICertificationReportSummersvilleFinal011805.pdf\" target=\"_blank\" rel=\"noopener noreferrer\">Informe de certificaci\u00f3n de Summersville<\/a><\/li>\n<li><a href=\"https:\/\/lowimpacthydro.org\/wp-content\/uploads\/2020\/07\/LIHIQuestionnaire.pdf\" target=\"_blank\" rel=\"noopener noreferrer\">Cuestionario de certificaci\u00f3n de Summersville<\/a><\/li>\n<li><a href=\"https:\/\/lowimpacthydro.org\/wp-content\/uploads\/2020\/07\/Agency-Letters.pdf\">Anexo de solicitud \u2013 Cartas de la agencia<\/a><\/li>\n<li><a href=\"https:\/\/lowimpacthydro.org\/wp-content\/uploads\/2020\/07\/Contact-List.pdf\">Anexo de solicitud: Lista de contactos<\/a><\/li>\n<li><a href=\"https:\/\/lowimpacthydro.org\/wp-content\/uploads\/2020\/07\/Project-Drawings.pdf\">Anexo de solicitud: planos del proyecto<\/a><\/li>\n<\/ul>\n<hr \/>\n<h3>Documentos clave<\/h3>\n<ul>\n<li><a href=\"https:\/\/lowimpacthydro.org\/wp-content\/uploads\/2020\/07\/Summersville-License-Order.pdf\">Orden de licencia FERC de Summersville<\/a><\/li>\n<li><a href=\"https:\/\/lowimpacthydro.org\/wp-content\/uploads\/2020\/07\/Summersville-EA.pdf\">Evaluaci\u00f3n ambiental de Summersville<\/a><\/li>\n<li><a href=\"https:\/\/lowimpacthydro.org\/wp-content\/uploads\/2020\/07\/Summersville-License-Amendment.pdf\">Modificaci\u00f3n de la licencia FERC de Summersville<\/a><\/li>\n<li><a href=\"https:\/\/lowimpacthydro.org\/wp-content\/uploads\/2020\/07\/License-Amendment-II.pdf\">Enmienda II a la licencia de la FERC<\/a><\/li>\n<\/ul>","protected":false},"excerpt":{"rendered":"<p>Project Name Summersville LIHI Certificate No. 17 LIHI Certificate Term November 10, 2019 &#8211; November 9, 2029 Owner Gauley River Power Partners, LP, a subsidiary of<span class=\"excerpt-hellip\"> [\u2026]<\/span><\/p>\n","protected":false},"author":1,"featured_media":-1,"parent":0,"menu_order":0,"comment_status":"closed","ping_status":"closed","template":"","meta":{"_coblocks_attr":"","_coblocks_dimensions":"","_coblocks_responsive_height":"","_coblocks_accordion_ie_support":"","om_disable_all_campaigns":false,"_monsterinsights_skip_tracking":false,"_monsterinsights_sitenote_active":false,"_monsterinsights_sitenote_note":"","_monsterinsights_sitenote_category":0,"footnotes":""},"class_list":["post-1195","page","type-page","status-publish","has-post-thumbnail","hentry"],"aioseo_notices":[],"_links":{"self":[{"href":"https:\/\/lowimpacthydro.org\/es\/wp-json\/wp\/v2\/pages\/1195","targetHints":{"allow":["GET"]}}],"collection":[{"href":"https:\/\/lowimpacthydro.org\/es\/wp-json\/wp\/v2\/pages"}],"about":[{"href":"https:\/\/lowimpacthydro.org\/es\/wp-json\/wp\/v2\/types\/page"}],"author":[{"embeddable":true,"href":"https:\/\/lowimpacthydro.org\/es\/wp-json\/wp\/v2\/users\/1"}],"replies":[{"embeddable":true,"href":"https:\/\/lowimpacthydro.org\/es\/wp-json\/wp\/v2\/comments?post=1195"}],"version-history":[{"count":16,"href":"https:\/\/lowimpacthydro.org\/es\/wp-json\/wp\/v2\/pages\/1195\/revisions"}],"predecessor-version":[{"id":10153,"href":"https:\/\/lowimpacthydro.org\/es\/wp-json\/wp\/v2\/pages\/1195\/revisions\/10153"}],"wp:featuredmedia":[{"embeddable":true,"href":"https:\/\/lowimpacthydro.org\/es\/wp-json\/"}],"wp:attachment":[{"href":"https:\/\/lowimpacthydro.org\/es\/wp-json\/wp\/v2\/media?parent=1195"}],"curies":[{"name":"gracias","href":"https:\/\/api.w.org\/{rel}","templated":true}]}}