{"id":1042,"date":"2020-07-20T15:53:55","date_gmt":"2020-07-20T19:53:55","guid":{"rendered":"https:\/\/lowimpacthydro.org\/new\/?page_id=1042"},"modified":"2025-12-08T13:07:56","modified_gmt":"2025-12-08T18:07:56","slug":"lihi-certificate-117-clement-dam-project-new-hampshire","status":"publish","type":"page","link":"https:\/\/lowimpacthydro.org\/es\/lihi-certificate-117-clement-dam-project-new-hampshire\/","title":{"rendered":"Certificado LIHI #117 \u2013 Proyecto de la presa Clement, Nuevo Hampshire"},"content":{"rendered":"<table class=\"alignright\" style=\"width: 351px; border: 2px; cellspacing: 2px; cellpadding: 2px; margin-left: 50px;\">\n<tbody>\n<tr style=\"height: 24px;\">\n<td style=\"width: 39.3805%; height: 24px;\"><strong>Nombre del proyecto<\/strong><\/td>\n<td style=\"width: 58.6283%; height: 24px;\">\u00a0Clemente <span class='tooltipsall tooltip_post_id_5545 classtoolTips158'>Presa<\/span><\/td>\n<\/tr>\n<tr style=\"height: 48px;\">\n<td style=\"width: 39.3805%; height: 48px;\"><strong>Certificado LIHI No.<\/strong><\/td>\n<td style=\"width: 58.6283%; height: 48px;\">117<\/td>\n<\/tr>\n<tr style=\"height: 72px;\">\n<td style=\"width: 39.3805%; height: 38px;\"><strong>Plazo del certificado LIHI<br \/>\n<\/strong><\/td>\n<td style=\"width: 58.6283%; height: 38px;\">31 de diciembre de 2019<br \/>\n30 de diciembre de 2029<\/td>\n<\/tr>\n<tr style=\"height: 48px;\">\n<td style=\"width: 39.3805%; height: 48px;\"><strong>Due\u00f1o<\/strong><\/td>\n<td style=\"width: 58.6283%; height: 48px;\">Clement Dam Hydroelectric, LLC, una subsidiaria de Eagle Creek Renewable Energy, LLC<\/td>\n<\/tr>\n<tr style=\"height: 24px;\">\n<td style=\"width: 39.3805%; height: 24px;\"><strong>Estado<\/strong><\/td>\n<td style=\"width: 58.6283%; height: 24px;\">Nuevo Hampshire<\/td>\n<\/tr>\n<tr style=\"height: 72px;\">\n<td style=\"width: 39.3805%; height: 72px;\"><strong>Ubicaci\u00f3n<\/strong><\/td>\n<td style=\"width: 58.6283%; height: 72px;\">Ubicado en la milla fluvial 9.5 del r\u00edo Winnipesaukee en New Hampshire.<\/td>\n<\/tr>\n<tr style=\"height: 24px;\">\n<td style=\"width: 39.3805%; height: 24px;\"><strong>Capacidad instalada<\/strong><\/td>\n<td style=\"width: 58.6283%; height: 24px;\">2,4 MW<\/td>\n<\/tr>\n<tr style=\"height: 48px;\">\n<td style=\"width: 39.3805%; height: 48px;\"><strong>Generaci\u00f3n media anual<\/strong><\/td>\n<td style=\"width: 58.6283%; height: 48px;\">9.856 MWh<\/td>\n<\/tr>\n<tr style=\"height: 24px;\">\n<td style=\"width: 39.3805%; height: 24px;\"><strong>Tipo de instalaci\u00f3n<\/strong><\/td>\n<td style=\"width: 58.6283%; height: 24px;\"><span class='tooltipsall tooltip_post_id_5643 classtoolTips52'>De pasada<\/span><\/td>\n<\/tr>\n<tr style=\"height: 24px;\">\n<td style=\"width: 39.3805%; height: 24px;\"><strong><span class='tooltipsall tooltip_post_id_5565 classtoolTips152'>Comisi\u00f3n Federal de Comercio<\/span> No.<\/strong><\/td>\n<td style=\"width: 58.6283%; height: 24px;\">P-2966 emitido en 1982, vence el 30\/04\/2032<\/td>\n<\/tr>\n<\/tbody>\n<\/table>\n<p>El Proyecto de la Presa Clement se ubica en el r\u00edo Winnipesaukee, en la ciudad de Tilton, condado de Belknap, en el centro de New Hampshire. El proyecto se ubica aproximadamente a seis kil\u00f3metros r\u00edo abajo del Proyecto Hidroel\u00e9ctrico Lochmere y a tres kil\u00f3metros r\u00edo arriba del... <a href=\"https:\/\/lowimpacthydro.org\/es\/lihi-certificate-123-stevens-mill-project-new-hampshire\/\">Proyecto hidroel\u00e9ctrico Stevens Mill (LIHI #123)<\/a>. El proyecto <span class='tooltipsall tooltip_post_id_5545 classtoolTips158'>presa<\/span> Se construy\u00f3 originalmente a principios del siglo XX como una central hidroel\u00e9ctrica. La estructura original sufri\u00f3 una ruptura en 1943 y fue reemplazada por una presa de hormig\u00f3n en 1982. El proyecto reanud\u00f3 su actividad comercial en 1984. El r\u00edo Winnipesaukee tradicionalmente ha sustentado la actividad industrial en las localidades que bordean sus orillas, desde el lago Winnipesaukee hasta su confluencia con el r\u00edo Merrimack.<\/p>\n<p>Los caudales del r\u00edo Winnipesaukee est\u00e1n altamente regulados por las descargas de la presa Lakeport, ubicada en la desembocadura del lago Winnipesaukee, que controla 45% de la cuenca. El estado de New Hampshire dirige los caudales de la presa Lakeport para controlar los niveles de agua del lago y equilibrar los usos recreativos, ambientales y comerciales. Tras salir de la presa Lakeport, el r\u00edo desemboca en la bah\u00eda de Opechee, atraviesa una zona industrial en Laconia y desemboca en el lago Winnisquam, donde desemboca en la presa Lochmere. Posteriormente, el r\u00edo atraviesa el lago Silver antes de entrar en el centro de las localidades de Tilton y Northfield, donde se ubica el proyecto Clement.<\/p>\n<p>El proyecto incluye: La presa, de aproximadamente 120 pies de largo con una plataforma de concreto de 16,5 pies de alto. <span class='tooltipsall tooltip_post_id_5651 classtoolTips116'>aliviadero<\/span> Secci\u00f3n rematada con una estructura de madera de 3 pies de alto. <span class='tooltipsall tooltip_post_id_5569 classtoolTips79'>tableros de flash<\/span> y una secci\u00f3n de compuerta cerrada que incluye 5 <span class='tooltipsall tooltip_post_id_5578 classtoolTips153'>puertas<\/span> (una compuerta de desag\u00fce, de apertura hacia abajo y cuatro compuertas de aliviadero, de apertura hacia arriba). La toma, ubicada a la derecha del r\u00edo (mirando r\u00edo abajo), conduce a una tuber\u00eda de acero de 3,6 metros de di\u00e1metro. <span class='tooltipsall tooltip_post_id_5619 classtoolTips124'>compuerta<\/span> que se extiende aproximadamente 325 pies desde la entrada hasta la <span class='tooltipsall tooltip_post_id_5624 classtoolTips102'>central el\u00e9ctrica<\/span>La central el\u00e9ctrica, ubicada a la derecha del canal de derivaci\u00f3n, contiene una turbina-generador Kaplan horizontal con una capacidad instalada de 2,4 MW e instalaciones auxiliares. El canal de descarga devuelve el caudal al r\u00edo Winnipesaukee, aproximadamente 182 metros aguas abajo de la presa.<\/p>\n<p>El proyecto opera en <span class='tooltipsall tooltip_post_id_5643 classtoolTips52'>de pasada<\/span> y embalsa un embalse de 27,200 acres. El proyecto proporciona un caudal m\u00ednimo de 235 pies c\u00fabicos por segundo (cfs) por debajo del canal de descarga, con 30 pies c\u00fabicos por segundo (cfs) de ese caudal hacia la derivaci\u00f3n para proteger los recursos acu\u00e1ticos en el tramo. Este r\u00e9gimen se desarroll\u00f3 por recomendaci\u00f3n del USFWS y la Agencia de Protecci\u00f3n Ambiental de los Estados Unidos (EPA). Durante la fase aguas abajo... <span class='tooltipsall tooltip_post_id_5566 classtoolTips59'>paso de peces<\/span> Durante la temporada (de mediados de agosto a mediados de diciembre), el caudal de derivaci\u00f3n se incrementa a 50 pies c\u00fabicos por segundo. El proyecto coordina la reducci\u00f3n del caudal del embalse con el Departamento de Servicios Ambientales de New Hampshire (NHDES). La reducci\u00f3n se limita a 30 cm\/h y la tasa t\u00edpica de llenado consiste en el paso del caudal de entrada 70% y la retenci\u00f3n del caudal de entrada 30%.<\/p>\n<p>Las aguas dentro del alcance del proyecto se clasifican como de Clase B y el monitoreo de la calidad del agua en 2017 confirm\u00f3 que no presentaba contaminaci\u00f3n en el \u00e1rea. El NHDES tambi\u00e9n confirm\u00f3 que el proyecto cumple con los est\u00e1ndares de ox\u00edgeno disuelto y clorofila-a.<\/p>\n<p>Las presas aguas abajo crean una barrera para el paso aguas arriba. Hist\u00f3ricamente, los peces migratorios, como el salm\u00f3n del Atl\u00e1ntico, la anguila americana, la s\u00e1bala blanca, la lamprea marina y el arenque azul, abundaban en la cuenca. En 1847, se construy\u00f3 la presa de Essex en el r\u00edo Merrimack, en Massachusetts, bloqueando... <span class='tooltipsall tooltip_post_id_5518 classtoolTips36'>pez an\u00e1dromo<\/span> El acceso a los tramos aguas arriba del r\u00edo y sus afluentes. Las agencias se reservan el derecho de prescribir un paso aguas arriba en el futuro en el proyecto Clement. El paso adecuado de peces aguas abajo para las poblaciones de anguila americana y arenque de r\u00edo se proporciona mediante los flujos de paso liberados a trav\u00e9s de la compuerta de concreto y la compuerta de desag\u00fce que desembocan en un... <span class='tooltipsall tooltip_post_id_5620 classtoolTips86'>piscina de inmersi\u00f3n<\/span>USFWS y New Hampshire Fish and Game, que visitan habitualmente el sitio durante la temporada de paso, han confirmado que se permite el paso adecuado a trav\u00e9s de estas medidas.<\/p>\n<p>La propiedad del proyecto, ocupada por instalaciones sin embalse, abarca aproximadamente 5 acres. No existen h\u00e1bitats cr\u00edticos ni terrenos de valor ecol\u00f3gico significativo en el \u00e1rea del proyecto, ya que la mayor parte de la zona est\u00e1 urbanizada.<\/p>\n<p>Entre las especies amenazadas y en peligro de extinci\u00f3n que podr\u00edan encontrarse dentro de la propiedad del proyecto se encuentra el murci\u00e9lago orejudo norte\u00f1o. Si bien este murci\u00e9lago podr\u00eda estar presente en las inmediaciones del proyecto, no se ha designado un h\u00e1bitat cr\u00edtico para la especie. Es improbable que la especie est\u00e9 presente en los l\u00edmites del proyecto debido a la naturaleza urbanizada de los terrenos circundantes.<\/p>\n<p>El propietario del proyecto consult\u00f3 con la Oficina Estatal de Preservaci\u00f3n Hist\u00f3rica, la cual determin\u00f3 que el proyecto no tiene potencial de causar efectos y es necesario consultar con la Oficina antes de cualquier actividad de construcci\u00f3n. Adem\u00e1s, el proyecto consult\u00f3 con el Cuerpo de Ingenieros del Ej\u00e9rcito de los Estados Unidos, el cual tambi\u00e9n determin\u00f3 que no hay impacto en los recursos culturales ni hist\u00f3ricos.<\/p>\n<p>Los recursos recreativos del proyecto incluyen tres muelles de pesca y una rampa para embarcaciones. Las riberas inmediatamente aguas arriba del proyecto en Tilton est\u00e1n industrializadas, mientras que la zona aguas abajo ofrece un paisaje m\u00e1s atractivo, ya que el r\u00edo discurre desde Clement hasta los proyectos Steven Mills (LIHI #123) y Franklin. El propietario del proyecto autoriz\u00f3 al municipio a construir partes del Parque Ribere\u00f1o en los terrenos del proyecto. El parque ofrece muelles de pesca, una rampa para embarcaciones y ba\u00f1os para usuarios recreativos.<\/p>\n<hr \/>\n<h3>Estado de cumplimiento<\/h3>\n<p><strong>El Certificado incluye las siguientes condiciones espec\u00edficas de la instalaci\u00f3n:<\/strong><\/p>\n<p><strong><em>Condici\u00f3n satisfecha en 2022.<\/em> Condici\u00f3n 1<\/strong>:Para mantener el cumplimiento de Upstream <span class='tooltipsall tooltip_post_id_5566 classtoolTips59'>Paso de peces<\/span> Criterio, el propietario de la instalaci\u00f3n deber\u00e1 informar en su declaraci\u00f3n anual de cumplimiento a LIHI:<\/p>\n<ul style=\"color: black;\">\n<li>Los resultados de la <span class='tooltipsall tooltip_post_id_5602 classtoolTips160'>MOA<\/span> Evaluaci\u00f3n de 2020 sobre la necesidad de paso de peces aguas arriba en el Proyecto. Este informe incluir\u00e1 el cronograma previsto para la implementaci\u00f3n de las instalaciones que se consideren necesarias. El estado de estas obras se informar\u00e1 anualmente.<\/li>\n<li>Una copia del MOA firmado y actualizado. En el improbable caso de que el USFWS y Eagle Creek no lleguen a un acuerdo sobre la extensi\u00f3n del MOA, el propietario de la instalaci\u00f3n continuar\u00e1 operando el Proyecto Clement de acuerdo con la versi\u00f3n m\u00e1s reciente de los planes requeridos por el MOA para mantener la certificaci\u00f3n LIHI.<\/li>\n<\/ul>\n<p><strong>2025:<\/strong> No se identificaron cambios materiales ni problemas de cumplimiento. El proyecto sigue cumpliendo con los requisitos seg\u00fan la revisi\u00f3n anual.<\/p>\n<p><strong>2024:<\/strong> No se identificaron cambios materiales ni problemas de cumplimiento. El proyecto sigue cumpliendo con los requisitos seg\u00fan la revisi\u00f3n anual.<\/p>\n<p><strong>2023:<\/strong> No se identificaron cambios materiales ni problemas de cumplimiento. El proyecto sigue cumpliendo con los requisitos seg\u00fan la revisi\u00f3n anual.<\/p>\n<p><strong>2022:<\/strong> No se identificaron cambios sustanciales ni problemas de cumplimiento. El proyecto se mantiene en cumplimiento seg\u00fan la revisi\u00f3n anual. Para la Condici\u00f3n 1, el proyecto present\u00f3 el Memorando de Acuerdo (MOA) actualizado, que posterga la evaluaci\u00f3n del paso aguas arriba de la anguila americana hasta 2025, cumpliendo as\u00ed con la condici\u00f3n.<\/p>\n<p><strong>2021:<\/strong> No se reportaron cambios ni problemas de cumplimiento. El proyecto se mantiene en cumplimiento seg\u00fan la revisi\u00f3n anual. Para la Condici\u00f3n 1, el proyecto inform\u00f3 sobre la consulta con el USFWS y un borrador del MOA en proceso de perfeccionamiento.<\/p>\n<p><strong>2020:<\/strong> No se reportaron cambios ni problemas de cumplimiento. El proyecto se mantiene en cumplimiento seg\u00fan la revisi\u00f3n anual. Para la Condici\u00f3n 1, el proyecto inform\u00f3 sobre consultas con el USFWS y acuerdos para aplazar el paso de anguilas r\u00edo arriba hasta 2025 y extender el MDA vigente para completar los planes requeridos de monitoreo de caudal y paso de peces.<\/p>\n<p><strong>2019:<\/strong> La presentaci\u00f3n de informes anuales para el Certificado actual a\u00fan no ha entrado en vigor.<\/p>\n<hr \/>\n<h3>Historial de certificaciones<\/h3>\n<p><strong>1 de enero de 2022:<\/strong> El plazo del Certificado LIHI se ha extendido de acuerdo con la Revisi\u00f3n 2.05 del Manual de Certificaci\u00f3n LIHI 2.\u00aa Edici\u00f3n emitido el 1 de enero de 2022. Consulte la tabla de instalaciones anterior para conocer el nuevo plazo.<\/p>\n<p><strong>16 de marzo de 2020:\u00a0<\/strong> La decisi\u00f3n de recertificar el Proyecto de la Presa Clement qued\u00f3 firme tras el cierre del per\u00edodo de apelaciones el 7 de marzo de 2020, sin que se presentaran apelaciones. El plazo de la certificaci\u00f3n es del 31 de diciembre de 2019 al 30 de diciembre de 2024.<\/p>\n<p><strong>6 de febrero de 2020:<\/strong> El Instituto de Hidroelectricidad de Bajo Impacto (LIHI) ha aprobado preliminarmente la Recertificaci\u00f3n de Bajo Impacto para el Proyecto Hidroel\u00e9ctrico de la Presa Clement, LIHI #117. Esta decisi\u00f3n es preliminar, a la espera del plazo de apelaci\u00f3n de 30 d\u00edas. Solo quienes presentaron comentarios sobre la solicitud inicial durante el plazo de 60 d\u00edas pueden presentar una apelaci\u00f3n. Dicha apelaci\u00f3n debe incluir una explicaci\u00f3n de por qu\u00e9 el Proyecto no cumple con los criterios del LIHI. Las solicitudes de apelaci\u00f3n pueden enviarse por correo electr\u00f3nico a <a href=\"mailto:comments@lowimpacthydro.org\">comments@lowimpacthydro.org<\/a> Con el asunto &quot;Proyecto Hidroel\u00e9ctrico de la Presa Clement&quot;, o por correo postal dirigido al Instituto de Energ\u00eda Hidroel\u00e9ctrica de Bajo Impacto, 329 Massachusetts Ave, Suite 6, Lexington, MA 02420. Todas las solicitudes se publicar\u00e1n en el sitio web. El solicitante tendr\u00e1 la oportunidad de responder, y cualquier respuesta tambi\u00e9n se publicar\u00e1. <strong>Las solicitudes deben recibirse antes de las 5 p. m., hora del Este, el 7 de marzo de 2020.\u00a0 <\/strong>La solicitud completa y el informe de los revisores est\u00e1n disponibles a continuaci\u00f3n. Si no se reciben solicitudes de apelaci\u00f3n y la decisi\u00f3n es definitiva, el plazo de certificaci\u00f3n del Proyecto ser\u00e1 del 31 de diciembre de 2019 al 30 de diciembre de 2024.<\/p>\n<p><strong>27 de noviembre de 2019:<\/strong> El Instituto de Energ\u00eda Hidroel\u00e9ctrica de Bajo Impacto (LIHI) ha recibido una solicitud completa para la Recertificaci\u00f3n de Bajo Impacto del Proyecto Hidroel\u00e9ctrico de la Presa Clement. LIHI solicita comentarios p\u00fablicos sobre esta solicitud. En concreto, nos interesa saber si considera que el Proyecto cumple con los Criterios de Certificaci\u00f3n de Bajo Impacto de LIHI, revisados en la 2.\u00aa edici\u00f3n del Manual. Por favor, revise el programa y los criterios en la versi\u00f3n revisada de LIHI. <a href=\"https:\/\/lowimpacthydro.org\/wp-content\/uploads\/2020\/07\/2nd-edition-handbook-20160315-rev2.02-7-20-16.pdf\">Manual<\/a><a href=\"https:\/\/lowimpacthydro.org\/wp-content\/uploads\/2020\/07\/2nd-edition-handbook-20160315-rev2.02-7-20-16.pdf\">\u00a0<\/a>y luego revise los materiales de solicitud del Proyecto a continuaci\u00f3n. Los comentarios que est\u00e9n directamente relacionados con criterios espec\u00edficos de LIHI (flujos, calidad del agua, paso de peces, etc.) ser\u00e1n de gran ayuda, pero se considerar\u00e1n todos los comentarios. Los comentarios pueden enviarse al Instituto por correo electr\u00f3nico a\u00a0<a href=\"mailto:comments@lowimpacthydro.org\">comments@lowimpacthydro.org<\/a>\u00a0con \u201cComentarios sobre el Proyecto de la Represa Clement\u201d en la l\u00ednea de asunto, o por correo dirigido al Low Impact Hydropower Institute, 329 Massachusetts Avenue, Suite 6, Lexington, MA 02420.\u00a0 <strong>Los comentarios deben recibirse antes de las 5 p. m., hora del Este, el 26 de enero de 2020.<\/strong>\u00a0Se considerar\u00e1n todos los comentarios. Se publicar\u00e1n en el sitio web y el solicitante tendr\u00e1 la oportunidad de responder. Tambi\u00e9n se publicar\u00e1n todas las respuestas.<\/p>\n<p><strong>11 de mayo de 2015 \u2013<\/strong>\u00a0El Director Ejecutivo Michael J. Sale, en ejercicio de la autoridad delegada por la Junta Directiva de LIHI y tras una revisi\u00f3n completa del informe del Revisor de la Solicitud, as\u00ed como de todos los comentarios p\u00fablicos y la documentaci\u00f3n adicional proporcionada por el Solicitante, ha determinado que el Proyecto Hidroel\u00e9ctrico de la Presa Clement cumple con los Criterios de Certificaci\u00f3n de LIHI. La fecha de entrada en vigor de la certificaci\u00f3n para el Proyecto de la Presa Clement es el 31 de diciembre de 2014 por un per\u00edodo de cinco (5) a\u00f1os, que expirar\u00e1 el 31 de diciembre de 2019, con las siguientes condiciones:<\/p>\n<ul style=\"color: black;\">\n<li><strong><em>Condici\u00f3n satisfecha 2018.<\/em>\u00a0Condici\u00f3n 1:<\/strong> El propietario de la instalaci\u00f3n deber\u00e1 completar el muestreo de calidad del agua acordado en 2015, recibir una determinaci\u00f3n satisfactoria del Departamento de Servicios Ambientales de New Hampshire de que la instalaci\u00f3n no afecta la calidad del agua y proporcionar los resultados a LIHI antes del 31 de diciembre de 2015.<\/li>\n<li><strong><em>Condici\u00f3n satisfecha 2017.<\/em>\u00a0Condici\u00f3n 2:<\/strong> El propietario de la instalaci\u00f3n cumplir\u00e1 con los planes de instalaci\u00f3n del paso de peces actualizados en 2015 como se especifica en el MOA con USFWS, obtendr\u00e1 la aprobaci\u00f3n por escrito del dise\u00f1o por parte de USFWS e informar\u00e1 los resultados a LIHI antes del 31 de diciembre de 2015.<\/li>\n<li><strong><em>Condici\u00f3n satisfecha 2017.<\/em>\u00a0Condici\u00f3n 3:<\/strong> El propietario de la instalaci\u00f3n completar\u00e1 la revisi\u00f3n del flujo m\u00ednimo en 2015 seg\u00fan lo prescrito en el MOA con USFWS, obtendr\u00e1 la aprobaci\u00f3n por escrito de USFWS y proporcionar\u00e1 los resultados a LIHI antes del 31 de diciembre de 2015.<\/li>\n<li><strong><em>Condici\u00f3n satisfecha 2017.<\/em>\u00a0Condici\u00f3n 4:<\/strong> El propietario de la instalaci\u00f3n completar\u00e1 el Plan de Monitoreo de Operaciones y Flujo seg\u00fan lo requiere el MOA, obtendr\u00e1 la aprobaci\u00f3n por escrito del plan por parte del USFWS y proporcionar\u00e1 los resultados a LIHI antes del 31 de diciembre de 2015.<\/li>\n<\/ul>\n<p><strong>17 de febrero de 2015 \u2013\u00a0<\/strong>El Instituto de Energ\u00eda Hidroel\u00e9ctrica de Bajo Impacto (LIHI) recibi\u00f3 una solicitud completa y oportuna el 6 de febrero de 2015 de Eagle Creek Renewable Energy LLC, para la Certificaci\u00f3n de Bajo Impacto del Proyecto de la Represa Clement, FERC P-2966, ubicado en el r\u00edo Winnipesaukee en el estado de New Hampshire.<\/p>\n<hr \/>\n<h3>Archivos de certificaci\u00f3n<\/h3>\n<h4>Recertificaci\u00f3n 2019<\/h4>\n<ul style=\"color: black;\">\n<li><a href=\"https:\/\/lowimpacthydro.org\/wp-content\/uploads\/2020\/07\/Clement-Recertification-Report-02-05-20-1.pdf\">Informe de revisi\u00f3n de la recertificaci\u00f3n de Clement 2020<\/a><\/li>\n<li><a href=\"https:\/\/lowimpacthydro.org\/wp-content\/uploads\/2020\/07\/Clement-LIHI-Certification-Application-10-8-2019.pdf\">Solicitud de recertificaci\u00f3n de Clement 2019<\/a><\/li>\n<\/ul>\n<h4>Certificaci\u00f3n 2014<\/h4>\n<ul style=\"color: black;\">\n<li><a href=\"https:\/\/lowimpacthydro.org\/wp-content\/uploads\/2020\/07\/Clement-Full-App-Review_REVISED.pdf\">Informe de revisi\u00f3n de la certificaci\u00f3n Clement 2014<\/a><\/li>\n<li><a href=\"https:\/\/lowimpacthydro.org\/wp-content\/uploads\/2020\/07\/20150204_Clement-Hydroelectric-Project-LIHI-Application_v.2.doc\">Solicitud de certificaci\u00f3n Clement<\/a><\/li>\n<li><a href=\"https:\/\/lowimpacthydro.org\/wp-content\/uploads\/2020\/07\/Clement-Dam_Appendix-3-1_Project-Layout-FERC-Appendix-F-G.pdf\" target=\"_blank\" rel=\"noopener noreferrer\">Ap\u00e9ndice de la aplicaci\u00f3n: Dise\u00f1o del proyecto<\/a><\/li>\n<li><a href=\"https:\/\/lowimpacthydro.org\/wp-content\/uploads\/2020\/07\/Clement-Dam_Appendix-3-2_Project-photographs.pdf\" target=\"_blank\" rel=\"noopener noreferrer\">Ap\u00e9ndice de la solicitud \u2013 Fotograf\u00edas del proyecto<\/a><\/li>\n<li><a href=\"https:\/\/lowimpacthydro.org\/wp-content\/uploads\/2020\/07\/Clement-Dam_Appendix-3-a-Ariel-Map-of-Project-Location.pdf\" target=\"_blank\" rel=\"noopener noreferrer\">Ap\u00e9ndice de la solicitud: Mapa de ubicaci\u00f3n del proyecto<\/a><\/li>\n<li><a href=\"https:\/\/lowimpacthydro.org\/wp-content\/uploads\/2020\/07\/Clement-Dam_Appendix-B-1_Clement-Hydro_WIN-River_LIHI-Cert-Mon-Reqs.pdf\" target=\"_blank\" rel=\"noopener noreferrer\">Ap\u00e9ndice de aplicaci\u00f3n: Recomendaciones para el monitoreo de la calidad del agua<\/a><\/li>\n<li><a href=\"https:\/\/lowimpacthydro.org\/wp-content\/uploads\/2020\/07\/Clement-Dam_Appendix-B-2_Clement-Hydro_Tilton_WIN_WQ-Results.pdf\" target=\"_blank\" rel=\"noopener noreferrer\">Ap\u00e9ndice de la solicitud \u2013 Estado de la calidad del agua<\/a><\/li>\n<li><a href=\"https:\/\/lowimpacthydro.org\/wp-content\/uploads\/2020\/07\/Clement-Dam_Appendix-C-1_2014-08-14-ECREM-USFWS-MOA.pdf\" target=\"_blank\" rel=\"noopener noreferrer\">Ap\u00e9ndice de la aplicaci\u00f3n: Paso de peces y operaciones del proyecto<\/a><\/li>\n<li><a href=\"https:\/\/lowimpacthydro.org\/wp-content\/uploads\/2020\/07\/Clement-Dam_Appendix-C-2_NOAA-no-impact-cmt-ltr.pdf\" target=\"_blank\" rel=\"noopener noreferrer\">Ap\u00e9ndice de la aplicaci\u00f3n \u2013 Comentarios de la Asociaci\u00f3n Nacional Oce\u00e1nica y Atmosf\u00e9rica<\/a><\/li>\n<li><a href=\"https:\/\/lowimpacthydro.org\/wp-content\/uploads\/2020\/07\/Clement-Dam_Appendix-E-1_USFWS-TE-no-impact-ltr.pdf\" target=\"_blank\" rel=\"noopener noreferrer\">Ap\u00e9ndice de la solicitud \u2013 Carta de comentarios del Servicio de Pesca y Vida Silvestre de EE. UU.<\/a><\/li>\n<li><a href=\"https:\/\/lowimpacthydro.org\/wp-content\/uploads\/2020\/07\/Clement-Dam_Appendix-E-2_NH-Natural-Heritage-Bureau-TE-no-impact-ltr.pdf\" target=\"_blank\" rel=\"noopener noreferrer\">Ap\u00e9ndice de la solicitud \u2013 Carta de comentarios de la Oficina de Patrimonio Natural de New Hampshire<\/a><\/li>\n<li><a href=\"https:\/\/lowimpacthydro.org\/wp-content\/uploads\/2020\/07\/Clement-Dam_Appendix-F-1_Clement-NH-DHR-No-Impact-ltr.pdf\" target=\"_blank\" rel=\"noopener noreferrer\">Ap\u00e9ndice de la solicitud \u2013 Solicitud de revisi\u00f3n de la Divisi\u00f3n de Recursos Hist\u00f3ricos de New Hampshire<\/a><\/li>\n<li><a href=\"https:\/\/lowimpacthydro.org\/wp-content\/uploads\/2020\/07\/Clement-Dam_Appendix-G-1_Rqst-for-Cmmnt-NH-Div-Prks-Rec.pdf\" target=\"_blank\" rel=\"noopener noreferrer\">Ap\u00e9ndice de la solicitud \u2013 Solicitud de comentarios de la Divisi\u00f3n de Parques y Recreaci\u00f3n de New Hampshire<\/a><\/li>\n<\/ul>\n<hr \/>\n<h3>Documentos clave<\/h3>\n<ul>\n<li><a href=\"https:\/\/lowimpacthydro.org\/wp-content\/uploads\/2020\/07\/Clement-Dam_Appendix-1-1_FERC-License-May-17-1982.pdf\" target=\"_blank\" rel=\"noopener noreferrer\">Licencia FERC de 1982<\/a><\/li>\n<li><a href=\"https:\/\/lowimpacthydro.org\/wp-content\/uploads\/2023\/06\/1983-03-18-Clement-FERC-Order-Amending-License-Minor-to-Major.pdf\">Enmienda de la licencia de la FERC de 1983<\/a><\/li>\n<\/ul>","protected":false},"excerpt":{"rendered":"<p>Project Name \u00a0Clement Dam LIHI Certificate No. 117 LIHI Certificate Term December 31, 2019 December 30, 2029 Owner Clement Dam Hydroelectric, LLC, a subsidiary of Eagle<span class=\"excerpt-hellip\"> [\u2026]<\/span><\/p>\n","protected":false},"author":3,"featured_media":-1,"parent":0,"menu_order":0,"comment_status":"closed","ping_status":"closed","template":"","meta":{"_coblocks_attr":"","_coblocks_dimensions":"","_coblocks_responsive_height":"","_coblocks_accordion_ie_support":"","om_disable_all_campaigns":false,"_monsterinsights_skip_tracking":false,"_monsterinsights_sitenote_active":false,"_monsterinsights_sitenote_note":"","_monsterinsights_sitenote_category":0,"footnotes":""},"class_list":["post-1042","page","type-page","status-publish","has-post-thumbnail","hentry"],"aioseo_notices":[],"_links":{"self":[{"href":"https:\/\/lowimpacthydro.org\/es\/wp-json\/wp\/v2\/pages\/1042","targetHints":{"allow":["GET"]}}],"collection":[{"href":"https:\/\/lowimpacthydro.org\/es\/wp-json\/wp\/v2\/pages"}],"about":[{"href":"https:\/\/lowimpacthydro.org\/es\/wp-json\/wp\/v2\/types\/page"}],"author":[{"embeddable":true,"href":"https:\/\/lowimpacthydro.org\/es\/wp-json\/wp\/v2\/users\/3"}],"replies":[{"embeddable":true,"href":"https:\/\/lowimpacthydro.org\/es\/wp-json\/wp\/v2\/comments?post=1042"}],"version-history":[{"count":11,"href":"https:\/\/lowimpacthydro.org\/es\/wp-json\/wp\/v2\/pages\/1042\/revisions"}],"predecessor-version":[{"id":10205,"href":"https:\/\/lowimpacthydro.org\/es\/wp-json\/wp\/v2\/pages\/1042\/revisions\/10205"}],"wp:featuredmedia":[{"embeddable":true,"href":"https:\/\/lowimpacthydro.org\/es\/wp-json\/"}],"wp:attachment":[{"href":"https:\/\/lowimpacthydro.org\/es\/wp-json\/wp\/v2\/media?parent=1042"}],"curies":[{"name":"gracias","href":"https:\/\/api.w.org\/{rel}","templated":true}]}}