{"id":10297,"date":"2026-01-22T10:29:56","date_gmt":"2026-01-22T15:29:56","guid":{"rendered":"https:\/\/lowimpacthydro.org\/?page_id=10297"},"modified":"2026-03-30T09:30:51","modified_gmt":"2026-03-30T13:30:51","slug":"tannery-island-project-new-york","status":"publish","type":"page","link":"https:\/\/lowimpacthydro.org\/es\/tannery-island-project-new-york\/","title":{"rendered":"Solicitud pendiente \u2013 Proyecto de Tannery Island, Nueva York"},"content":{"rendered":"<table class=\"alignright\" style=\"width: 351px; border: 2px; cellspacing: 2px; cellpadding: 2px; margin-left: 50px;\">\n<tbody>\n<tr>\n<td style=\"border-style: solid;\" width=\"162\"><strong>Nombre del proyecto<\/strong><\/td>\n<td style=\"border-style: solid;\" width=\"180\">Isla de la curtidur\u00eda<\/td>\n<\/tr>\n<tr>\n<td style=\"border-style: solid;\"><strong>Certificado LIHI No.<br \/>\n<\/strong><\/td>\n<td style=\"border-style: solid;\">n \/ A<\/td>\n<\/tr>\n<tr>\n<td style=\"border-style: solid;\"><strong>Plazo del certificado LIHI<br \/>\n<\/strong><\/td>\n<td style=\"border-style: solid;\">n \/ A<\/td>\n<\/tr>\n<tr>\n<td style=\"border-style: solid;\" width=\"162\"><strong>Due\u00f1o<\/strong><\/td>\n<td style=\"border-style: solid;\" width=\"180\">Tannery Island Hydro, LLC, una subsidiaria de Relevate Power<\/td>\n<\/tr>\n<tr>\n<td style=\"border-style: solid;\" width=\"162\"><strong>Estado<\/strong><\/td>\n<td style=\"border-style: solid;\" width=\"180\">Nueva York<\/td>\n<\/tr>\n<tr>\n<td style=\"border-style: solid;\" width=\"162\"><strong>Ubicaci\u00f3n<\/strong><\/td>\n<td style=\"border-style: solid;\" width=\"180\">Milla fluvial 33,1 en el r\u00edo Negro en Carthage y West Carthage, NY<\/td>\n<\/tr>\n<tr>\n<td style=\"border-style: solid;\" width=\"162\"><strong>Capacidad instalada<\/strong><\/td>\n<td style=\"border-style: solid;\" width=\"180\">1.875 MW<\/td>\n<\/tr>\n<tr>\n<td style=\"border-style: solid;\" width=\"162\"><strong>Generaci\u00f3n media anual<\/strong><\/td>\n<td style=\"border-style: solid;\" width=\"180\">7.468 MWh<\/td>\n<\/tr>\n<tr>\n<td style=\"border-style: solid;\" width=\"162\"><strong>Tipo de instalaci\u00f3n<\/strong><\/td>\n<td style=\"border-style: solid;\" width=\"180\"><span class='tooltipsall tooltip_post_id_5643 classtoolTips52'>De pasada<\/span><\/td>\n<\/tr>\n<tr>\n<td style=\"border-style: solid;\" width=\"162\"><strong><span class='tooltipsall tooltip_post_id_5565 classtoolTips152'>Comisi\u00f3n Federal de Comercio<\/span> No.<\/strong><\/td>\n<td style=\"border-style: solid;\" width=\"180\">P-4908 <span class='tooltipsall tooltip_post_id_5562 classtoolTips113'>exenci\u00f3n<\/span> Emitido el 7 de junio de 1982 (reinstalado el 11 de julio de 1983)<\/td>\n<\/tr>\n<\/tbody>\n<\/table>\n<p>El Proyecto Hidroel\u00e9ctrico de Tannery Island se ubica en la milla fluvial 33.1 del r\u00edo Negro, en Nueva York. El r\u00edo Negro est\u00e1 fuertemente regulado, con 21 presas a lo largo de su recorrido y varios embalses que alimentan la Barcaza del Estado de Nueva York. <span class='tooltipsall tooltip_post_id_5537 classtoolTips143'>Canal<\/span> Sistema. El proyecto se encuentra muy cerca de las f\u00e1bricas de papel de Cartago (Carthage PMM). <span class='tooltipsall tooltip_post_id_5545 classtoolTips158'>Presa<\/span> (FERC No. 10887), la presa Carthage Mill (West End) (FERC No. 5800) y la presa Long Falls (FERC No. 4636). Las presas aguas abajo incluyen la <a href=\"https:\/\/lowimpacthydro.org\/es\/lihi-certificate-34-black-river-and-beebee-island-hydroelectric-projects-new-york\/\">Proyecto R\u00edo Negro\/Isla Beebee<\/a> (LIHI #34) ubicado entre la milla del r\u00edo 27.5 y la milla del r\u00edo 9.<\/p>\n<p>El proyecto consta de tres presas, cada una de las cuales dirige una parte del caudal de entrada hacia el <span class='tooltipsall tooltip_post_id_5624 classtoolTips102'>central el\u00e9ctrica<\/span> c\u00e1mara de carga:<\/p>\n<ul style=\"color: black;\">\n<li>La presa de curtidur\u00eda \u201cA\u201d es una estructura de gravedad de hormig\u00f3n <span class='tooltipsall tooltip_post_id_5651 classtoolTips116'>aliviadero<\/span> de aproximadamente 117 pies de largo integrado a la c\u00e1mara de carga a trav\u00e9s de un <span class='tooltipsall tooltip_post_id_5574 classtoolTips146'>canal artificial<\/span> con un muro de ala de gravedad de 63 pies de largo que forma la pared del compartimiento de carga de la central el\u00e9ctrica y un muro de ala de gravedad de 50 pies de largo que funciona como <span class='tooltipsall tooltip_post_id_5545 classtoolTips158'>presa<\/span>\u2019al este <span class='tooltipsall tooltip_post_id_5514 classtoolTips118'>contrafuerte<\/span>.<\/li>\n<li>Las dos estructuras restantes, conocidas como presas del estanque Spicer, son presas de gravedad de hormig\u00f3n. <span class='tooltipsall tooltip_post_id_5651 classtoolTips116'>aliviaderos<\/span> con elevaciones de cresta irregulares.<\/li>\n<li>La presa \u201cB\u201d (presa Little Spicer) se extiende por las islas Tannery y Wind y tiene aproximadamente 106 pies de largo, coronada estacionalmente con 1 pie. <span class='tooltipsall tooltip_post_id_5569 classtoolTips79'>tableros de flash<\/span> (con tres aberturas de flujo m\u00ednimo de diferentes anchos).<\/li>\n<li>La presa &quot;C&quot; (Presa Big Spicer) se extiende aproximadamente 85 metros entre Wind y Devil Island, y est\u00e1 rematada estacionalmente con zanjas de 30 cent\u00edmetros (con cinco aberturas de flujo m\u00ednimo de diferentes anchos). La presa &quot;C&quot; tambi\u00e9n incluye un muro de contenci\u00f3n inclinado hacia la presa Carthage Paper Makers Mill (Carthage PMM), aguas arriba, que tiene 30 metros de longitud. La altura de las presas var\u00eda entre 0,6 y 1,8 metros.<\/li>\n<\/ul>\n<p>El embalse es el tramo de descarga\/derivaci\u00f3n de la presa Carthage PMM. Las presas de Tannery Island crean un tramo de derivaci\u00f3n insignificante que desemboca directamente en el embalse de la presa Carthage Mill (West End).<\/p>\n<p>La central el\u00e9ctrica es una estructura de canal abierto que contiene cinco turbinas\/generadores sumergibles Flygt. De las cinco turbinas, tres son de h\u00e9lices fijas y dos tienen palas ajustables. Con placas de expansi\u00f3n de 30 cm (12 pulgadas), cada unidad produce aproximadamente 375 kW netos. <span class='tooltipsall tooltip_post_id_5581 classtoolTips154'>cabeza<\/span> de 15,8 pies, lo que resulta en una capacidad instalada total de 1.875 kW para toda la instalaci\u00f3n. <span class='tooltipsall tooltip_post_id_5594 classtoolTips140'>Consumo<\/span> Los estantes para basura tienen un espacio libre de 2 pulgadas.<\/p>\n<p>El proyecto es una instalaci\u00f3n de pasada con una elevaci\u00f3n m\u00ednima del estanque variable seg\u00fan la temporada y una superficie de aproximadamente 8,5 acres con una capacidad bruta de almacenamiento de aproximadamente 68 acres-pie. Los caudales del r\u00edo que desembocan en el r\u00edo Negro desde aguas arriba est\u00e1n regulados por la <a href=\"https:\/\/hrbrrd.ny.gov\/\">Distrito Regulador del R\u00edo Hudson-R\u00edo Negro<\/a>. La central el\u00e9ctrica y el aliviadero descargan en un canal de descarga de aproximadamente 700 pies de largo que se fusiona con los flujos del tramo de derivaci\u00f3n hacia el embalse de las presas Long Falls y Carthage Mill (West End).<\/p>\n<p>No existe un caudal m\u00ednimo requerido por la FERC, pero el propietario del proyecto acord\u00f3 proporcionar 106 pies c\u00fabicos por segundo de caudal m\u00ednimo que NYSDEC determin\u00f3 que es suficiente para soportar los niveles de ox\u00edgeno disuelto y los h\u00e1bitats acu\u00e1ticos r\u00edo abajo. <span class='tooltipsall tooltip_post_id_5569 classtoolTips79'>Tableros de flash<\/span> Se instalan estacionalmente desde aproximadamente el 15 de abril al 17 de diciembre en la Presa \u201cB\u201d y la Presa \u201cC\u201d, con m\u00faltiples muescas de caudal m\u00ednimo.<\/p>\n<p>Las aguas en el tramo del proyecto se consideran aguas de Clase C, aptas para los usos designados de: reproducci\u00f3n de peces, mariscos y fauna silvestre, pesca y recreaci\u00f3n de contacto primario y secundario. El Estado de Nueva York no clasifica las aguas del proyecto como contaminadas.<\/p>\n<p>No hay especies migratorias de peces en las inmediaciones del proyecto, y existen barreras para la migraci\u00f3n r\u00edo abajo en Watertown, NY, en las cataratas de Mill Street. No hay aguas arriba. <span class='tooltipsall tooltip_post_id_5566 classtoolTips59'>paso de peces<\/span> Se requiere o se proporciona. Las especies residentes incluyen la perca de calabaza, la lobina de boca chica, el pez carite, la perca amarilla, la perca de roca, el lucio y la lucioperca americana. El paso aguas abajo de estas especies se facilita mediante los caudales m\u00ednimos y el vertido de las presas.<\/p>\n<p>Los terrenos del proyecto son muy peque\u00f1os y consisten en 8.5 acres de agua y menos de un acre de tierra. El l\u00edmite del proyecto abarca las presas y la central el\u00e9ctrica, y solo sigue una parte de la costa del embalse. Los terrenos tambi\u00e9n incluyen peque\u00f1as porciones de las islas Wind y Tannery. El \u00e1rea circundante al proyecto est\u00e1 urbanizada con zonas comerciales e industriales, y carreteras sin importancia ecol\u00f3gica.<\/p>\n<p>Las \u00fanicas especies amenazadas o en peligro de extinci\u00f3n presentes, o que podr\u00edan estarlo, son el murci\u00e9lago de Indiana y el murci\u00e9lago orejudo norte\u00f1o (ambos est\u00e1n catalogados a nivel federal y estatal). Dada la peque\u00f1a huella del proyecto y la falta de posibles \u00e1rboles de descanso, es poco probable que afecte a estas especies.<\/p>\n<p>No existen sitios arqueol\u00f3gicos ni hist\u00f3ricos documentados dentro de los l\u00edmites del proyecto y ninguna de las estructuras del proyecto est\u00e1 inscrita en el Registro Nacional de Bienes Hist\u00f3ricos, aunque debido a su antig\u00fcedad, algunas podr\u00edan ser elegibles. El propietario del proyecto contact\u00f3 recientemente a tribus ind\u00edgenas reconocidas a nivel federal, pero no ha recibido respuesta. No se conocen ni se han identificado bienes culturales tradicionales dentro del \u00e1rea del proyecto.<\/p>\n<p>No existen instalaciones recreativas espec\u00edficas para el proyecto aprobadas por la FERC ni puntos de acceso en el proyecto. El \u00e1rea circundante est\u00e1 altamente industrializada y comprende varias presas y <span class='tooltipsall tooltip_post_id_5624 classtoolTips102'>potencias<\/span> y ser\u00eda inseguro para la recreaci\u00f3n acu\u00e1tica. El acceso informal al embalse, canal de descarga y tramos de derivaci\u00f3n podr\u00eda obtenerse a trav\u00e9s de Tannery Island, donde se encuentra la central el\u00e9ctrica, a la que se puede acceder por v\u00edas p\u00fablicas. Hay tres sitios de recreaci\u00f3n que brindan oportunidades terrestres adyacentes al proyecto: Long Falls Park. El parque, propiedad de la ciudad de Carthage, ofrece estacionamiento, un sendero para caminar y vistas panor\u00e1micas del r\u00edo Black, incluidas las presas &quot;B&quot; y &quot;C&quot; de Tannery Island. El embarcadero de West Carthage tambi\u00e9n es propiedad de la ciudad y cuenta con estacionamiento y un embarcadero pavimentado con muelle de cortes\u00eda, bancos e instalaciones para picnic, y proporciona acceso a la costa del r\u00edo Black. El acceso p\u00fablico m\u00e1s cercano al r\u00edo Black est\u00e1 aguas abajo de Carthage Mill (West End) y las presas de Long Falls en el embarcadero de West Carthage. Long Falls Hydro Rec Site ofrece estacionamiento, \u00e1reas de picnic, un peque\u00f1o sendero y acceso a la costa al tramo de derivaci\u00f3n de Long Falls y Carthage Mill (West End) y al canal de descarga de Long Falls. Es propiedad del proyecto Long Falls y es mantenido por este.<\/p>\n<hr \/>\n<h3>Historial de certificaciones<\/h3>\n<p><strong>23 de enero de 2026<\/strong> El Instituto de Energ\u00eda Hidroel\u00e9ctrica de Bajo Impacto (LIHI) ha recibido una solicitud completa para la Certificaci\u00f3n de Bajo Impacto del Proyecto Hidroel\u00e9ctrico de Tannery Island. LIHI solicita comentarios p\u00fablicos sobre esta solicitud. En concreto, nos interesa saber si considera que el Proyecto cumple con los Criterios de Certificaci\u00f3n de Bajo Impacto de LIHI, revisados en la 2.\u00aa edici\u00f3n del Manual vigente al momento de la solicitud inicial. Por favor, revise el programa y los criterios en el sitio web de LIHI. <a href=\"https:\/\/lowimpacthydro.org\/wp-content\/uploads\/2025\/02\/2nd-Edition-Handbook-Rev.-2.06-clean-final.pdf\">Revisi\u00f3n del manual 2.06<\/a> y luego revise los materiales de solicitud del Proyecto a continuaci\u00f3n.<\/p>\n<p>Los comentarios que est\u00e9n directamente relacionados con criterios espec\u00edficos del LIHI (caudales, calidad del agua, paso de peces, etc.) ser\u00e1n de gran ayuda, pero se tendr\u00e1n en cuenta todos los comentarios. Los comentarios pueden enviarse al Instituto por correo electr\u00f3nico a <a href=\"mailto:comments@lowimpacthydro.org\">comments@lowimpacthydro.org<\/a> con \u201cComentarios sobre el Proyecto Tannery Island\u201d en la l\u00ednea de asunto, o por correo dirigido al Low Impact Hydropower Institute, 68 Harrison Ave Ste 605, PMB 113938 Boston, Massachusetts 02111-1929.\u00a0 <strong>Los comentarios deben recibirse antes de las 5 p. m., hora del Este, el 24 de marzo de 2026.<\/strong>\u00a0Se considerar\u00e1n todos los comentarios. Se publicar\u00e1n en el sitio web y el solicitante tendr\u00e1 la oportunidad de responder. Tambi\u00e9n se publicar\u00e1n todas las respuestas.<\/p>\n<hr \/>\n<h3>Archivos de certificaci\u00f3n<\/h3>\n<h4>Solicitud 2026<\/h4>\n<ul style=\"color: black;\">\n<li><a href=\"https:\/\/lowimpacthydro.org\/wp-content\/uploads\/2026\/01\/20251126-Tannery-LIHI-Revised-Application.pdf\">Solicitud de LIHI de Tannery Island<\/a><\/li>\n<li><a href=\"https:\/\/lowimpacthydro.org\/wp-content\/uploads\/2026\/02\/Low-Impact-Hydro-Carthage-and-Tannery.pdf\">Comentario de NY Rivers United<\/a><\/li>\n<li><a href=\"https:\/\/lowimpacthydro.org\/wp-content\/uploads\/2026\/03\/2026-03-27-Letter-FWS-to-LIHI-comments-on-Tannery-Island-LIHI-Application_signed.pdf\">Comentario del USFWS<\/a><\/li>\n<\/ul>\n<hr \/>\n<h3>Documentos clave<\/h3>\n<ul style=\"color: black;\">\n<li><a href=\"https:\/\/lowimpacthydro.org\/wp-content\/uploads\/2026\/01\/19970522-Tannery-FERC-amendment.pdf\">Isla Tannery FERC <span class='tooltipsall tooltip_post_id_5562 classtoolTips113'>Exenci\u00f3n<\/span> Enmienda de 1997<\/a><\/li>\n<li><a href=\"https:\/\/lowimpacthydro.org\/wp-content\/uploads\/2026\/01\/19970617-Tannery-Island-FERC-EA-for-amendment.pdf\">Evaluaci\u00f3n ambiental de la FERC de Tannery Island para la enmienda de 1997<\/a><\/li>\n<li><a href=\"https:\/\/lowimpacthydro.org\/wp-content\/uploads\/2026\/01\/19811228-Tannery-exemption-application.pdf\">Solicitud de exenci\u00f3n de Tannery Island de 1981<\/a><\/li>\n<li><a href=\"https:\/\/lowimpacthydro.org\/wp-content\/uploads\/2026\/01\/19830714-Tannery-and-Carthage-FERC-reinstatement-of-exemptions.pdf\">Restablecimiento de la exenci\u00f3n por parte de la FERC en 1983<\/a><\/li>\n<li><a href=\"https:\/\/lowimpacthydro.org\/wp-content\/uploads\/2026\/01\/19830504-Tannery-and-Carthage-Court-Judgment-re-exemptions.pdf\">Sentencia del Tribunal sobre exenci\u00f3n de 1983<\/a><\/li>\n<li><a href=\"https:\/\/lowimpacthydro.org\/wp-content\/uploads\/2026\/01\/19820721-Tannery-and-Carthage-FERC-order-vacating-exemptions.pdf\">Orden de la FERC de anular la exenci\u00f3n de 1982<\/a><\/li>\n<\/ul>","protected":false},"excerpt":{"rendered":"<p>Project Name Tannery Island LIHI Certificate No. n\/a LIHI Certificate Term n\/a Owner Tannery Island Hydro, LLC a subsidiary of Relevate Power State New York Location<span class=\"excerpt-hellip\"> [\u2026]<\/span><\/p>\n","protected":false},"author":4,"featured_media":-1,"parent":0,"menu_order":0,"comment_status":"closed","ping_status":"closed","template":"","meta":{"_coblocks_attr":"","_coblocks_dimensions":"","_coblocks_responsive_height":"","_coblocks_accordion_ie_support":"","om_disable_all_campaigns":false,"_monsterinsights_skip_tracking":false,"_monsterinsights_sitenote_active":false,"_monsterinsights_sitenote_note":"","_monsterinsights_sitenote_category":0,"footnotes":""},"class_list":["post-10297","page","type-page","status-publish","has-post-thumbnail","hentry"],"aioseo_notices":[],"_links":{"self":[{"href":"https:\/\/lowimpacthydro.org\/es\/wp-json\/wp\/v2\/pages\/10297","targetHints":{"allow":["GET"]}}],"collection":[{"href":"https:\/\/lowimpacthydro.org\/es\/wp-json\/wp\/v2\/pages"}],"about":[{"href":"https:\/\/lowimpacthydro.org\/es\/wp-json\/wp\/v2\/types\/page"}],"author":[{"embeddable":true,"href":"https:\/\/lowimpacthydro.org\/es\/wp-json\/wp\/v2\/users\/4"}],"replies":[{"embeddable":true,"href":"https:\/\/lowimpacthydro.org\/es\/wp-json\/wp\/v2\/comments?post=10297"}],"version-history":[{"count":12,"href":"https:\/\/lowimpacthydro.org\/es\/wp-json\/wp\/v2\/pages\/10297\/revisions"}],"predecessor-version":[{"id":10458,"href":"https:\/\/lowimpacthydro.org\/es\/wp-json\/wp\/v2\/pages\/10297\/revisions\/10458"}],"wp:featuredmedia":[{"embeddable":true,"href":"https:\/\/lowimpacthydro.org\/es\/wp-json\/"}],"wp:attachment":[{"href":"https:\/\/lowimpacthydro.org\/es\/wp-json\/wp\/v2\/media?parent=10297"}],"curies":[{"name":"gracias","href":"https:\/\/api.w.org\/{rel}","templated":true}]}}