{"id":1002,"date":"2020-07-20T00:33:36","date_gmt":"2020-07-20T04:33:36","guid":{"rendered":"https:\/\/lowimpacthydro.org\/new\/?page_id=1002"},"modified":"2026-03-09T12:18:50","modified_gmt":"2026-03-09T16:18:50","slug":"lihi-certificate-119-crescent-hydroelectric-project-massachusetts","status":"publish","type":"page","link":"https:\/\/lowimpacthydro.org\/es\/lihi-certificate-119-crescent-hydroelectric-project-massachusetts\/","title":{"rendered":"Certificado LIHI #119 \u2013 Proyecto Hidroel\u00e9ctrico Texon, Massachusetts"},"content":{"rendered":"<table class=\"alignright\" style=\"width: 351px; border: 2px; cellspacing: 2px; cellpadding: 2px; margin-left: 50px;\">\n<tbody>\n<tr>\n<td style=\"width: 38.4883%;\"><strong>Nombre del proyecto<\/strong><\/td>\n<td style=\"width: 59.5206%;\">Tex\u00f3n (Media Luna)<\/td>\n<\/tr>\n<tr>\n<td style=\"width: 38.4883%;\"><strong>\u00a0Certificado LIHI No.<\/strong><\/td>\n<td style=\"width: 59.5206%;\">119<\/td>\n<\/tr>\n<tr>\n<td style=\"width: 38.4883%;\"><strong>Plazo del certificado LIHI<br \/>\n<\/strong><\/td>\n<td style=\"width: 59.5206%;\">13 de marzo de 2020 \u2013 12 de marzo de 2030<\/td>\n<\/tr>\n<tr>\n<td style=\"width: 38.4883%;\"><strong>Due\u00f1o<\/strong><\/td>\n<td style=\"width: 59.5206%;\">Hitchcock Hydro, LLC, una subsidiaria de Relevate Power, LLC<\/td>\n<\/tr>\n<tr>\n<td style=\"width: 38.4883%;\"><strong>Estado<\/strong><\/td>\n<td style=\"width: 59.5206%;\">Massachusetts<\/td>\n<\/tr>\n<tr>\n<td style=\"width: 38.4883%;\"><strong>Ubicaci\u00f3n<\/strong><\/td>\n<td style=\"width: 59.5206%;\">Ubicado en la milla fluvial 24 del r\u00edo Westfield en la ciudad de Russell, condado de Hampden, MA.<\/td>\n<\/tr>\n<tr>\n<td style=\"width: 38.4883%;\"><strong>Capacidad instalada<\/strong><\/td>\n<td style=\"width: 59.5206%;\">1,5 MW<\/td>\n<\/tr>\n<tr>\n<td style=\"width: 38.4883%;\"><strong>Generaci\u00f3n media anual<\/strong><\/td>\n<td style=\"width: 59.5206%;\">5.000 MWh<\/td>\n<\/tr>\n<tr>\n<td style=\"width: 38.4883%;\"><strong>Tipo de instalaci\u00f3n<\/strong><\/td>\n<td style=\"width: 59.5206%;\"><span class='tooltipsall tooltip_post_id_5643 classtoolTips52'>De pasada<\/span><\/td>\n<\/tr>\n<tr>\n<td style=\"width: 38.4883%;\"><strong><span class='tooltipsall tooltip_post_id_5565 classtoolTips152'>Comisi\u00f3n Federal de Comercio<\/span> No.<\/strong><\/td>\n<td style=\"width: 59.5206%;\">P-2986 exento 1982<\/td>\n<\/tr>\n<\/tbody>\n<\/table>\n<p>El Proyecto Texon se ubica en el r\u00edo Westfield, entre las localidades de Russell y Huntington, Massachusetts. El r\u00edo recorre 125 kil\u00f3metros por el oeste de Massachusetts, desde la regi\u00f3n de Berkshire Hills hasta su confluencia con el r\u00edo Connecticut, y contiene... <span class='tooltipsall tooltip_post_id_5673 classtoolTips15'>R\u00edo salvaje y pintoresco<\/span> Segmentos aguas arriba del proyecto, principalmente en los afluentes del r\u00edo. Los brazos este, medio y oeste del r\u00edo nacen en las laderas orientales de los Berkshires y fluyen hacia el sur atravesando comunidades principalmente rurales. El proyecto se ubica 32 kil\u00f3metros aguas arriba de la confluencia con el r\u00edo Connecticut, entre las presas Littleville y Knightville del Cuerpo de Ingenieros del Ej\u00e9rcito, aguas arriba, y el Proyecto del R\u00edo Indian, aguas abajo. M\u00e1s aguas abajo se encuentran... <a href=\"https:\/\/lowimpacthydro.org\/es\/lihi-certificate-68-woronoco-hydroelectric-project-massachusetts\/\">Woronoco (LIHI #68)<\/a> y <a href=\"https:\/\/lowimpacthydro.org\/es\/lihi-certificate-19-west-springfield-hydroelectric-project-massachusetts\/\">West Springfield (LIHI #19)<\/a> Proyectos. El r\u00edo se utiliza actualmente con fines recreativos, como la pesca y la navegaci\u00f3n, y las mejores zonas se encuentran aguas arriba del proyecto, en sus cuatro afluentes. El proyecto es propiedad de Hitchcock Hydro, LLC.<\/p>\n<p>El proyecto incluye: una mamposter\u00eda de 250 pies de ancho por 12 pies de alto <span class='tooltipsall tooltip_post_id_5580 classtoolTips81'>gravedad <span class='tooltipsall tooltip_post_id_5545 classtoolTips158'>presa<\/span><\/span> Compuesto de bloques de piedra y hormig\u00f3n con vigas de madera de 3 pies de altura. <span class='tooltipsall tooltip_post_id_5569 classtoolTips79'>tableros de flash<\/span>; una entrada de barra en \u00e1ngulo; una salida aguas abajo <span class='tooltipsall tooltip_post_id_5566 classtoolTips59'>paso de peces<\/span> c\u00e1mara de recolecci\u00f3n y tuber\u00eda de derivaci\u00f3n; una compuerta de basura; canal de entrada de concreto y c\u00e1mara de carga; una sola unidad Kaplan con una capacidad instalada de 1,5 MW en el <span class='tooltipsall tooltip_post_id_5624 classtoolTips102'>central el\u00e9ctrica<\/span>; a <span class='tooltipsall tooltip_post_id_5656 classtoolTips92'>subestaci\u00f3n<\/span>; y las instalaciones anexas.<\/p>\n<p>El proyecto se ubica junto a un molino abandonado en el lado oeste y una v\u00eda f\u00e9rrea en el lado este. Las riberas inmediatamente aguas abajo est\u00e1n delimitadas por afloramientos de lecho rocoso expuesto. El acceso al r\u00edo aguas abajo del proyecto se encuentra en el terrapl\u00e9n este del canal de descarga y sirve como punto de atraque para pirag\u00fcistas y pescadores. La central el\u00e9ctrica est\u00e1 junto a la presa, por lo que el alcance de la derivaci\u00f3n es m\u00ednimo.<\/p>\n<p>El proyecto opera en <span class='tooltipsall tooltip_post_id_5643 classtoolTips52'>de pasada<\/span> El proyecto crea un embalse de 3 acres. El caudal m\u00ednimo del proyecto es de 22 pies c\u00fabicos por segundo (cfs). El r\u00e9gimen se desarroll\u00f3 por recomendaci\u00f3n del USFWS. Adem\u00e1s, la Divisi\u00f3n de Pesca y Vida Silvestre de Massachusetts (MDFW) declar\u00f3 no tener ninguna preocupaci\u00f3n sobre la protecci\u00f3n de los peces y la vida silvestre en relaci\u00f3n con el r\u00e9gimen de caudal.<\/p>\n<p>Las aguas dentro del alcance del proyecto est\u00e1n designadas como Clase 5, Deterioradas o Amenazadas por su valor est\u00e9tico y la protecci\u00f3n y propagaci\u00f3n de peces y fauna acu\u00e1tica. Las probables fuentes de estos deterioros son municipales. <span class='tooltipsall tooltip_post_id_5621 classtoolTips64'>fuente puntual<\/span> Descargas\/aguas residuales. El Departamento de Protecci\u00f3n Ambiental de Massachusetts ha confirmado que el proyecto no influye en la designaci\u00f3n de Categor\u00eda 5.<\/p>\n<p>Varias caracter\u00edsticas naturales r\u00edo abajo, incluyendo cascadas naturales, han impedido hist\u00f3ricamente la migraci\u00f3n r\u00edo arriba de muchas especies an\u00e1dromas. Sin embargo, se proporciona un paso de peces r\u00edo arriba para las poblaciones de anguila americana presentes en el \u00e1rea del proyecto. El paso de peces r\u00edo arriba para esta especie est\u00e1 disponible a trav\u00e9s de un paso para anguilas. El paso de peces r\u00edo abajo se instal\u00f3 a petici\u00f3n del MDFW. El paso consta de una estructura de entrada en \u00e1ngulo de 45 grados con rejillas para residuos con una separaci\u00f3n libre de 2,5 cm, un dep\u00f3sito de descarga y una tuber\u00eda de derivaci\u00f3n r\u00edo abajo.<\/p>\n<p>La propiedad del proyecto abarca aproximadamente media hect\u00e1rea. Debido a su reducida superficie, no existen tierras de valor ecol\u00f3gico significativo en su \u00e1rea de influencia. No se encuentran especies amenazadas o en peligro de extinci\u00f3n, ni sus h\u00e1bitats, en la propiedad.<\/p>\n<p>Los recursos culturales en la zona del proyecto incluyen una f\u00e1brica de papel cercana del siglo XIX que podr\u00eda cumplir los criterios del Registro Nacional. La consulta con la Comisi\u00f3n Hist\u00f3rica de Massachusetts confirm\u00f3 que es improbable que el proyecto afecte a ning\u00fan recurso hist\u00f3rico o arqueol\u00f3gico.<\/p>\n<p>Los recursos recreativos del proyecto incluyen un porteo de canoas, una ruta de senderismo y acceso para pescar. El acceso p\u00fablico informal es gratuito.<\/p>\n<hr \/>\n<h3>Estado de cumplimiento<\/h3>\n<p><strong>El Certificado incluye las siguientes condiciones espec\u00edficas de la instalaci\u00f3n:<\/strong><\/p>\n<p><strong>Condici\u00f3n 1:<\/strong> Si una agencia de recursos solicita formalmente el paso de anguila americana r\u00edo abajo en el Proyecto durante el plazo del nuevo certificado LIHI, el Propietario de la instalaci\u00f3n deber\u00e1 notificar a LIHI dentro de los 90 d\u00edas de dicha acci\u00f3n y deber\u00e1 proporcionar un plan y un cronograma para la instalaci\u00f3n una vez que la(s) agencia(s) de recursos aprueben el plan.<\/p>\n<p><strong>2026:<\/strong> No se identificaron cambios materiales ni problemas de cumplimiento. El proyecto sigue cumpliendo con los requisitos seg\u00fan la revisi\u00f3n anual. En cuanto a la condici\u00f3n 1, el proyecto no inform\u00f3 cambios en su estado.<\/p>\n<p><strong>2025:<\/strong> No se identificaron cambios materiales ni problemas de cumplimiento. El proyecto sigue cumpliendo con los requisitos seg\u00fan la revisi\u00f3n anual. En cuanto a la condici\u00f3n 1, el proyecto no inform\u00f3 cambios en su estado.<\/p>\n<p><strong>2024:<\/strong> No se identificaron cambios materiales ni problemas de cumplimiento. El proyecto sigue cumpliendo con los requisitos seg\u00fan la revisi\u00f3n anual. En cuanto a la condici\u00f3n 1, el proyecto no inform\u00f3 cambios en su estado.<\/p>\n<p><strong>2023:<\/strong> No se identificaron cambios materiales ni problemas de cumplimiento. El proyecto sigue cumpliendo con los requisitos seg\u00fan la revisi\u00f3n anual. En cuanto a la condici\u00f3n 1, el proyecto no inform\u00f3 cambios en su estado.<\/p>\n<p><strong>2022:<\/strong> No se identificaron cambios sustanciales ni problemas de cumplimiento. El proyecto se mantiene en cumplimiento seg\u00fan la revisi\u00f3n anual. Para la Condici\u00f3n 1, el proyecto no report\u00f3 cambios. La revisi\u00f3n de cumplimiento determin\u00f3 que el proyecto P-12462, aguas abajo del r\u00edo Russell (r\u00edo Indian), est\u00e1 instalando un sistema de control de aguas arriba de American <span class='tooltipsall tooltip_post_id_5556 classtoolTips98'>escalera de anguila<\/span>Texon ya cuenta con un paso voluntario r\u00edo arriba para anguilas.<\/p>\n<p><strong>2021:<\/strong> La presentaci\u00f3n de informes anuales para el Certificado actual a\u00fan no ha entrado en vigor.<\/p>\n<hr \/>\n<h3>Historial de certificaciones<\/h3>\n<p><strong>1 de enero de 2022:<\/strong> El plazo del Certificado LIHI se ha extendido de acuerdo con la Revisi\u00f3n 2.05 del Manual de Certificaci\u00f3n LIHI 2.\u00aa Edici\u00f3n emitido el 1 de enero de 2022. Consulte la tabla de instalaciones anterior para conocer el nuevo plazo.<\/p>\n<p><strong>26 de abril de 2021:<\/strong> La decisi\u00f3n de recertificar el Proyecto Texon qued\u00f3 firme tras el cierre del per\u00edodo de apelaciones el 18 de abril de 2021, sin que se presentaran apelaciones. El plazo de la certificaci\u00f3n es del 13 de marzo de 2020 al 12 de marzo de 2025.<\/p>\n<p><strong>19 de marzo de 2021:<\/strong> El Instituto de Energ\u00eda Hidroel\u00e9ctrica de Bajo Impacto (LIHI) ha aprobado preliminarmente la recertificaci\u00f3n del Proyecto Texon (Crescent) por un nuevo per\u00edodo de 5 a\u00f1os de Certificaci\u00f3n de Bajo Impacto. Esta decisi\u00f3n es preliminar, a la espera del plazo de apelaci\u00f3n de 30 d\u00edas. Solo quienes comentaron sobre la solicitud inicial durante el plazo de 60 d\u00edas pueden presentar una apelaci\u00f3n. Dicha apelaci\u00f3n debe incluir una explicaci\u00f3n de por qu\u00e9 el Proyecto no cumple con los criterios del LIHI. Las solicitudes de apelaci\u00f3n pueden enviarse por correo electr\u00f3nico a <a href=\"#\">comments@lowimpacthydro.org<\/a> Con el asunto &quot;Proyecto Texon (Crescent)&quot;, o por correo postal dirigido al Instituto de Energ\u00eda Hidroel\u00e9ctrica de Bajo Impacto, 1167 Massachusetts Ave, Arlington, MA 02476. Todas las solicitudes se publicar\u00e1n en el sitio web. El solicitante tendr\u00e1 la oportunidad de responder, y cualquier respuesta tambi\u00e9n se publicar\u00e1. <strong>Las solicitudes deben recibirse antes de las 5 p. m., hora del Este, el 18 de abril de 2021.<\/strong> La solicitud completa y el informe del revisor est\u00e1n disponibles a continuaci\u00f3n. Si no se reciben solicitudes de apelaci\u00f3n y la decisi\u00f3n es definitiva, el plazo de certificaci\u00f3n del Proyecto ser\u00e1 del 13 de marzo de 2020 al 12 de marzo de 2025.<\/p>\n<p><strong>12 de enero de 2021:<\/strong> El Instituto de Energ\u00eda Hidroel\u00e9ctrica de Bajo Impacto (LIHI) ha recibido una solicitud completa para la recertificaci\u00f3n de Bajo Impacto del Proyecto Hidroel\u00e9ctrico Texon, ubicado en el r\u00edo Westfield, Massachusetts. La solicitud completa se encuentra a continuaci\u00f3n. El LIHI solicita comentarios del p\u00fablico sobre esta solicitud. Los comentarios directamente relacionados con criterios espec\u00edficos del LIHI (caudales, calidad del agua, paso de peces, etc.) ser\u00e1n de gran ayuda, pero todos los comentarios ser\u00e1n considerados. Los comentarios pueden enviarse al Instituto por correo electr\u00f3nico a <a href=\"mailto:comments@lowimpacthydro.org\">comments@lowimpacthydro.org<\/a> Con el asunto &quot;Comentarios del Proyecto Texon&quot;, o por correo postal dirigido al Instituto de Energ\u00eda Hidroel\u00e9ctrica de Bajo Impacto, 1167 Massachusetts Avenue, Arlington, MA 02476. Los comentarios deben recibirse antes de las 17:00 h, hora del este, del 13 de marzo de 2021 para ser considerados. Todos los comentarios se publicar\u00e1n en el sitio web y el solicitante tendr\u00e1 la oportunidad de responder. Cualquier respuesta tambi\u00e9n se publicar\u00e1.<\/p>\n<p><strong>15 de junio de 2015:<\/strong> El Director Ejecutivo Michael J. Sale, en ejercicio de la autoridad delegada por la Junta Directiva de LIHI y tras una revisi\u00f3n completa del informe del Revisor de la Solicitud, as\u00ed como de todos los comentarios p\u00fablicos y la documentaci\u00f3n adicional proporcionada por el Solicitante, ha determinado que el Proyecto Hidroel\u00e9ctrico Crescent (FERC n.\u00b0 2986) cumple con los Criterios de Certificaci\u00f3n de LIHI. La fecha de entrada en vigor de la certificaci\u00f3n del Proyecto Crescent es el 13 de marzo de 2015 por un per\u00edodo de cinco (5) a\u00f1os, que expirar\u00e1 el 13 de marzo de 2020, con la siguiente condici\u00f3n:<\/p>\n<ul style=\"color: black;\">\n<li><em><strong>Condici\u00f3n satisfecha en 2018.<\/strong><\/em> El propietario de la instalaci\u00f3n deber\u00e1 instalar las instalaciones de paso de anguilas r\u00edo arriba seg\u00fan lo requerido por la Divisi\u00f3n de Pesca y Vida Silvestre de Massachusetts (MDFW) antes del 15 de julio de 2016. El solicitante trabajar\u00e1 en colaboraci\u00f3n con MDFW para instalar pasos temporales para anguilas durante el verano de 2015 para encontrar las ubicaciones correctas, antes de finalizar el paso permanente r\u00edo arriba en la fecha indicada anteriormente.<\/li>\n<\/ul>\n<p><strong>16 de marzo de 2015:<\/strong> El 13 de marzo de 2015, el Low Impact Hydropower Institute (LIHI) recibi\u00f3 una solicitud completa de Littleville Power Company, Inc., para la Certificaci\u00f3n de Bajo Impacto del Proyecto Crescent, FERC P-2986, ubicado en el r\u00edo Westfield en la ciudad de Russell, condado de Hampden, Massachusetts.<\/p>\n<hr \/>\n<h3>Archivos de certificaci\u00f3n<\/h3>\n<h4>Recertificaci\u00f3n 2021<\/h4>\n<ul style=\"color: black;\">\n<li><a href=\"https:\/\/lowimpacthydro.org\/wp-content\/uploads\/2021\/03\/Texon-Stage-II-LIHI-report-2021-03-16.pdf\">Revisi\u00f3n de la recertificaci\u00f3n de Texon 16\/03\/2021<\/a><\/li>\n<li><a href=\"https:\/\/lowimpacthydro.org\/wp-content\/uploads\/2021\/01\/Texon-LIHI-Recertification-November-2020_FINAL.pdf\">Solicitud de recertificaci\u00f3n de Texon<\/a><\/li>\n<li><a href=\"https:\/\/lowimpacthydro.org\/wp-content\/uploads\/2021\/03\/MADFW-Texon-Comments-2021.pdf\">Carta de comentarios de la Divisi\u00f3n de Pesca y Vida Silvestre de Massachusetts: Recertificaci\u00f3n de Texon 2021<\/a><\/li>\n<\/ul>\n<h4>Certificaci\u00f3n 2015<\/h4>\n<ul style=\"color: black;\">\n<li><a href=\"https:\/\/lowimpacthydro.org\/wp-content\/uploads\/2020\/07\/Crescent-Full-Application-Review_V2-final.pdf\">Informe de revisi\u00f3n de la certificaci\u00f3n Crescent 2015<\/a><\/li>\n<li><a href=\"https:\/\/lowimpacthydro.org\/wp-content\/uploads\/2020\/07\/P-2986-Crescent-LIHI-Application_Questionnaire_FINAL_Feb-2015.pdf\">Cuestionario de solicitud de certificaci\u00f3n Crescent<\/a><\/li>\n<li><a href=\"https:\/\/lowimpacthydro.org\/wp-content\/uploads\/2020\/07\/Crescent-LIHI-App_Attachment-12-Description.pdf\">Anexo de solicitud de Crescent: Descripci\u00f3n de la instalaci\u00f3n<\/a><\/li>\n<li><a href=\"https:\/\/lowimpacthydro.org\/wp-content\/uploads\/2020\/07\/Crescent-LIHI-App_Attachment-11-agency-contacts.pdf\">Anexo de solicitud de Crescent: Contactos de la agencia<\/a><\/li>\n<li><a href=\"https:\/\/lowimpacthydro.org\/wp-content\/uploads\/2020\/07\/Crescent-LIHI-App_Attachments-A-Flows.pdf\">Anexo de la aplicaci\u00f3n Crescent: Flujos<\/a><\/li>\n<li><a href=\"https:\/\/lowimpacthydro.org\/wp-content\/uploads\/2020\/07\/Crescent-LIHI-App_Attachments-B-water-quality.pdf\">Anexo de aplicaci\u00f3n Crescent: Calidad del agua<\/a><\/li>\n<li><a href=\"https:\/\/lowimpacthydro.org\/wp-content\/uploads\/2020\/07\/Crescent-LIHI-Application_Attachments-C-FISH-PASSAGE.pdf\">Anexo de solicitud de Crescent \u2013 <span class='tooltipsall tooltip_post_id_5566 classtoolTips59'>Paso de peces<\/span><\/a><\/li>\n<li><a href=\"https:\/\/lowimpacthydro.org\/wp-content\/uploads\/2020\/07\/Crescent-LIHI-Application_Attachments-D-Watershed-Protection.pdf\">Anexo de solicitud de Crescent: Protecci\u00f3n de cuencas hidrogr\u00e1ficas<\/a><\/li>\n<li><a href=\"https:\/\/lowimpacthydro.org\/wp-content\/uploads\/2020\/07\/Crescent-LIHI-App_Attachments-E-TE-species.pdf\">Anexo de solicitud de Crescent: Especies amenazadas y en peligro de extinci\u00f3n<\/a><\/li>\n<li><a href=\"https:\/\/lowimpacthydro.org\/wp-content\/uploads\/2020\/07\/Crescent-LIHI-App_Attachments-F-CRMP.pdf\">Anexo de la solicitud de Crescent: Plan de Gesti\u00f3n de Recursos Culturales<\/a><\/li>\n<li><a href=\"https:\/\/lowimpacthydro.org\/wp-content\/uploads\/2020\/07\/Crescent-LIHI-App_Attachments-G-RECREATION.pdf\">Anexo de solicitud de Crescent \u2013 Recreaci\u00f3n<\/a><\/li>\n<\/ul>\n<hr \/>\n<h3>Documentos clave<\/h3>\n<ul>\n<li><a href=\"https:\/\/lowimpacthydro.org\/wp-content\/uploads\/2020\/12\/1982-Crescent-Texon-FERC-Exemption.pdf\">Crescent (Texon) FERC <span class='tooltipsall tooltip_post_id_5562 classtoolTips113'>Exenci\u00f3n<\/span> 1982<\/a><\/li>\n<li><a href=\"https:\/\/lowimpacthydro.org\/wp-content\/uploads\/2020\/12\/1981-Crescent-Texon-WQC.pdf\">Certificado de calidad del agua de Crescent (Texon) de 1981<\/a><\/li>\n<\/ul>","protected":false},"excerpt":{"rendered":"<p>Project Name Texon (Crescent) \u00a0LIHI Certificate No. 119 LIHI Certificate Term March 13, 2020 &#8211; March 12, 2030 Owner Hitchcock Hydro, LLC, a subsidiary of Relevate<span class=\"excerpt-hellip\"> [\u2026]<\/span><\/p>\n","protected":false},"author":3,"featured_media":-1,"parent":0,"menu_order":0,"comment_status":"closed","ping_status":"closed","template":"","meta":{"_coblocks_attr":"","_coblocks_dimensions":"","_coblocks_responsive_height":"","_coblocks_accordion_ie_support":"","om_disable_all_campaigns":false,"_monsterinsights_skip_tracking":false,"_monsterinsights_sitenote_active":false,"_monsterinsights_sitenote_note":"","_monsterinsights_sitenote_category":0,"footnotes":""},"class_list":["post-1002","page","type-page","status-publish","has-post-thumbnail","hentry"],"aioseo_notices":[],"_links":{"self":[{"href":"https:\/\/lowimpacthydro.org\/es\/wp-json\/wp\/v2\/pages\/1002","targetHints":{"allow":["GET"]}}],"collection":[{"href":"https:\/\/lowimpacthydro.org\/es\/wp-json\/wp\/v2\/pages"}],"about":[{"href":"https:\/\/lowimpacthydro.org\/es\/wp-json\/wp\/v2\/types\/page"}],"author":[{"embeddable":true,"href":"https:\/\/lowimpacthydro.org\/es\/wp-json\/wp\/v2\/users\/3"}],"replies":[{"embeddable":true,"href":"https:\/\/lowimpacthydro.org\/es\/wp-json\/wp\/v2\/comments?post=1002"}],"version-history":[{"count":14,"href":"https:\/\/lowimpacthydro.org\/es\/wp-json\/wp\/v2\/pages\/1002\/revisions"}],"predecessor-version":[{"id":10406,"href":"https:\/\/lowimpacthydro.org\/es\/wp-json\/wp\/v2\/pages\/1002\/revisions\/10406"}],"wp:featuredmedia":[{"embeddable":true,"href":"https:\/\/lowimpacthydro.org\/es\/wp-json\/"}],"wp:attachment":[{"href":"https:\/\/lowimpacthydro.org\/es\/wp-json\/wp\/v2\/media?parent=1002"}],"curies":[{"name":"gracias","href":"https:\/\/api.w.org\/{rel}","templated":true}]}}